{"id":1747,"date":"2017-12-30T21:00:16","date_gmt":"2017-12-30T21:00:16","guid":{"rendered":"http:\/\/biblian.is\/biblian\/fj%c2%97r_a-m%c2%97seb%c2%97k-13-kafli\/"},"modified":"2024-05-06T22:31:17","modified_gmt":"2024-05-06T22:31:17","slug":"fjorda-mosebok-13-kafli","status":"publish","type":"page","link":"https:\/\/biblian.is\/biblian\/fjorda-mosebok-13-kafli\/","title":{"rendered":"Fj\u00f3r\u00f0a M\u00f3seb\u00f3k 13. kafli"},"content":{"rendered":"<h3 class=\"millifyrirsogn_2007\"> K\u00f6nnun fyrirheitna landsins<\/h3>\n<p><a name=\"1\"><span class=\"versanumer_2007\">1<\/span><\/a> Drottinn tala\u00f0i til M\u00f3se og sag\u00f0i:<br \/> <a name=\"2\"><span class=\"versanumer_2007\">2<\/span><\/a> \u201eSendu menn til a\u00f0 kanna Kanaansland sem \u00e9g er \u00ed \u00feann veginn a\u00f0 gefa \u00cdsraelsm\u00f6nnum. \u00dei\u00f0 skulu\u00f0 senda einn mann fr\u00e1 hverjum \u00e6ttb\u00e1lki og skal hver \u00feeirra vera h\u00f6f\u00f0ingi me\u00f0al \u00cdsraelsmanna.\u201c<br \/> <a name=\"3\"><span class=\"versanumer_2007\">3<\/span><\/a> M\u00f3se sendi \u00fe\u00e1 menn af sta\u00f0 fr\u00e1 Paraney\u00f0im\u00f6rk a\u00f0 bo\u00f0i Drottins. \u00deeir voru allir lei\u00f0togar me\u00f0al \u00cdsraelsmanna. <a name=\"4\"><span class=\"versanumer_2007\">4<\/span><\/a> \u00deetta voru n\u00f6fn \u00feeirra:<br \/>Sam\u00faa Sakk\u00farsson af \u00e6ttb\u00e1lki R\u00fabens,<br \/> <a name=\"5\"><span class=\"versanumer_2007\">5<\/span><\/a> Safat H\u00f3r\u00edson af \u00e6ttb\u00e1lki S\u00edmeons,<br \/> <a name=\"6\"><span class=\"versanumer_2007\">6<\/span><\/a> Kaleb Jef\u00fanneson af \u00e6ttb\u00e1lki J\u00fada,<br \/> <a name=\"7\"><span class=\"versanumer_2007\">7<\/span><\/a> J\u00edgeal J\u00f3sefsson af \u00e6ttb\u00e1lki \u00cdssakars,<br \/> <a name=\"8\"><span class=\"versanumer_2007\">8<\/span><\/a> H\u00f3sea N\u00fansson af \u00e6ttb\u00e1lki Efra\u00edms,<br \/> <a name=\"9\"><span class=\"versanumer_2007\">9<\/span><\/a> Palt\u00ed Raf\u00fason af \u00e6ttb\u00e1lki Benjam\u00edns,<br \/> <a name=\"10\"><span class=\"versanumer_2007\">10<\/span><\/a> Gadd\u00edel S\u00f3d\u00edson af \u00e6ttb\u00e1lki Seb\u00falons,<br \/> <a name=\"11\"><span class=\"versanumer_2007\">11<\/span><\/a> Gadd\u00ed S\u00fas\u00edson af \u00e6ttb\u00e1lki J\u00f3sefs, af \u00e6ttb\u00e1lki Manasse,<br \/> <a name=\"12\"><span class=\"versanumer_2007\">12<\/span><\/a> Amm\u00edel Gemall\u00edson af \u00e6ttb\u00e1lki Dans,<br \/> <a name=\"13\"><span class=\"versanumer_2007\">13<\/span><\/a> Set\u00far M\u00edkaelsson af \u00e6ttb\u00e1lki Assers,<br \/> <a name=\"14\"><span class=\"versanumer_2007\">14<\/span><\/a> Nakb\u00ed Vofs\u00edson af \u00e6ttb\u00e1lki Naftal\u00ed og<br \/> <a name=\"15\"><span class=\"versanumer_2007\">15<\/span><\/a> Ge\u00fael Mak\u00edson af \u00e6ttb\u00e1lki Ga\u00f0s.<br \/> <a name=\"16\"><span class=\"versanumer_2007\">16<\/span><\/a> \u00deetta voru n\u00f6fn \u00feeirra manna sem M\u00f3se sendi til a\u00f0 kanna landi\u00f0. M\u00f3se gaf H\u00f3sea N\u00fanssyni nafni\u00f0 J\u00f3s\u00faa.<br \/> <a name=\"17\"><span class=\"versanumer_2007\">17<\/span><\/a> \u00deessa menn sendi M\u00f3se til a\u00f0 kanna Kanaansland og sag\u00f0i vi\u00f0 \u00fe\u00e1: \u201eFari\u00f0 um Su\u00f0urlandi\u00f0 <span class=\"nedan_mal\" title=\" \u00de.e. Negeb.\">[<\/span> og haldi\u00f0 svo \u00e1fram upp \u00ed fjalllendi\u00f0. <a name=\"18\"><span class=\"versanumer_2007\">18<\/span><\/a> Sko\u00f0i\u00f0 landi\u00f0 og hvernig f\u00f3lki\u00f0 er sem \u00ed \u00fev\u00ed b\u00fdr, hvort \u00fea\u00f0 er sterkbyggt e\u00f0a veikbyggt, f\u00e1tt e\u00f0a margt. <a name=\"19\"><span class=\"versanumer_2007\">19<\/span><\/a> Athugi\u00f0 einnig hvort landi\u00f0, sem \u00fea\u00f0 b\u00fdr \u00ed, er gott e\u00f0a vont og hvernig borgirnar eru sem \u00fea\u00f0 b\u00fdr \u00ed, hvort \u00fea\u00f0 eru \u00f3var\u00f0ar b\u00fa\u00f0ir e\u00f0a v\u00edggirtar borgir, <a name=\"20\"><span class=\"versanumer_2007\">20<\/span><\/a> hvort landi\u00f0 er frj\u00f3samt e\u00f0a har\u00f0b\u00fdlt, hvort \u00fear vaxa tr\u00e9 e\u00f0a ekki. Veri\u00f0 hugrakkir og komi\u00f0 me\u00f0 nokku\u00f0 af \u00e1v\u00f6xtum landsins.\u201c En \u00feetta var \u00e1 \u00feeim t\u00edma \u00e1rs er fyrstu v\u00ednberin \u00feroskast.<br \/> <a name=\"21\"><span class=\"versanumer_2007\">21<\/span><\/a> S\u00ed\u00f0an f\u00f3ru \u00feeir upp eftir og k\u00f6nnu\u00f0u landi\u00f0 fr\u00e1 S\u00edney\u00f0im\u00f6rk til Reh\u00f3b vi\u00f0 Leb\u00f3 Hamat. <a name=\"22\"><span class=\"versanumer_2007\">22<\/span><\/a> \u00deeir f\u00f3ru um Su\u00f0urlandi\u00f0 til Hebron. \u00dear bjuggu Ah\u00edman, Sesa\u00ed og Talma\u00ed, ni\u00f0jar Anaks. Hebron haf\u00f0i veri\u00f0 reist sj\u00f6 \u00e1rum \u00e1\u00f0ur en S\u00f3an \u00ed Egyptalandi. <a name=\"23\"><span class=\"versanumer_2007\">23<\/span><\/a> \u00deeir komu inn \u00ed Esk\u00f3ldal og sk\u00e1ru \u00fear af v\u00ednvi\u00f0argrein me\u00f0 einum v\u00ednberjaklasa og \u00feurfti tvo menn til a\u00f0 bera hana \u00e1 bur\u00f0arst\u00f6ng. Einnig t\u00f3ku \u00feeir me\u00f0 s\u00e9r nokku\u00f0 af granateplum og f\u00edkjum. <a name=\"24\"><span class=\"versanumer_2007\">24<\/span><\/a> \u00deessi sta\u00f0ur var nefndur Esk\u00f3ldalur eftir v\u00ednberjaklasanum sem \u00cdsraelsmenn sk\u00e1ru \u00fear af.<br \/> <a name=\"25\"><span class=\"versanumer_2007\">25<\/span><\/a> \u00deeir sneru aftur fj\u00f6rut\u00edu d\u00f6gum s\u00ed\u00f0ar \u00feegar \u00feeir h\u00f6f\u00f0u kanna\u00f0 landi\u00f0. <a name=\"26\"><span class=\"versanumer_2007\">26<\/span><\/a> \u00deeir h\u00e9ldu af sta\u00f0 og komu til M\u00f3se, Arons og alls safna\u00f0ar \u00cdsraelsmanna \u00ed Kades \u00ed Paraney\u00f0im\u00f6rk. \u00deeir s\u00f6g\u00f0u \u00feeim og \u00f6llum s\u00f6fnu\u00f0inum fer\u00f0as\u00f6guna og s\u00fdndu \u00feeim \u00e1vexti landsins.<br \/> <a name=\"27\"><span class=\"versanumer_2007\">27<\/span><\/a> \u00deannig s\u00f6g\u00f0u \u00feeir M\u00f3se fr\u00e1: \u201eVi\u00f0 komum til landsins sem \u00fe\u00fa sendir okkur til. \u00dea\u00f0 fl\u00fdtur sannarlega \u00ed mj\u00f3lk og hunangi og h\u00e9rna eru \u00e1vextir \u00feess. <a name=\"28\"><span class=\"versanumer_2007\">28<\/span><\/a> En f\u00f3lki\u00f0, sem byggir landi\u00f0, er sterkbyggt og borgirnar eru v\u00edggirtar og mj\u00f6g st\u00f3rar. \u00dear s\u00e1um vi\u00f0 einnig ni\u00f0ja Anaks. <a name=\"29\"><span class=\"versanumer_2007\">29<\/span><\/a> \u00cd Su\u00f0urlandinu b\u00faa Amalek\u00edtar en Het\u00edtar, Jeb\u00fas\u00edtar og Amor\u00edtar \u00ed fjalllendinu. Kanverjar b\u00faa vi\u00f0 hafi\u00f0 og me\u00f0 fram J\u00f3rdan.\u201c<br \/> <a name=\"30\"><span class=\"versanumer_2007\">30<\/span><\/a> Kaleb \u00feagga\u00f0i ni\u00f0ur \u00ed f\u00f3lkinu sem haf\u00f0i sn\u00faist gegn M\u00f3se og sag\u00f0i: \u201eVi\u00f0 getum \u00e1rei\u00f0anlega fari\u00f0 og teki\u00f0 landi\u00f0 til eignar \u00fev\u00ed a\u00f0 vi\u00f0 getum unni\u00f0 \u00fea\u00f0.\u201c <a name=\"31\"><span class=\"versanumer_2007\">31<\/span><\/a> En mennirnir, sem h\u00f6f\u00f0u fari\u00f0 upp eftir me\u00f0 honum, s\u00f6g\u00f0u: \u201eVi\u00f0 getum ekki fari\u00f0 gegn \u00feessu f\u00f3lki \u00fev\u00ed a\u00f0 \u00fea\u00f0 er \u00f6flugra en vi\u00f0.\u201c<br \/> <a name=\"32\"><span class=\"versanumer_2007\">32<\/span><\/a> \u00deeir b\u00e1ru \u00fat \u00f3hr\u00f3\u00f0ur me\u00f0al \u00cdsraelsmanna um landi\u00f0 sem \u00feeir h\u00f6f\u00f0u kanna\u00f0 og s\u00f6g\u00f0u: \u201eLandi\u00f0, sem vi\u00f0 f\u00f3rum um til a\u00f0 kanna, gleypir \u00edb\u00faa s\u00edna. Allt f\u00f3lk, sem vi\u00f0 s\u00e1um \u00ed landinu, var mj\u00f6g st\u00f3rvaxi\u00f0. <a name=\"33\"><span class=\"versanumer_2007\">33<\/span><\/a> \u00dear s\u00e1um vi\u00f0 risa en ni\u00f0jar Anaks eru risar og vi\u00f0 vorum eins og engisprettur \u00ed eigin augum og einnig \u00ed \u00feeirra augum.\u201c<\/p>\n","protected":false},"excerpt":{"rendered":"<p>K\u00f6nnun fyrirheitna landsins 1 Drottinn tala\u00f0i til M\u00f3se og sag\u00f0i: 2 \u201eSendu menn til a\u00f0 kanna Kanaansland sem \u00e9g er \u00ed \u00feann veginn a\u00f0 gefa \u00cdsraelsm\u00f6nnum. \u00dei\u00f0 skulu\u00f0 senda einn mann fr\u00e1 hverjum \u00e6ttb\u00e1lki og skal hver \u00feeirra vera h\u00f6f\u00f0ingi me\u00f0al \u00cdsraelsmanna.\u201c 3 M\u00f3se sendi \u00fe\u00e1 menn af sta\u00f0 fr\u00e1 Paraney\u00f0im\u00f6rk a\u00f0 bo\u00f0i Drottins. \u00deeir voru allir lei\u00f0togar me\u00f0al \u00cdsraelsmanna. 4 \u00deetta voru n\u00f6fn \u00feeirra:Sam\u00faa Sakk\u00farsson af \u00e6ttb\u00e1lki R\u00fabens, 5 Safat H\u00f3r\u00edson af \u00e6ttb\u00e1lki S\u00edmeons, 6 Kaleb Jef\u00fanneson af \u00e6ttb\u00e1lki J\u00fada, 7 J\u00edgeal J\u00f3sefsson af \u00e6ttb\u00e1lki \u00cdssakars, 8 H\u00f3sea N\u00fansson af \u00e6ttb\u00e1lki Efra\u00edms, 9 Palt\u00ed Raf\u00fason af \u00e6ttb\u00e1lki Benjam\u00edns, 10 <a href=\"https:\/\/biblian.is\/biblian\/fjorda-mosebok-13-kafli\/\"> [&#8230;]<\/a><\/p>\n","protected":false},"author":1,"featured_media":0,"parent":0,"menu_order":0,"comment_status":"open","ping_status":"open","template":"bibliukaflar_NT.php","meta":{"footnotes":""},"class_list":["post-1747","page","type-page","status-publish","hentry"],"_links":{"self":[{"href":"https:\/\/biblian.is\/biblian\/wp-json\/wp\/v2\/pages\/1747","targetHints":{"allow":["GET"]}}],"collection":[{"href":"https:\/\/biblian.is\/biblian\/wp-json\/wp\/v2\/pages"}],"about":[{"href":"https:\/\/biblian.is\/biblian\/wp-json\/wp\/v2\/types\/page"}],"author":[{"embeddable":true,"href":"https:\/\/biblian.is\/biblian\/wp-json\/wp\/v2\/users\/1"}],"replies":[{"embeddable":true,"href":"https:\/\/biblian.is\/biblian\/wp-json\/wp\/v2\/comments?post=1747"}],"version-history":[{"count":0,"href":"https:\/\/biblian.is\/biblian\/wp-json\/wp\/v2\/pages\/1747\/revisions"}],"wp:attachment":[{"href":"https:\/\/biblian.is\/biblian\/wp-json\/wp\/v2\/media?parent=1747"}],"curies":[{"name":"wp","href":"https:\/\/api.w.org\/{rel}","templated":true}]}}