{"id":1746,"date":"2017-12-30T21:00:16","date_gmt":"2017-12-30T21:00:16","guid":{"rendered":"http:\/\/biblian.is\/biblian\/fj%c2%97r_a-m%c2%97seb%c2%97k-12-kafli\/"},"modified":"2024-05-06T22:31:17","modified_gmt":"2024-05-06T22:31:17","slug":"fjorda-mosebok-12-kafli","status":"publish","type":"page","link":"https:\/\/biblian.is\/biblian\/fjorda-mosebok-12-kafli\/","title":{"rendered":"Fj\u00f3r\u00f0a M\u00f3seb\u00f3k 12. kafli"},"content":{"rendered":"<h3 class=\"millifyrirsogn_2007\"> Mirjam og Aron gegn M\u00f3se<\/h3>\n<p><a name=\"1\"><span class=\"versanumer_2007\">1<\/span><\/a> Mirjam og Aron \u00e1v\u00edtu\u00f0u M\u00f3se vegna konunnar fr\u00e1 K\u00fas sem hann haf\u00f0i teki\u00f0 s\u00e9r fyrir eiginkonu. <a name=\"2\"><span class=\"versanumer_2007\">2<\/span><\/a> \u00deau s\u00f6g\u00f0u: \u201eHefur Drottinn a\u00f0eins tala\u00f0 vi\u00f0 M\u00f3se, hefur hann ekki l\u00edka tala\u00f0 vi\u00f0 okkur?\u201c Drottinn hlusta\u00f0i \u00e1 \u00feetta. <a name=\"3\"><span class=\"versanumer_2007\">3<\/span><\/a> En M\u00f3se var h\u00f3gv\u00e6r ma\u00f0ur, h\u00f3gv\u00e6rari en nokkur annar \u00e1 j\u00f6r\u00f0inni.<br \/> <a name=\"4\"><span class=\"versanumer_2007\">4<\/span><\/a> Skyndilega sag\u00f0i Drottinn vi\u00f0 M\u00f3se, Aron og Mirjam: \u201eFari\u00f0 \u00f6ll \u00ferj\u00fa \u00fat til samfundatjaldsins.\u201c Og \u00feau f\u00f3ru \u00feanga\u00f0 \u00f6ll \u00ferj\u00fa.<br \/> <a name=\"5\"><span class=\"versanumer_2007\">5<\/span><\/a> \u00de\u00e1 steig Drottinn ni\u00f0ur \u00ed sk\u00fdst\u00f3lpa, t\u00f3k s\u00e9r st\u00f6\u00f0u vi\u00f0 tjalddyrnar og kalla\u00f0i \u00e1 Aron og Mirjam. \u00deau gengu \u00fe\u00e1 b\u00e6\u00f0i fram <a name=\"6\"><span class=\"versanumer_2007\">6<\/span><\/a> og hann sag\u00f0i:<br \/> <span class=\"ljodatexti\"> Hl\u00fd\u00f0i\u00f0 \u00e1 or\u00f0 m\u00edn.<br \/>S\u00e9 sp\u00e1ma\u00f0ur me\u00f0al y\u00f0ar<br \/>birtist \u00e9g honum \u00ed s\u00fdn,<br \/>tala vi\u00f0 hann \u00ed draumi.<br \/> <\/span> <span class=\"ljodatexti\"> <a name=\"7\"><span class=\"versanumer_ljod\">7<\/span><\/a>\u00deannig fer \u00e9g ekki a\u00f0 vi\u00f0 M\u00f3se, \u00fej\u00f3n minn,<br \/>sem er tr\u00faa\u00f0 fyrir allri \u00fej\u00f3\u00f0 minni.<br \/> <\/span> <span class=\"ljodatexti\"> <a name=\"8\"><span class=\"versanumer_ljod\">8<\/span><\/a>\u00c9g tala vi\u00f0 hann augliti til auglitis<br \/>en ekki \u00ed g\u00e1tum,<br \/>hann f\u00e6r a\u00f0 sj\u00e1 mynd Drottins.<br \/>Hvers vegna \u00e1r\u00e6ddu\u00f0 \u00fei\u00f0<br \/>a\u00f0 \u00e1saka \u00fej\u00f3n minn, M\u00f3se? <\/span> <br \/> <a name=\"9\"><span class=\"versanumer_2007\">9<\/span><\/a> Rei\u00f0i Drottins blossa\u00f0i upp gegn \u00feeim og hann gekk \u00e1 brott. <a name=\"10\"><span class=\"versanumer_2007\">10<\/span><\/a> Um lei\u00f0 og sk\u00fdi\u00f0 v\u00e9k burt fr\u00e1 tjaldinu var Mirjam or\u00f0in snj\u00f3hv\u00edt af holdsveiki. Aron sneri s\u00e9r a\u00f0 Mirjam og s\u00e1 a\u00f0 h\u00fan var or\u00f0in holdsveik. <a name=\"11\"><span class=\"versanumer_2007\">11<\/span><\/a> S\u00ed\u00f0an sag\u00f0i Aron vi\u00f0 M\u00f3se: \u201e\u00c6, herra minn. L\u00e1ttu \u00fe\u00e1 synd, sem vi\u00f0 fr\u00f6mdum af heimsku, ekki koma ni\u00f0ur \u00e1 okkur. <a name=\"12\"><span class=\"versanumer_2007\">12<\/span><\/a> L\u00e1ttu hana ekki ver\u00f0a eins og andvana f\u00f3stur sem helmingur holdsins er rotna\u00f0ur af \u00feegar \u00fea\u00f0 kemur \u00far m\u00f3\u00f0url\u00edfi.\u201c <a name=\"13\"><span class=\"versanumer_2007\">13<\/span><\/a> \u00de\u00e1 hr\u00f3pa\u00f0i M\u00f3se til Drottins og sag\u00f0i: \u201eGer\u00f0u \u00feetta ekki, l\u00e6kna\u00f0u hana.\u201c <a name=\"14\"><span class=\"versanumer_2007\">14<\/span><\/a> En Drottinn sag\u00f0i vi\u00f0 M\u00f3se: \u201eHef\u00f0i fa\u00f0ir hennar hr\u00e6kt framan \u00ed hana \u00feyrfti h\u00fan \u00fe\u00e1 ekki a\u00f0 bera sk\u00f6mmina \u00ed sj\u00f6 daga? H\u00fan skal vera loku\u00f0 inni \u00ed sj\u00f6 daga utan vi\u00f0 herb\u00fa\u00f0irnar. S\u00ed\u00f0an getur h\u00fan komi\u00f0 inn aftur.\u201c<br \/> <a name=\"15\"><span class=\"versanumer_2007\">15<\/span><\/a> Mirjam var \u00fev\u00ed loku\u00f0 inni utan herb\u00fa\u00f0anna \u00ed sj\u00f6 daga. F\u00f3lki\u00f0 lag\u00f0i ekki af sta\u00f0 fyrr en h\u00fan var aftur komin inn \u00ed herb\u00fa\u00f0irnar.<br \/> <a name=\"16\"><span class=\"versanumer_2007\">16<\/span><\/a> S\u00ed\u00f0an lag\u00f0i \u00fej\u00f3\u00f0in af sta\u00f0 fr\u00e1 Haser\u00f3t og tjalda\u00f0i \u00ed Paraney\u00f0im\u00f6rk.<\/p>\n","protected":false},"excerpt":{"rendered":"<p>Mirjam og Aron gegn M\u00f3se 1 Mirjam og Aron \u00e1v\u00edtu\u00f0u M\u00f3se vegna konunnar fr\u00e1 K\u00fas sem hann haf\u00f0i teki\u00f0 s\u00e9r fyrir eiginkonu. 2 \u00deau s\u00f6g\u00f0u: \u201eHefur Drottinn a\u00f0eins tala\u00f0 vi\u00f0 M\u00f3se, hefur hann ekki l\u00edka tala\u00f0 vi\u00f0 okkur?\u201c Drottinn hlusta\u00f0i \u00e1 \u00feetta. 3 En M\u00f3se var h\u00f3gv\u00e6r ma\u00f0ur, h\u00f3gv\u00e6rari en nokkur annar \u00e1 j\u00f6r\u00f0inni. 4 Skyndilega sag\u00f0i Drottinn vi\u00f0 M\u00f3se, Aron og Mirjam: \u201eFari\u00f0 \u00f6ll \u00ferj\u00fa \u00fat til samfundatjaldsins.\u201c Og \u00feau f\u00f3ru \u00feanga\u00f0 \u00f6ll \u00ferj\u00fa. 5 \u00de\u00e1 steig Drottinn ni\u00f0ur \u00ed sk\u00fdst\u00f3lpa, t\u00f3k s\u00e9r st\u00f6\u00f0u vi\u00f0 tjalddyrnar og kalla\u00f0i \u00e1 Aron og Mirjam. \u00deau gengu \u00fe\u00e1 b\u00e6\u00f0i fram 6 og <a href=\"https:\/\/biblian.is\/biblian\/fjorda-mosebok-12-kafli\/\"> [&#8230;]<\/a><\/p>\n","protected":false},"author":1,"featured_media":0,"parent":0,"menu_order":0,"comment_status":"open","ping_status":"open","template":"bibliukaflar_NT.php","meta":{"footnotes":""},"class_list":["post-1746","page","type-page","status-publish","hentry"],"_links":{"self":[{"href":"https:\/\/biblian.is\/biblian\/wp-json\/wp\/v2\/pages\/1746","targetHints":{"allow":["GET"]}}],"collection":[{"href":"https:\/\/biblian.is\/biblian\/wp-json\/wp\/v2\/pages"}],"about":[{"href":"https:\/\/biblian.is\/biblian\/wp-json\/wp\/v2\/types\/page"}],"author":[{"embeddable":true,"href":"https:\/\/biblian.is\/biblian\/wp-json\/wp\/v2\/users\/1"}],"replies":[{"embeddable":true,"href":"https:\/\/biblian.is\/biblian\/wp-json\/wp\/v2\/comments?post=1746"}],"version-history":[{"count":0,"href":"https:\/\/biblian.is\/biblian\/wp-json\/wp\/v2\/pages\/1746\/revisions"}],"wp:attachment":[{"href":"https:\/\/biblian.is\/biblian\/wp-json\/wp\/v2\/media?parent=1746"}],"curies":[{"name":"wp","href":"https:\/\/api.w.org\/{rel}","templated":true}]}}