{"id":1745,"date":"2017-12-30T21:00:16","date_gmt":"2017-12-30T21:00:16","guid":{"rendered":"http:\/\/biblian.is\/biblian\/fj%c2%97r_a-m%c2%97seb%c2%97k-11-kafli\/"},"modified":"2024-05-06T22:31:16","modified_gmt":"2024-05-06T22:31:16","slug":"fjorda-mosebok-11-kafli","status":"publish","type":"page","link":"https:\/\/biblian.is\/biblian\/fjorda-mosebok-11-kafli\/","title":{"rendered":"Fj\u00f3r\u00f0a M\u00f3seb\u00f3k 11. kafli"},"content":{"rendered":"<h3 class=\"millifyrirsogn_2007\"> \u00dej\u00f3\u00f0in m\u00f6glar \u00ed Tabera<\/h3>\n<p><a name=\"1\"><span class=\"versanumer_2007\">1<\/span><\/a> Einhverju sinni t\u00f3k f\u00f3lki\u00f0 a\u00f0 kvarta h\u00e1st\u00f6fum vi\u00f0 Drottin yfir m\u00f3tl\u00e6ti s\u00ednu. \u00deegar Drottinn heyr\u00f0i \u00feetta blossa\u00f0i rei\u00f0i hans upp og eldur Drottins kvikna\u00f0i og eyddi ysta hluta herb\u00fa\u00f0anna. <a name=\"2\"><span class=\"versanumer_2007\">2<\/span><\/a> \u00de\u00e1 hr\u00f3pa\u00f0i f\u00f3lki\u00f0 til M\u00f3se og M\u00f3se ba\u00f0 til Drottins og dv\u00edna\u00f0i \u00fe\u00e1 eldurinn.<br \/> <a name=\"3\"><span class=\"versanumer_2007\">3<\/span><\/a> \u00deessi sta\u00f0ur var nefndur Tabera \u00fev\u00ed a\u00f0 eldur Drottins haf\u00f0i kvikna\u00f0 vegna \u00feeirra.<br \/> <a name=\"4\"><span class=\"versanumer_2007\">4<\/span><\/a> Flakkararnir, sem h\u00f6f\u00f0u safnast a\u00f0 \u00feeim, fylltust gr\u00e6\u00f0gi. \u00de\u00e1 t\u00f3ku \u00cdsraelsmenn aftur a\u00f0 barma s\u00e9r og s\u00f6g\u00f0u: \u201eHver getur gefi\u00f0 okkur kj\u00f6t? <a name=\"5\"><span class=\"versanumer_2007\">5<\/span><\/a> N\u00fa munum vi\u00f0 eftir fiskinum sem vi\u00f0 fengum fyrir ekkert \u00ed Egyptalandi, g\u00farkunum, mel\u00f3nunum, bla\u00f0laukunum, laukunum og hv\u00edtlaukunum. <a name=\"6\"><span class=\"versanumer_2007\">6<\/span><\/a> En n\u00fa erum vi\u00f0 a\u00f0 \u00f6rmagnast, ekkert er til. Manna er \u00fea\u00f0 eina sem vi\u00f0 komum auga \u00e1.\u201c<br \/> <a name=\"7\"><span class=\"versanumer_2007\">7<\/span><\/a> Manna l\u00edktist k\u00f3r\u00edanderfr\u00e6i og leit \u00fat eins og bedolakkvo\u00f0a. <span class=\"nedan_mal\" title=\" Sumir telja a\u00f0 manna (\u201ehimnabrau\u00f0\u201c) myndist \u00e1 bl\u00f6\u00f0um runna (tamarix mannifera) \u00e1 S\u00edna\u00edskaga, af skord\u00fdrum er gefa fr\u00e1 s\u00e9r dropalaga kvo\u00f0u sem er s\u00e6t \u00e1 brag\u00f0i\u00f0 en br\u00e1\u00f0nar \u00e1 daginn. Sj\u00e1 2M\u00f3s 16.\">[<\/span> <a name=\"8\"><span class=\"versanumer_2007\">8<\/span><\/a> F\u00f3lki\u00f0 gekk um til a\u00f0 safna \u00fev\u00ed saman og mala\u00f0i \u00fea\u00f0 \u00ed handkv\u00f6rn e\u00f0a steytti \u00fea\u00f0 \u00ed morteli. S\u00ed\u00f0an sau\u00f0 f\u00f3lki\u00f0 \u00fea\u00f0 \u00ed potti og ger\u00f0i \u00far \u00fev\u00ed k\u00f6kur sem voru \u00e1 brag\u00f0i\u00f0 eins og ol\u00eduk\u00f6kur. <a name=\"9\"><span class=\"versanumer_2007\">9<\/span><\/a> \u00deegar d\u00f6gg f\u00e9ll yfir herb\u00fa\u00f0irnar um n\u00e6tur f\u00e9ll einnig manna.<br \/> <a name=\"10\"><span class=\"versanumer_2007\">10<\/span><\/a> M\u00f3se heyr\u00f0i f\u00f3lki\u00f0 gr\u00e1ta, hvern \u00e6ttb\u00e1lk og hvern mann vi\u00f0 dyr tjalds s\u00edns. \u00de\u00e1 reiddist Drottinn mj\u00f6g og f\u00e9ll M\u00f3se \u00fea\u00f0 illa.<br \/> <a name=\"11\"><span class=\"versanumer_2007\">11<\/span><\/a> \u00de\u00e1 sag\u00f0i M\u00f3se vi\u00f0 Drottin:<br \/>\u201eHvers vegna leikur \u00fe\u00fa \u00fej\u00f3n \u00feinn svo gr\u00e1tt? Hvers vegna finn \u00e9g ekki n\u00e1\u00f0 \u00ed augum \u00fe\u00ednum svo a\u00f0 \u00e9g r\u00edsi undir byr\u00f0i alls \u00feessa f\u00f3lks. <a name=\"12\"><span class=\"versanumer_2007\">12<\/span><\/a> Er \u00e9g s\u00e1 sem var \u00feunga\u00f0ur af \u00f6llu \u00feessu f\u00f3lki? Bar \u00e9g \u00fea\u00f0 \u00ed heiminn? \u00dar \u00fev\u00ed a\u00f0 \u00fe\u00fa segir: Ber\u00f0u \u00fe\u00e1 \u00ed fa\u00f0mi \u00fe\u00e9r eins og f\u00f3stra ber brj\u00f3stmylking inn \u00ed landi\u00f0 sem \u00fe\u00fa s\u00f3rst fe\u00f0rum \u00feeirra. <a name=\"13\"><span class=\"versanumer_2007\">13<\/span><\/a> Hva\u00f0an \u00e1 \u00e9g a\u00f0 f\u00e1 kj\u00f6t til a\u00f0 gefa \u00f6llu \u00feessu f\u00f3lki? \u00dev\u00ed a\u00f0 \u00fea\u00f0 gr\u00e6tur frammi fyrir m\u00e9r og heimtar: Gef\u00f0u okkur kj\u00f6t a\u00f0 eta. <a name=\"14\"><span class=\"versanumer_2007\">14<\/span><\/a> Einn r\u00eds \u00e9g ekki undir \u00f6llu \u00feessu f\u00f3lki \u00fev\u00ed a\u00f0 \u00fea\u00f0 er of \u00feungt fyrir mig. <a name=\"15\"><span class=\"versanumer_2007\">15<\/span><\/a> En ef \u00fe\u00fa \u00e6tlar a\u00f0 fara svona me\u00f0 mig, dey\u00f0 mig \u00fe\u00e1, finni \u00e9g n\u00e1\u00f0 \u00ed augum \u00fe\u00ednum svo a\u00f0 \u00e9g \u00feurfi ekki a\u00f0 sj\u00e1 b\u00f6l mitt lengur.\u201c<br \/> <a name=\"16\"><span class=\"versanumer_2007\">16<\/span><\/a> Drottinn sag\u00f0i vi\u00f0 M\u00f3se:<br \/>\u201eVeldu fyrir mig sj\u00f6t\u00edu menn \u00far h\u00f3pi \u00f6ldunga \u00cdsraels sem \u00fe\u00fa veist a\u00f0 eru \u00f6ldungar \u00fej\u00f3\u00f0arinnar og eftirlitsmenn hennar. \u00de\u00fa skalt lei\u00f0a \u00fe\u00e1 a\u00f0 samfundatjaldinu og \u00fear skulu \u00feeir taka s\u00e9r st\u00f6\u00f0u me\u00f0 \u00fe\u00e9r. <a name=\"17\"><span class=\"versanumer_2007\">17<\/span><\/a> \u00de\u00e1 st\u00edg \u00e9g ni\u00f0ur og tala \u00fear vi\u00f0 \u00feig og tek d\u00e1l\u00edti\u00f0 af andanum sem er yfir \u00fe\u00e9r og legg yfir \u00fe\u00e1. S\u00ed\u00f0an skulu \u00feeir bera \u00feunga \u00fej\u00f3\u00f0arinnar me\u00f0 \u00fe\u00e9r svo a\u00f0 \u00fe\u00fa \u00feurfir ekki a\u00f0 bera hann einn. <a name=\"18\"><span class=\"versanumer_2007\">18<\/span><\/a> En \u00fe\u00fa skalt segja vi\u00f0 \u00fej\u00f3\u00f0ina: Helgi\u00f0 ykkur fyrir morgundaginn. \u00de\u00e1 skulu\u00f0 \u00fei\u00f0 f\u00e1 kj\u00f6t a\u00f0 eta \u00fev\u00ed a\u00f0 \u00fei\u00f0 hafi\u00f0 kveina\u00f0 \u00ed eyru Drottins og spurt: Hver gefur okkur kj\u00f6t a\u00f0 eta? Okkur lei\u00f0 vel \u00ed Egyptalandi. Drottinn mun \u00fev\u00ed gefa ykkur kj\u00f6t a\u00f0 eta. <a name=\"19\"><span class=\"versanumer_2007\">19<\/span><\/a> \u00dei\u00f0 skulu\u00f0 ekki a\u00f0eins neyta \u00feess einn dag e\u00f0a tvo, fimm daga e\u00f0a t\u00edu e\u00f0a tuttugu <a name=\"20\"><span class=\"versanumer_2007\">20<\/span><\/a> heldur heilan m\u00e1nu\u00f0 \u00feanga\u00f0 til \u00fei\u00f0 \u00feoli\u00f0 ekki lyktina af \u00fev\u00ed og ykkur b\u00fd\u00f0ur vi\u00f0 \u00fev\u00ed. \u00dev\u00ed a\u00f0 \u00fei\u00f0 hafi\u00f0 hafna\u00f0 Drottni sem b\u00fdr mitt \u00e1 me\u00f0al ykkar, gr\u00e1ti\u00f0 frammi fyrir augliti hans og spurt: Hvers vegna f\u00f3rum vi\u00f0 fr\u00e1 Egyptalandi?\u201c<br \/> <a name=\"21\"><span class=\"versanumer_2007\">21<\/span><\/a> M\u00f3se svara\u00f0i: \u201e\u00dej\u00f3\u00f0in, sem \u00e9g dvel me\u00f0, er sex hundru\u00f0 \u00fe\u00fasund f\u00f3tgangandi menn og \u00fe\u00fa hefur sagt: \u00c9g skal gefa \u00feeim kj\u00f6t a\u00f0 eta \u00ed heilan m\u00e1nu\u00f0. <a name=\"22\"><span class=\"versanumer_2007\">22<\/span><\/a> Er h\u00e6gt a\u00f0 sl\u00e1tra handa \u00feeim sau\u00f0f\u00e9 og nautf\u00e9 sem n\u00e6gi \u00feeim? Er h\u00e6gt a\u00f0 safna saman \u00f6llum fiskum \u00ed sj\u00f3num handa \u00feeim svo a\u00f0 \u00fea\u00f0 n\u00e6gi?\u201c<br \/> <a name=\"23\"><span class=\"versanumer_2007\">23<\/span><\/a> Drottinn sag\u00f0i vi\u00f0 M\u00f3se:<br \/>\u201eEr h\u00f6nd Drottins of stutt? N\u00fa muntu komast a\u00f0 raun um hvort or\u00f0 mitt r\u00e6tist e\u00f0a ekki.\u201c<br \/> <a name=\"24\"><span class=\"versanumer_2007\">24<\/span><\/a> M\u00f3se gekk \u00fe\u00e1 \u00fat og flutti f\u00f3lkinu bo\u00f0skap Drottins. S\u00ed\u00f0an valdi hann sj\u00f6t\u00edu af \u00f6ldungum \u00fej\u00f3\u00f0arinnar og l\u00e9t \u00fe\u00e1 taka s\u00e9r st\u00f6\u00f0u umhverfis tjaldi\u00f0. <a name=\"25\"><span class=\"versanumer_2007\">25<\/span><\/a> \u00de\u00e1 steig Drottinn ni\u00f0ur \u00ed sk\u00fdinu, \u00e1varpa\u00f0i hann og t\u00f3k af andanum sem var yfir honum og lag\u00f0i hann yfir \u00f6ldungana sj\u00f6t\u00edu. Um lei\u00f0 og andinn hv\u00edldi yfir \u00feeim komust \u00feeir \u00ed sp\u00e1mannlegan gu\u00f0m\u00f3\u00f0 en a\u00f0eins \u00feetta eina sinn. <span class=\"nedan_mal\" title=\" \u00d6nnur hugsanleg \u00fe\u00fd\u00f0ing: \u2026 sem ekki rann af \u00feeim.\">[<\/span> <br \/> <a name=\"26\"><span class=\"versanumer_2007\">26<\/span><\/a> Tveir menn ur\u00f0u eftir \u00ed herb\u00fa\u00f0unum. H\u00e9t annar Eldad en hinn Medad. Andinn hv\u00edldi einnig yfir \u00feeim enda voru \u00feeir me\u00f0al \u00feeirra sem h\u00f6f\u00f0u veri\u00f0 skr\u00e1\u00f0ir en h\u00f6f\u00f0u ekki yfirgefi\u00f0 tjaldi\u00f0. \u00deeir komust \u00ed sp\u00e1mannlegan gu\u00f0m\u00f3\u00f0 \u00ed herb\u00fa\u00f0unum. <a name=\"27\"><span class=\"versanumer_2007\">27<\/span><\/a> \u00de\u00e1 hlj\u00f3p unglingur nokkur til, sk\u00fdr\u00f0i M\u00f3se fr\u00e1 \u00feessu og sag\u00f0i: \u201eEldad og Medad eru \u00ed sp\u00e1mannlegum gu\u00f0m\u00f3\u00f0i \u00ed herb\u00fa\u00f0unum.\u201c <a name=\"28\"><span class=\"versanumer_2007\">28<\/span><\/a> J\u00f3s\u00faa N\u00fansson, sem haf\u00f0i \u00fej\u00f3na\u00f0 M\u00f3se fr\u00e1 \u00fev\u00ed \u00ed \u00e6sku, sag\u00f0i: \u201eM\u00f3se, herra minn, komdu \u00ed veg fyrir \u00feetta.\u201c <a name=\"29\"><span class=\"versanumer_2007\">29<\/span><\/a> \u00de\u00e1 sag\u00f0i M\u00f3se vi\u00f0 hann: \u201eErtu afbr\u00fd\u00f0isamur m\u00edn vegna? \u00c9g vildi a\u00f0 \u00f6ll \u00fej\u00f3\u00f0 Drottins v\u00e6ri sp\u00e1menn og a\u00f0 Drottinn leg\u00f0i anda sinn yfir hana.\u201c<br \/> <a name=\"30\"><span class=\"versanumer_2007\">30<\/span><\/a> S\u00ed\u00f0an h\u00e9lt M\u00f3se aftur til herb\u00fa\u00f0anna \u00e1samt \u00f6ldungum \u00cdsraels.<\/p>\n<h3 class=\"millifyrirsogn_2007\">Lyngh\u00e6nsn<\/h3>\n<p><a name=\"31\"><span class=\"versanumer_2007\">31<\/span><\/a> \u00de\u00e1 t\u00f3k vindur fr\u00e1 Drottni a\u00f0 bl\u00e1sa og hrakti \u00e1 undan s\u00e9r lyngh\u00e6nsni fr\u00e1 hafinu og varpa\u00f0i \u00feeim yfir herb\u00fa\u00f0irnar, daglei\u00f0 \u00ed allar \u00e1ttir fr\u00e1 b\u00fa\u00f0unum og myndu\u00f0u \u00feau um \u00fea\u00f0 bil tveggja \u00e1lna \u00feykkt lag \u00e1 j\u00f6r\u00f0inni. <a name=\"32\"><span class=\"versanumer_2007\">32<\/span><\/a> F\u00f3lki\u00f0 safna\u00f0i lyngh\u00e6nsnunum saman allan \u00feann dag, alla n\u00f3ttina og allan n\u00e6sta dag. S\u00e1 sem minnstu safna\u00f0i safna\u00f0i t\u00edu k\u00f3merum. F\u00f3lki\u00f0 dreif\u00f0i \u00far lyngh\u00e6nsnunum umhverfis herb\u00fa\u00f0irnar. <a name=\"33\"><span class=\"versanumer_2007\">33<\/span><\/a> En \u00e1 me\u00f0an kj\u00f6ti\u00f0 var enn milli tanna \u00feess, \u00e1\u00f0ur en f\u00f3lki\u00f0 haf\u00f0i tuggi\u00f0 \u00fea\u00f0, blossa\u00f0i rei\u00f0i Drottins upp gegn \u00fev\u00ed og laust Drottinn \u00fea\u00f0 \u00feungri pl\u00e1gu. <a name=\"34\"><span class=\"versanumer_2007\">34<\/span><\/a> \u00deessi sta\u00f0ur var nefndur Kibr\u00f3t-Hattava <span class=\"nedan_mal\" title=\" \u00de.e. Gr\u00e6\u00f0gigrafir.\">[<\/span> \u00fev\u00ed a\u00f0 \u00fear voru hinir gr\u00e1\u00f0ugu grafnir.<br \/> <a name=\"35\"><span class=\"versanumer_2007\">35<\/span><\/a> F\u00f3lki\u00f0 h\u00e9lt fr\u00e1 Kibr\u00f3t-Hattava til Haser\u00f3t og var um kyrrt \u00ed Haser\u00f3t.<\/p>\n","protected":false},"excerpt":{"rendered":"<p>\u00dej\u00f3\u00f0in m\u00f6glar \u00ed Tabera 1 Einhverju sinni t\u00f3k f\u00f3lki\u00f0 a\u00f0 kvarta h\u00e1st\u00f6fum vi\u00f0 Drottin yfir m\u00f3tl\u00e6ti s\u00ednu. \u00deegar Drottinn heyr\u00f0i \u00feetta blossa\u00f0i rei\u00f0i hans upp og eldur Drottins kvikna\u00f0i og eyddi ysta hluta herb\u00fa\u00f0anna. 2 \u00de\u00e1 hr\u00f3pa\u00f0i f\u00f3lki\u00f0 til M\u00f3se og M\u00f3se ba\u00f0 til Drottins og dv\u00edna\u00f0i \u00fe\u00e1 eldurinn. 3 \u00deessi sta\u00f0ur var nefndur Tabera \u00fev\u00ed a\u00f0 eldur Drottins haf\u00f0i kvikna\u00f0 vegna \u00feeirra. 4 Flakkararnir, sem h\u00f6f\u00f0u safnast a\u00f0 \u00feeim, fylltust gr\u00e6\u00f0gi. \u00de\u00e1 t\u00f3ku \u00cdsraelsmenn aftur a\u00f0 barma s\u00e9r og s\u00f6g\u00f0u: \u201eHver getur gefi\u00f0 okkur kj\u00f6t? 5 N\u00fa munum vi\u00f0 eftir fiskinum sem vi\u00f0 fengum fyrir ekkert \u00ed Egyptalandi, g\u00farkunum, <a href=\"https:\/\/biblian.is\/biblian\/fjorda-mosebok-11-kafli\/\"> [&#8230;]<\/a><\/p>\n","protected":false},"author":1,"featured_media":0,"parent":0,"menu_order":0,"comment_status":"open","ping_status":"open","template":"bibliukaflar_NT.php","meta":{"footnotes":""},"class_list":["post-1745","page","type-page","status-publish","hentry"],"_links":{"self":[{"href":"https:\/\/biblian.is\/biblian\/wp-json\/wp\/v2\/pages\/1745","targetHints":{"allow":["GET"]}}],"collection":[{"href":"https:\/\/biblian.is\/biblian\/wp-json\/wp\/v2\/pages"}],"about":[{"href":"https:\/\/biblian.is\/biblian\/wp-json\/wp\/v2\/types\/page"}],"author":[{"embeddable":true,"href":"https:\/\/biblian.is\/biblian\/wp-json\/wp\/v2\/users\/1"}],"replies":[{"embeddable":true,"href":"https:\/\/biblian.is\/biblian\/wp-json\/wp\/v2\/comments?post=1745"}],"version-history":[{"count":0,"href":"https:\/\/biblian.is\/biblian\/wp-json\/wp\/v2\/pages\/1745\/revisions"}],"wp:attachment":[{"href":"https:\/\/biblian.is\/biblian\/wp-json\/wp\/v2\/media?parent=1745"}],"curies":[{"name":"wp","href":"https:\/\/api.w.org\/{rel}","templated":true}]}}