{"id":1743,"date":"2017-12-30T21:00:16","date_gmt":"2017-12-30T21:00:16","guid":{"rendered":"http:\/\/biblian.is\/biblian\/fj%c2%97r_a-m%c2%97seb%c2%97k-9-kafli\/"},"modified":"2024-05-06T22:31:23","modified_gmt":"2024-05-06T22:31:23","slug":"fjorda-mosebok-9-kafli","status":"publish","type":"page","link":"https:\/\/biblian.is\/biblian\/fjorda-mosebok-9-kafli\/","title":{"rendered":"Fj\u00f3r\u00f0a M\u00f3seb\u00f3k 9. kafli"},"content":{"rendered":"<h3 class=\"millifyrirsogn_2007\"> Reglur um p\u00e1skahald<\/h3>\n<p><a name=\"1\"><span class=\"versanumer_2007\">1<\/span><\/a> \u00cd fyrsta m\u00e1nu\u00f0i annars \u00e1rs eftir brottf\u00f6r \u00cdsraelsmanna fr\u00e1 Egyptalandi \u00e1varpa\u00f0i Drottinn M\u00f3se \u00ed S\u00edna\u00edey\u00f0im\u00f6rk og sag\u00f0i:<br \/> <a name=\"2\"><span class=\"versanumer_2007\">2<\/span><\/a> \u201e\u00cdsraelsmenn skulu halda p\u00e1ska \u00e1 tilteknum t\u00edma. <a name=\"3\"><span class=\"versanumer_2007\">3<\/span><\/a> Fj\u00f3rt\u00e1nda dag \u00feessa m\u00e1na\u00f0ar, \u00ed r\u00f6kkrinu \u00e1\u00f0ur en dimmt er or\u00f0i\u00f0, skulu\u00f0 \u00fei\u00f0 halda \u00fe\u00e1. \u00dei\u00f0 skulu\u00f0 halda \u00fe\u00e1 a\u00f0 \u00f6llu leyti eftir laga\u00e1kv\u00e6\u00f0um og reglum um \u00fe\u00e1.\u201c<br \/> <a name=\"4\"><span class=\"versanumer_2007\">4<\/span><\/a> M\u00f3se bau\u00f0 \u00cdsraelsm\u00f6nnum a\u00f0 halda p\u00e1ska <a name=\"5\"><span class=\"versanumer_2007\">5<\/span><\/a> og \u00feeir h\u00e9ldu p\u00e1ska \u00ed S\u00edna\u00edey\u00f0im\u00f6rk, \u00ed r\u00f6kkrinu \u00e1\u00f0ur en dimmt var or\u00f0i\u00f0, fj\u00f3rt\u00e1nda dag fyrsta m\u00e1na\u00f0arins. \u00cdsraelsmenn ger\u00f0u n\u00e1kv\u00e6mlega allt sem Drottinn haf\u00f0i bo\u00f0i\u00f0 M\u00f3se.<br \/> <a name=\"6\"><span class=\"versanumer_2007\">6<\/span><\/a> \u00dearna voru menn sem h\u00f6f\u00f0u saurgast af l\u00edki og g\u00e1tu \u00fev\u00ed ekki haldi\u00f0 p\u00e1ska \u00feennan dag. \u00deeir gengu fyrir M\u00f3se og Aron sama dag <a name=\"7\"><span class=\"versanumer_2007\">7<\/span><\/a> og s\u00f6g\u00f0u vi\u00f0 hann: \u201eVi\u00f0 h\u00f6fum saurgast af l\u00edki. Hvers vegna er okkur banna\u00f0 a\u00f0 f\u00e6ra Drottni gj\u00f6f \u00e1 tilsettum t\u00edma me\u00f0 \u00f6\u00f0rum \u00cdsraelsm\u00f6nnum?\u201c <a name=\"8\"><span class=\"versanumer_2007\">8<\/span><\/a> M\u00f3se svara\u00f0i \u00feeim: \u201eB\u00ed\u00f0i\u00f0 vi\u00f0. \u00c9g \u00e6tla a\u00f0 heyra hva\u00f0a fyrirm\u00e6li Drottinn gefur um ykkur.\u201c<br \/> <a name=\"9\"><span class=\"versanumer_2007\">9<\/span><\/a> Drottinn tala\u00f0i til M\u00f3se og sag\u00f0i:<br \/> <a name=\"10\"><span class=\"versanumer_2007\">10<\/span><\/a> \u201eSeg\u00f0u vi\u00f0 \u00cdsraelsmenn: \u00deegar einhver ykkar e\u00f0a einhver ni\u00f0ja ykkar hefur saurgast af l\u00edki e\u00f0a er \u00ed langfer\u00f0 en \u00e6tlar a\u00f0 halda Drottni p\u00e1ska, <a name=\"11\"><span class=\"versanumer_2007\">11<\/span><\/a> skal hann halda \u00fe\u00e1 \u00ed r\u00f6kkrinu \u00e1\u00f0ur en dimmt er or\u00f0i\u00f0 fj\u00f3rt\u00e1nda dag annars m\u00e1na\u00f0ar. \u00deeir skulu neyta p\u00e1skalambsins me\u00f0 \u00f3s\u00fdr\u00f0u flatbrau\u00f0i og beiskum jurtum. <a name=\"12\"><span class=\"versanumer_2007\">12<\/span><\/a> \u00deeir mega hvorki leifa neinu af \u00fev\u00ed til n\u00e6sta morguns n\u00e9 brj\u00f3ta \u00ed \u00fev\u00ed neitt bein. \u00deeir skulu fara \u00ed \u00f6llu eftir l\u00f6gunum um p\u00e1ska. <a name=\"13\"><span class=\"versanumer_2007\">13<\/span><\/a> En vanr\u00e6ki s\u00e1 sem er hreinn og ekki er \u00e1 fer\u00f0alagi a\u00f0 halda p\u00e1ska skal hann uppr\u00e6ttur \u00far \u00fej\u00f3\u00f0 sinni \u00fev\u00ed a\u00f0 hann hefur ekki f\u00e6rt fram gj\u00f6f til Drottins \u00e1 tilteknum t\u00edma. S\u00e1 ma\u00f0ur skal taka \u00e1 sig sekt s\u00edna. <a name=\"14\"><span class=\"versanumer_2007\">14<\/span><\/a> Ef a\u00f0komuma\u00f0ur, sem n\u00fdtur verndar hj\u00e1 ykkur, \u00e6tlar a\u00f0 halda Drottni p\u00e1ska skal hann halda \u00fe\u00e1 samkv\u00e6mt l\u00f6gum og reglum um p\u00e1ska. Ein l\u00f6g skulu gilda hj\u00e1 ykkur, \u00feau s\u00f6mu fyrir a\u00f0komumann og \u00feann sem f\u00e6ddur er \u00ed landinu.\u201c<\/p>\n<h3 class=\"millifyrirsogn_2007\">Sk\u00fdi\u00f0 yfir tjaldb\u00fa\u00f0inni<\/h3>\n<p><a name=\"15\"><span class=\"versanumer_2007\">15<\/span><\/a> Daginn, sem tjaldb\u00fa\u00f0in var reist, huldi sk\u00fdi\u00f0 s\u00e1ttm\u00e1lstjaldi\u00f0. Og fr\u00e1 kv\u00f6ldi til morguns hv\u00edldi yfir \u00fev\u00ed eitthva\u00f0 sem l\u00edktist eldi. <a name=\"16\"><span class=\"versanumer_2007\">16<\/span><\/a> \u00deannig var \u00fea\u00f0 \u00e1vallt, sk\u00fdi\u00f0 huldi \u00fea\u00f0 en eitthva\u00f0, sem l\u00edktist eldi, var yfir \u00fev\u00ed um n\u00e6tur. <a name=\"17\"><span class=\"versanumer_2007\">17<\/span><\/a> Jafnan \u00feegar sk\u00fdi\u00f0 h\u00f3f sig upp fr\u00e1 tjaldinu l\u00f6g\u00f0u \u00cdsraelsmenn af sta\u00f0 og \u00fear sem sk\u00fdi\u00f0 settist a\u00f0 settu \u00feeir b\u00fa\u00f0ir s\u00ednar. <a name=\"18\"><span class=\"versanumer_2007\">18<\/span><\/a> \u00cdsraelsmenn l\u00f6g\u00f0u af sta\u00f0 a\u00f0 bo\u00f0i Drottins og settu b\u00fa\u00f0ir s\u00ednar a\u00f0 bo\u00f0i Drottins. \u00cd hvert sinn sem sk\u00fdi\u00f0 var yfir tjaldb\u00fa\u00f0inni dv\u00f6ldust \u00feeir \u00ed b\u00fa\u00f0um s\u00ednum.<br \/> <a name=\"19\"><span class=\"versanumer_2007\">19<\/span><\/a> \u00deegar sk\u00fdi\u00f0 var lengi um kyrrt yfir tjaldb\u00fa\u00f0inni fylgdu \u00cdsraelsmenn fyrirm\u00e6lum Drottins og h\u00e9ldu kyrru fyrir. <a name=\"20\"><span class=\"versanumer_2007\">20<\/span><\/a> Stundum var sk\u00fdi\u00f0 f\u00e1eina daga yfir tjaldb\u00fa\u00f0inni. \u00de\u00e1 settu \u00feeir b\u00fa\u00f0ir s\u00ednar a\u00f0 bo\u00f0i Drottins og l\u00f6g\u00f0u af sta\u00f0 a\u00f0 bo\u00f0i Drottins. <a name=\"21\"><span class=\"versanumer_2007\">21<\/span><\/a> \u00deegar sk\u00fdi\u00f0 var yfir tjaldb\u00fa\u00f0inni n\u00e6turlangt og h\u00f3f sig upp a\u00f0 morgni l\u00f6g\u00f0u \u00feeir af sta\u00f0.<br \/> <a name=\"22\"><span class=\"versanumer_2007\">22<\/span><\/a> \u00deegar sk\u00fdi\u00f0 var yfir tjaldb\u00fa\u00f0inni tvo daga, einn m\u00e1nu\u00f0 e\u00f0a lengur voru \u00cdsraelsmenn um kyrrt \u00ed tjaldb\u00fa\u00f0unum en hven\u00e6r sem \u00fea\u00f0 h\u00f3f sig upp l\u00f6g\u00f0u \u00feeir af sta\u00f0. <a name=\"23\"><span class=\"versanumer_2007\">23<\/span><\/a> \u00deeir settu b\u00fa\u00f0ir s\u00ednar a\u00f0 bo\u00f0i Drottins og l\u00f6g\u00f0u af sta\u00f0 a\u00f0 bo\u00f0i Drottins. \u00deeir fylgdu \u00feeim fyrirm\u00e6lum Drottins sem M\u00f3se haf\u00f0i flutt.<\/p>\n","protected":false},"excerpt":{"rendered":"<p>Reglur um p\u00e1skahald 1 \u00cd fyrsta m\u00e1nu\u00f0i annars \u00e1rs eftir brottf\u00f6r \u00cdsraelsmanna fr\u00e1 Egyptalandi \u00e1varpa\u00f0i Drottinn M\u00f3se \u00ed S\u00edna\u00edey\u00f0im\u00f6rk og sag\u00f0i: 2 \u201e\u00cdsraelsmenn skulu halda p\u00e1ska \u00e1 tilteknum t\u00edma. 3 Fj\u00f3rt\u00e1nda dag \u00feessa m\u00e1na\u00f0ar, \u00ed r\u00f6kkrinu \u00e1\u00f0ur en dimmt er or\u00f0i\u00f0, skulu\u00f0 \u00fei\u00f0 halda \u00fe\u00e1. \u00dei\u00f0 skulu\u00f0 halda \u00fe\u00e1 a\u00f0 \u00f6llu leyti eftir laga\u00e1kv\u00e6\u00f0um og reglum um \u00fe\u00e1.\u201c 4 M\u00f3se bau\u00f0 \u00cdsraelsm\u00f6nnum a\u00f0 halda p\u00e1ska 5 og \u00feeir h\u00e9ldu p\u00e1ska \u00ed S\u00edna\u00edey\u00f0im\u00f6rk, \u00ed r\u00f6kkrinu \u00e1\u00f0ur en dimmt var or\u00f0i\u00f0, fj\u00f3rt\u00e1nda dag fyrsta m\u00e1na\u00f0arins. \u00cdsraelsmenn ger\u00f0u n\u00e1kv\u00e6mlega allt sem Drottinn haf\u00f0i bo\u00f0i\u00f0 M\u00f3se. 6 \u00dearna voru menn sem h\u00f6f\u00f0u saurgast af <a href=\"https:\/\/biblian.is\/biblian\/fjorda-mosebok-9-kafli\/\"> [&#8230;]<\/a><\/p>\n","protected":false},"author":1,"featured_media":0,"parent":0,"menu_order":0,"comment_status":"open","ping_status":"open","template":"bibliukaflar_NT.php","meta":{"footnotes":""},"class_list":["post-1743","page","type-page","status-publish","hentry"],"_links":{"self":[{"href":"https:\/\/biblian.is\/biblian\/wp-json\/wp\/v2\/pages\/1743","targetHints":{"allow":["GET"]}}],"collection":[{"href":"https:\/\/biblian.is\/biblian\/wp-json\/wp\/v2\/pages"}],"about":[{"href":"https:\/\/biblian.is\/biblian\/wp-json\/wp\/v2\/types\/page"}],"author":[{"embeddable":true,"href":"https:\/\/biblian.is\/biblian\/wp-json\/wp\/v2\/users\/1"}],"replies":[{"embeddable":true,"href":"https:\/\/biblian.is\/biblian\/wp-json\/wp\/v2\/comments?post=1743"}],"version-history":[{"count":0,"href":"https:\/\/biblian.is\/biblian\/wp-json\/wp\/v2\/pages\/1743\/revisions"}],"wp:attachment":[{"href":"https:\/\/biblian.is\/biblian\/wp-json\/wp\/v2\/media?parent=1743"}],"curies":[{"name":"wp","href":"https:\/\/api.w.org\/{rel}","templated":true}]}}