{"id":1742,"date":"2017-12-30T21:00:16","date_gmt":"2017-12-30T21:00:16","guid":{"rendered":"http:\/\/biblian.is\/biblian\/fj%c2%97r_a-m%c2%97seb%c2%97k-8-kafli\/"},"modified":"2024-05-06T22:31:22","modified_gmt":"2024-05-06T22:31:22","slug":"fjorda-mosebok-8-kafli","status":"publish","type":"page","link":"https:\/\/biblian.is\/biblian\/fjorda-mosebok-8-kafli\/","title":{"rendered":"Fj\u00f3r\u00f0a M\u00f3seb\u00f3k 8. kafli"},"content":{"rendered":"<h3 class=\"millifyrirsogn_2007\"> Lj\u00f3sastikan<\/h3>\n<p><a name=\"1\"><span class=\"versanumer_2007\">1<\/span><\/a> Drottinn tala\u00f0i til M\u00f3se og sag\u00f0i:<br \/> <a name=\"2\"><span class=\"versanumer_2007\">2<\/span><\/a> \u201eTala\u00f0u vi\u00f0 Aron og seg\u00f0u vi\u00f0 hann: \u00deegar \u00fe\u00fa setur upp lampana skulu \u00feeir l\u00fdsa fram fyrir lj\u00f3sastikuna allir sj\u00f6.\u201c<br \/> <a name=\"3\"><span class=\"versanumer_2007\">3<\/span><\/a> \u00deetta ger\u00f0i Aron. Hann setti lampana \u00feannig upp a\u00f0 \u00feeir l\u00fdstu fram fyrir lj\u00f3sastikuna eins og Drottinn haf\u00f0i bo\u00f0i\u00f0 M\u00f3se.<br \/> <a name=\"4\"><span class=\"versanumer_2007\">4<\/span><\/a> Lj\u00f3sastikan var ger\u00f0 \u00far gulli me\u00f0 drifnu sm\u00ed\u00f0i. B\u00e6\u00f0i st\u00e9tt hennar og bl\u00f3m var drifi\u00f0 sm\u00ed\u00f0i. M\u00f3se haf\u00f0i gert lj\u00f3sastikuna eftir \u00feeirri fyrirmynd sem Drottinn haf\u00f0i s\u00fdnt honum.<\/p>\n<h3 class=\"millifyrirsogn_2007\">V\u00edgsla Lev\u00edtanna<\/h3>\n<p><a name=\"5\"><span class=\"versanumer_2007\">5<\/span><\/a> Drottinn tala\u00f0i til M\u00f3se og sag\u00f0i:<br \/> <a name=\"6\"><span class=\"versanumer_2007\">6<\/span><\/a> \u201eGreindu Lev\u00edta fr\u00e1 \u00f6\u00f0rum \u00cdsraelsm\u00f6nnum og hreinsa\u00f0u \u00fe\u00e1. <a name=\"7\"><span class=\"versanumer_2007\">7<\/span><\/a> \u00deetta skaltu gera vi\u00f0 \u00fe\u00e1 til a\u00f0 hreinsa \u00fe\u00e1: St\u00f6kktu \u00e1 \u00fe\u00e1 vatni sem hreinsar \u00fe\u00e1 af synd. S\u00ed\u00f0an skulu \u00feeir raka allan l\u00edkama sinn, \u00fevo kl\u00e6\u00f0i s\u00edn og hreinsa sig. <a name=\"8\"><span class=\"versanumer_2007\">8<\/span><\/a> \u00dev\u00ed n\u00e6st skulu \u00feeir s\u00e6kja ungneyti og \u00fe\u00e1 kornf\u00f3rn sem heyrir til, f\u00ednt mj\u00f6l, blanda\u00f0 ol\u00edu, til brennif\u00f3rnar og anna\u00f0 naut til syndaf\u00f3rnar. <a name=\"9\"><span class=\"versanumer_2007\">9<\/span><\/a> \u00de\u00e1 skaltu l\u00e1ta Lev\u00edtana ganga fram fyrir samfundatjaldi\u00f0 og stefna saman \u00f6llum s\u00f6fnu\u00f0i \u00cdsraels. <a name=\"10\"><span class=\"versanumer_2007\">10<\/span><\/a> \u00dev\u00ed n\u00e6st skaltu l\u00e1ta Lev\u00edtana ganga fram fyrir auglit Drottins og \u00cdsraelsmenn skulu leggja hendur s\u00ednar yfir Lev\u00edtana. <a name=\"11\"><span class=\"versanumer_2007\">11<\/span><\/a> Aron skal v\u00edgja Lev\u00edtana frammi fyrir augliti Drottins fyrir h\u00f6nd \u00cdsraelsmanna. S\u00ed\u00f0an skulu Lev\u00edtarnir hefja \u00fej\u00f3nustu vi\u00f0 Drottin. <a name=\"12\"><span class=\"versanumer_2007\">12<\/span><\/a> Lev\u00edtarnir skulu leggja hendur s\u00ednar \u00e1 h\u00f6fu\u00f0 nautanna. \u00de\u00e1 skaltu b\u00faa anna\u00f0 \u00feeirra til syndaf\u00f3rnar en hitt til brennif\u00f3rnar Drottni til handa til a\u00f0 fri\u00f0\u00fe\u00e6gja fyrir Lev\u00edtana.<br \/> <a name=\"13\"><span class=\"versanumer_2007\">13<\/span><\/a> \u00de\u00fa skalt lei\u00f0a Lev\u00edtana fram fyrir Aron og syni hans og v\u00edgja \u00fe\u00e1 frammi fyrir augliti Drottins. <a name=\"14\"><span class=\"versanumer_2007\">14<\/span><\/a> Greindu \u00fe\u00e1 fr\u00e1 \u00f6\u00f0rum \u00cdsraelsm\u00f6nnum, \u00feannig ver\u00f0a Lev\u00edtarnir m\u00edn eign. <a name=\"15\"><span class=\"versanumer_2007\">15<\/span><\/a> S\u00ed\u00f0an skulu Lev\u00edtarnir koma og gegna \u00fej\u00f3nustu vi\u00f0 samfundatjaldi\u00f0. \u00de\u00fa skalt hreinsa \u00fe\u00e1 og v\u00edgja. <a name=\"16\"><span class=\"versanumer_2007\">16<\/span><\/a> Af \u00fev\u00ed a\u00f0 \u00feeir voru greindir fr\u00e1 \u00f6\u00f0rum \u00cdsraelsm\u00f6nnum og fengnir m\u00e9r a\u00f0 gj\u00f6f \u00ed sta\u00f0 \u00feess sem opnar m\u00f3\u00f0url\u00edf, \u00ed sta\u00f0 allra frumbur\u00f0a \u00cdsraelsmanna, hef \u00e9g teki\u00f0 \u00fe\u00e1 m\u00e9r til handa. <a name=\"17\"><span class=\"versanumer_2007\">17<\/span><\/a> \u00dev\u00ed a\u00f0 allir frumbur\u00f0ir \u00cdsraelsmanna eru m\u00edn eign, b\u00e6\u00f0i frumbur\u00f0ir manna og d\u00fdra. Daginn, sem \u00e9g laust alla frumbur\u00f0i \u00ed Egyptalandi til bana, helga\u00f0i \u00e9g m\u00e9r \u00fe\u00e1 <a name=\"18\"><span class=\"versanumer_2007\">18<\/span><\/a> og t\u00f3k vi\u00f0 Lev\u00edtunum \u00ed sta\u00f0 allra frumbur\u00f0a \u00cdsraelsmanna. <a name=\"19\"><span class=\"versanumer_2007\">19<\/span><\/a> \u00c9g greini Lev\u00edta fr\u00e1 \u00f6\u00f0rum \u00cdsraelsm\u00f6nnum og f\u00e6 \u00fe\u00e1 Aroni og sonum hans a\u00f0 gj\u00f6f til a\u00f0 gegna \u00fej\u00f3nustu fyrir \u00cdsraelsmenn \u00ed samfundatjaldinu, til \u00feess a\u00f0 \u00feeir fri\u00f0\u00fe\u00e6gi fyrir \u00cdsraelsmenn svo a\u00f0 ekki komi pl\u00e1ga yfir \u00fe\u00e1 \u00feegar \u00feeir koma n\u00e6rri helgid\u00f3minum.\u201c<br \/> <a name=\"20\"><span class=\"versanumer_2007\">20<\/span><\/a> M\u00f3se, Aron og allur s\u00f6fnu\u00f0ur \u00cdsraelsmanna ger\u00f0u n\u00e1kv\u00e6mlega allt \u00fea\u00f0 vi\u00f0 Lev\u00edtana sem Drottinn haf\u00f0i bo\u00f0i\u00f0 M\u00f3se. <a name=\"21\"><span class=\"versanumer_2007\">21<\/span><\/a> Lev\u00edtarnir hreinsu\u00f0u sig af synd og \u00fevo\u00f0u kl\u00e6\u00f0i s\u00edn og Aron v\u00edg\u00f0i \u00fe\u00e1 frammi fyrir augliti Drottins. \u00deannig fri\u00f0\u00fe\u00e6g\u00f0i Aron fyrir \u00fe\u00e1 til a\u00f0 hreinsa \u00fe\u00e1. <a name=\"22\"><span class=\"versanumer_2007\">22<\/span><\/a> \u00dev\u00ed n\u00e6st komu Lev\u00edtarnir og h\u00f3fu st\u00f6rf s\u00edn vi\u00f0 samfundatjaldi\u00f0 undir stj\u00f3rn Arons og sona hans. \u00deeir ger\u00f0u n\u00e1kv\u00e6mlega \u00fea\u00f0 sem Drottinn haf\u00f0i bo\u00f0i\u00f0 M\u00f3se.<br \/> <a name=\"23\"><span class=\"versanumer_2007\">23<\/span><\/a> Drottinn tala\u00f0i til M\u00f3se og sag\u00f0i:<br \/> <a name=\"24\"><span class=\"versanumer_2007\">24<\/span><\/a> \u201e\u00deetta gildir um Lev\u00edtana: S\u00e9rhver, sem er tuttugu og fimm \u00e1ra e\u00f0a eldri, skal koma til \u00fej\u00f3nustu og sinna st\u00f6rfum s\u00ednum vi\u00f0 samfundatjaldi\u00f0. <a name=\"25\"><span class=\"versanumer_2007\">25<\/span><\/a> En \u00feegar hann er or\u00f0inn fimmtugur skal hann h\u00e6tta \u00fej\u00f3nustu og st\u00f6rfum vi\u00f0 samfundatjaldi\u00f0. <a name=\"26\"><span class=\"versanumer_2007\">26<\/span><\/a> Hann m\u00e1 hj\u00e1lpa br\u00e6\u00f0rum s\u00ednum vi\u00f0 skyldust\u00f6rf \u00feeirra \u00ed samfundatjaldinu en ekki gegna neinni \u00fej\u00f3nustu. \u00deannig skaltu skipuleggja skyldust\u00f6rf Lev\u00edta.\u201c<\/p>\n","protected":false},"excerpt":{"rendered":"<p>Lj\u00f3sastikan 1 Drottinn tala\u00f0i til M\u00f3se og sag\u00f0i: 2 \u201eTala\u00f0u vi\u00f0 Aron og seg\u00f0u vi\u00f0 hann: \u00deegar \u00fe\u00fa setur upp lampana skulu \u00feeir l\u00fdsa fram fyrir lj\u00f3sastikuna allir sj\u00f6.\u201c 3 \u00deetta ger\u00f0i Aron. Hann setti lampana \u00feannig upp a\u00f0 \u00feeir l\u00fdstu fram fyrir lj\u00f3sastikuna eins og Drottinn haf\u00f0i bo\u00f0i\u00f0 M\u00f3se. 4 Lj\u00f3sastikan var ger\u00f0 \u00far gulli me\u00f0 drifnu sm\u00ed\u00f0i. B\u00e6\u00f0i st\u00e9tt hennar og bl\u00f3m var drifi\u00f0 sm\u00ed\u00f0i. M\u00f3se haf\u00f0i gert lj\u00f3sastikuna eftir \u00feeirri fyrirmynd sem Drottinn haf\u00f0i s\u00fdnt honum. V\u00edgsla Lev\u00edtanna 5 Drottinn tala\u00f0i til M\u00f3se og sag\u00f0i: 6 \u201eGreindu Lev\u00edta fr\u00e1 \u00f6\u00f0rum \u00cdsraelsm\u00f6nnum og hreinsa\u00f0u \u00fe\u00e1. 7 \u00deetta skaltu <a href=\"https:\/\/biblian.is\/biblian\/fjorda-mosebok-8-kafli\/\"> [&#8230;]<\/a><\/p>\n","protected":false},"author":1,"featured_media":0,"parent":0,"menu_order":0,"comment_status":"open","ping_status":"open","template":"bibliukaflar_NT.php","meta":{"footnotes":""},"class_list":["post-1742","page","type-page","status-publish","hentry"],"_links":{"self":[{"href":"https:\/\/biblian.is\/biblian\/wp-json\/wp\/v2\/pages\/1742","targetHints":{"allow":["GET"]}}],"collection":[{"href":"https:\/\/biblian.is\/biblian\/wp-json\/wp\/v2\/pages"}],"about":[{"href":"https:\/\/biblian.is\/biblian\/wp-json\/wp\/v2\/types\/page"}],"author":[{"embeddable":true,"href":"https:\/\/biblian.is\/biblian\/wp-json\/wp\/v2\/users\/1"}],"replies":[{"embeddable":true,"href":"https:\/\/biblian.is\/biblian\/wp-json\/wp\/v2\/comments?post=1742"}],"version-history":[{"count":0,"href":"https:\/\/biblian.is\/biblian\/wp-json\/wp\/v2\/pages\/1742\/revisions"}],"wp:attachment":[{"href":"https:\/\/biblian.is\/biblian\/wp-json\/wp\/v2\/media?parent=1742"}],"curies":[{"name":"wp","href":"https:\/\/api.w.org\/{rel}","templated":true}]}}