{"id":1741,"date":"2017-12-30T21:00:16","date_gmt":"2017-12-30T21:00:16","guid":{"rendered":"http:\/\/biblian.is\/biblian\/fj%c2%97r_a-m%c2%97seb%c2%97k-7-kafli\/"},"modified":"2024-05-06T22:31:22","modified_gmt":"2024-05-06T22:31:22","slug":"fjorda-mosebok-7-kafli","status":"publish","type":"page","link":"https:\/\/biblian.is\/biblian\/fjorda-mosebok-7-kafli\/","title":{"rendered":"Fj\u00f3r\u00f0a M\u00f3seb\u00f3k 7. kafli"},"content":{"rendered":"<h3 class=\"millifyrirsogn_2007\"> Gjafir \u00e6ttb\u00e1lkah\u00f6f\u00f0ingjanna<\/h3>\n<p><a name=\"1\"><span class=\"versanumer_2007\">1<\/span><\/a> Daginn sem M\u00f3se lauk vi\u00f0 a\u00f0 reisa tjaldb\u00fa\u00f0ina, haf\u00f0i smurt hana og helga\u00f0 \u00e1samt \u00f6llum \u00e1h\u00f6ldum sem henni heyr\u00f0u til, reisti hann altari\u00f0 og smur\u00f0i \u00fea\u00f0 og helga\u00f0i \u00e1samt \u00f6llum \u00e1h\u00f6ldum \u00feess. <a name=\"2\"><span class=\"versanumer_2007\">2<\/span><\/a> Foringjar \u00cdsraels, sem voru h\u00f6f\u00f0ingjar fj\u00f6lskyldna \u00feeirra, \u00e6ttarh\u00f6f\u00f0ingjar, lei\u00f0togar \u00feeirra sem voru taldir, <a name=\"3\"><span class=\"versanumer_2007\">3<\/span><\/a> komu \u00fe\u00e1 me\u00f0 gjafir s\u00ednar fram fyrir auglit Drottins, sex loka\u00f0a vagna og t\u00f3lf naut, einn vagn fyrir hverja tvo h\u00f6f\u00f0ingja og naut fyrir hvern \u00feeirra. \u00deeir komu me\u00f0 \u00feetta a\u00f0 framhli\u00f0 tjaldb\u00fa\u00f0arinnar.<br \/> <a name=\"4\"><span class=\"versanumer_2007\">4<\/span><\/a> Drottinn \u00e1varpa\u00f0i M\u00f3se og sag\u00f0i:<br \/> <a name=\"5\"><span class=\"versanumer_2007\">5<\/span><\/a> \u201eTaktu vi\u00f0 \u00feessum gj\u00f6fum af \u00feeim. \u00de\u00e6r \u00e1 a\u00f0 nota vi\u00f0 st\u00f6rfin \u00ed samfundatjaldinu. \u00de\u00fa skalt f\u00e1 \u00fe\u00e6r Lev\u00edtunum, hverjum \u00fea\u00f0 sem hann \u00fearf til s\u00edns verks.\u201c<br \/> <a name=\"6\"><span class=\"versanumer_2007\">6<\/span><\/a> M\u00f3se t\u00f3k vi\u00f0 v\u00f6gnunum og nautunum og f\u00e9kk Lev\u00edtunum. <a name=\"7\"><span class=\"versanumer_2007\">7<\/span><\/a> Hann f\u00e9kk ni\u00f0jum Gersons tvo vagna og fj\u00f6gur naut til starfa sinna. <a name=\"8\"><span class=\"versanumer_2007\">8<\/span><\/a> Hann f\u00e9kk ni\u00f0jum Merar\u00ed fj\u00f3ra vagna og \u00e1tta naut til starfa sinna en \u00feeir voru undir stj\u00f3rn \u00cdtamars prests Aronssonar. <a name=\"9\"><span class=\"versanumer_2007\">9<\/span><\/a> En ni\u00f0jum Kahats f\u00e9kk hann ekkert \u00fev\u00ed a\u00f0 st\u00f6rf \u00feeirra voru vi\u00f0 helgid\u00f3minn sem \u00feeir \u00e1ttu a\u00f0 bera \u00e1 her\u00f0um s\u00e9r.<br \/> <a name=\"10\"><span class=\"versanumer_2007\">10<\/span><\/a> H\u00f6f\u00f0ingjarnir b\u00e1ru fram gjafir vegna v\u00edgslu altarisins daginn sem \u00fea\u00f0 var smurt, \u00feeir f\u00e6r\u00f0u gjafir s\u00ednar fram fyrir altari\u00f0.<br \/> <a name=\"11\"><span class=\"versanumer_2007\">11<\/span><\/a> Drottinn haf\u00f0i sagt vi\u00f0 M\u00f3se: \u201eHvern dag skal einn h\u00f6f\u00f0ingi bera fram gj\u00f6f s\u00edna vegna v\u00edgslu altarisins.\u201c<br \/> <a name=\"12\"><span class=\"versanumer_2007\">12<\/span><\/a> Fyrsta daginn f\u00e6r\u00f0i Nakson Amm\u00ednadabsson af \u00e6ttb\u00e1lki J\u00fada fram gj\u00f6f s\u00edna. <a name=\"13\"><span class=\"versanumer_2007\">13<\/span><\/a> Gj\u00f6f hans var silfurfat sem var hundra\u00f0 og \u00ferj\u00e1t\u00edu siklar a\u00f0 \u00feyngd, silfursk\u00e1l sem v\u00f3 sj\u00f6t\u00edu sikla \u00e1 vog helgid\u00f3msins. B\u00e6\u00f0i \u00edl\u00e1tin voru fyllt f\u00ednu mj\u00f6li, bl\u00f6ndu\u00f0u ol\u00edu, til kornf\u00f3rnar. <a name=\"14\"><span class=\"versanumer_2007\">14<\/span><\/a> Enn fremur gullsk\u00e1l, sem v\u00f3 t\u00edu sikla, fyllt reykelsi. <a name=\"15\"><span class=\"versanumer_2007\">15<\/span><\/a> Auk \u00feess ungt naut, hr\u00fatur og veturgamalt lamb til brennif\u00f3rnar, <a name=\"16\"><span class=\"versanumer_2007\">16<\/span><\/a> geithafur til syndaf\u00f3rnar <a name=\"17\"><span class=\"versanumer_2007\">17<\/span><\/a> og til lokasl\u00e1turf\u00f3rnar tv\u00f6 naut, fimm hr\u00fatar og fimm veturg\u00f6mul l\u00f6mb. \u00deetta var gj\u00f6f Naksons Amm\u00ednadabssonar.<br \/> <a name=\"18\"><span class=\"versanumer_2007\">18<\/span><\/a> Annan daginn f\u00e6r\u00f0i Netanel S\u00faarsson, h\u00f6f\u00f0ingi \u00cdssakars, fram gj\u00f6f s\u00edna. <a name=\"19\"><span class=\"versanumer_2007\">19<\/span><\/a> F\u00e6r\u00f0i hann a\u00f0 gj\u00f6f silfurfat sem v\u00f3 hundra\u00f0 og \u00ferj\u00e1t\u00edu sikla, silfursk\u00e1l sem v\u00f3 sj\u00f6t\u00edu sikla \u00e1 vog helgid\u00f3msins. B\u00e6\u00f0i \u00edl\u00e1tin voru fyllt f\u00ednu mj\u00f6li, bl\u00f6ndu\u00f0u ol\u00edu, til kornf\u00f3rnar. <a name=\"20\"><span class=\"versanumer_2007\">20<\/span><\/a> Enn fremur gullsk\u00e1l, sem v\u00f3 t\u00edu sikla, fyllt reykelsi. <a name=\"21\"><span class=\"versanumer_2007\">21<\/span><\/a> Auk \u00feess ungt naut, hr\u00fat og veturgamalt lamb til brennif\u00f3rnar, <a name=\"22\"><span class=\"versanumer_2007\">22<\/span><\/a> geithafur til syndaf\u00f3rnar <a name=\"23\"><span class=\"versanumer_2007\">23<\/span><\/a> og til lokasl\u00e1turf\u00f3rnar tv\u00f6 naut, fimm hr\u00fata, fimm geithafra og fimm veturg\u00f6mul l\u00f6mb. \u00deetta var gj\u00f6f Netanels S\u00faarssonar.<br \/> <a name=\"24\"><span class=\"versanumer_2007\">24<\/span><\/a> \u00deri\u00f0ja daginn kom El\u00edab Hel\u00f3nsson, h\u00f6f\u00f0ingi Seb\u00falonsni\u00f0ja. <a name=\"25\"><span class=\"versanumer_2007\">25<\/span><\/a> Gj\u00f6f hans var silfurfat sem v\u00f3 hundra\u00f0 og \u00ferj\u00e1t\u00edu sikla, silfursk\u00e1l sem v\u00f3 sj\u00f6t\u00edu sikla \u00e1 vog helgid\u00f3msins. B\u00e6\u00f0i \u00edl\u00e1tin voru fyllt f\u00ednu mj\u00f6li, bl\u00f6ndu\u00f0u ol\u00edu, til kornf\u00f3rnar. <a name=\"26\"><span class=\"versanumer_2007\">26<\/span><\/a> Enn fremur gullsk\u00e1l, sem v\u00f3 t\u00edu sikla, fyllt reykelsi. <a name=\"27\"><span class=\"versanumer_2007\">27<\/span><\/a> Auk \u00feess ungt naut, hr\u00fatur og veturgamalt lamb til brennif\u00f3rnar, <a name=\"28\"><span class=\"versanumer_2007\">28<\/span><\/a> geithafur til syndaf\u00f3rnar <a name=\"29\"><span class=\"versanumer_2007\">29<\/span><\/a> og til lokasl\u00e1turf\u00f3rnar tv\u00f6 naut, fimm hr\u00fatar og fimm veturg\u00f6mul l\u00f6mb. \u00deetta var gj\u00f6f El\u00edabs Hel\u00f3nssonar.<br \/> <a name=\"30\"><span class=\"versanumer_2007\">30<\/span><\/a> Fj\u00f3r\u00f0a daginn kom El\u00eds\u00far Sede\u00farsson, h\u00f6f\u00f0ingi R\u00fabensni\u00f0ja. <a name=\"31\"><span class=\"versanumer_2007\">31<\/span><\/a> Gj\u00f6f hans var silfurfat sem v\u00f3 hundra\u00f0 og \u00ferj\u00e1t\u00edu sikla, silfursk\u00e1l sem v\u00f3 sj\u00f6t\u00edu sikla \u00e1 vog helgid\u00f3msins. B\u00e6\u00f0i \u00edl\u00e1tin voru fyllt f\u00ednu mj\u00f6li, bl\u00f6ndu\u00f0u ol\u00edu, til kornf\u00f3rnar. <a name=\"32\"><span class=\"versanumer_2007\">32<\/span><\/a> Enn fremur gullsk\u00e1l, sem v\u00f3 t\u00edu sikla, fyllt reykelsi. <a name=\"33\"><span class=\"versanumer_2007\">33<\/span><\/a> Auk \u00feess ungt naut, hr\u00fatur og veturgamalt lamb til brennif\u00f3rnar, <a name=\"34\"><span class=\"versanumer_2007\">34<\/span><\/a> geithafur til syndaf\u00f3rnar <a name=\"35\"><span class=\"versanumer_2007\">35<\/span><\/a> og til lokasl\u00e1turf\u00f3rnar tv\u00f6 naut, fimm hr\u00fatar og fimm veturg\u00f6mul l\u00f6mb. \u00deetta var gj\u00f6f El\u00eds\u00fars Sede\u00farssonar.<br \/> <a name=\"36\"><span class=\"versanumer_2007\">36<\/span><\/a> Fimmta daginn kom Sel\u00fam\u00edel S\u00far\u00edsadda\u00edson, h\u00f6f\u00f0ingi S\u00edmeonsni\u00f0ja. <a name=\"37\"><span class=\"versanumer_2007\">37<\/span><\/a> Gj\u00f6f hans var silfurfat sem v\u00f3 hundra\u00f0 og \u00ferj\u00e1t\u00edu sikla, silfursk\u00e1l sem v\u00f3 sj\u00f6t\u00edu sikla \u00e1 vog helgid\u00f3msins. B\u00e6\u00f0i \u00edl\u00e1tin voru fyllt f\u00ednu mj\u00f6li, bl\u00f6ndu\u00f0u ol\u00edu, til kornf\u00f3rnar. <a name=\"38\"><span class=\"versanumer_2007\">38<\/span><\/a> Enn fremur gullsk\u00e1l, sem v\u00f3 t\u00edu sikla, fyllt reykelsi. <a name=\"39\"><span class=\"versanumer_2007\">39<\/span><\/a> Auk \u00feess ungt naut, hr\u00fatur og veturgamalt lamb til brennif\u00f3rnar, <a name=\"40\"><span class=\"versanumer_2007\">40<\/span><\/a> geithafur til syndaf\u00f3rnar <a name=\"41\"><span class=\"versanumer_2007\">41<\/span><\/a> og til heillaf\u00f3rnar tv\u00f6 naut, fimm hr\u00fatar og fimm veturg\u00f6mul l\u00f6mb. \u00deetta var gj\u00f6f Sel\u00fam\u00edels S\u00far\u00edsadda\u00edsonar.<br \/> <a name=\"42\"><span class=\"versanumer_2007\">42<\/span><\/a> Sj\u00f6tta daginn kom Eljasaf Deg\u00faelsson, h\u00f6f\u00f0ingi Ga\u00f0ssona. <a name=\"43\"><span class=\"versanumer_2007\">43<\/span><\/a> Gj\u00f6f hans var silfurfat sem v\u00f3 hundra\u00f0 og \u00ferj\u00e1t\u00edu sikla, silfursk\u00e1l sem v\u00f3 sj\u00f6t\u00edu sikla \u00e1 vog helgid\u00f3msins. B\u00e6\u00f0i \u00edl\u00e1tin voru fyllt f\u00ednu mj\u00f6li, bl\u00f6ndu\u00f0u ol\u00edu, til kornf\u00f3rnar. <a name=\"44\"><span class=\"versanumer_2007\">44<\/span><\/a> Enn fremur gullsk\u00e1l, sem v\u00f3 t\u00edu sikla, fyllt reykelsi. <a name=\"45\"><span class=\"versanumer_2007\">45<\/span><\/a> Auk \u00feess ungt naut, hr\u00fatur og veturgamalt lamb til brennif\u00f3rnar, <a name=\"46\"><span class=\"versanumer_2007\">46<\/span><\/a> geithafur til syndaf\u00f3rnar <a name=\"47\"><span class=\"versanumer_2007\">47<\/span><\/a> og til lokasl\u00e1turf\u00f3rnar tv\u00f6 naut, fimm hr\u00fatar og fimm veturg\u00f6mul l\u00f6mb. \u00deetta var gj\u00f6f Eljasafs Deg\u00faelssonar.<br \/> <a name=\"48\"><span class=\"versanumer_2007\">48<\/span><\/a> Sj\u00f6unda daginn kom El\u00edsama Amm\u00edh\u00fa\u00f0sson, h\u00f6f\u00f0ingi Efra\u00edmsni\u00f0ja. <a name=\"49\"><span class=\"versanumer_2007\">49<\/span><\/a> Gj\u00f6f hans var silfurfat sem v\u00f3 hundra\u00f0 og \u00ferj\u00e1t\u00edu sikla, silfursk\u00e1l sem v\u00f3 sj\u00f6t\u00edu sikla \u00e1 vog helgid\u00f3msins. B\u00e6\u00f0i \u00edl\u00e1tin voru fyllt f\u00ednu mj\u00f6li, bl\u00f6ndu\u00f0u ol\u00edu, til kornf\u00f3rnar. <a name=\"50\"><span class=\"versanumer_2007\">50<\/span><\/a> Enn fremur gullsk\u00e1l, sem v\u00f3 t\u00edu sikla, fyllt reykelsi. <a name=\"51\"><span class=\"versanumer_2007\">51<\/span><\/a> Auk \u00feess ungt naut, hr\u00fatur og veturgamalt lamb til brennif\u00f3rnar, <a name=\"52\"><span class=\"versanumer_2007\">52<\/span><\/a> geithafur til syndaf\u00f3rnar <a name=\"53\"><span class=\"versanumer_2007\">53<\/span><\/a> og til lokasl\u00e1turf\u00f3rnar tv\u00f6 naut, fimm hr\u00fatar og fimm veturg\u00f6mul l\u00f6mb. \u00deetta var gj\u00f6f El\u00edsama Amm\u00edh\u00fa\u00f0ssonar.<br \/> <a name=\"54\"><span class=\"versanumer_2007\">54<\/span><\/a> \u00c1ttunda daginn kom Gaml\u00edel Pedas\u00farsson, h\u00f6f\u00f0ingi Manassesona. <a name=\"55\"><span class=\"versanumer_2007\">55<\/span><\/a> Gj\u00f6f hans var silfurfat sem v\u00f3 hundra\u00f0 og \u00ferj\u00e1t\u00edu sikla, silfursk\u00e1l sem v\u00f3 sj\u00f6t\u00edu sikla \u00e1 vog helgid\u00f3msins. B\u00e6\u00f0i \u00edl\u00e1tin voru fyllt f\u00ednu mj\u00f6li, bl\u00f6ndu\u00f0u ol\u00edu, til kornf\u00f3rnar. <a name=\"56\"><span class=\"versanumer_2007\">56<\/span><\/a> Enn fremur gullsk\u00e1l, sem v\u00f3 t\u00edu sikla, fyllt reykelsi. <a name=\"57\"><span class=\"versanumer_2007\">57<\/span><\/a> Auk \u00feess ungt naut, hr\u00fatur og veturgamalt lamb til brennif\u00f3rnar, <a name=\"58\"><span class=\"versanumer_2007\">58<\/span><\/a> geithafur til syndaf\u00f3rnar <a name=\"59\"><span class=\"versanumer_2007\">59<\/span><\/a> og til lokasl\u00e1turf\u00f3rnar tv\u00f6 naut, fimm hr\u00fatar og fimm veturg\u00f6mul l\u00f6mb. \u00deetta var gj\u00f6f Gaml\u00edels Pedas\u00farssonar.<br \/> <a name=\"60\"><span class=\"versanumer_2007\">60<\/span><\/a> N\u00edunda daginn kom Ab\u00eddan G\u00eddon\u00edson, h\u00f6f\u00f0ingi Benjam\u00ednssona. <a name=\"61\"><span class=\"versanumer_2007\">61<\/span><\/a> Gj\u00f6f hans var silfurfat sem v\u00f3 hundra\u00f0 og \u00ferj\u00e1t\u00edu sikla, silfursk\u00e1l sem v\u00f3 sj\u00f6t\u00edu sikla \u00e1 vog helgid\u00f3msins. B\u00e6\u00f0i \u00edl\u00e1tin voru fyllt me\u00f0 f\u00ednu mj\u00f6li, bl\u00f6ndu\u00f0u ol\u00edu, til kornf\u00f3rnar. <a name=\"62\"><span class=\"versanumer_2007\">62<\/span><\/a> Enn fremur gullsk\u00e1l, sem v\u00f3 t\u00edu sikla, fyllt reykelsi. <a name=\"63\"><span class=\"versanumer_2007\">63<\/span><\/a> Auk \u00feess ungt naut, hr\u00fatur og veturgamalt lamb til brennif\u00f3rnar, <a name=\"64\"><span class=\"versanumer_2007\">64<\/span><\/a> geithafur til syndaf\u00f3rnar <a name=\"65\"><span class=\"versanumer_2007\">65<\/span><\/a> og til lokasl\u00e1turf\u00f3rnar tv\u00f6 naut, fimm hr\u00fatar og fimm veturg\u00f6mul l\u00f6mb. \u00deetta var gj\u00f6f Ab\u00eddans G\u00eddon\u00edsonar.<br \/> <a name=\"66\"><span class=\"versanumer_2007\">66<\/span><\/a> T\u00edunda daginn kom Ak\u00edeser Amm\u00edsadda\u00edson, h\u00f6f\u00f0ingi Dansni\u00f0ja. <a name=\"67\"><span class=\"versanumer_2007\">67<\/span><\/a> Gj\u00f6f hans var silfurfat sem v\u00f3 hundra\u00f0 og \u00ferj\u00e1t\u00edu sikla, silfursk\u00e1l sem v\u00f3 sj\u00f6t\u00edu sikla \u00e1 vog helgid\u00f3msins. <a name=\"68\"><span class=\"versanumer_2007\">68<\/span><\/a> Enn fremur gullsk\u00e1l, sem v\u00f3 t\u00edu sikla, fyllt reykelsi. <a name=\"69\"><span class=\"versanumer_2007\">69<\/span><\/a> Auk \u00feess ungt naut, hr\u00fatur og veturgamalt lamb til brennif\u00f3rnar, <a name=\"70\"><span class=\"versanumer_2007\">70<\/span><\/a> geithafur til syndaf\u00f3rnar <a name=\"71\"><span class=\"versanumer_2007\">71<\/span><\/a> og til lokasl\u00e1turf\u00f3rnar tv\u00f6 naut, fimm hr\u00fatar og fimm veturg\u00f6mul l\u00f6mb. \u00deetta var gj\u00f6f Ak\u00edesers Amm\u00edsadda\u00edsonar.<br \/> <a name=\"72\"><span class=\"versanumer_2007\">72<\/span><\/a> Ellefta daginn kom Pag\u00edel \u00d3kransson, h\u00f6f\u00f0ingi Assersni\u00f0ja. <a name=\"73\"><span class=\"versanumer_2007\">73<\/span><\/a> Gj\u00f6f hans var silfurfat sem v\u00f3 hundra\u00f0 og \u00ferj\u00e1t\u00edu sikla, silfursk\u00e1l sem v\u00f3 sj\u00f6t\u00edu sikla \u00e1 vog helgid\u00f3msins. B\u00e6\u00f0i \u00edl\u00e1tin voru fyllt f\u00ednu mj\u00f6li, bl\u00f6ndu\u00f0u ol\u00edu, til kornf\u00f3rnar. <a name=\"74\"><span class=\"versanumer_2007\">74<\/span><\/a> Enn fremur gullsk\u00e1l, sem v\u00f3 t\u00edu sikla, fyllt reykelsi. <a name=\"75\"><span class=\"versanumer_2007\">75<\/span><\/a> Auk \u00feess ungt naut, hr\u00fatur og veturgamalt lamb til brennif\u00f3rnar, <a name=\"76\"><span class=\"versanumer_2007\">76<\/span><\/a> geithafur til syndaf\u00f3rnar <a name=\"77\"><span class=\"versanumer_2007\">77<\/span><\/a> og til lokasl\u00e1turf\u00f3rnar tv\u00f6 naut, fimm hr\u00fatar og fimm veturg\u00f6mul l\u00f6mb. \u00deetta var gj\u00f6f Pag\u00edels \u00d3kranssonar.<br \/> <a name=\"78\"><span class=\"versanumer_2007\">78<\/span><\/a> T\u00f3lfta daginn kom Ak\u00edra Enansson, h\u00f6f\u00f0ingi ni\u00f0ja Naftal\u00ed. <a name=\"79\"><span class=\"versanumer_2007\">79<\/span><\/a> Gj\u00f6f hans var silfurfat sem v\u00f3 hundra\u00f0 og \u00ferj\u00e1t\u00edu sikla, silfursk\u00e1l sem v\u00f3 sj\u00f6t\u00edu sikla \u00e1 vog helgid\u00f3msins. B\u00e6\u00f0i \u00edl\u00e1tin voru fyllt f\u00ednu mj\u00f6li, bl\u00f6ndu\u00f0u ol\u00edu, til kornf\u00f3rnar. <a name=\"80\"><span class=\"versanumer_2007\">80<\/span><\/a> Enn fremur gullsk\u00e1l, sem v\u00f3 t\u00edu sikla, fyllt reykelsi. <a name=\"81\"><span class=\"versanumer_2007\">81<\/span><\/a> Auk \u00feess ungt naut, hr\u00fatur og veturgamalt lamb til brennif\u00f3rnar, <a name=\"82\"><span class=\"versanumer_2007\">82<\/span><\/a> geithafur til syndaf\u00f3rnar <a name=\"83\"><span class=\"versanumer_2007\">83<\/span><\/a> og til lokasl\u00e1turf\u00f3rnar tv\u00f6 naut, fimm hr\u00fatar og fimm veturg\u00f6mul l\u00f6mb. \u00deetta var gj\u00f6f Ak\u00edra Enanssonar.<br \/> <a name=\"84\"><span class=\"versanumer_2007\">84<\/span><\/a> \u00deetta voru gjafir h\u00f6f\u00f0ingja \u00cdsraels vegna v\u00edgslu altarisins daginn sem \u00fea\u00f0 var smurt: t\u00f3lf silfurf\u00f6t, t\u00f3lf silfursk\u00e1lar, t\u00f3lf gullsk\u00e1lar. <a name=\"85\"><span class=\"versanumer_2007\">85<\/span><\/a> Hvert silfurfat v\u00f3 hundra\u00f0 og \u00ferj\u00e1t\u00edu sikla og hver silfursk\u00e1l v\u00f3 sj\u00f6t\u00edu sikla. Alls v\u00f3 silfri\u00f0 \u00ed \u00edl\u00e1tunum tv\u00f6 \u00fe\u00fasund og fj\u00f6gur hundru\u00f0 sikla \u00e1 vog helgid\u00f3msins. <a name=\"86\"><span class=\"versanumer_2007\">86<\/span><\/a> Enn fremur t\u00f3lf gullsk\u00e1lar fylltar reykelsi. Hver sk\u00e1l v\u00f3 t\u00edu sikla \u00e1 vog helgid\u00f3msins. Alls v\u00f3 gulli\u00f0 \u00ed sk\u00e1lunum hundra\u00f0 og tuttugu sikla.<br \/> <a name=\"87\"><span class=\"versanumer_2007\">87<\/span><\/a> Nautgripirnir, sem \u00e6tla\u00f0ir voru til brennif\u00f3rnar, voru t\u00f3lf ungneyti, enn fremur t\u00f3lf hr\u00fatar, t\u00f3lf geithafrar, t\u00f3lf veturg\u00f6mul l\u00f6mb \u00e1samt kornf\u00f3rninni sem heyrir til. <a name=\"88\"><span class=\"versanumer_2007\">88<\/span><\/a> Nautgripirnir, sem \u00e6tla\u00f0ir voru til lokasl\u00e1turf\u00f3rnar, voru tuttugu og fj\u00f6gur ungneyti, enn fremur sext\u00edu hr\u00fatar, sext\u00edu geithafrar, sext\u00edu veturg\u00f6mul l\u00f6mb. \u00deetta var gj\u00f6f vegna v\u00edgslu altarisins eftir a\u00f0 \u00fea\u00f0 haf\u00f0i veri\u00f0 smurt.<br \/> <a name=\"89\"><span class=\"versanumer_2007\">89<\/span><\/a> Hverju sinni sem M\u00f3se gekk inn \u00ed samfundatjaldi\u00f0 til \u00feess a\u00f0 tala vi\u00f0 Drottin heyr\u00f0i hann r\u00f6ddina sem \u00e1varpa\u00f0i hann fr\u00e1 lokinu sem er \u00e1 \u00f6rk s\u00e1ttm\u00e1lst\u00e1knsins, sta\u00f0num milli ker\u00fabanna. \u00dea\u00f0an tala\u00f0i Drottinn til M\u00f3se.<\/p>\n","protected":false},"excerpt":{"rendered":"<p>Gjafir \u00e6ttb\u00e1lkah\u00f6f\u00f0ingjanna 1 Daginn sem M\u00f3se lauk vi\u00f0 a\u00f0 reisa tjaldb\u00fa\u00f0ina, haf\u00f0i smurt hana og helga\u00f0 \u00e1samt \u00f6llum \u00e1h\u00f6ldum sem henni heyr\u00f0u til, reisti hann altari\u00f0 og smur\u00f0i \u00fea\u00f0 og helga\u00f0i \u00e1samt \u00f6llum \u00e1h\u00f6ldum \u00feess. 2 Foringjar \u00cdsraels, sem voru h\u00f6f\u00f0ingjar fj\u00f6lskyldna \u00feeirra, \u00e6ttarh\u00f6f\u00f0ingjar, lei\u00f0togar \u00feeirra sem voru taldir, 3 komu \u00fe\u00e1 me\u00f0 gjafir s\u00ednar fram fyrir auglit Drottins, sex loka\u00f0a vagna og t\u00f3lf naut, einn vagn fyrir hverja tvo h\u00f6f\u00f0ingja og naut fyrir hvern \u00feeirra. \u00deeir komu me\u00f0 \u00feetta a\u00f0 framhli\u00f0 tjaldb\u00fa\u00f0arinnar. 4 Drottinn \u00e1varpa\u00f0i M\u00f3se og sag\u00f0i: 5 \u201eTaktu vi\u00f0 \u00feessum gj\u00f6fum af \u00feeim. \u00de\u00e6r \u00e1 a\u00f0 nota <a href=\"https:\/\/biblian.is\/biblian\/fjorda-mosebok-7-kafli\/\"> [&#8230;]<\/a><\/p>\n","protected":false},"author":1,"featured_media":0,"parent":0,"menu_order":0,"comment_status":"open","ping_status":"open","template":"bibliukaflar_NT.php","meta":{"footnotes":""},"class_list":["post-1741","page","type-page","status-publish","hentry"],"_links":{"self":[{"href":"https:\/\/biblian.is\/biblian\/wp-json\/wp\/v2\/pages\/1741","targetHints":{"allow":["GET"]}}],"collection":[{"href":"https:\/\/biblian.is\/biblian\/wp-json\/wp\/v2\/pages"}],"about":[{"href":"https:\/\/biblian.is\/biblian\/wp-json\/wp\/v2\/types\/page"}],"author":[{"embeddable":true,"href":"https:\/\/biblian.is\/biblian\/wp-json\/wp\/v2\/users\/1"}],"replies":[{"embeddable":true,"href":"https:\/\/biblian.is\/biblian\/wp-json\/wp\/v2\/comments?post=1741"}],"version-history":[{"count":0,"href":"https:\/\/biblian.is\/biblian\/wp-json\/wp\/v2\/pages\/1741\/revisions"}],"wp:attachment":[{"href":"https:\/\/biblian.is\/biblian\/wp-json\/wp\/v2\/media?parent=1741"}],"curies":[{"name":"wp","href":"https:\/\/api.w.org\/{rel}","templated":true}]}}