{"id":1740,"date":"2017-12-30T21:00:16","date_gmt":"2017-12-30T21:00:16","guid":{"rendered":"http:\/\/biblian.is\/biblian\/fj%c2%97r_a-m%c2%97seb%c2%97k-6-kafli\/"},"modified":"2024-05-06T22:31:22","modified_gmt":"2024-05-06T22:31:22","slug":"fjorda-mosebok-6-kafli","status":"publish","type":"page","link":"https:\/\/biblian.is\/biblian\/fjorda-mosebok-6-kafli\/","title":{"rendered":"Fj\u00f3r\u00f0a M\u00f3seb\u00f3k 6. kafli"},"content":{"rendered":"<h3 class=\"millifyrirsogn_2007\"> Reglur um nas\u00edrea<\/h3>\n<p><a name=\"1\"><span class=\"versanumer_2007\">1<\/span><\/a> Drottinn tala\u00f0i til M\u00f3se og sag\u00f0i:<br \/> <a name=\"2\"><span class=\"versanumer_2007\">2<\/span><\/a> \u201e\u00c1varpa\u00f0u \u00cdsraelsmenn og seg\u00f0u vi\u00f0 \u00fe\u00e1: N\u00fa vill karl e\u00f0a kona gera eitthva\u00f0 einstakt me\u00f0 \u00fev\u00ed a\u00f0 vinna heit nas\u00edrea og gerast nas\u00edrei Drottins. <a name=\"3\"><span class=\"versanumer_2007\">3<\/span><\/a> Skulu \u00feau \u00fe\u00e1 for\u00f0ast v\u00edn og sterka drykki. Hvorki m\u00e1 drekka gerja\u00f0 v\u00edn n\u00e9 gerja\u00f0 \u00f6l og ekki heldur v\u00ednberjasafa og hvorki neyta ferskra n\u00e9 \u00feurrka\u00f0ra v\u00ednberja. <a name=\"4\"><span class=\"versanumer_2007\">4<\/span><\/a> Allan \u00feann t\u00edma, sem hann er nas\u00edrei, m\u00e1 hann ekki neyta neinna afur\u00f0a v\u00ednvi\u00f0arins, hvorki kjarna n\u00e9 h\u00fd\u00f0is.<br \/> <a name=\"5\"><span class=\"versanumer_2007\">5<\/span><\/a> Allan \u00feann t\u00edma, sem hann er nas\u00edrei, skal rakhn\u00edfur ekki fara yfir h\u00f6fu\u00f0 hans. Hann ver\u00f0ur heilagur og skal l\u00e1ta h\u00e1r sitt vaxa allan \u00feann t\u00edma sem hann er nas\u00edrei Drottins.<br \/> <a name=\"6\"><span class=\"versanumer_2007\">6<\/span><\/a> \u00c1 me\u00f0an hann er nas\u00edrei Drottins skal hann ekki koma n\u00e1l\u00e6gt l\u00edki. <a name=\"7\"><span class=\"versanumer_2007\">7<\/span><\/a> Hann skal hvorki saurga sig \u00e1 f\u00f6\u00f0ur s\u00ednum n\u00e9 m\u00f3\u00f0ur, br\u00f3\u00f0ur s\u00ednum n\u00e9 systur \u00feegar \u00feau deyja \u00fev\u00ed a\u00f0 helgun Gu\u00f0s hans er \u00e1 h\u00f6f\u00f0i honum. <a name=\"8\"><span class=\"versanumer_2007\">8<\/span><\/a> Svo lengi sem hann er nas\u00edrei er hann helga\u00f0ur Drottni. <a name=\"9\"><span class=\"versanumer_2007\">9<\/span><\/a> En ver\u00f0i einhver br\u00e1\u00f0kvaddur n\u00e1l\u00e6gt honum svo a\u00f0 v\u00edgt h\u00f6fu\u00f0 hans saurgast skal hann raka h\u00f6fu\u00f0 sitt daginn sem hann ver\u00f0ur hreinn. \u00c1 sj\u00f6unda degi skal hann raka \u00fea\u00f0 <a name=\"10\"><span class=\"versanumer_2007\">10<\/span><\/a> en \u00e1ttunda daginn skal hann f\u00e6ra presti tv\u00e6r turtild\u00fafur e\u00f0a tv\u00e6r d\u00fafur vi\u00f0 dyr samfundatjaldsins. <a name=\"11\"><span class=\"versanumer_2007\">11<\/span><\/a> Presturinn skal b\u00faa a\u00f0ra til syndaf\u00f3rnar en hina til brennif\u00f3rnar og fri\u00f0\u00fe\u00e6gja fyrir hann af \u00fev\u00ed a\u00f0 hann syndga\u00f0i me\u00f0 \u00fev\u00ed a\u00f0 snerta l\u00edk. Sama dag skal presturinn helga h\u00f6fu\u00f0 hans. <a name=\"12\"><span class=\"versanumer_2007\">12<\/span><\/a> S\u00ed\u00f0an skal hann v\u00edgjast Drottni \u00e1 n\u00fd \u00fea\u00f0 t\u00edmabil sem hann vill vera nas\u00edrei og lei\u00f0a fram veturgamalt lamb \u00ed sektarf\u00f3rn. En fyrra t\u00edmabili\u00f0 fellur \u00far gildi \u00fev\u00ed a\u00f0 nas\u00edreav\u00edgsla hans saurga\u00f0ist.<br \/> <a name=\"13\"><span class=\"versanumer_2007\">13<\/span><\/a> \u00deetta eru l\u00f6g um nas\u00edrea: Daginn sem nas\u00edreat\u00edma hans l\u00fdkur skal lei\u00f0a hann a\u00f0 dyrum samfundatjaldsins. <a name=\"14\"><span class=\"versanumer_2007\">14<\/span><\/a> Hann skal f\u00e6ra Drottni gj\u00f6f s\u00edna: l\u00fdtalaust, veturgamalt hr\u00fatlamb \u00ed brennif\u00f3rn, l\u00fdtalausa, veturgamla gimbur \u00ed syndaf\u00f3rn og l\u00fdtalausan hr\u00fat \u00ed heillaf\u00f3rn, <a name=\"15\"><span class=\"versanumer_2007\">15<\/span><\/a> einnig k\u00f6rfu me\u00f0 \u00f3s\u00fdr\u00f0um k\u00f6kum \u00far f\u00ednu ol\u00edubl\u00f6ndu\u00f0u mj\u00f6li og \u00f3s\u00fdr\u00f0u flatbrau\u00f0i, smur\u00f0u me\u00f0 ol\u00edu, \u00e1samt \u00feeirri kornf\u00f3rn og dreypif\u00f3rn sem heyrir til. <a name=\"16\"><span class=\"versanumer_2007\">16<\/span><\/a> Presturinn skal f\u00e6ra \u00feetta fram fyrir auglit Drottins og f\u00f3rna \u00fev\u00ed sem syndaf\u00f3rn og brennif\u00f3rn fyrir hann. <a name=\"17\"><span class=\"versanumer_2007\">17<\/span><\/a> Hann skal b\u00faa hr\u00fatinn til heillaf\u00f3rnar \u00e1samt k\u00f6rfunni me\u00f0 \u00f3s\u00fdr\u00f0u k\u00f6kunum. Presturinn skal einnig f\u00e6ra kornf\u00f3rn hans og dreypif\u00f3rn.<br \/> <a name=\"18\"><span class=\"versanumer_2007\">18<\/span><\/a> S\u00ed\u00f0an skal nas\u00edreinn raka v\u00edgt h\u00f6fu\u00f0 sitt vi\u00f0 dyr samfundatjaldsins, taka s\u00ed\u00f0an nas\u00edreah\u00e1ri\u00f0 og kasta \u00fev\u00ed \u00e1 eldinn sem er undir heillaf\u00f3rninni. <a name=\"19\"><span class=\"versanumer_2007\">19<\/span><\/a> Presturinn skal taka so\u00f0inn b\u00f3g af hr\u00fatnum, \u00f3s\u00fdr\u00f0a k\u00f6ku og \u00f3s\u00fdrt flatbrau\u00f0 \u00far k\u00f6rfunni og f\u00e1 \u00fea\u00f0 nas\u00edreanum \u00ed hendur eftir a\u00f0 hann hefur raka\u00f0 nas\u00edreah\u00e1r sitt. <a name=\"20\"><span class=\"versanumer_2007\">20<\/span><\/a> \u00dev\u00ed n\u00e6st skal presturinn veifa \u00fev\u00ed frammi fyrir augliti Drottins. \u00deetta er heilagt og ver\u00f0ur eign prestsins \u00e1samt bringunni sem veifa\u00f0 hefur veri\u00f0 og l\u00e6rinu sem fer \u00ed afgjald. Upp fr\u00e1 \u00fev\u00ed m\u00e1 nas\u00edreinn aftur drekka v\u00edn.<br \/> <a name=\"21\"><span class=\"versanumer_2007\">21<\/span><\/a> \u00deetta eru l\u00f6gin um nas\u00edreann sem hefur heiti\u00f0 Drottni f\u00f3rnargj\u00f6f vegna v\u00edgslu sinnar auk \u00feess sem hann kann a\u00f0 hafa efni \u00e1 a\u00f0 gefa. Hann skal halda ei\u00f0inn sem hann hefur unni\u00f0 og fylgja l\u00f6gunum um v\u00edgslu nas\u00edrea.\u201c<\/p>\n<h3 class=\"millifyrirsogn_2007\">Blessunaror\u00f0in<\/h3>\n<p><a name=\"22\"><span class=\"versanumer_2007\">22<\/span><\/a> Drottinn tala\u00f0i til M\u00f3se og sag\u00f0i:<br \/> <a name=\"23\"><span class=\"versanumer_2007\">23<\/span><\/a> \u201e\u00c1varpa\u00f0u Aron og syni hans og seg\u00f0u: Me\u00f0 \u00feessum or\u00f0um skulu\u00f0 \u00fei\u00f0 blessa \u00cdsraelsmenn:<br \/> <span class=\"ljodatexti\"> <a name=\"24\"><span class=\"versanumer_ljod\">24<\/span><\/a> Drottinn blessi \u00feig og var\u00f0veiti \u00feig,<br \/> <\/span> <span class=\"ljodatexti\"> <a name=\"25\"><span class=\"versanumer_ljod\">25<\/span><\/a> Drottinn l\u00e1ti s\u00edna \u00e1sj\u00f3nu l\u00fdsa yfir \u00feig og s\u00e9 \u00fe\u00e9r n\u00e1\u00f0ugur,<br \/> <\/span> <span class=\"ljodatexti\"> <a name=\"26\"><span class=\"versanumer_ljod\">26<\/span><\/a> Drottinn upplyfti s\u00ednu augliti yfir \u00feig og gefi \u00fe\u00e9r fri\u00f0. <\/span> <br \/> <a name=\"27\"><span class=\"versanumer_2007\">27<\/span><\/a> \u00deannig skulu\u00f0 \u00fei\u00f0 leggja nafn mitt yfir \u00cdsraelsmenn og \u00e9g mun blessa \u00fe\u00e1.\u201c<\/p>\n","protected":false},"excerpt":{"rendered":"<p>Reglur um nas\u00edrea 1 Drottinn tala\u00f0i til M\u00f3se og sag\u00f0i: 2 \u201e\u00c1varpa\u00f0u \u00cdsraelsmenn og seg\u00f0u vi\u00f0 \u00fe\u00e1: N\u00fa vill karl e\u00f0a kona gera eitthva\u00f0 einstakt me\u00f0 \u00fev\u00ed a\u00f0 vinna heit nas\u00edrea og gerast nas\u00edrei Drottins. 3 Skulu \u00feau \u00fe\u00e1 for\u00f0ast v\u00edn og sterka drykki. Hvorki m\u00e1 drekka gerja\u00f0 v\u00edn n\u00e9 gerja\u00f0 \u00f6l og ekki heldur v\u00ednberjasafa og hvorki neyta ferskra n\u00e9 \u00feurrka\u00f0ra v\u00ednberja. 4 Allan \u00feann t\u00edma, sem hann er nas\u00edrei, m\u00e1 hann ekki neyta neinna afur\u00f0a v\u00ednvi\u00f0arins, hvorki kjarna n\u00e9 h\u00fd\u00f0is. 5 Allan \u00feann t\u00edma, sem hann er nas\u00edrei, skal rakhn\u00edfur ekki fara yfir h\u00f6fu\u00f0 hans. Hann ver\u00f0ur heilagur <a href=\"https:\/\/biblian.is\/biblian\/fjorda-mosebok-6-kafli\/\"> [&#8230;]<\/a><\/p>\n","protected":false},"author":1,"featured_media":0,"parent":0,"menu_order":0,"comment_status":"open","ping_status":"open","template":"bibliukaflar_NT.php","meta":{"footnotes":""},"class_list":["post-1740","page","type-page","status-publish","hentry"],"_links":{"self":[{"href":"https:\/\/biblian.is\/biblian\/wp-json\/wp\/v2\/pages\/1740","targetHints":{"allow":["GET"]}}],"collection":[{"href":"https:\/\/biblian.is\/biblian\/wp-json\/wp\/v2\/pages"}],"about":[{"href":"https:\/\/biblian.is\/biblian\/wp-json\/wp\/v2\/types\/page"}],"author":[{"embeddable":true,"href":"https:\/\/biblian.is\/biblian\/wp-json\/wp\/v2\/users\/1"}],"replies":[{"embeddable":true,"href":"https:\/\/biblian.is\/biblian\/wp-json\/wp\/v2\/comments?post=1740"}],"version-history":[{"count":0,"href":"https:\/\/biblian.is\/biblian\/wp-json\/wp\/v2\/pages\/1740\/revisions"}],"wp:attachment":[{"href":"https:\/\/biblian.is\/biblian\/wp-json\/wp\/v2\/media?parent=1740"}],"curies":[{"name":"wp","href":"https:\/\/api.w.org\/{rel}","templated":true}]}}