{"id":1738,"date":"2017-12-30T21:00:16","date_gmt":"2017-12-30T21:00:16","guid":{"rendered":"http:\/\/biblian.is\/biblian\/fj%c2%97r_a-m%c2%97seb%c2%97k-4-kafli\/"},"modified":"2024-05-06T22:31:22","modified_gmt":"2024-05-06T22:31:22","slug":"fjorda-mosebok-4-kafli","status":"publish","type":"page","link":"https:\/\/biblian.is\/biblian\/fjorda-mosebok-4-kafli\/","title":{"rendered":"Fj\u00f3r\u00f0a M\u00f3seb\u00f3k 4. kafli"},"content":{"rendered":"<h3 class=\"millifyrirsogn_2007\"> St\u00f6rf Lev\u00edta<\/h3>\n<p><a name=\"1\"><span class=\"versanumer_2007\">1<\/span><\/a> Drottinn tala\u00f0i til M\u00f3se og Arons og sag\u00f0i:<br \/> <a name=\"2\"><span class=\"versanumer_2007\">2<\/span><\/a> \u201eTeldu ni\u00f0ja Kahats og greindu \u00fe\u00e1 fr\u00e1 \u00f6\u00f0rum Lev\u00edtum. <a name=\"3\"><span class=\"versanumer_2007\">3<\/span><\/a> Teldu \u00fe\u00e1 sem eru \u00ferj\u00e1t\u00edu \u00e1ra a\u00f0 aldri og allt a\u00f0 fimmt\u00edu \u00e1ra eftir \u00e6ttum \u00feeirra og fj\u00f6lskyldum. \u00de\u00fa skalt telja alla sem eiga a\u00f0 koma til \u00fej\u00f3nustu \u00ed samfundatjaldinu. <a name=\"4\"><span class=\"versanumer_2007\">4<\/span><\/a> \u00deetta er starf Kahatssona vi\u00f0 samfundatjaldi\u00f0, hi\u00f0 h\u00e1heilaga:<br \/> <a name=\"5\"><span class=\"versanumer_2007\">5<\/span><\/a> \u00deegar herinn heldur af sta\u00f0 skulu Aron og synir hans koma og taka ni\u00f0ur fortjaldi\u00f0 og brei\u00f0a \u00fea\u00f0 yfir \u00f6rk s\u00e1ttm\u00e1lst\u00e1knsins. <a name=\"6\"><span class=\"versanumer_2007\">6<\/span><\/a> Ofan \u00e1 \u00fea\u00f0 skulu \u00feeir leggja \u00e1brei\u00f0u \u00far h\u00f6frungaskinni, brei\u00f0a yfir hana purpurabl\u00e1tt kl\u00e6\u00f0i og koma \u00fev\u00ed n\u00e6st fyrir st\u00f6ngunum sem heyra \u00f6rkinni til.<br \/> <a name=\"7\"><span class=\"versanumer_2007\">7<\/span><\/a> \u00deeir skulu brei\u00f0a purpurabl\u00e1tt kl\u00e6\u00f0i yfir bor\u00f0 sko\u00f0unarbrau\u00f0anna og setja \u00e1 \u00fea\u00f0 kerin, sk\u00e1larnar, bollana og k\u00f6nnur fyrir dreypif\u00f3rnir \u00e1samt brau\u00f0inu sem \u00e1vallt skal vera \u00fear. <a name=\"8\"><span class=\"versanumer_2007\">8<\/span><\/a> S\u00ed\u00f0an skulu \u00feeir brei\u00f0a yfir \u00fea\u00f0 h\u00e1rautt kl\u00e6\u00f0i og leggja ofan \u00e1 \u00fea\u00f0 \u00e1brei\u00f0ur \u00far h\u00f6frungaskinni. \u00de\u00e1 skulu \u00feeir koma fyrir st\u00f6ngunum sem heyra altarinu til.<br \/> <a name=\"9\"><span class=\"versanumer_2007\">9<\/span><\/a> \u00deeir skulu taka purpurabl\u00e1tt kl\u00e6\u00f0i og brei\u00f0a \u00fea\u00f0 yfir lj\u00f3sastikuna, lampa hennar og \u00f6ll ol\u00edukerin. <a name=\"10\"><span class=\"versanumer_2007\">10<\/span><\/a> S\u00ed\u00f0an skulu \u00feeir brei\u00f0a \u00e1brei\u00f0u \u00far h\u00f6frungaskinni yfir hana og \u00f6ll \u00e1h\u00f6ld sem heyra henni til og setja \u00e1 b\u00f6rur. <a name=\"11\"><span class=\"versanumer_2007\">11<\/span><\/a> \u00deeir skulu brei\u00f0a purpurabl\u00e1tt kl\u00e6\u00f0i yfir gullaltari\u00f0 og \u00e1brei\u00f0u \u00far h\u00f6frungaskinni \u00fear yfir og koma st\u00f6ngunum fyrir. <a name=\"12\"><span class=\"versanumer_2007\">12<\/span><\/a> \u00dev\u00ed n\u00e6st skulu \u00feeir taka \u00f6ll \u00e1h\u00f6ld sem h\u00f6f\u00f0 eru til \u00fej\u00f3nustu \u00ed helgid\u00f3minum, brei\u00f0a purpurabl\u00e1tt kl\u00e6\u00f0i yfir \u00feau og setja \u00e1 b\u00f6rur. <a name=\"13\"><span class=\"versanumer_2007\">13<\/span><\/a> \u00deeir skulu fjarl\u00e6gja fitu\u00f6skuna af altarinu og brei\u00f0a yfir \u00fea\u00f0 purpurarautt kl\u00e6\u00f0i. <a name=\"14\"><span class=\"versanumer_2007\">14<\/span><\/a> S\u00ed\u00f0an skulu \u00feeir setja \u00e1 \u00fea\u00f0 \u00f6ll \u00e1h\u00f6ld sem heyra \u00fev\u00ed til og eru h\u00f6f\u00f0 til \u00fej\u00f3nustu \u00e1 \u00fev\u00ed, eldp\u00f6nnur, gaffla, sk\u00f3flur og f\u00f3rnarsk\u00e1lar, \u00f6ll \u00e1h\u00f6ld altarisins, og brei\u00f0a yfir \u00e1brei\u00f0u \u00far h\u00f6frungaskinni og koma fyrir st\u00f6ngunum sem heyra \u00fev\u00ed til.<br \/> <a name=\"15\"><span class=\"versanumer_2007\">15<\/span><\/a> \u00deegar Aron og synir hans hafa loki\u00f0 vi\u00f0 a\u00f0 brei\u00f0a yfir helgid\u00f3minn og \u00f6ll \u00e1h\u00f6ld helgid\u00f3msins, er herinn tekur sig upp, skulu synir Kahats koma og bera. En \u00feeir mega ekki snerta helgid\u00f3minn \u00fev\u00ed a\u00f0 \u00fe\u00e1 munu \u00feeir deyja.<br \/>\u00deetta er \u00fea\u00f0 sem synir Kahats eiga a\u00f0 bera \u00far samfundatjaldinu.<br \/> <a name=\"16\"><span class=\"versanumer_2007\">16<\/span><\/a> Eleasar Aronssyni var falin umsj\u00f3n me\u00f0 ol\u00edunni \u00e1 lampann, hinu ilmandi reykelsi, hinni s\u00edendurteknu kornf\u00f3rn og smurningarol\u00edunni, einnig skal hann bera \u00e1byrg\u00f0 \u00e1 allri tjaldb\u00fa\u00f0inni og \u00f6llu heil\u00f6gu sem er \u00ed henni og \u00e1h\u00f6ldum sem heyra henni til.\u201c<br \/> <a name=\"17\"><span class=\"versanumer_2007\">17<\/span><\/a> Drottinn tala\u00f0i til M\u00f3se og Arons og sag\u00f0i:<br \/> <a name=\"18\"><span class=\"versanumer_2007\">18<\/span><\/a> \u201eG\u00e6ti\u00f0 \u00feess a\u00f0 \u00e6ttb\u00e1lki Kahat\u00edta ver\u00f0i ekki tort\u00edmt \u00far h\u00f3pi Lev\u00edta. <a name=\"19\"><span class=\"versanumer_2007\">19<\/span><\/a> \u00deannig skulu\u00f0 \u00fei\u00f0 fara a\u00f0 \u00feeirra vegna svo a\u00f0 \u00feeir haldi l\u00edfi og deyi ekki \u00feegar \u00feeir n\u00e1lgast hi\u00f0 h\u00e1heilaga: Aron og synir hans skulu koma og fela hverjum sitt verk og \u00fea\u00f0 sem hann \u00e1 a\u00f0 bera. <a name=\"20\"><span class=\"versanumer_2007\">20<\/span><\/a> En Kahat\u00edtar mega ekki koma og sj\u00e1 helgid\u00f3minn, jafnvel ekki andartak, annars munu \u00feeir deyja.<br \/> <a name=\"21\"><span class=\"versanumer_2007\">21<\/span><\/a> Drottinn tala\u00f0i til M\u00f3se og sag\u00f0i:<br \/> <a name=\"22\"><span class=\"versanumer_2007\">22<\/span><\/a> \u201eTeldu einnig syni Gersons eftir fj\u00f6lskyldum \u00feeirra og \u00e6ttum. <a name=\"23\"><span class=\"versanumer_2007\">23<\/span><\/a> \u00de\u00fa skalt telja \u00fe\u00e1 sem eru \u00ferj\u00e1t\u00edu til fimmt\u00edu \u00e1ra a\u00f0 aldri. \u00de\u00fa skalt telja alla sem eiga a\u00f0 koma til \u00fej\u00f3nustu og vinna verk \u00ed samfundatjaldinu. <a name=\"24\"><span class=\"versanumer_2007\">24<\/span><\/a> \u00deetta er starf Gersonssona vi\u00f0 samfundatjaldi\u00f0, verk \u00feeirra og \u00fea\u00f0 sem \u00feeir eiga a\u00f0 bera: <a name=\"25\"><span class=\"versanumer_2007\">25<\/span><\/a> \u00deeir skulu bera tjaldd\u00faka tjaldb\u00fa\u00f0arinnar og samfundatjaldsins, \u00feak \u00feess og sk\u00fdluna yfir \u00fev\u00ed sem er \u00far h\u00f6frungaskinni, forhengi\u00f0 fyrir dyrum samfundatjaldsins, <a name=\"26\"><span class=\"versanumer_2007\">26<\/span><\/a> tjaldd\u00faka forgar\u00f0sins \u00e1samt forhenginu fyrir hli\u00f0i forgar\u00f0sins sem umlykur tjaldb\u00fa\u00f0ina og altari\u00f0, tjaldst\u00f6gin og \u00f6ll \u00e1h\u00f6ld sem til \u00fearf.<br \/> <a name=\"27\"><span class=\"versanumer_2007\">27<\/span><\/a> Allt verk sona Gersons skal unni\u00f0 eftir bo\u00f0i Arons og sona hans, allt sem \u00feeir eiga a\u00f0 bera og allt verk \u00feeirra. \u00dei\u00f0 skulu\u00f0 fela hverjum \u00feeirra me\u00f0 nafni allt sem \u00feeir eiga a\u00f0 bera.<br \/> <a name=\"28\"><span class=\"versanumer_2007\">28<\/span><\/a> \u00deetta er starf \u00e6tta Gersonssona vi\u00f0 samfundatjaldi\u00f0. \u00deeir skulu starfa undir stj\u00f3rn \u00cdtamars Aronssonar prests.<br \/> <a name=\"29\"><span class=\"versanumer_2007\">29<\/span><\/a> \u00de\u00fa skalt telja ni\u00f0ja Merar\u00ed eftir \u00e6ttum \u00feeirra og fj\u00f6lskyldum. <a name=\"30\"><span class=\"versanumer_2007\">30<\/span><\/a> \u00de\u00fa skalt skr\u00e1 \u00fe\u00e1 sem eru \u00ferj\u00e1t\u00edu til fimmt\u00edu \u00e1ra og eru h\u00e6fir til a\u00f0 vinna vi\u00f0 samfundatjaldi\u00f0. <a name=\"31\"><span class=\"versanumer_2007\">31<\/span><\/a> \u00deetta er \u00fej\u00f3nusta \u00feeirra, \u00fea\u00f0 sem \u00feeir eiga a\u00f0 bera en \u00ed \u00fev\u00ed felst vinna \u00feeirra vi\u00f0 samfundatjaldi\u00f0: \u00feiljubor\u00f0 tjaldb\u00fa\u00f0arinnar og \u00feversl\u00e1r hennar, s\u00falur og s\u00f6kklar, <a name=\"32\"><span class=\"versanumer_2007\">32<\/span><\/a> s\u00falurnar allt umhverfis forgar\u00f0inn og s\u00f6kklar \u00feeirra, tjaldh\u00e6lar og st\u00f6g og \u00f6ll \u00e1h\u00f6ld sem \u00fearf til allra \u00feessara starfa. \u00dei\u00f0 skulu\u00f0 nefna \u00f6ll \u00e1h\u00f6ld me\u00f0 nafni sem \u00feeim er fali\u00f0 a\u00f0 bera.<br \/> <a name=\"33\"><span class=\"versanumer_2007\">33<\/span><\/a> \u00deetta eru st\u00f6rf \u00e6tta Merar\u00edsona, \u00f6ll s\u00fa vinna sem \u00feeir eiga a\u00f0 inna af hendi vi\u00f0 samfundatjaldi\u00f0 undir stj\u00f3rn \u00cdtamars Aronssonar prests.\u201c<br \/> <a name=\"34\"><span class=\"versanumer_2007\">34<\/span><\/a> M\u00f3se, Aron og h\u00f6f\u00f0ingjar safna\u00f0arins t\u00f6ldu Kahat\u00edta eftir \u00e6ttum \u00feeirra og fj\u00f6lskyldum, <a name=\"35\"><span class=\"versanumer_2007\">35<\/span><\/a> \u00fe\u00e1 sem voru \u00ferj\u00e1t\u00edu til fimmt\u00edu \u00e1ra a\u00f0 aldri, alla sem \u00e1ttu a\u00f0 koma til \u00fej\u00f3nustu, til vinnu vi\u00f0 samfundatjaldi\u00f0. <a name=\"36\"><span class=\"versanumer_2007\">36<\/span><\/a> \u00deeir sem taldir voru eftir \u00e6ttum s\u00ednum voru 2750. <a name=\"37\"><span class=\"versanumer_2007\">37<\/span><\/a> \u00deetta voru \u00feeir af fj\u00f6lskyldum Kahat\u00edta sem taldir voru, allir sem unnu vi\u00f0 samfundatjaldi\u00f0 og M\u00f3se og Aron t\u00f6ldu eins og Drottinn haf\u00f0i bo\u00f0i\u00f0 fyrir munn M\u00f3se.<br \/> <a name=\"38\"><span class=\"versanumer_2007\">38<\/span><\/a> \u00deeir sona Gersons, sem taldir voru eftir \u00e6ttum s\u00ednum og fj\u00f6lskyldum <a name=\"39\"><span class=\"versanumer_2007\">39<\/span><\/a> og voru \u00ferj\u00e1t\u00edu til fimmt\u00edu \u00e1ra, allir sem voru h\u00e6fir til a\u00f0 vinna vi\u00f0 samfundatjaldi\u00f0, <a name=\"40\"><span class=\"versanumer_2007\">40<\/span><\/a> \u00feeir sem taldir voru eftir \u00e6ttum s\u00ednum og fj\u00f6lskyldum, reyndust vera 2630. <a name=\"41\"><span class=\"versanumer_2007\">41<\/span><\/a> \u00deetta voru \u00feeir sona Gersons sem taldir voru eftir \u00e6ttum s\u00ednum og fj\u00f6lskyldum, allir sem unnu vi\u00f0 samfundatjaldi\u00f0 og M\u00f3se og Aron t\u00f6ldu eins og Drottinn haf\u00f0i bo\u00f0i\u00f0 fyrir munn M\u00f3se.<br \/> <a name=\"42\"><span class=\"versanumer_2007\">42<\/span><\/a> \u00deeir af \u00e6ttkv\u00edslum sona Merar\u00ed, sem taldir voru eftir \u00e6ttum s\u00ednum og fj\u00f6lskyldum <a name=\"43\"><span class=\"versanumer_2007\">43<\/span><\/a> og voru \u00ferj\u00e1t\u00edu til fimmt\u00edu \u00e1ra, allir sem voru h\u00e6fir til a\u00f0 vinna vi\u00f0 samfundatjaldi\u00f0, <a name=\"44\"><span class=\"versanumer_2007\">44<\/span><\/a> \u00feeir sem taldir voru eftir \u00e6ttum s\u00ednum, reyndust vera 3200. <a name=\"45\"><span class=\"versanumer_2007\">45<\/span><\/a> \u00deetta voru \u00feeir af \u00e6ttkv\u00edslum Merar\u00edni\u00f0ja sem taldir voru eftir \u00e6ttum s\u00ednum og M\u00f3se og Aron t\u00f6ldu eins og Drottinn haf\u00f0i bo\u00f0i\u00f0 fyrir munn M\u00f3se.<br \/> <a name=\"46\"><span class=\"versanumer_2007\">46<\/span><\/a> Allir \u00feeir Lev\u00edtar, sem taldir voru og M\u00f3se, Aron og h\u00f6f\u00f0ingjar \u00cdsraels t\u00f6ldu eftir \u00e6ttum \u00feeirra og fj\u00f6lskyldum, <a name=\"47\"><span class=\"versanumer_2007\">47<\/span><\/a> voru \u00ferj\u00e1t\u00edu til fimmt\u00edu \u00e1ra a\u00f0 aldri. Allir sem komu til a\u00f0 leggja fram vinnu og bur\u00f0 vi\u00f0 samfundatjaldi\u00f0, <a name=\"48\"><span class=\"versanumer_2007\">48<\/span><\/a> \u00feeir af Lev\u00edtum, sem taldir voru, reyndust vera 8580. <a name=\"49\"><span class=\"versanumer_2007\">49<\/span><\/a> Eftir bo\u00f0i Drottins var \u00feeim, hverjum um sig, fali\u00f0 verk og bur\u00f0ur eins og Drottinn haf\u00f0i bo\u00f0i\u00f0 fyrir munn M\u00f3se.<\/p>\n","protected":false},"excerpt":{"rendered":"<p>St\u00f6rf Lev\u00edta 1 Drottinn tala\u00f0i til M\u00f3se og Arons og sag\u00f0i: 2 \u201eTeldu ni\u00f0ja Kahats og greindu \u00fe\u00e1 fr\u00e1 \u00f6\u00f0rum Lev\u00edtum. 3 Teldu \u00fe\u00e1 sem eru \u00ferj\u00e1t\u00edu \u00e1ra a\u00f0 aldri og allt a\u00f0 fimmt\u00edu \u00e1ra eftir \u00e6ttum \u00feeirra og fj\u00f6lskyldum. \u00de\u00fa skalt telja alla sem eiga a\u00f0 koma til \u00fej\u00f3nustu \u00ed samfundatjaldinu. 4 \u00deetta er starf Kahatssona vi\u00f0 samfundatjaldi\u00f0, hi\u00f0 h\u00e1heilaga: 5 \u00deegar herinn heldur af sta\u00f0 skulu Aron og synir hans koma og taka ni\u00f0ur fortjaldi\u00f0 og brei\u00f0a \u00fea\u00f0 yfir \u00f6rk s\u00e1ttm\u00e1lst\u00e1knsins. 6 Ofan \u00e1 \u00fea\u00f0 skulu \u00feeir leggja \u00e1brei\u00f0u \u00far h\u00f6frungaskinni, brei\u00f0a yfir hana purpurabl\u00e1tt kl\u00e6\u00f0i og koma <a href=\"https:\/\/biblian.is\/biblian\/fjorda-mosebok-4-kafli\/\"> [&#8230;]<\/a><\/p>\n","protected":false},"author":1,"featured_media":0,"parent":0,"menu_order":0,"comment_status":"open","ping_status":"open","template":"bibliukaflar_NT.php","meta":{"footnotes":""},"class_list":["post-1738","page","type-page","status-publish","hentry"],"_links":{"self":[{"href":"https:\/\/biblian.is\/biblian\/wp-json\/wp\/v2\/pages\/1738","targetHints":{"allow":["GET"]}}],"collection":[{"href":"https:\/\/biblian.is\/biblian\/wp-json\/wp\/v2\/pages"}],"about":[{"href":"https:\/\/biblian.is\/biblian\/wp-json\/wp\/v2\/types\/page"}],"author":[{"embeddable":true,"href":"https:\/\/biblian.is\/biblian\/wp-json\/wp\/v2\/users\/1"}],"replies":[{"embeddable":true,"href":"https:\/\/biblian.is\/biblian\/wp-json\/wp\/v2\/comments?post=1738"}],"version-history":[{"count":0,"href":"https:\/\/biblian.is\/biblian\/wp-json\/wp\/v2\/pages\/1738\/revisions"}],"wp:attachment":[{"href":"https:\/\/biblian.is\/biblian\/wp-json\/wp\/v2\/media?parent=1738"}],"curies":[{"name":"wp","href":"https:\/\/api.w.org\/{rel}","templated":true}]}}