{"id":1737,"date":"2017-12-30T21:00:11","date_gmt":"2017-12-30T21:00:11","guid":{"rendered":"http:\/\/biblian.is\/biblian\/fj%c2%97r_a-m%c2%97seb%c2%97k-3-kafli\/"},"modified":"2024-05-06T22:31:20","modified_gmt":"2024-05-06T22:31:20","slug":"fjorda-mosebok-3-kafli","status":"publish","type":"page","link":"https:\/\/biblian.is\/biblian\/fjorda-mosebok-3-kafli\/","title":{"rendered":"Fj\u00f3r\u00f0a M\u00f3seb\u00f3k 3. kafli"},"content":{"rendered":"<h3 class=\"millifyrirsogn_2007\"> Ni\u00f0jar Arons og M\u00f3se<\/h3>\n<p><a name=\"1\"><span class=\"versanumer_2007\">1<\/span><\/a> \u00deessir voru ni\u00f0jar Arons og M\u00f3se \u00feegar Drottinn tala\u00f0i vi\u00f0 M\u00f3se \u00e1 S\u00edna\u00edfjalli. <a name=\"2\"><span class=\"versanumer_2007\">2<\/span><\/a> \u00deetta eru n\u00f6fn sona Arons: frumbur\u00f0urinn Nadab, Ab\u00edh\u00fa, Eleasar og \u00cdtamar. <a name=\"3\"><span class=\"versanumer_2007\">3<\/span><\/a> \u00deetta eru n\u00f6fn sona Arons, hinna smur\u00f0u presta sem v\u00edg\u00f0ir h\u00f6f\u00f0u veri\u00f0 til prestsemb\u00e6ttis. <a name=\"4\"><span class=\"versanumer_2007\">4<\/span><\/a> Nadab og Ab\u00edh\u00fa d\u00f3u fyrir augliti Drottins \u00fev\u00ed a\u00f0 \u00feeir b\u00e1ru fram vanhelgan eld fyrir auglit Drottins \u00ed S\u00edna\u00edey\u00f0im\u00f6rkinni. \u00deeir \u00e1ttu enga syni en Eleasar og \u00cdtamar \u00fej\u00f3nu\u00f0u sem prestar \u00ed t\u00ed\u00f0 Arons, f\u00f6\u00f0ur s\u00edns.<br \/> <a name=\"5\"><span class=\"versanumer_2007\">5<\/span><\/a> Drottinn tala\u00f0i til M\u00f3se og sag\u00f0i:<br \/> <a name=\"6\"><span class=\"versanumer_2007\">6<\/span><\/a> \u201eL\u00e1ttu \u00e6ttb\u00e1lk Lev\u00ed ganga fram og taka s\u00e9r st\u00f6\u00f0u frammi fyrir Aroni presti og skulu \u00feeir \u00fej\u00f3na honum. <a name=\"7\"><span class=\"versanumer_2007\">7<\/span><\/a> \u00deeir eiga a\u00f0 gegna \u00fej\u00f3nustu fyrir hann og allan s\u00f6fnu\u00f0inn frammi fyrir samfundatjaldinu \u00fev\u00ed a\u00f0 \u00feeir eiga a\u00f0 vinna \u00f6ll verk \u00ed tjaldb\u00fa\u00f0inni. <a name=\"8\"><span class=\"versanumer_2007\">8<\/span><\/a> \u00deeir skulu g\u00e6ta allra \u00e1halda \u00ed samfundatjaldinu \u00fev\u00ed a\u00f0 \u00feeir eiga a\u00f0 gegna \u00fej\u00f3nustu fyrir \u00cdsraelsmenn me\u00f0 \u00fev\u00ed a\u00f0 vinna \u00f6ll verk \u00ed tjaldb\u00fa\u00f0inni. <a name=\"9\"><span class=\"versanumer_2007\">9<\/span><\/a> \u00de\u00fa skalt gefa Aroni og sonum hans Lev\u00edtana. \u00deeir skulu fengnir honum og greindir fr\u00e1 \u00f6\u00f0rum \u00cdsraelsm\u00f6nnum til \u00fej\u00f3nustu hj\u00e1 honum. <a name=\"10\"><span class=\"versanumer_2007\">10<\/span><\/a> En \u00fe\u00fa skalt fela Aroni og sonum hans a\u00f0 \u00fej\u00f3na sem prestar. Komi einhver \u00f3vi\u00f0komandi of n\u00e6rri skal hann l\u00edfl\u00e1tinn.\u201c<br \/> <a name=\"11\"><span class=\"versanumer_2007\">11<\/span><\/a> Drottinn tala\u00f0i til M\u00f3se og sag\u00f0i:<br \/> <a name=\"12\"><span class=\"versanumer_2007\">12<\/span><\/a> \u201e\u00c9g hef sj\u00e1lfur greint Lev\u00edta fr\u00e1 \u00f6\u00f0rum \u00cdsraelsm\u00f6nnum. \u00deeir koma \u00ed sta\u00f0 allra frumbur\u00f0a \u00cdsraelsmanna, \u00feeirra sem opna m\u00f3\u00f0url\u00edf til \u00feess a\u00f0 Lev\u00edtar ver\u00f0i eign m\u00edn. <a name=\"13\"><span class=\"versanumer_2007\">13<\/span><\/a> \u00dev\u00ed a\u00f0 allir frumbur\u00f0ir eru eign m\u00edn. \u00deegar \u00e9g deyddi alla frumbur\u00f0i Egyptalands helga\u00f0i \u00e9g m\u00e9r alla frumbur\u00f0i \u00ed \u00cdsrael, b\u00e6\u00f0i frumbur\u00f0i manna og skepna, \u00feeir skulu vera eign m\u00edn. \u00c9g er Drottinn.\u201c<\/p>\n<h3 class=\"millifyrirsogn_2007\">Skr\u00e1ning Lev\u00edta og \u00fej\u00f3nusta \u00feeirra<\/h3>\n<p><a name=\"14\"><span class=\"versanumer_2007\">14<\/span><\/a> Drottinn tala\u00f0i til M\u00f3se \u00ed S\u00edna\u00edey\u00f0im\u00f6rkinni og sag\u00f0i: <a name=\"15\"><span class=\"versanumer_2007\">15<\/span><\/a> \u201eTeldu syni Lev\u00ed eftir fj\u00f6lskyldum \u00feeirra og \u00e6ttum \u00feeirra. \u00de\u00fa skalt telja alla sem eru karlkyns, m\u00e1na\u00f0argamlir og eldri.\u201c<br \/> <a name=\"16\"><span class=\"versanumer_2007\">16<\/span><\/a> M\u00f3se taldi \u00fe\u00e1 eftir bo\u00f0i Drottins eins og hann haf\u00f0i fyrir lagt. <a name=\"17\"><span class=\"versanumer_2007\">17<\/span><\/a> \u00deetta eru n\u00f6fn sona Lev\u00ed: Gerson, Kahat og Merar\u00ed. <a name=\"18\"><span class=\"versanumer_2007\">18<\/span><\/a> En \u00feetta eru n\u00f6fn sona Gersons eftir \u00e6ttum \u00feeirra: Libn\u00ed og S\u00edme\u00ed, <a name=\"19\"><span class=\"versanumer_2007\">19<\/span><\/a> synir Kahats eftir \u00e6ttum \u00feeirra: Amram, J\u00edsehar, Hebron og \u00dass\u00edel, <a name=\"20\"><span class=\"versanumer_2007\">20<\/span><\/a> synir Merar\u00ed eftir \u00e6ttum \u00feeirra: Mahel\u00ed og M\u00fas\u00ed.<br \/> <a name=\"21\"><span class=\"versanumer_2007\">21<\/span><\/a> \u00c6ttir Libn\u00edta og S\u00edme\u00edta voru komnar af Gerson, \u00feeir voru synir Gersons. <a name=\"22\"><span class=\"versanumer_2007\">22<\/span><\/a> \u00deeir sem taldir voru reyndust vera 7500 karlmenn, m\u00e1na\u00f0argamlir og eldri. <a name=\"23\"><span class=\"versanumer_2007\">23<\/span><\/a> \u00c6ttir sona Gersons \u00e1ttu a\u00f0 tjalda vi\u00f0 bakhli\u00f0 tjaldb\u00fa\u00f0arinnar vestan megin. <a name=\"24\"><span class=\"versanumer_2007\">24<\/span><\/a> Eljasaf Laelsson var \u00e6ttarh\u00f6f\u00f0ingi sona Gersons. <a name=\"25\"><span class=\"versanumer_2007\">25<\/span><\/a> \u00dej\u00f3nusta sona Gersons \u00ed samfundatjaldinu f\u00f3l \u00ed s\u00e9r alla vinnu vi\u00f0 tjaldb\u00fa\u00f0ina, tjaldi\u00f0, \u00feak \u00feess og forhengi\u00f0 fyrir dyrum samfundatjaldsins, <a name=\"26\"><span class=\"versanumer_2007\">26<\/span><\/a> tj\u00f6ld forgar\u00f0sins, forhengi\u00f0 fyrir dyrum forgar\u00f0sins sem umlykur tjaldb\u00fa\u00f0ina og altari\u00f0, einnig tjaldst\u00f6gin og allt sem a\u00f0 \u00fej\u00f3nustunni laut.<br \/> <a name=\"27\"><span class=\"versanumer_2007\">27<\/span><\/a> \u00c6ttir Amram\u00edta, J\u00edsehar\u00edta, Hebron\u00edta og \u00dass\u00edel\u00edta voru komnar af Kahat. \u00dea\u00f0 voru \u00e6ttir Kahat\u00edta. <span class=\"nedan_mal\" title=\" Af hinum \u00ferem deildum Lev\u00edta, Gerson\u00edtum, Kahat\u00edtum og Merar\u00edtum, voru Kahat\u00edtar tignastir. \u00deeir g\u00e6ttu arkarinnar og altarisins.\">[<\/span> <a name=\"28\"><span class=\"versanumer_2007\">28<\/span><\/a> \u00deeir sem taldir voru, allir karlmenn, m\u00e1na\u00f0argamlir og eldri, reyndust vera 8600. <a name=\"29\"><span class=\"versanumer_2007\">29<\/span><\/a> \u00c6ttir Kahat\u00edta \u00e1ttu a\u00f0 tjalda vi\u00f0 a\u00f0ra hli\u00f0 tjaldb\u00fa\u00f0arinnar, sunnan megin. <a name=\"30\"><span class=\"versanumer_2007\">30<\/span><\/a> \u00dass\u00edel El\u00edsafansson var h\u00f6f\u00f0ingi yfir \u00e6ttum Kahat\u00edta. <a name=\"31\"><span class=\"versanumer_2007\">31<\/span><\/a> \u00dej\u00f3nusta \u00feeirra f\u00f3lst \u00ed allri vinnu vi\u00f0 \u00f6rkina, bor\u00f0i\u00f0, lj\u00f3sastikuna, \u00f6lturun og hin helgu \u00e1h\u00f6ld, sem notu\u00f0 voru vi\u00f0 helgi\u00fej\u00f3nustuna, og fortjaldi\u00f0.<br \/> <a name=\"32\"><span class=\"versanumer_2007\">32<\/span><\/a> Eleasar prestur Aronsson var yfirh\u00f6f\u00f0ingi Lev\u00edta. Hann var settur yfir \u00fe\u00e1 sem g\u00e6ttu helgid\u00f3msins.<br \/> <a name=\"33\"><span class=\"versanumer_2007\">33<\/span><\/a> \u00c6ttir Mahel\u00edta og M\u00fas\u00edta voru komnar af Merar\u00ed. \u00dea\u00f0 eru \u00e6ttir Merar\u00ed. <a name=\"34\"><span class=\"versanumer_2007\">34<\/span><\/a> \u00deeir sem taldir voru, allir karlmenn, m\u00e1na\u00f0argamlir og eldri, reyndust vera 6200. <a name=\"35\"><span class=\"versanumer_2007\">35<\/span><\/a> S\u00far\u00edel Ab\u00edha\u00edlsson var h\u00f6f\u00f0ingi yfir \u00e6ttum Merar\u00ed. \u00deeir \u00e1ttu a\u00f0 tjalda vi\u00f0 hina hli\u00f0 tjaldb\u00fa\u00f0arinnar, nor\u00f0an megin. <a name=\"36\"><span class=\"versanumer_2007\">36<\/span><\/a> Ni\u00f0jar Merar\u00ed voru settir til \u00fej\u00f3nustu sem f\u00f3lst \u00ed allri vinnu vi\u00f0 bor\u00f0 tjaldb\u00fa\u00f0arinnar, \u00feversl\u00e1r hennar, s\u00falur hennar og s\u00f6kkla og \u00f6ll \u00e1h\u00f6ld hennar, <a name=\"37\"><span class=\"versanumer_2007\">37<\/span><\/a> enn fremur s\u00falurnar allt umhverfis forgar\u00f0inn og s\u00f6kkla \u00feeirra, tjaldh\u00e6la og st\u00f6g.<br \/> <a name=\"38\"><span class=\"versanumer_2007\">38<\/span><\/a> \u00deeir sem \u00e1ttu a\u00f0 tjalda vi\u00f0 framhli\u00f0 tjaldb\u00fa\u00f0arinnar, austan megin, vi\u00f0 framhli\u00f0 samfundatjaldsins, gegnt s\u00f3laruppr\u00e1s, voru M\u00f3se og Aron og synir hans. \u00deeir b\u00e1ru \u00e1byrg\u00f0 \u00e1 \u00fej\u00f3nustunni \u00ed helgid\u00f3minum og voru \u00ed \u00fej\u00f3nustu \u00cdsraelsmanna. K\u00e6mi einhver \u00f3vi\u00f0komandi \u00fear n\u00e6rri var hann l\u00edfl\u00e1tinn.<br \/> <a name=\"39\"><span class=\"versanumer_2007\">39<\/span><\/a> Allir Lev\u00edtar, sem taldir voru og M\u00f3se og Aron t\u00f3ku manntali eftir \u00e6ttum \u00feeirra samkv\u00e6mt bo\u00f0i Drottins, allir karlmenn, m\u00e1na\u00f0argamlir og eldri, reyndust vera 22.000.<\/p>\n<h3 class=\"millifyrirsogn_2007\">Lev\u00edtar leysa frumbur\u00f0i<\/h3>\n<p><a name=\"40\"><span class=\"versanumer_2007\">40<\/span><\/a> Drottinn sag\u00f0i vi\u00f0 M\u00f3se:<br \/>\u201eTaktu alla karlkyns frumbur\u00f0i \u00cdsraelsmanna manntali, m\u00e1na\u00f0argamla og eldri, og skr\u00e1\u00f0u n\u00f6fn \u00feeirra. <a name=\"41\"><span class=\"versanumer_2007\">41<\/span><\/a> En \u00fe\u00fa skalt taka Lev\u00edtana fr\u00e1 handa m\u00e9r, Drottni, \u00ed sta\u00f0 allra frumbur\u00f0a \u00cdsraelsmanna, einnig b\u00faf\u00e9 Lev\u00edta \u00ed sta\u00f0 allra frumbur\u00f0a b\u00fafj\u00e1r annarra \u00cdsraelsmanna.\u201c<br \/> <a name=\"42\"><span class=\"versanumer_2007\">42<\/span><\/a> M\u00f3se taldi alla frumbur\u00f0i \u00cdsraelsmanna eins og Drottinn lag\u00f0i fyrir hann. <a name=\"43\"><span class=\"versanumer_2007\">43<\/span><\/a> Allir karlkyns frumbur\u00f0ir, m\u00e1na\u00f0argamlir og eldri, sem h\u00f6f\u00f0u veri\u00f0 taldir me\u00f0 skr\u00e1ningu nafna \u00feeirra, reyndust vera 22.273.<br \/> <a name=\"44\"><span class=\"versanumer_2007\">44<\/span><\/a> Drottinn tala\u00f0i til M\u00f3se og sag\u00f0i:<br \/> <a name=\"45\"><span class=\"versanumer_2007\">45<\/span><\/a> \u201eTaktu Lev\u00edtana fr\u00e1 \u00ed sta\u00f0inn fyrir alla frumbur\u00f0i annarra \u00cdsraelsmanna og taktu b\u00faf\u00e9 Lev\u00edtanna \u00ed sta\u00f0inn fyrir b\u00faf\u00e9 annarra \u00cdsraelsmanna. Lev\u00edtarnir skulu ver\u00f0a eign m\u00edn. \u00c9g er Drottinn. <a name=\"46\"><span class=\"versanumer_2007\">46<\/span><\/a> En af \u00fev\u00ed a\u00f0 frumbur\u00f0ir \u00cdsraelsmanna eru 273 fleiri en frumbur\u00f0ir Lev\u00edta <a name=\"47\"><span class=\"versanumer_2007\">47<\/span><\/a> skaltu taka fimm sikla lausnargjald fyrir hvert h\u00f6fu\u00f0. \u00de\u00fa skalt innheimta \u00feetta eftir vigt helgid\u00f3msins, tuttugu gerur \u00ed hverjum sikli. <a name=\"48\"><span class=\"versanumer_2007\">48<\/span><\/a> \u00de\u00fa skalt f\u00e1 Aroni og sonum hans \u00feetta f\u00e9 \u00ed lausnargjald fyrir \u00fe\u00e1 sem eru umfram Lev\u00edtana \u00e1 me\u00f0al \u00feeirra.\u201c<br \/> <a name=\"49\"><span class=\"versanumer_2007\">49<\/span><\/a> M\u00f3se t\u00f3k vi\u00f0 \u00feessu lausnargjaldi fyrir \u00fe\u00e1 sem voru umfram fj\u00f6lda \u00feeirra Lev\u00edta sem h\u00f6f\u00f0u veri\u00f0 leystir. <a name=\"50\"><span class=\"versanumer_2007\">50<\/span><\/a> Hann t\u00f3k vi\u00f0 \u00feessu f\u00e9, \u00ferett\u00e1n hundru\u00f0 sext\u00edu og fimm siklum, eftir vigt helgid\u00f3msins. <a name=\"51\"><span class=\"versanumer_2007\">51<\/span><\/a> M\u00f3se f\u00e9kk Aroni og sonum hans lausnargjaldi\u00f0 a\u00f0 bo\u00f0i Drottins eins og Drottinn haf\u00f0i lagt fyrir M\u00f3se.<\/p>\n","protected":false},"excerpt":{"rendered":"<p>Ni\u00f0jar Arons og M\u00f3se 1 \u00deessir voru ni\u00f0jar Arons og M\u00f3se \u00feegar Drottinn tala\u00f0i vi\u00f0 M\u00f3se \u00e1 S\u00edna\u00edfjalli. 2 \u00deetta eru n\u00f6fn sona Arons: frumbur\u00f0urinn Nadab, Ab\u00edh\u00fa, Eleasar og \u00cdtamar. 3 \u00deetta eru n\u00f6fn sona Arons, hinna smur\u00f0u presta sem v\u00edg\u00f0ir h\u00f6f\u00f0u veri\u00f0 til prestsemb\u00e6ttis. 4 Nadab og Ab\u00edh\u00fa d\u00f3u fyrir augliti Drottins \u00fev\u00ed a\u00f0 \u00feeir b\u00e1ru fram vanhelgan eld fyrir auglit Drottins \u00ed S\u00edna\u00edey\u00f0im\u00f6rkinni. \u00deeir \u00e1ttu enga syni en Eleasar og \u00cdtamar \u00fej\u00f3nu\u00f0u sem prestar \u00ed t\u00ed\u00f0 Arons, f\u00f6\u00f0ur s\u00edns. 5 Drottinn tala\u00f0i til M\u00f3se og sag\u00f0i: 6 \u201eL\u00e1ttu \u00e6ttb\u00e1lk Lev\u00ed ganga fram og taka s\u00e9r st\u00f6\u00f0u frammi fyrir <a href=\"https:\/\/biblian.is\/biblian\/fjorda-mosebok-3-kafli\/\"> [&#8230;]<\/a><\/p>\n","protected":false},"author":1,"featured_media":0,"parent":0,"menu_order":0,"comment_status":"open","ping_status":"open","template":"bibliukaflar_NT.php","meta":{"footnotes":""},"class_list":["post-1737","page","type-page","status-publish","hentry"],"_links":{"self":[{"href":"https:\/\/biblian.is\/biblian\/wp-json\/wp\/v2\/pages\/1737","targetHints":{"allow":["GET"]}}],"collection":[{"href":"https:\/\/biblian.is\/biblian\/wp-json\/wp\/v2\/pages"}],"about":[{"href":"https:\/\/biblian.is\/biblian\/wp-json\/wp\/v2\/types\/page"}],"author":[{"embeddable":true,"href":"https:\/\/biblian.is\/biblian\/wp-json\/wp\/v2\/users\/1"}],"replies":[{"embeddable":true,"href":"https:\/\/biblian.is\/biblian\/wp-json\/wp\/v2\/comments?post=1737"}],"version-history":[{"count":0,"href":"https:\/\/biblian.is\/biblian\/wp-json\/wp\/v2\/pages\/1737\/revisions"}],"wp:attachment":[{"href":"https:\/\/biblian.is\/biblian\/wp-json\/wp\/v2\/media?parent=1737"}],"curies":[{"name":"wp","href":"https:\/\/api.w.org\/{rel}","templated":true}]}}