{"id":1736,"date":"2017-12-30T21:00:11","date_gmt":"2017-12-30T21:00:11","guid":{"rendered":"http:\/\/biblian.is\/biblian\/fj%c2%97r_a-m%c2%97seb%c2%97k-2-kafli\/"},"modified":"2024-05-06T22:31:18","modified_gmt":"2024-05-06T22:31:18","slug":"fjorda-mosebok-2-kafli","status":"publish","type":"page","link":"https:\/\/biblian.is\/biblian\/fjorda-mosebok-2-kafli\/","title":{"rendered":"Fj\u00f3r\u00f0a M\u00f3seb\u00f3k 2. kafli"},"content":{"rendered":"<h3 class=\"millifyrirsogn_2007\"> Skipulag herb\u00fa\u00f0a \u00cdsraels<\/h3>\n<p><a name=\"1\"><span class=\"versanumer_2007\">1<\/span><\/a> Drottinn tala\u00f0i til M\u00f3se og Arons og sag\u00f0i:<br \/> <a name=\"2\"><span class=\"versanumer_2007\">2<\/span><\/a> \u201eS\u00e9rhver skal tjalda hj\u00e1 gunnf\u00e1na s\u00ednum, undir merkjum fj\u00f6lskyldu sinnar. \u00cdsraelsmenn skulu tjalda gegnt samfundatjaldinu, hringinn \u00ed kringum \u00fea\u00f0.<br \/> <a name=\"3\"><span class=\"versanumer_2007\">3<\/span><\/a> B\u00fa\u00f0ir J\u00fadasona skulu vera fremstar, austan megin, undir gunnf\u00e1na s\u00ednum. \u00dear skulu hersveitir \u00feeirra tjalda hver um sig. Foringi J\u00fadasona er Nakson Amm\u00ednadabsson. <a name=\"4\"><span class=\"versanumer_2007\">4<\/span><\/a> \u00cd hersveit hans reyndust \u00feeir sem taldir voru 74.600.<br \/> <a name=\"5\"><span class=\"versanumer_2007\">5<\/span><\/a> N\u00e6st honum skal \u00e6ttb\u00e1lkur \u00cdssakars tjalda. Foringi sona \u00cdssakars er Netanel S\u00faarsson. <a name=\"6\"><span class=\"versanumer_2007\">6<\/span><\/a> \u00cd hersveit hans reyndust \u00feeir sem taldir voru 54.400. <a name=\"7\"><span class=\"versanumer_2007\">7<\/span><\/a> \u00dev\u00ed n\u00e6st kemur \u00e6ttb\u00e1lkur Seb\u00falons og er El\u00edab Hel\u00f3nsson foringi Seb\u00falonssona. <a name=\"8\"><span class=\"versanumer_2007\">8<\/span><\/a> \u00cd hersveit hans reyndust \u00feeir sem taldir voru 57.400.<br \/> <a name=\"9\"><span class=\"versanumer_2007\">9<\/span><\/a> Alls reyndust \u00feeir sem taldir voru \u00ed herb\u00fa\u00f0um J\u00fada 186.400 og var hver hersveit talin s\u00e9rstaklega. \u00deeir skulu halda af sta\u00f0 fyrstir.<br \/> <a name=\"10\"><span class=\"versanumer_2007\">10<\/span><\/a> B\u00fa\u00f0ir sona R\u00fabens skulu vera sunnan megin, undir gunnf\u00e1na s\u00ednum. \u00dear skulu hersveitir \u00feeirra tjalda hver fyrir sig. Foringi R\u00fabenssona er El\u00eds\u00far Sede\u00farsson. <a name=\"11\"><span class=\"versanumer_2007\">11<\/span><\/a> \u00cd hersveit hans reyndust \u00feeir sem taldir voru 46.500.<br \/> <a name=\"12\"><span class=\"versanumer_2007\">12<\/span><\/a> N\u00e6st honum skal \u00e6ttb\u00e1lkur S\u00edmeons tjalda. Foringi sona S\u00edmeons er Sel\u00fam\u00edel S\u00far\u00edsadda\u00edsson. <a name=\"13\"><span class=\"versanumer_2007\">13<\/span><\/a> \u00cd hersveit hans reyndust \u00feeir sem taldir voru 59.300. <a name=\"14\"><span class=\"versanumer_2007\">14<\/span><\/a> Einnig \u00e6ttb\u00e1lkur Ga\u00f0s og er Eljasaf Deg\u00faelsson foringi Ga\u00f0ssona. <a name=\"15\"><span class=\"versanumer_2007\">15<\/span><\/a> \u00cd hersveit hans reyndust \u00feeir sem taldir voru 45.650.<br \/> <a name=\"16\"><span class=\"versanumer_2007\">16<\/span><\/a> Alls reyndust \u00feeir sem taldir voru \u00ed herb\u00fa\u00f0um R\u00fabens 151.450 og var hver hersveit talin s\u00e9rstaklega. \u00deeir skulu halda af sta\u00f0 a\u00f0rir \u00ed r\u00f6\u00f0inni.<br \/> <a name=\"17\"><span class=\"versanumer_2007\">17<\/span><\/a> \u00dev\u00ed n\u00e6st skal haldi\u00f0 af sta\u00f0 me\u00f0 samfundatjaldi\u00f0 \u00e1samt b\u00fa\u00f0um Lev\u00edta sem skulu vera mitt \u00e1 me\u00f0al hinna b\u00fa\u00f0anna. Haldi\u00f0 skal af sta\u00f0 me\u00f0 \u00fe\u00e6r \u00ed s\u00f6mu r\u00f6\u00f0 og \u00feeim var slegi\u00f0 upp, hverri \u00e1 s\u00ednum \u00e1kve\u00f0na sta\u00f0, undir gunnf\u00e1na s\u00ednum.<br \/> <a name=\"18\"><span class=\"versanumer_2007\">18<\/span><\/a> B\u00fa\u00f0ir sona Efra\u00edms skulu vera a\u00f0 vestanver\u00f0u, undir gunnf\u00e1na s\u00ednum. El\u00edsama Amm\u00edh\u00fadsson er foringi Efra\u00edmssona. <a name=\"19\"><span class=\"versanumer_2007\">19<\/span><\/a> \u00cd hersveit hans reyndust \u00feeir sem taldir voru 40.500.<br \/> <a name=\"20\"><span class=\"versanumer_2007\">20<\/span><\/a> N\u00e6st honum skal \u00e6ttb\u00e1lkur sona Manasse tjalda og er Gaml\u00edel Pedas\u00farsson foringi sona Manasse. <a name=\"21\"><span class=\"versanumer_2007\">21<\/span><\/a> \u00cd hersveit hans reyndust \u00feeir sem taldir voru 32.200. <a name=\"22\"><span class=\"versanumer_2007\">22<\/span><\/a> \u00dev\u00ed n\u00e6st kemur \u00e6ttb\u00e1lkur Benjam\u00edns og er Ab\u00eddan G\u00eddon\u00edson foringi ni\u00f0ja Benjam\u00edns. <a name=\"23\"><span class=\"versanumer_2007\">23<\/span><\/a> \u00cd hersveit hans reyndust \u00feeir sem taldir voru 35.400.<br \/> <a name=\"24\"><span class=\"versanumer_2007\">24<\/span><\/a> Alls reyndust \u00feeir sem taldir voru \u00ed herb\u00fa\u00f0um Efra\u00edms vera 108.100, hver hersveit um sig. \u00deeir skulu halda n\u00e6st af sta\u00f0.<br \/> <a name=\"25\"><span class=\"versanumer_2007\">25<\/span><\/a> B\u00fa\u00f0ir sona Dans skulu vera a\u00f0 nor\u00f0anver\u00f0u. Ak\u00edeser Amm\u00edsadda\u00edson er foringi sona Dans. <a name=\"26\"><span class=\"versanumer_2007\">26<\/span><\/a> \u00cd hersveit hans reyndust \u00feeir sem taldir voru 62.700.<br \/> <a name=\"27\"><span class=\"versanumer_2007\">27<\/span><\/a> N\u00e6st honum skal \u00e6ttb\u00e1lkur Assers tjalda og er Pag\u00edel \u00d3kransson foringi ni\u00f0ja Assers. <a name=\"28\"><span class=\"versanumer_2007\">28<\/span><\/a> \u00cd hersveit hans reyndust \u00feeir sem taldir voru 41.500. <a name=\"29\"><span class=\"versanumer_2007\">29<\/span><\/a> \u00dev\u00ed n\u00e6st kemur \u00e6ttb\u00e1lkur Naftal\u00ed og er Ak\u00edra Enansson foringi sona Naftal\u00ed. <a name=\"30\"><span class=\"versanumer_2007\">30<\/span><\/a> \u00cd hersveit hans reyndust \u00feeir sem taldir voru 53.400.<br \/> <a name=\"31\"><span class=\"versanumer_2007\">31<\/span><\/a> Alls reyndust \u00feeir sem taldir voru \u00ed herb\u00fa\u00f0um Dans vera 157.600. \u00deeir skulu halda s\u00ed\u00f0astir af sta\u00f0 undir gunnf\u00e1num s\u00ednum.\u201c<br \/> <a name=\"32\"><span class=\"versanumer_2007\">32<\/span><\/a> \u00deetta eru \u00feeir \u00cdsraelsmenn sem taldir voru eftir fj\u00f6lskyldum s\u00ednum. Alls reyndust \u00feeir sem taldir voru eftir herb\u00fa\u00f0um og hersveitum s\u00ednum vera 603.550. <a name=\"33\"><span class=\"versanumer_2007\">33<\/span><\/a> En Lev\u00edtar voru ekki taldir \u00e1samt \u00f6\u00f0rum \u00cdsraelsm\u00f6nnum. Drottinn haf\u00f0i bo\u00f0i\u00f0 M\u00f3se a\u00f0 gera \u00fea\u00f0 ekki. <a name=\"34\"><span class=\"versanumer_2007\">34<\/span><\/a> \u00cdsraelsmenn ger\u00f0u allt \u00fea\u00f0 sem Drottinn haf\u00f0i bo\u00f0i\u00f0 M\u00f3se: \u00deeir settu b\u00fa\u00f0ir s\u00ednar vi\u00f0 gunnf\u00e1na s\u00edna og h\u00e9ldu af sta\u00f0 hver \u00ed s\u00ednum \u00e6ttb\u00e1lki me\u00f0 fj\u00f6lskyldu sinni.<\/p>\n","protected":false},"excerpt":{"rendered":"<p>Skipulag herb\u00fa\u00f0a \u00cdsraels 1 Drottinn tala\u00f0i til M\u00f3se og Arons og sag\u00f0i: 2 \u201eS\u00e9rhver skal tjalda hj\u00e1 gunnf\u00e1na s\u00ednum, undir merkjum fj\u00f6lskyldu sinnar. \u00cdsraelsmenn skulu tjalda gegnt samfundatjaldinu, hringinn \u00ed kringum \u00fea\u00f0. 3 B\u00fa\u00f0ir J\u00fadasona skulu vera fremstar, austan megin, undir gunnf\u00e1na s\u00ednum. \u00dear skulu hersveitir \u00feeirra tjalda hver um sig. Foringi J\u00fadasona er Nakson Amm\u00ednadabsson. 4 \u00cd hersveit hans reyndust \u00feeir sem taldir voru 74.600. 5 N\u00e6st honum skal \u00e6ttb\u00e1lkur \u00cdssakars tjalda. Foringi sona \u00cdssakars er Netanel S\u00faarsson. 6 \u00cd hersveit hans reyndust \u00feeir sem taldir voru 54.400. 7 \u00dev\u00ed n\u00e6st kemur \u00e6ttb\u00e1lkur Seb\u00falons og er El\u00edab Hel\u00f3nsson foringi <a href=\"https:\/\/biblian.is\/biblian\/fjorda-mosebok-2-kafli\/\"> [&#8230;]<\/a><\/p>\n","protected":false},"author":1,"featured_media":0,"parent":0,"menu_order":0,"comment_status":"open","ping_status":"open","template":"bibliukaflar_NT.php","meta":{"footnotes":""},"class_list":["post-1736","page","type-page","status-publish","hentry"],"_links":{"self":[{"href":"https:\/\/biblian.is\/biblian\/wp-json\/wp\/v2\/pages\/1736","targetHints":{"allow":["GET"]}}],"collection":[{"href":"https:\/\/biblian.is\/biblian\/wp-json\/wp\/v2\/pages"}],"about":[{"href":"https:\/\/biblian.is\/biblian\/wp-json\/wp\/v2\/types\/page"}],"author":[{"embeddable":true,"href":"https:\/\/biblian.is\/biblian\/wp-json\/wp\/v2\/users\/1"}],"replies":[{"embeddable":true,"href":"https:\/\/biblian.is\/biblian\/wp-json\/wp\/v2\/comments?post=1736"}],"version-history":[{"count":0,"href":"https:\/\/biblian.is\/biblian\/wp-json\/wp\/v2\/pages\/1736\/revisions"}],"wp:attachment":[{"href":"https:\/\/biblian.is\/biblian\/wp-json\/wp\/v2\/media?parent=1736"}],"curies":[{"name":"wp","href":"https:\/\/api.w.org\/{rel}","templated":true}]}}