{"id":1735,"date":"2017-12-30T21:00:11","date_gmt":"2017-12-30T21:00:11","guid":{"rendered":"http:\/\/biblian.is\/biblian\/fj%c2%97r_a-m%c2%97seb%c2%97k-1-kafli\/"},"modified":"2024-05-06T22:31:16","modified_gmt":"2024-05-06T22:31:16","slug":"fjorda-mosebok-1-kafli","status":"publish","type":"page","link":"https:\/\/biblian.is\/biblian\/fjorda-mosebok-1-kafli\/","title":{"rendered":"Fj\u00f3r\u00f0a M\u00f3seb\u00f3k 1. kafli"},"content":{"rendered":"<h3 class=\"millifyrirsogn_2007\"> Manntal<\/h3>\n<p><a name=\"1\"><span class=\"versanumer_2007\">1<\/span><\/a> Drottinn tala\u00f0i til M\u00f3se \u00ed S\u00edna\u00edey\u00f0im\u00f6rk, \u00ed samfundatjaldinu, fyrsta dag annars m\u00e1na\u00f0ar \u00e1 \u00f6\u00f0ru \u00e1ri eftir a\u00f0 \u00cdsraelsmenn f\u00f3ru fr\u00e1 Egyptalandi og sag\u00f0i: <a name=\"2\"><span class=\"versanumer_2007\">2<\/span><\/a> \u201eTaki\u00f0 manntal hj\u00e1 \u00f6llum s\u00f6fnu\u00f0i \u00cdsraelsmanna, telji\u00f0 hvern \u00e6ttb\u00e1lk og hverja fj\u00f6lskyldu. \u00dei\u00f0 skulu\u00f0 telja n\u00f6fn allra karla <a name=\"3\"><span class=\"versanumer_2007\">3<\/span><\/a> sem eru tuttugu \u00e1ra og eldri, allra vopnf\u00e6rra manna \u00ed \u00cdsrael. \u00dei\u00f0 Aron skulu\u00f0 kanna hverja hersveit <a name=\"4\"><span class=\"versanumer_2007\">4<\/span><\/a> og skal einn ma\u00f0ur \u00far hverjum \u00e6ttb\u00e1lki vera ykkur til a\u00f0sto\u00f0ar. \u00dea\u00f0 skulu vera \u00e6ttarh\u00f6f\u00f0ingjar.<br \/> <a name=\"5\"><span class=\"versanumer_2007\">5<\/span><\/a> \u00deetta eru n\u00f6fn mannanna sem eiga a\u00f0 hj\u00e1lpa ykkur: Fr\u00e1 R\u00faben: El\u00eds\u00far Sede\u00farsson, <a name=\"6\"><span class=\"versanumer_2007\">6<\/span><\/a> fr\u00e1 S\u00edmeon: Sel\u00fam\u00edel S\u00far\u00edsadda\u00edson, <a name=\"7\"><span class=\"versanumer_2007\">7<\/span><\/a> fr\u00e1 J\u00fada: Nakson Amm\u00ednadabsson, <a name=\"8\"><span class=\"versanumer_2007\">8<\/span><\/a> fr\u00e1 \u00cdssakar: Netanel S\u00faarsson, <a name=\"9\"><span class=\"versanumer_2007\">9<\/span><\/a> fr\u00e1 Seb\u00falon: El\u00edab Hel\u00f3nsson.<br \/> <a name=\"10\"><span class=\"versanumer_2007\">10<\/span><\/a> Fr\u00e1 sonum J\u00f3sefs: Fr\u00e1 Efra\u00edm: El\u00edsama Amm\u00edh\u00fadsson, fr\u00e1 Manasse: Gaml\u00edel Pedas\u00farsson, <a name=\"11\"><span class=\"versanumer_2007\">11<\/span><\/a> fr\u00e1 Benjam\u00edn: Ab\u00eddan G\u00eddon\u00edson, <a name=\"12\"><span class=\"versanumer_2007\">12<\/span><\/a> fr\u00e1 Dan: Ak\u00edeser Amm\u00edsadda\u00edson, <a name=\"13\"><span class=\"versanumer_2007\">13<\/span><\/a> fr\u00e1 Asser: Pag\u00edel \u00d3kransson, <a name=\"14\"><span class=\"versanumer_2007\">14<\/span><\/a> fr\u00e1 Ga\u00f0: Eljasaf Deg\u00faelsson, <a name=\"15\"><span class=\"versanumer_2007\">15<\/span><\/a> fr\u00e1 Naftal\u00ed: Ak\u00edra Enansson.\u201c<br \/> <a name=\"16\"><span class=\"versanumer_2007\">16<\/span><\/a> \u00deessir menn voru valdir af s\u00f6fnu\u00f0inum. \u00deeir voru h\u00f6f\u00f0ingjar yfir \u00e6ttum fe\u00f0ra sinna, \u00e6\u00f0stu h\u00f6f\u00f0ingjar \u00cdsraels \u00e6tta.<br \/> <a name=\"17\"><span class=\"versanumer_2007\">17<\/span><\/a> M\u00f3se og Aron l\u00e9tu \u00fe\u00e1 sem h\u00f6f\u00f0u veri\u00f0 valdir ganga fram. <a name=\"18\"><span class=\"versanumer_2007\">18<\/span><\/a> \u00c1 fyrsta degi annars m\u00e1na\u00f0ar stefndu \u00feeir \u00f6llum s\u00f6fnu\u00f0inum saman og f\u00f3lki\u00f0 l\u00e9t skr\u00e1 sig \u00e1 manntalssk\u00fdrslur eftir \u00e6ttum s\u00ednum og fj\u00f6lskyldum, me\u00f0 n\u00f6fnum eftir h\u00f6f\u00f0at\u00f6lu, <a name=\"19\"><span class=\"versanumer_2007\">19<\/span><\/a> eins og Drottinn haf\u00f0i fali\u00f0 M\u00f3se. Hann taldi \u00fe\u00e1 \u00ed S\u00edna\u00edey\u00f0im\u00f6rkinni.<br \/> <a name=\"20\"><span class=\"versanumer_2007\">20<\/span><\/a> Synir R\u00fabens, frumbur\u00f0ar \u00cdsraels, \u00fea\u00f0 er ni\u00f0jar \u00feeirra, voru taldir eftir \u00e6ttum og fj\u00f6lskyldum, eftir n\u00f6fnum og h\u00f6f\u00f0at\u00f6lu. Allir vopnf\u00e6rir karlmenn tuttugu \u00e1ra og eldri, <a name=\"21\"><span class=\"versanumer_2007\">21<\/span><\/a> sem taldir voru af \u00e6ttb\u00e1lki R\u00fabens, voru 46.500.<br \/> <a name=\"22\"><span class=\"versanumer_2007\">22<\/span><\/a> Synir S\u00edmeons, \u00fea\u00f0 er ni\u00f0jar \u00feeirra, voru taldir eftir \u00e6ttum og fj\u00f6lskyldum, eftir n\u00f6fnum og h\u00f6f\u00f0at\u00f6lu. Allir vopnf\u00e6rir karlmenn tuttugu \u00e1ra og eldri, <a name=\"23\"><span class=\"versanumer_2007\">23<\/span><\/a> sem taldir voru af \u00e6ttb\u00e1lki S\u00edmeons, voru 59.300.<br \/> <a name=\"24\"><span class=\"versanumer_2007\">24<\/span><\/a> Synir Ga\u00f0s, \u00fea\u00f0 er ni\u00f0jar \u00feeirra, voru taldir eftir \u00e6ttum og fj\u00f6lskyldum, eftir n\u00f6fnum og h\u00f6f\u00f0at\u00f6lu. Allir vopnf\u00e6rir karlmenn tuttugu \u00e1ra og eldri, <a name=\"25\"><span class=\"versanumer_2007\">25<\/span><\/a> sem taldir voru af \u00e6ttb\u00e1lki Ga\u00f0s, voru 45.650.<br \/> <a name=\"26\"><span class=\"versanumer_2007\">26<\/span><\/a> Synir J\u00fada, \u00fea\u00f0 er ni\u00f0jar \u00feeirra, voru taldir eftir \u00e6ttum og fj\u00f6lskyldum, eftir n\u00f6fnum og h\u00f6f\u00f0at\u00f6lu. Allir vopnf\u00e6rir karlmenn tuttugu \u00e1ra og eldri, <a name=\"27\"><span class=\"versanumer_2007\">27<\/span><\/a> sem taldir voru af \u00e6ttb\u00e1lki J\u00fada, voru 74.600.<br \/> <a name=\"28\"><span class=\"versanumer_2007\">28<\/span><\/a> Synir \u00cdssakars, \u00fea\u00f0 er ni\u00f0jar \u00feeirra, voru taldir eftir \u00e6ttum og fj\u00f6lskyldum, eftir n\u00f6fnum og h\u00f6f\u00f0at\u00f6lu. Allir vopnf\u00e6rir karlmenn tuttugu \u00e1ra og eldri, <a name=\"29\"><span class=\"versanumer_2007\">29<\/span><\/a> sem taldir voru af \u00e6ttb\u00e1lki \u00cdssakars, voru 54.400.<br \/> <a name=\"30\"><span class=\"versanumer_2007\">30<\/span><\/a> Synir Seb\u00falons, \u00fea\u00f0 er ni\u00f0jar \u00feeirra, voru taldir eftir \u00e6ttum og fj\u00f6lskyldum, eftir n\u00f6fnum og h\u00f6f\u00f0at\u00f6lu. Allir vopnf\u00e6rir karlmenn tuttugu \u00e1ra og eldri, <a name=\"31\"><span class=\"versanumer_2007\">31<\/span><\/a> sem taldir voru af \u00e6ttb\u00e1lki Seb\u00falons, voru 57.400.<br \/> <a name=\"32\"><span class=\"versanumer_2007\">32<\/span><\/a> Synir J\u00f3sefs: Synir Efra\u00edms, \u00fea\u00f0 er ni\u00f0jar \u00feeirra, voru taldir eftir \u00e6ttum og fj\u00f6lskyldum, eftir n\u00f6fnum og h\u00f6f\u00f0at\u00f6lu. Allir vopnf\u00e6rir karlmenn tuttugu \u00e1ra og eldri, <a name=\"33\"><span class=\"versanumer_2007\">33<\/span><\/a> sem taldir voru af \u00e6ttb\u00e1lki Efra\u00edms, voru 40.500.<br \/> <a name=\"34\"><span class=\"versanumer_2007\">34<\/span><\/a> Synir Manasse, \u00fea\u00f0 er ni\u00f0jar \u00feeirra, voru taldir eftir \u00e6ttum og fj\u00f6lskyldum, eftir n\u00f6fnum og h\u00f6f\u00f0at\u00f6lu. Allir vopnf\u00e6rir karlmenn tuttugu \u00e1ra og eldri, <a name=\"35\"><span class=\"versanumer_2007\">35<\/span><\/a> sem taldir voru af \u00e6ttb\u00e1lki Manasse, voru 32.200.<br \/> <a name=\"36\"><span class=\"versanumer_2007\">36<\/span><\/a> Synir Benjam\u00edns, \u00fea\u00f0 er ni\u00f0jar \u00feeirra, voru taldir eftir \u00e6ttum og fj\u00f6lskyldum, eftir n\u00f6fnum og h\u00f6f\u00f0at\u00f6lu. Allir vopnf\u00e6rir karlmenn tuttugu \u00e1ra og eldri, <a name=\"37\"><span class=\"versanumer_2007\">37<\/span><\/a> sem taldir voru af \u00e6ttb\u00e1lki Benjam\u00edns, voru 35.400.<br \/> <a name=\"38\"><span class=\"versanumer_2007\">38<\/span><\/a> Synir Dans, \u00fea\u00f0 er ni\u00f0jar \u00feeirra, voru taldir eftir \u00e6ttum og fj\u00f6lskyldum, eftir n\u00f6fnum og h\u00f6f\u00f0at\u00f6lu. Allir vopnf\u00e6rir karlmenn tuttugu \u00e1ra og eldri, <a name=\"39\"><span class=\"versanumer_2007\">39<\/span><\/a> sem taldir voru af \u00e6ttb\u00e1lki Dans, voru 62.700.<br \/> <a name=\"40\"><span class=\"versanumer_2007\">40<\/span><\/a> Synir Assers, \u00fea\u00f0 er ni\u00f0jar \u00feeirra, voru taldir eftir \u00e6ttum og fj\u00f6lskyldum, eftir n\u00f6fnum og h\u00f6f\u00f0at\u00f6lu. Allir vopnf\u00e6rir karlmenn tuttugu \u00e1ra og eldri, <a name=\"41\"><span class=\"versanumer_2007\">41<\/span><\/a> sem taldir voru af \u00e6ttb\u00e1lki Assers, voru 41.500.<br \/> <a name=\"42\"><span class=\"versanumer_2007\">42<\/span><\/a> Synir Naftal\u00ed, \u00fea\u00f0 er ni\u00f0jar \u00feeirra, voru taldir eftir \u00e6ttum og fj\u00f6lskyldum, eftir n\u00f6fnum og h\u00f6f\u00f0at\u00f6lu. Allir vopnf\u00e6rir karlmenn tuttugu \u00e1ra og eldri, <a name=\"43\"><span class=\"versanumer_2007\">43<\/span><\/a> sem taldir voru af \u00e6ttb\u00e1lki Naftal\u00ed, voru 53.400.<br \/> <a name=\"44\"><span class=\"versanumer_2007\">44<\/span><\/a> \u00deetta voru \u00feeir sem taldir voru, \u00feeir sem M\u00f3se taldi \u00e1samt Aroni og h\u00f6f\u00f0ingjum \u00cdsraels sem voru t\u00f3lf a\u00f0 t\u00f6lu, einn fr\u00e1 hverri fj\u00f6lskyldu. <a name=\"45\"><span class=\"versanumer_2007\">45<\/span><\/a> \u00deannig voru \u00cdsraelsmenn taldir, fj\u00f6lskylda eftir fj\u00f6lskyldu, allir vopnf\u00e6rir menn \u00ed \u00cdsrael, tuttugu \u00e1ra og eldri. <a name=\"46\"><span class=\"versanumer_2007\">46<\/span><\/a> \u00deeir sem taldir voru reyndust vera 603.550.<\/p>\n<h3 class=\"millifyrirsogn_2007\">S\u00e9rsta\u00f0a Lev\u00edta<\/h3>\n<p><a name=\"47\"><span class=\"versanumer_2007\">47<\/span><\/a> Lev\u00edtar voru ekki taldir \u00e1samt \u00f6\u00f0rum \u00cdsraelsm\u00f6nnum eftir fj\u00f6lskyldum s\u00ednum.<br \/> <a name=\"48\"><span class=\"versanumer_2007\">48<\/span><\/a> Drottinn sag\u00f0i vi\u00f0 M\u00f3se: <a name=\"49\"><span class=\"versanumer_2007\">49<\/span><\/a> \u201e\u00c6ttkv\u00edsl Lev\u00ed skaltu hvorki telja n\u00e9 taka manntali \u00e1samt \u00f6\u00f0rum \u00cdsraelsm\u00f6nnum <a name=\"50\"><span class=\"versanumer_2007\">50<\/span><\/a> en \u00fe\u00fa skalt gera Lev\u00edtana \u00e1byrga fyrir tjaldb\u00fa\u00f0 s\u00e1ttm\u00e1lst\u00e1knsins, \u00e1h\u00f6ldum hennar og \u00f6llu sem henni fylgir. \u00deeir skulu bera tjaldb\u00fa\u00f0ina og \u00f6ll \u00e1h\u00f6ld hennar. \u00deeir skulu g\u00e6ta hennar og tjalda umhverfis hana. <a name=\"51\"><span class=\"versanumer_2007\">51<\/span><\/a> \u00c1\u00f0ur en lagt er af sta\u00f0 me\u00f0 tjaldb\u00fa\u00f0ina eiga Lev\u00edtarnir a\u00f0 taka hana ni\u00f0ur og \u00feegar h\u00fan kemur \u00e1 \u00e1fangasta\u00f0 skulu \u00feeir reisa hana. S\u00e9rhver \u00f3vi\u00f0komandi, sem n\u00e1lgast hana, skal tekinn af l\u00edfi.<br \/> <a name=\"52\"><span class=\"versanumer_2007\">52<\/span><\/a> \u00cdsraelsmenn skulu tjalda hver \u00ed sinni b\u00fa\u00f0 hj\u00e1 gunnf\u00e1na s\u00ednum <a name=\"53\"><span class=\"versanumer_2007\">53<\/span><\/a> en Lev\u00edtar skulu tjalda umhverfis tjaldb\u00fa\u00f0 s\u00e1ttm\u00e1lst\u00e1knsins svo a\u00f0 rei\u00f0i Gu\u00f0s komi ekki yfir s\u00f6fnu\u00f0 \u00cdsraelsmanna. Lev\u00edtarnir skulu halda reglurnar um tjaldb\u00fa\u00f0 s\u00e1ttm\u00e1lst\u00e1knsins.\u201c<br \/> <a name=\"54\"><span class=\"versanumer_2007\">54<\/span><\/a> \u00cdsraelsmenn ger\u00f0u allt \u00feetta. \u00deeir ger\u00f0u allt sem Drottinn haf\u00f0i lagt fyrir M\u00f3se.<\/p>\n","protected":false},"excerpt":{"rendered":"<p>Manntal 1 Drottinn tala\u00f0i til M\u00f3se \u00ed S\u00edna\u00edey\u00f0im\u00f6rk, \u00ed samfundatjaldinu, fyrsta dag annars m\u00e1na\u00f0ar \u00e1 \u00f6\u00f0ru \u00e1ri eftir a\u00f0 \u00cdsraelsmenn f\u00f3ru fr\u00e1 Egyptalandi og sag\u00f0i: 2 \u201eTaki\u00f0 manntal hj\u00e1 \u00f6llum s\u00f6fnu\u00f0i \u00cdsraelsmanna, telji\u00f0 hvern \u00e6ttb\u00e1lk og hverja fj\u00f6lskyldu. \u00dei\u00f0 skulu\u00f0 telja n\u00f6fn allra karla 3 sem eru tuttugu \u00e1ra og eldri, allra vopnf\u00e6rra manna \u00ed \u00cdsrael. \u00dei\u00f0 Aron skulu\u00f0 kanna hverja hersveit 4 og skal einn ma\u00f0ur \u00far hverjum \u00e6ttb\u00e1lki vera ykkur til a\u00f0sto\u00f0ar. \u00dea\u00f0 skulu vera \u00e6ttarh\u00f6f\u00f0ingjar. 5 \u00deetta eru n\u00f6fn mannanna sem eiga a\u00f0 hj\u00e1lpa ykkur: Fr\u00e1 R\u00faben: El\u00eds\u00far Sede\u00farsson, 6 fr\u00e1 S\u00edmeon: Sel\u00fam\u00edel S\u00far\u00edsadda\u00edson, 7 fr\u00e1 J\u00fada: <a href=\"https:\/\/biblian.is\/biblian\/fjorda-mosebok-1-kafli\/\"> [&#8230;]<\/a><\/p>\n","protected":false},"author":1,"featured_media":0,"parent":0,"menu_order":0,"comment_status":"open","ping_status":"open","template":"bibliukaflar_NT.php","meta":{"footnotes":""},"class_list":["post-1735","page","type-page","status-publish","hentry"],"_links":{"self":[{"href":"https:\/\/biblian.is\/biblian\/wp-json\/wp\/v2\/pages\/1735","targetHints":{"allow":["GET"]}}],"collection":[{"href":"https:\/\/biblian.is\/biblian\/wp-json\/wp\/v2\/pages"}],"about":[{"href":"https:\/\/biblian.is\/biblian\/wp-json\/wp\/v2\/types\/page"}],"author":[{"embeddable":true,"href":"https:\/\/biblian.is\/biblian\/wp-json\/wp\/v2\/users\/1"}],"replies":[{"embeddable":true,"href":"https:\/\/biblian.is\/biblian\/wp-json\/wp\/v2\/comments?post=1735"}],"version-history":[{"count":0,"href":"https:\/\/biblian.is\/biblian\/wp-json\/wp\/v2\/pages\/1735\/revisions"}],"wp:attachment":[{"href":"https:\/\/biblian.is\/biblian\/wp-json\/wp\/v2\/media?parent=1735"}],"curies":[{"name":"wp","href":"https:\/\/api.w.org\/{rel}","templated":true}]}}