{"id":1734,"date":"2017-12-30T21:00:11","date_gmt":"2017-12-30T21:00:11","guid":{"rendered":"http:\/\/biblian.is\/biblian\/_ri_ja-m%c2%97seb%c2%97k-27-kafli\/"},"modified":"2024-05-06T22:30:22","modified_gmt":"2024-05-06T22:30:22","slug":"thridja-mosebok-27-kafli","status":"publish","type":"page","link":"https:\/\/biblian.is\/biblian\/thridja-mosebok-27-kafli\/","title":{"rendered":"\u00deri\u00f0ja M\u00f3seb\u00f3k 27. kafli"},"content":{"rendered":"<h3 class=\"millifyrirsogn_2007\"> \u00c1heit, helgigjafir og afgj\u00f6ld<\/h3>\n<p><a name=\"1\"><span class=\"versanumer_2007\">1<\/span><\/a> Drottinn tala\u00f0i vi\u00f0 M\u00f3se og sag\u00f0i:<br \/> <a name=\"2\"><span class=\"versanumer_2007\">2<\/span><\/a> \u201e\u00c1varpa\u00f0u \u00cdsraelsmenn og seg\u00f0u: Hyggist einhver efna heit sitt vi\u00f0 Drottin um a\u00f0 gefa honum \u00edgildi manns skal mi\u00f0a vi\u00f0 \u00feetta mat: <a name=\"3\"><span class=\"versanumer_2007\">3<\/span><\/a> S\u00e9 \u00fea\u00f0 karlma\u00f0ur, tuttugu til sext\u00edu \u00e1ra a\u00f0 aldri, skal mat \u00feitt vera fimmt\u00edu siklar silfurs samkv\u00e6mt sikli helgid\u00f3msins <a name=\"4\"><span class=\"versanumer_2007\">4<\/span><\/a> en s\u00e9 \u00fea\u00f0 kona skal mat \u00feitt vera \u00ferj\u00e1t\u00edu siklar. <a name=\"5\"><span class=\"versanumer_2007\">5<\/span><\/a> S\u00e9 \u00fea\u00f0 ungmenni, fimm \u00e1ra til tv\u00edtugs, skal mat \u00feitt vera tuttugu siklar silfurs fyrir pilt en t\u00edu siklar fyrir st\u00falku. <a name=\"6\"><span class=\"versanumer_2007\">6<\/span><\/a> S\u00e9 \u00fea\u00f0 barn, eins m\u00e1na\u00f0ar til fimm \u00e1ra, skal mat \u00feitt vera fimm siklar silfurs fyrir dreng en \u00fer\u00edr fyrir st\u00falku. <a name=\"7\"><span class=\"versanumer_2007\">7<\/span><\/a> S\u00e9 \u00fea\u00f0 \u00f6ldungur, sext\u00edu \u00e1ra e\u00f0a eldri, skal mat \u00feitt vera fimmt\u00e1n siklar silfurs fyrir karl en t\u00edu fyrir konu.<br \/> <a name=\"8\"><span class=\"versanumer_2007\">8<\/span><\/a> En ef s\u00e1 sem vann heiti\u00f0 er \u00ed kr\u00f6ggum og getur ekki greitt matsver\u00f0i\u00f0 skal hann lei\u00f0a fyrir prest \u00feann sem heiti\u00f0 var. Skal presturinn \u00e1kve\u00f0a matsver\u00f0i\u00f0 eftir efnum \u00feess sem heiti\u00f0 vann.<br \/> <a name=\"9\"><span class=\"versanumer_2007\">9<\/span><\/a> Ef heiti\u00f0 er skepnu sem f\u00e6ra m\u00e1 Drottni a\u00f0 f\u00f3rn ver\u00f0ur hver s\u00fa skepna, sem gefin er Drottni, heil\u00f6g. <a name=\"10\"><span class=\"versanumer_2007\">10<\/span><\/a> Ekki m\u00e1 skipta \u00e1 \u00fev\u00ed sem gefi\u00f0 var og \u00f6\u00f0ru. Hvorki m\u00e1 skipta \u00e1 r\u00fdru d\u00fdri og v\u00e6nu n\u00e9 v\u00e6nu og r\u00fdru. N\u00fa eru skipti h\u00f6f\u00f0 \u00e1 skepnum og skulu \u00fe\u00e1 vera heilagar b\u00e6\u00f0i s\u00fa er l\u00e1tin er \u00ed skiptum og s\u00fa sem kemur \u00ed sta\u00f0inn.<br \/> <a name=\"11\"><span class=\"versanumer_2007\">11<\/span><\/a> S\u00e9 heiti\u00f0 \u00f3hreinu d\u00fdri, sem ekki m\u00e1 f\u00e6ra Drottni a\u00f0 f\u00f3rn, skal lei\u00f0a d\u00fdri\u00f0 fyrir prest. <a name=\"12\"><span class=\"versanumer_2007\">12<\/span><\/a> Presturinn skal \u00fe\u00e1 meta \u00fea\u00f0 eftir \u00fev\u00ed hvort \u00fea\u00f0 er v\u00e6nt e\u00f0a r\u00fdrt. Skal mat hans gilda. <a name=\"13\"><span class=\"versanumer_2007\">13<\/span><\/a> Ef s\u00e1 sem gefur gj\u00f6fina vill sj\u00e1lfur leysa d\u00fdri\u00f0 skal hann b\u00e6ta fimmta hluta matsver\u00f0sins vi\u00f0 \u00fea\u00f0.<br \/> <a name=\"14\"><span class=\"versanumer_2007\">14<\/span><\/a> \u00deegar einhver helgar h\u00fas sitt Drottni skal prestur meta \u00fea\u00f0 eftir \u00fev\u00ed hvort \u00fea\u00f0 er gott e\u00f0a l\u00e9legt. Skal mat prestsins gilda. <a name=\"15\"><span class=\"versanumer_2007\">15<\/span><\/a> Ef s\u00e1 sem helgar h\u00fas sitt vill sj\u00e1lfur leysa h\u00fas sitt skal hann b\u00e6ta fimmta hluta matsver\u00f0sins vi\u00f0 \u00fea\u00f0.<br \/> <a name=\"16\"><span class=\"versanumer_2007\">16<\/span><\/a> \u00c6tli einhver a\u00f0 helga Drottni hluta af eignarlandi s\u00ednu skal matsver\u00f0i\u00f0 fara eftir \u00fev\u00ed hversu miklu er h\u00e6gt a\u00f0 s\u00e1 \u00ed \u00fea\u00f0. Einn k\u00f3mer af byggi samsvarar fimmt\u00edu siklum silfurs. <a name=\"17\"><span class=\"versanumer_2007\">17<\/span><\/a> Helgi hann j\u00f6r\u00f0 s\u00edna \u00e1 fagna\u00f0ar\u00e1rinu skal matsver\u00f0i\u00f0 vera \u00f3breytt. <a name=\"18\"><span class=\"versanumer_2007\">18<\/span><\/a> Helgi hann j\u00f6r\u00f0 s\u00edna eftir fagna\u00f0ar\u00e1ri\u00f0 skal prestur reikna \u00fat ver\u00f0i\u00f0 mi\u00f0a\u00f0 vi\u00f0 fj\u00f6lda \u00feeirra \u00e1ra sem eftir eru til n\u00e6sta fagna\u00f0ar\u00e1rs og draga \u00fea\u00f0 fr\u00e1 matsver\u00f0inu. <a name=\"19\"><span class=\"versanumer_2007\">19<\/span><\/a> Vilji s\u00e1 sem helgar j\u00f6r\u00f0 s\u00edna leysa hana sj\u00e1lfur skal b\u00e6ta fimmta hluta matsver\u00f0sins vi\u00f0 ver\u00f0i\u00f0 og h\u00fan ver\u00f0ur eign hans. <a name=\"20\"><span class=\"versanumer_2007\">20<\/span><\/a> Leysi hann j\u00f6r\u00f0ina ekki heldur selur hana \u00f6\u00f0rum m\u00e1 ekki innleysa hana. <a name=\"21\"><span class=\"versanumer_2007\">21<\/span><\/a> \u00deegar h\u00fan ver\u00f0ur leyst \u00e1 n\u00e6sta fagna\u00f0ar\u00e1ri ver\u00f0ur j\u00f6r\u00f0in helgu\u00f0 Drottni eins og bannf\u00e6rt land: Eignarj\u00f6r\u00f0 hans ver\u00f0ur eign prestsins.<br \/> <a name=\"22\"><span class=\"versanumer_2007\">22<\/span><\/a> Helgi einhver Drottni land, sem hann hefur keypt og ekki er hluti eignarlands hans, <a name=\"23\"><span class=\"versanumer_2007\">23<\/span><\/a> skal prestur reikna \u00fat fyrir hann matsver\u00f0i\u00f0 sem mi\u00f0ast vi\u00f0 n\u00e6sta fagna\u00f0ar\u00e1r. Sama dag skal ma\u00f0urinn grei\u00f0a matsver\u00f0i\u00f0. \u00dea\u00f0 er helgigj\u00f6f til Drottins. <a name=\"24\"><span class=\"versanumer_2007\">24<\/span><\/a> \u00c1 fagna\u00f0ar\u00e1rinu skal j\u00f6r\u00f0in aftur ver\u00f0a eign \u00feess manns sem hann keypti hana af og \u00e1tti jar\u00f0eignina \u00e1\u00f0ur. <a name=\"25\"><span class=\"versanumer_2007\">25<\/span><\/a> Allt matsver\u00f0 skal \u00e1kve\u00f0i\u00f0 eftir vog helgid\u00f3msins: Einn sikill skal vera tuttugu gerur.<br \/> <a name=\"26\"><span class=\"versanumer_2007\">26<\/span><\/a> Enginn m\u00e1 helga frumbur\u00f0i b\u00fafj\u00e1r sem heyrir Drottni til \u00fev\u00ed a\u00f0 \u00feeir eru frumbur\u00f0ir. Hvort heldur um er a\u00f0 r\u00e6\u00f0a frumbur\u00f0i nauta e\u00f0a sau\u00f0fj\u00e1r eru \u00feeir eign Drottins. <a name=\"27\"><span class=\"versanumer_2007\">27<\/span><\/a> En s\u00e9u \u00fea\u00f0 frumbur\u00f0ir \u00f3hreinna d\u00fdra m\u00e1 kaupa \u00fe\u00e1 lausa fyrir matsver\u00f0 og skal \u00fe\u00e1 b\u00e6ta fimmtungi \u00feess vi\u00f0. Ef \u00feeir ver\u00f0a ekki leystir skal selja \u00fe\u00e1 fyrir matsver\u00f0inu. <a name=\"28\"><span class=\"versanumer_2007\">28<\/span><\/a> Ekkert, sem bannhelgi hv\u00edlir \u00e1, ekkert af eigum \u00feess manns sem helgar \u00fe\u00e6r Drottni me\u00f0 banni, hvorki mann, b\u00faf\u00e9 n\u00e9 jar\u00f0eign, m\u00e1 selja e\u00f0a leysa: Allt sem bann hv\u00edlir \u00e1 er h\u00e1heilagt. \u00dea\u00f0 er eign Drottins. <a name=\"29\"><span class=\"versanumer_2007\">29<\/span><\/a> Ekki m\u00e1 leysa mann, sem bann hv\u00edlir \u00e1, heldur skal hann tekinn af l\u00edfi.<br \/> <a name=\"30\"><span class=\"versanumer_2007\">30<\/span><\/a> \u00d6ll t\u00edund af landinu, hvort sem \u00fea\u00f0 er t\u00edund af korni landsins e\u00f0a \u00e1v\u00f6xtum trj\u00e1nna, er eign Drottins: h\u00fan er helgu\u00f0 Drottni. <a name=\"31\"><span class=\"versanumer_2007\">31<\/span><\/a> Ef einhver ma\u00f0ur vill leysa hluta af t\u00edund sinni skal b\u00e6ta fimmta hluta hennar vi\u00f0 hana.<br \/> <a name=\"32\"><span class=\"versanumer_2007\">32<\/span><\/a> \u00d6ll t\u00edund af st\u00f3rgripum og sau\u00f0f\u00e9 skal helgu\u00f0 Drottni, \u00fea\u00f0 er a\u00f0 segja t\u00edunda hvert d\u00fdr sem gengur undir hir\u00f0isstafinn. <a name=\"33\"><span class=\"versanumer_2007\">33<\/span><\/a> Ekki skal gera neinn mun \u00e1 v\u00e6nu d\u00fdri og r\u00fdru og ekki skipta \u00e1 neinu. S\u00e9 \u00fea\u00f0 gert ver\u00f0ur b\u00e6\u00f0i \u00fea\u00f0 sem skipt er \u00e1 og \u00fea\u00f0 sem sett er \u00ed \u00feess sta\u00f0 heilagt: \u00dea\u00f0 m\u00e1 ekki leysa.\u201c<br \/> <a name=\"34\"><span class=\"versanumer_2007\">34<\/span><\/a> \u00deetta eru fyrirm\u00e6lin sem Drottinn bau\u00f0 M\u00f3se a\u00f0 flytja \u00cdsraelsm\u00f6nnum \u00e1 S\u00edna\u00edfjalli.<\/p>\n","protected":false},"excerpt":{"rendered":"<p>\u00c1heit, helgigjafir og afgj\u00f6ld 1 Drottinn tala\u00f0i vi\u00f0 M\u00f3se og sag\u00f0i: 2 \u201e\u00c1varpa\u00f0u \u00cdsraelsmenn og seg\u00f0u: Hyggist einhver efna heit sitt vi\u00f0 Drottin um a\u00f0 gefa honum \u00edgildi manns skal mi\u00f0a vi\u00f0 \u00feetta mat: 3 S\u00e9 \u00fea\u00f0 karlma\u00f0ur, tuttugu til sext\u00edu \u00e1ra a\u00f0 aldri, skal mat \u00feitt vera fimmt\u00edu siklar silfurs samkv\u00e6mt sikli helgid\u00f3msins 4 en s\u00e9 \u00fea\u00f0 kona skal mat \u00feitt vera \u00ferj\u00e1t\u00edu siklar. 5 S\u00e9 \u00fea\u00f0 ungmenni, fimm \u00e1ra til tv\u00edtugs, skal mat \u00feitt vera tuttugu siklar silfurs fyrir pilt en t\u00edu siklar fyrir st\u00falku. 6 S\u00e9 \u00fea\u00f0 barn, eins m\u00e1na\u00f0ar til fimm \u00e1ra, skal mat \u00feitt vera <a href=\"https:\/\/biblian.is\/biblian\/thridja-mosebok-27-kafli\/\"> [&#8230;]<\/a><\/p>\n","protected":false},"author":1,"featured_media":0,"parent":0,"menu_order":0,"comment_status":"open","ping_status":"open","template":"bibliukaflar_NT.php","meta":{"footnotes":""},"class_list":["post-1734","page","type-page","status-publish","hentry"],"_links":{"self":[{"href":"https:\/\/biblian.is\/biblian\/wp-json\/wp\/v2\/pages\/1734","targetHints":{"allow":["GET"]}}],"collection":[{"href":"https:\/\/biblian.is\/biblian\/wp-json\/wp\/v2\/pages"}],"about":[{"href":"https:\/\/biblian.is\/biblian\/wp-json\/wp\/v2\/types\/page"}],"author":[{"embeddable":true,"href":"https:\/\/biblian.is\/biblian\/wp-json\/wp\/v2\/users\/1"}],"replies":[{"embeddable":true,"href":"https:\/\/biblian.is\/biblian\/wp-json\/wp\/v2\/comments?post=1734"}],"version-history":[{"count":0,"href":"https:\/\/biblian.is\/biblian\/wp-json\/wp\/v2\/pages\/1734\/revisions"}],"wp:attachment":[{"href":"https:\/\/biblian.is\/biblian\/wp-json\/wp\/v2\/media?parent=1734"}],"curies":[{"name":"wp","href":"https:\/\/api.w.org\/{rel}","templated":true}]}}