{"id":1732,"date":"2017-12-30T21:00:11","date_gmt":"2017-12-30T21:00:11","guid":{"rendered":"http:\/\/biblian.is\/biblian\/_ri_ja-m%c2%97seb%c2%97k-25-kafli\/"},"modified":"2024-05-06T22:30:22","modified_gmt":"2024-05-06T22:30:22","slug":"thridja-mosebok-25-kafli","status":"publish","type":"page","link":"https:\/\/biblian.is\/biblian\/thridja-mosebok-25-kafli\/","title":{"rendered":"\u00deri\u00f0ja M\u00f3seb\u00f3k 25. kafli"},"content":{"rendered":"<h3 class=\"millifyrirsogn_2007\"> Hv\u00edldar\u00e1r og fagna\u00f0ar\u00e1r<\/h3>\n<p><a name=\"1\"><span class=\"versanumer_2007\">1<\/span><\/a> Drottinn tala\u00f0i vi\u00f0 M\u00f3se \u00e1 S\u00edna\u00edfjalli og sag\u00f0i:<br \/> <a name=\"2\"><span class=\"versanumer_2007\">2<\/span><\/a> \u201e\u00c1varpa\u00f0u \u00cdsraelsmenn og seg\u00f0u: \u00deegar \u00fei\u00f0 komi\u00f0 inn \u00ed landi\u00f0, sem \u00e9g gef ykkur, skal landi\u00f0 hv\u00edlast Drottni til d\u00fdr\u00f0ar. <a name=\"3\"><span class=\"versanumer_2007\">3<\/span><\/a> Sex \u00e1r skaltu s\u00e1 \u00ed akur \u00feinn og sex \u00e1r skaltu klippa v\u00edngar\u00f0 \u00feinn og hir\u00f0a afrakstur hans. <a name=\"4\"><span class=\"versanumer_2007\">4<\/span><\/a> En sj\u00f6unda \u00e1ri\u00f0 skal landi\u00f0 hv\u00edlast algj\u00f6rlega. \u00dea\u00f0 er hv\u00edld Drottni til d\u00fdr\u00f0ar. \u00de\u00e1 skaltu hvorki s\u00e1 akur \u00feinn n\u00e9 klippa v\u00edngar\u00f0 \u00feinn. <a name=\"5\"><span class=\"versanumer_2007\">5<\/span><\/a> \u00dea\u00f0 sem sprettur sj\u00e1lfs\u00e1i\u00f0 eftir uppskeru \u00fe\u00edna m\u00e1ttu ekki skera og \u00fe\u00fa m\u00e1tt ekki t\u00edna v\u00ednber af \u00f3klipptum v\u00ednvi\u00f0num. \u00deetta skal vera hv\u00edldar\u00e1r fyrir landi\u00f0.<br \/> <a name=\"6\"><span class=\"versanumer_2007\">6<\/span><\/a> \u00dea\u00f0 sem landi\u00f0 gefur af s\u00e9r hv\u00edldar\u00e1ri\u00f0 skal vera f\u00e6\u00f0a handa ykkur, handa sj\u00e1lfum \u00fe\u00e9r, \u00fer\u00e6li \u00fe\u00ednum, amb\u00e1tt \u00feinni, kaupamanni \u00fe\u00ednum og a\u00f0komum\u00f6nnunum hj\u00e1 \u00fe\u00e9r. <a name=\"7\"><span class=\"versanumer_2007\">7<\/span><\/a> Allar afur\u00f0ir landsins skulu vera f\u00e9na\u00f0i \u00fe\u00ednum og villid\u00fdrum til f\u00e6\u00f0u \u00ed landi \u00fe\u00ednu.<br \/> <a name=\"8\"><span class=\"versanumer_2007\">8<\/span><\/a> \u00de\u00fa skalt telja sj\u00f6 hv\u00edldar\u00e1r, sj\u00f6 sinnum sj\u00f6 \u00e1r svo a\u00f0 t\u00edmabil sj\u00f6 hv\u00edldar\u00e1ra ver\u00f0i fj\u00f6rut\u00edu og n\u00edu \u00e1r. <a name=\"9\"><span class=\"versanumer_2007\">9<\/span><\/a> T\u00edunda dag sj\u00f6unda m\u00e1na\u00f0ar skaltu bl\u00e1sa fagna\u00f0arbl\u00e1stur me\u00f0 hafurshorninu. \u00c1 fri\u00f0\u00fe\u00e6gingardaginn skulu\u00f0 \u00fei\u00f0 \u00feeyta horni\u00f0 alls sta\u00f0ar \u00ed landi ykkar. <a name=\"10\"><span class=\"versanumer_2007\">10<\/span><\/a> \u00deannig skulu\u00f0 \u00fei\u00f0 kunngj\u00f6ra helgi fimmtugasta \u00e1rsins og bo\u00f0a lausn \u00ed landinu fyrir alla \u00edb\u00faa \u00feess: \u00deetta skal vera ykkur fagna\u00f0ar\u00e1r. \u00de\u00e1 skal hver ma\u00f0ur halda heim til jar\u00f0eignar sinnar, s\u00e9rhver skal sn\u00faa heim til \u00e6ttar sinnar. <a name=\"11\"><span class=\"versanumer_2007\">11<\/span><\/a> \u00deetta fimmtugasta \u00e1r skal vera ykkur fagna\u00f0ar\u00e1r. \u00de\u00e1 megi\u00f0 \u00fei\u00f0 ekki s\u00e1 og hvorki skera sj\u00e1lfs\u00e1i\u00f0 korn n\u00e9 t\u00edna v\u00ednber af \u00f3klipptum v\u00ednvi\u00f0i: <a name=\"12\"><span class=\"versanumer_2007\">12<\/span><\/a> \u00deetta er fagna\u00f0ar\u00e1r, \u00fea\u00f0 \u00e1 a\u00f0 vera ykkur heilagt. \u00de\u00e1 skulu\u00f0 \u00fei\u00f0 neyta afur\u00f0a landsins beint af j\u00f6r\u00f0inni.<br \/> <a name=\"13\"><span class=\"versanumer_2007\">13<\/span><\/a> \u00c1 sl\u00edku fagna\u00f0ar\u00e1ri skal hver ma\u00f0ur halda heim til jar\u00f0eignar sinnar.<br \/> <a name=\"14\"><span class=\"versanumer_2007\">14<\/span><\/a> \u00deegar \u00fe\u00fa selur landa \u00fe\u00ednum eitthva\u00f0 e\u00f0a kaupir eitthva\u00f0 \u00far hendi landa \u00fe\u00edns megi\u00f0 \u00fei\u00f0 ekki reyna a\u00f0 hafa hvor af \u00f6\u00f0rum. <a name=\"15\"><span class=\"versanumer_2007\">15<\/span><\/a> \u00deegar \u00fe\u00fa kaupir af landa \u00fe\u00ednum \u00e1 a\u00f0 mi\u00f0a ver\u00f0 vi\u00f0 fj\u00f6lda \u00e1ra sem li\u00f0in eru fr\u00e1 fagna\u00f0ar\u00e1rinu. Hann \u00e1 a\u00f0 selja \u00fe\u00e9r fyrir ver\u00f0 sem mi\u00f0ast vi\u00f0 fj\u00f6lda uppskeru\u00e1ra. <a name=\"16\"><span class=\"versanumer_2007\">16<\/span><\/a> \u00dev\u00ed fleiri sem \u00e1rin eru \u00feeim mun h\u00e6rra ver\u00f0 \u00e1 hann a\u00f0 f\u00e1, \u00fev\u00ed f\u00e6rri sem \u00e1rin eru \u00feeim mun l\u00e6gra ver\u00f0 \u00e1tt \u00fe\u00fa a\u00f0 krefja hann um \u00fev\u00ed a\u00f0 hann selur \u00fe\u00e9r tilteki\u00f0 uppskerumagn. <a name=\"17\"><span class=\"versanumer_2007\">17<\/span><\/a> Enginn m\u00e1 hafa neitt af landa s\u00ednum. \u00de\u00fa skalt vir\u00f0a Gu\u00f0 \u00feinn, \u00e9g er Drottinn, Gu\u00f0 ykkar.<br \/> <a name=\"18\"><span class=\"versanumer_2007\">18<\/span><\/a> \u00dei\u00f0 eigi\u00f0 a\u00f0 halda l\u00f6g m\u00edn og reglur og framfylgja \u00feeim svo a\u00f0 \u00fei\u00f0 geti\u00f0 b\u00fai\u00f0 \u00f6ruggir \u00ed landinu. <a name=\"19\"><span class=\"versanumer_2007\">19<\/span><\/a> \u00de\u00e1 mun landi\u00f0 gefa af s\u00e9r \u00e1v\u00f6xt svo a\u00f0 \u00fei\u00f0 geti\u00f0 eti\u00f0 n\u00e6gju ykkar og b\u00fai\u00f0 \u00f6ruggir \u00ed \u00fev\u00ed.<br \/> <a name=\"20\"><span class=\"versanumer_2007\">20<\/span><\/a> \u00deegar \u00fei\u00f0 spyrji\u00f0: Hva\u00f0 eigum vi\u00f0 a\u00f0 eta sj\u00f6unda \u00e1ri\u00f0 \u00feegar vi\u00f0 megum hvorki s\u00e1 n\u00e9 hir\u00f0a uppskeru okkar? <a name=\"21\"><span class=\"versanumer_2007\">21<\/span><\/a> \u00fe\u00e1 mun \u00e9g senda blessun m\u00edna til ykkar sj\u00f6tta \u00e1ri\u00f0 og h\u00fan mun gera uppskeru ykkar n\u00e6ga til \u00feriggja \u00e1ra. <a name=\"22\"><span class=\"versanumer_2007\">22<\/span><\/a> \u00deegar \u00fei\u00f0 s\u00e1i\u00f0 \u00e1 \u00e1ttunda \u00e1rinu geti\u00f0 \u00fei\u00f0 enn eti\u00f0 af g\u00f6mlu uppskerunni, allt fram \u00e1 n\u00edunda \u00e1r. \u00dei\u00f0 skulu\u00f0 eta af g\u00f6mlu uppskerunni \u00fear til uppskera n\u00edunda \u00e1rsins kemur.<\/p>\n<h3 class=\"millifyrirsogn_2007\">Eignarr\u00e9ttur<\/h3>\n<p><a name=\"23\"><span class=\"versanumer_2007\">23<\/span><\/a> Ekki m\u00e1 selja land fyrir fullt og allt \u00fev\u00ed a\u00f0 \u00e9g \u00e1 landi\u00f0. \u00dei\u00f0 eru\u00f0 a\u00f0eins a\u00f0komumenn og leiguli\u00f0ar hj\u00e1 m\u00e9r. <a name=\"24\"><span class=\"versanumer_2007\">24<\/span><\/a> Alls sta\u00f0ar \u00ed eignarlandi ykkar skulu\u00f0 \u00fei\u00f0 vir\u00f0a endurkaupar\u00e9ttinn. <a name=\"25\"><span class=\"versanumer_2007\">25<\/span><\/a> \u00deegar \u00e6ttbr\u00f3\u00f0ir \u00feinn lendir \u00ed kr\u00f6ggum og \u00fearf a\u00f0 selja eitthva\u00f0 af jar\u00f0eign sinni skal \u00fea\u00f0 skyldmenni, sem stendur honum n\u00e6st, gerast lausnarma\u00f0ur hans. Hann skal leysa til s\u00edn \u00fea\u00f0 sem \u00e6ttbr\u00f3\u00f0ir hans seldi.<br \/> <a name=\"26\"><span class=\"versanumer_2007\">26<\/span><\/a> \u00deegar einhver hefur ekki lausnarmann en getur sj\u00e1lfur afla\u00f0 n\u00e6gilegs fj\u00e1r til a\u00f0 grei\u00f0a lausnargjaldi\u00f0 <a name=\"27\"><span class=\"versanumer_2007\">27<\/span><\/a> skal hann telja \u00e1rin fr\u00e1 \u00fev\u00ed a\u00f0 kaupin voru ger\u00f0 og endurgrei\u00f0a kaupandanum fyrir \u00feann t\u00edma sem eftir er. \u00dev\u00ed n\u00e6st getur hann fari\u00f0 aftur til jar\u00f0eignar sinnar. <a name=\"28\"><span class=\"versanumer_2007\">28<\/span><\/a> En geti hann ekki afla\u00f0 n\u00e6gilegs fj\u00e1r til a\u00f0 grei\u00f0a honum skal j\u00f6r\u00f0in, sem hann seldi, vera \u00ed hendi kaupandans til n\u00e6sta fagna\u00f0ar\u00e1rs. \u00c1 fagna\u00f0ar\u00e1rinu ver\u00f0ur h\u00fan leyst og hann getur aftur fari\u00f0 til jar\u00f0eignar sinnar.<br \/> <a name=\"29\"><span class=\"versanumer_2007\">29<\/span><\/a> \u00deegar einhver ma\u00f0ur selur \u00edb\u00fa\u00f0arh\u00fas \u00ed v\u00edggirtri borg gildir endurkaupar\u00e9ttur hans til loka s\u00f6lu\u00e1rsins: Endurkaupar\u00e9ttur hans gildir tiltekinn t\u00edma. <a name=\"30\"><span class=\"versanumer_2007\">30<\/span><\/a> En ef hann leysir \u00fea\u00f0 ekki til s\u00edn fyrir \u00e1rslok ver\u00f0ur \u00feetta h\u00fas \u00ed v\u00edggirtri borg eign kaupandans og ni\u00f0ja hans. \u00dea\u00f0 ver\u00f0ur ekki leyst \u00e1 fagna\u00f0ar\u00e1rinu. <a name=\"31\"><span class=\"versanumer_2007\">31<\/span><\/a> En h\u00fas \u00ed \u00feorpum, sem ekki eru v\u00edggirt, teljast vera \u00ed sveit. \u00deau ver\u00f0a ekki leyst \u00e1 fagna\u00f0ar\u00e1rinu.<\/p>\n<h3 class=\"millifyrirsogn_2007\">Eignarr\u00e9ttur Lev\u00edta<\/h3>\n<p><a name=\"32\"><span class=\"versanumer_2007\">32<\/span><\/a> Um borgir Lev\u00edta gildir a\u00f0 Lev\u00edtum er heimilt a\u00f0 leysa til s\u00edn h\u00fasin \u00ed borgum s\u00ednum hven\u00e6r sem er. <a name=\"33\"><span class=\"versanumer_2007\">33<\/span><\/a> Ef einhver af Lev\u00edtunum notar ekki endurkaupar\u00e9tt sinn ver\u00f0ur \u00fea\u00f0 h\u00fas \u00ed borginni, sem er eign hans, leyst \u00e1 fagna\u00f0ar\u00e1rinu \u00fev\u00ed a\u00f0 h\u00fasin \u00ed borgum Lev\u00edta eru eign \u00feeirra \u00e1 me\u00f0al \u00cdsraelsmanna. <a name=\"34\"><span class=\"versanumer_2007\">34<\/span><\/a> Ekki m\u00e1 selja beitilandi\u00f0 sem liggur a\u00f0 \u00feessum borgum \u00fev\u00ed a\u00f0 \u00fea\u00f0 er \u00e6varandi eign \u00edb\u00faa \u00feeirra.<\/p>\n<h3 class=\"millifyrirsogn_2007\">Hj\u00e1lp vi\u00f0 nau\u00f0stadda<\/h3>\n<p><a name=\"35\"><span class=\"versanumer_2007\">35<\/span><\/a> \u00deegar landi \u00feinn lendir \u00ed kr\u00f6ggum og kemst ekki af \u00ed samf\u00e9laginu skaltu veita honum hj\u00e1lp eins og a\u00f0komumanni e\u00f0a gesti svo a\u00f0 hann haldi l\u00edfi ykkar \u00e1 me\u00f0al. <a name=\"36\"><span class=\"versanumer_2007\">36<\/span><\/a> Taktu hvorki vexti n\u00e9 okurleigu af honum. \u00de\u00fa skalt vir\u00f0a Gu\u00f0 \u00feinn svo a\u00f0 br\u00f3\u00f0ir \u00feinn haldi l\u00edfi \u00ed samf\u00e9laginu. <a name=\"37\"><span class=\"versanumer_2007\">37<\/span><\/a> \u00de\u00fa m\u00e1tt hvorki draga vexti fr\u00e1 peningal\u00e1ni til hans n\u00e9 leggja okurleigu \u00e1 matv\u00e6li sem \u00fe\u00fa l\u00e1nar honum. <a name=\"38\"><span class=\"versanumer_2007\">38<\/span><\/a> \u00c9g er Drottinn, Gu\u00f0 ykkar sem leiddi ykkur \u00fat \u00far Egyptalandi til a\u00f0 gefa ykkur Kanaansland og vera Gu\u00f0 ykkar.<\/p>\n<h3 class=\"millifyrirsogn_2007\">\u00der\u00e6lahald<\/h3>\n<p><a name=\"39\"><span class=\"versanumer_2007\">39<\/span><\/a> \u00deegar landi \u00feinn lendir \u00ed kr\u00f6ggum og selur sig \u00fe\u00e9r m\u00e1tt \u00fe\u00fa ekki l\u00e1ta hann vinna \u00fer\u00e6lavinnu. <a name=\"40\"><span class=\"versanumer_2007\">40<\/span><\/a> Hann \u00e1 a\u00f0 vera hj\u00e1 \u00fe\u00e9r eins og daglaunama\u00f0ur e\u00f0a gestur og vinna hj\u00e1 \u00fe\u00e9r til n\u00e6sta fagna\u00f0ar\u00e1rs. <a name=\"41\"><span class=\"versanumer_2007\">41<\/span><\/a> \u00de\u00e1 skal hann fara fr\u00e1 \u00fe\u00e9r frj\u00e1ls ma\u00f0ur \u00e1samt b\u00f6rnum s\u00ednum og sn\u00faa aftur til \u00e6ttmenna sinna og jar\u00f0eignar forfe\u00f0ra sinna. <a name=\"42\"><span class=\"versanumer_2007\">42<\/span><\/a> Vegna \u00feess a\u00f0 \u00feeir eru \u00fer\u00e6lar m\u00ednir, sem \u00e9g leiddi \u00fat \u00far Egyptalandi, m\u00e1 ekki selja \u00fe\u00e1 mansali. <a name=\"43\"><span class=\"versanumer_2007\">43<\/span><\/a> \u00de\u00fa skalt ekki beita \u00fe\u00e1 valdi. S\u00fdndu Gu\u00f0i \u00fe\u00ednum lotningu.<br \/> <a name=\"44\"><span class=\"versanumer_2007\">44<\/span><\/a> \u00deetta gildir um \u00fe\u00e1 \u00fer\u00e6la og amb\u00e1ttir sem \u00fe\u00fa eignast. \u00dei\u00f0 megi\u00f0 kaupa \u00fer\u00e6la og amb\u00e1ttir af \u00fej\u00f3\u00f0unum sem eru umhverfis ykkur. <a name=\"45\"><span class=\"versanumer_2007\">45<\/span><\/a> \u00dei\u00f0 megi\u00f0 einnig kaupa b\u00f6rn af \u00feeim a\u00f0komum\u00f6nnum sem dveljast hj\u00e1 ykkur undir vernd og eru f\u00e6dd \u00ed landi ykkar. \u00deau ver\u00f0a eign ykkar <a name=\"46\"><span class=\"versanumer_2007\">46<\/span><\/a> og \u00fei\u00f0 geti\u00f0 l\u00e1ti\u00f0 \u00feau ganga \u00ed arf til barna ykkar. \u00dei\u00f0 geti\u00f0 \u00e6vinlega l\u00e1ti\u00f0 \u00feau vinna sem \u00fer\u00e6la. En landa ykkar, \u00cdsraelsmenn, skulu\u00f0 \u00fei\u00f0 ekki beita valdi.<br \/> <a name=\"47\"><span class=\"versanumer_2007\">47<\/span><\/a> \u00deegar a\u00f0komuma\u00f0ur e\u00f0a gestur au\u00f0gast hj\u00e1 \u00fe\u00e9r en \u00e6ttbr\u00f3\u00f0ir \u00feinn lendir \u00ed kr\u00f6ggum og ver\u00f0ur a\u00f0 selja sig a\u00f0komumanninum e\u00f0a leiguli\u00f0anum e\u00f0a afkomanda a\u00f0komumannsins <a name=\"48\"><span class=\"versanumer_2007\">48<\/span><\/a> skal heimilt a\u00f0 leysa hann eftir a\u00f0 hann hefur selt sig: Anna\u00f0hvort skal einhver af l\u00f6ndum hans leysa hann <a name=\"49\"><span class=\"versanumer_2007\">49<\/span><\/a> e\u00f0a f\u00f6\u00f0urbr\u00f3\u00f0ir hans, sonur f\u00f6\u00f0urbr\u00f3\u00f0ur hans e\u00f0a einhver n\u00e1skyldur \u00e6ttingi hans. Ef hann au\u00f0gast getur hann leyst sig sj\u00e1lfur. <a name=\"50\"><span class=\"versanumer_2007\">50<\/span><\/a> Hann og kaupandinn skulu telja \u00e1rin fr\u00e1 \u00e1rinu \u00feegar hann seldi sig og til n\u00e6sta fagna\u00f0ar\u00e1rs. S\u00f6luver\u00f0i\u00f0 skal mi\u00f0a\u00f0 vi\u00f0 \u00e1rafj\u00f6ldann og hvert \u00e1r meti\u00f0 til launa daglaunamanns. <a name=\"51\"><span class=\"versanumer_2007\">51<\/span><\/a> Ef m\u00f6rg \u00e1r eru eftir skal hann draga kaupver\u00f0i\u00f0 fr\u00e1 lausnargjaldinu sem mi\u00f0ast vi\u00f0 fj\u00f6lda \u00e1ranna. <a name=\"52\"><span class=\"versanumer_2007\">52<\/span><\/a> En ef a\u00f0eins f\u00e1 \u00e1r eru eftir til fagna\u00f0ar\u00e1rsins skal hann reikna samkv\u00e6mt \u00fev\u00ed. Hann skal grei\u00f0a lausnargjald sitt eftir \u00e1rafj\u00f6ldanum. <a name=\"53\"><span class=\"versanumer_2007\">53<\/span><\/a> Hann skal s\u00e6ta s\u00f6mu kj\u00f6rum hj\u00e1 honum og kaupama\u00f0ur sem er hj\u00e1 honum \u00e1r eftir \u00e1r. S\u00e1 sem keypti hann m\u00e1 ekki beita hann valdi a\u00f0 \u00fe\u00e9r \u00e1sj\u00e1andi. <a name=\"54\"><span class=\"versanumer_2007\">54<\/span><\/a> Ef hann ver\u00f0ur ekki innleystur \u00e1 \u00feennan h\u00e1tt skal hann fara frj\u00e1ls ma\u00f0ur \u00e1samt b\u00f6rnum s\u00ednum \u00e1 fagna\u00f0ar\u00e1rinu <a name=\"55\"><span class=\"versanumer_2007\">55<\/span><\/a> \u00fev\u00ed a\u00f0 \u00cdsraelsmenn eru eign m\u00edn, m\u00ednir \u00fer\u00e6lar. \u00deeir eru \u00fer\u00e6lar m\u00ednir sem \u00e9g leiddi \u00fat \u00far Egyptalandi. \u00c9g er Drottinn, Gu\u00f0 ykkar.<\/p>\n","protected":false},"excerpt":{"rendered":"<p>Hv\u00edldar\u00e1r og fagna\u00f0ar\u00e1r 1 Drottinn tala\u00f0i vi\u00f0 M\u00f3se \u00e1 S\u00edna\u00edfjalli og sag\u00f0i: 2 \u201e\u00c1varpa\u00f0u \u00cdsraelsmenn og seg\u00f0u: \u00deegar \u00fei\u00f0 komi\u00f0 inn \u00ed landi\u00f0, sem \u00e9g gef ykkur, skal landi\u00f0 hv\u00edlast Drottni til d\u00fdr\u00f0ar. 3 Sex \u00e1r skaltu s\u00e1 \u00ed akur \u00feinn og sex \u00e1r skaltu klippa v\u00edngar\u00f0 \u00feinn og hir\u00f0a afrakstur hans. 4 En sj\u00f6unda \u00e1ri\u00f0 skal landi\u00f0 hv\u00edlast algj\u00f6rlega. \u00dea\u00f0 er hv\u00edld Drottni til d\u00fdr\u00f0ar. \u00de\u00e1 skaltu hvorki s\u00e1 akur \u00feinn n\u00e9 klippa v\u00edngar\u00f0 \u00feinn. 5 \u00dea\u00f0 sem sprettur sj\u00e1lfs\u00e1i\u00f0 eftir uppskeru \u00fe\u00edna m\u00e1ttu ekki skera og \u00fe\u00fa m\u00e1tt ekki t\u00edna v\u00ednber af \u00f3klipptum v\u00ednvi\u00f0num. \u00deetta skal vera hv\u00edldar\u00e1r <a href=\"https:\/\/biblian.is\/biblian\/thridja-mosebok-25-kafli\/\"> [&#8230;]<\/a><\/p>\n","protected":false},"author":1,"featured_media":0,"parent":0,"menu_order":0,"comment_status":"open","ping_status":"open","template":"bibliukaflar_NT.php","meta":{"footnotes":""},"class_list":["post-1732","page","type-page","status-publish","hentry"],"_links":{"self":[{"href":"https:\/\/biblian.is\/biblian\/wp-json\/wp\/v2\/pages\/1732","targetHints":{"allow":["GET"]}}],"collection":[{"href":"https:\/\/biblian.is\/biblian\/wp-json\/wp\/v2\/pages"}],"about":[{"href":"https:\/\/biblian.is\/biblian\/wp-json\/wp\/v2\/types\/page"}],"author":[{"embeddable":true,"href":"https:\/\/biblian.is\/biblian\/wp-json\/wp\/v2\/users\/1"}],"replies":[{"embeddable":true,"href":"https:\/\/biblian.is\/biblian\/wp-json\/wp\/v2\/comments?post=1732"}],"version-history":[{"count":0,"href":"https:\/\/biblian.is\/biblian\/wp-json\/wp\/v2\/pages\/1732\/revisions"}],"wp:attachment":[{"href":"https:\/\/biblian.is\/biblian\/wp-json\/wp\/v2\/media?parent=1732"}],"curies":[{"name":"wp","href":"https:\/\/api.w.org\/{rel}","templated":true}]}}