{"id":1731,"date":"2017-12-30T21:00:11","date_gmt":"2017-12-30T21:00:11","guid":{"rendered":"http:\/\/biblian.is\/biblian\/_ri_ja-m%c2%97seb%c2%97k-24-kafli\/"},"modified":"2024-05-06T22:30:22","modified_gmt":"2024-05-06T22:30:22","slug":"thridja-mosebok-24-kafli","status":"publish","type":"page","link":"https:\/\/biblian.is\/biblian\/thridja-mosebok-24-kafli\/","title":{"rendered":"\u00deri\u00f0ja M\u00f3seb\u00f3k 24. kafli"},"content":{"rendered":"<h3 class=\"millifyrirsogn_2007\"> Lj\u00f3sastikan<\/h3>\n<p><a name=\"1\"><span class=\"versanumer_2007\">1<\/span><\/a> Drottinn tala\u00f0i vi\u00f0 M\u00f3se og sag\u00f0i:<br \/> <a name=\"2\"><span class=\"versanumer_2007\">2<\/span><\/a> \u201eGef\u00f0u \u00cdsraelsm\u00f6nnum fyrirm\u00e6li um a\u00f0 f\u00e6ra \u00fe\u00e9r hreina ol\u00edu \u00far steyttum \u00f3l\u00edfum fyrir lj\u00f3sastikuna svo a\u00f0 \u00e1 henni s\u00e9 \u00e1vallt h\u00e6gt a\u00f0 hafa lampa logandi. <a name=\"3\"><span class=\"versanumer_2007\">3<\/span><\/a> Aron skal koma \u00feeim fyrir framan vi\u00f0 fortjaldi\u00f0 fyrir s\u00e1ttm\u00e1lst\u00e1kninu \u00ed samfundatjaldinu. \u00c1 \u00feeim skal st\u00f6\u00f0ugt loga frammi fyrir augliti Drottins fr\u00e1 morgni til kv\u00f6lds. \u00deetta er \u00e6varandi regla sem gildir hj\u00e1 ykkur fr\u00e1 kyni til kyns. <a name=\"4\"><span class=\"versanumer_2007\">4<\/span><\/a> Aron skal alltaf sj\u00e1 um lampana sem eru \u00e1 gulllj\u00f3sastikunni frammi fyrir augliti Drottins.<\/p>\n<h3 class=\"millifyrirsogn_2007\">Sko\u00f0unarbrau\u00f0in<\/h3>\n<p><a name=\"5\"><span class=\"versanumer_2007\">5<\/span><\/a> \u00de\u00fa skalt taka f\u00ednt mj\u00f6l og baka \u00far \u00fev\u00ed t\u00f3lf kringl\u00f3ttar brau\u00f0k\u00f6kur. Hver kaka skal vera \u00far tveimur t\u00edundu hlutum \u00far efu af f\u00ednu mj\u00f6li. <a name=\"6\"><span class=\"versanumer_2007\">6<\/span><\/a> \u00de\u00fa skalt leggja k\u00f6kurnar \u00ed tvo stafla, sex \u00ed hvorn, \u00e1 gullbor\u00f0i\u00f0 frammi fyrir augliti Drottins. <a name=\"7\"><span class=\"versanumer_2007\">7<\/span><\/a> \u00de\u00fa skalt leggja hreint reykelsi ofan \u00e1 hvorn stafla. \u00dea\u00f0 skal vera minningarhluti fyrir k\u00f6kurnar, eldf\u00f3rn handa Drottni. <a name=\"8\"><span class=\"versanumer_2007\">8<\/span><\/a> Hann skal ra\u00f0a \u00feeim frammi fyrir augliti Drottins hv\u00edldardag eftir hv\u00edldardag. \u00dea\u00f0 er \u00e6vinleg s\u00e1ttm\u00e1lsskuldbinding \u00cdsraelsmanna. <a name=\"9\"><span class=\"versanumer_2007\">9<\/span><\/a> Aron og synir hans skulu f\u00e1 brau\u00f0i\u00f0 og \u00feeir skulu neyta \u00feess \u00e1 helgum sta\u00f0 \u00fev\u00ed a\u00f0 \u00fea\u00f0 er h\u00e1heilagt. Hann f\u00e6r \u00fea\u00f0 af eldf\u00f3rnum Drottins, \u00fea\u00f0 er \u00e6varandi l\u00f6gbundinn r\u00e9ttur.\u201c<\/p>\n<h3 class=\"millifyrirsogn_2007\">Gu\u00f0last<\/h3>\n<p><a name=\"10\"><span class=\"versanumer_2007\">10<\/span><\/a> Einhverju sinni gekk sonur \u00edsraelskrar konu og egypsks manns um \u00e1 me\u00f0al \u00cdsraelsmanna. \u00de\u00e1 h\u00f3fust deilur milli sonar \u00edsraelsku konunnar og \u00edsraelsks manns \u00ed herb\u00fa\u00f0unum. <a name=\"11\"><span class=\"versanumer_2007\">11<\/span><\/a> Sonur \u00edsraelsku konunnar sm\u00e1na\u00f0i \u00fe\u00e1 nafn Gu\u00f0s og form\u00e6lti og var leiddur fyrir M\u00f3se. Nafn m\u00f3\u00f0ur hans var Sel\u00f3m\u00edt D\u00edbr\u00edsd\u00f3ttir af \u00e6ttb\u00e1lki Dans. <a name=\"12\"><span class=\"versanumer_2007\">12<\/span><\/a> Hann var settur \u00ed var\u00f0hald \u00fear til M\u00f3se kva\u00f0 upp \u00farskur\u00f0 fyrir Drottin.<br \/> <a name=\"13\"><span class=\"versanumer_2007\">13<\/span><\/a> Drottinn tala\u00f0i vi\u00f0 M\u00f3se og sag\u00f0i:<br \/> <a name=\"14\"><span class=\"versanumer_2007\">14<\/span><\/a> \u201eLeiddu manninn, sem form\u00e6lti, \u00fat fyrir herb\u00fa\u00f0irnar. \u00dev\u00ed n\u00e6st skulu allir, sem til hans heyr\u00f0u, leggja h\u00f6nd s\u00edna \u00e1 h\u00f6fu\u00f0 hans, s\u00ed\u00f0an skal allur s\u00f6fnu\u00f0urinn gr\u00fdta hann. <a name=\"15\"><span class=\"versanumer_2007\">15<\/span><\/a> \u00de\u00e1 skaltu \u00e1varpa \u00cdsraelsmenn og segja: Hver s\u00e1 sem form\u00e6lir Gu\u00f0i s\u00ednum skal bera synd s\u00edna. <a name=\"16\"><span class=\"versanumer_2007\">16<\/span><\/a> Hver sem sm\u00e1nar nafn Drottins skal tekinn af l\u00edfi, allur s\u00f6fnu\u00f0urinn skal gr\u00fdta hann. Hvort sem \u00fea\u00f0 er a\u00f0komuma\u00f0ur e\u00f0a innborinn, sem sm\u00e1nar nafni\u00f0, skal hann deyja. <a name=\"17\"><span class=\"versanumer_2007\">17<\/span><\/a> Drepi ma\u00f0ur mann skal hann tekinn af l\u00edfi. <a name=\"18\"><span class=\"versanumer_2007\">18<\/span><\/a> Hver sem drepur skepnu skal b\u00e6ta hana: L\u00edf fyrir l\u00edf. <a name=\"19\"><span class=\"versanumer_2007\">19<\/span><\/a> \u00deegar einhver ma\u00f0ur veitir landa s\u00ednum \u00e1verka skal honum gert \u00fea\u00f0 sama og hann sj\u00e1lfur ger\u00f0i: <a name=\"20\"><span class=\"versanumer_2007\">20<\/span><\/a> Beinbrot fyrir beinbrot, auga fyrir auga, t\u00f6nn fyrir t\u00f6nn. Honum skal veittur sami \u00e1verki og hann veitti manninum. <a name=\"21\"><span class=\"versanumer_2007\">21<\/span><\/a> Hver sem drepur skepnu skal b\u00e6ta hana en hver sem drepur mann skal tekinn af l\u00edfi.<br \/> <a name=\"22\"><span class=\"versanumer_2007\">22<\/span><\/a> Sama r\u00e9ttarregla skal gilda fyrir ykkur, b\u00e6\u00f0i fyrir a\u00f0komumenn og innborna, \u00fev\u00ed a\u00f0 \u00e9g, Drottinn, er Gu\u00f0 ykkar.\u201c<br \/> <a name=\"23\"><span class=\"versanumer_2007\">23<\/span><\/a> \u00deegar M\u00f3se haf\u00f0i sagt \u00feetta vi\u00f0 \u00cdsraelsmenn leiddu \u00feeir manninn, sem haf\u00f0i form\u00e6lt, \u00fat fyrir herb\u00fa\u00f0irnar og gr\u00fdttu hann. \u00deannig ger\u00f0u \u00cdsraelsmenn \u00fea\u00f0 sem Drottinn haf\u00f0i bo\u00f0i\u00f0 M\u00f3se.<\/p>\n","protected":false},"excerpt":{"rendered":"<p>Lj\u00f3sastikan 1 Drottinn tala\u00f0i vi\u00f0 M\u00f3se og sag\u00f0i: 2 \u201eGef\u00f0u \u00cdsraelsm\u00f6nnum fyrirm\u00e6li um a\u00f0 f\u00e6ra \u00fe\u00e9r hreina ol\u00edu \u00far steyttum \u00f3l\u00edfum fyrir lj\u00f3sastikuna svo a\u00f0 \u00e1 henni s\u00e9 \u00e1vallt h\u00e6gt a\u00f0 hafa lampa logandi. 3 Aron skal koma \u00feeim fyrir framan vi\u00f0 fortjaldi\u00f0 fyrir s\u00e1ttm\u00e1lst\u00e1kninu \u00ed samfundatjaldinu. \u00c1 \u00feeim skal st\u00f6\u00f0ugt loga frammi fyrir augliti Drottins fr\u00e1 morgni til kv\u00f6lds. \u00deetta er \u00e6varandi regla sem gildir hj\u00e1 ykkur fr\u00e1 kyni til kyns. 4 Aron skal alltaf sj\u00e1 um lampana sem eru \u00e1 gulllj\u00f3sastikunni frammi fyrir augliti Drottins. Sko\u00f0unarbrau\u00f0in 5 \u00de\u00fa skalt taka f\u00ednt mj\u00f6l og baka \u00far \u00fev\u00ed t\u00f3lf kringl\u00f3ttar <a href=\"https:\/\/biblian.is\/biblian\/thridja-mosebok-24-kafli\/\"> [&#8230;]<\/a><\/p>\n","protected":false},"author":1,"featured_media":0,"parent":0,"menu_order":0,"comment_status":"open","ping_status":"open","template":"bibliukaflar_NT.php","meta":{"footnotes":""},"class_list":["post-1731","page","type-page","status-publish","hentry"],"_links":{"self":[{"href":"https:\/\/biblian.is\/biblian\/wp-json\/wp\/v2\/pages\/1731","targetHints":{"allow":["GET"]}}],"collection":[{"href":"https:\/\/biblian.is\/biblian\/wp-json\/wp\/v2\/pages"}],"about":[{"href":"https:\/\/biblian.is\/biblian\/wp-json\/wp\/v2\/types\/page"}],"author":[{"embeddable":true,"href":"https:\/\/biblian.is\/biblian\/wp-json\/wp\/v2\/users\/1"}],"replies":[{"embeddable":true,"href":"https:\/\/biblian.is\/biblian\/wp-json\/wp\/v2\/comments?post=1731"}],"version-history":[{"count":0,"href":"https:\/\/biblian.is\/biblian\/wp-json\/wp\/v2\/pages\/1731\/revisions"}],"wp:attachment":[{"href":"https:\/\/biblian.is\/biblian\/wp-json\/wp\/v2\/media?parent=1731"}],"curies":[{"name":"wp","href":"https:\/\/api.w.org\/{rel}","templated":true}]}}