{"id":1728,"date":"2017-12-30T21:00:11","date_gmt":"2017-12-30T21:00:11","guid":{"rendered":"http:\/\/biblian.is\/biblian\/_ri_ja-m%c2%97seb%c2%97k-21-kafli\/"},"modified":"2024-05-06T22:30:21","modified_gmt":"2024-05-06T22:30:21","slug":"thridja-mosebok-21-kafli","status":"publish","type":"page","link":"https:\/\/biblian.is\/biblian\/thridja-mosebok-21-kafli\/","title":{"rendered":"\u00deri\u00f0ja M\u00f3seb\u00f3k 21. kafli"},"content":{"rendered":"<h3 class=\"millifyrirsogn_2007\"> Heilagleiki presta<\/h3>\n<p><a name=\"1\"><span class=\"versanumer_2007\">1<\/span><\/a> Drottinn sag\u00f0i vi\u00f0 M\u00f3se:<br \/>\u201e\u00c1varpa\u00f0u prestana, syni Arons, og seg\u00f0u: <a name=\"2\"><span class=\"versanumer_2007\">2<\/span><\/a> Prestur skal ekki saurga sig \u00e1 l\u00edki einhvers \u00e6ttingja sinna nema \u00fea\u00f0 s\u00e9 af n\u00e1nustu skyldmennum: m\u00f3\u00f0ur hans, f\u00f6\u00f0ur, syni, d\u00f3ttur e\u00f0a br\u00f3\u00f0ur. <a name=\"3\"><span class=\"versanumer_2007\">3<\/span><\/a> Hann m\u00e1 saurga sig \u00e1 l\u00edki \u00f3giftrar systur sinnar; h\u00fan er honum n\u00e1komin af \u00fev\u00ed a\u00f0 h\u00fan hefur ekki veri\u00f0 gefin manni. <a name=\"4\"><span class=\"versanumer_2007\">4<\/span><\/a> En hann m\u00e1 ekki saurga sig \u00e1 systur sinni sem gift er einhverjum \u00e6ttingja hans. Hann mundi vanhelga sig. <a name=\"5\"><span class=\"versanumer_2007\">5<\/span><\/a> Prestar skulu hvorki kr\u00fanuraka sig, jafna skegg sitt n\u00e9 rista s\u00e1r \u00ed h\u00f6rund sitt. <a name=\"6\"><span class=\"versanumer_2007\">6<\/span><\/a> \u00deeir skulu vera helga\u00f0ir Gu\u00f0i s\u00ednum og mega ekki vanhelga nafn Gu\u00f0s s\u00edns. Af \u00fev\u00ed a\u00f0 \u00feeim ber a\u00f0 f\u00e6ra fram eldf\u00f3rnir Drottins, sem er matur handa Gu\u00f0i \u00feeirra, eiga \u00feeir a\u00f0 vera heilagir.<br \/> <a name=\"7\"><span class=\"versanumer_2007\">7<\/span><\/a> Prestar skulu hvorki taka s\u00e9r sk\u00e6kju fyrir eiginkonu n\u00e9 spjalla\u00f0a konu n\u00e9 konu sem eiginma\u00f0ur hennar hefur skili\u00f0 vi\u00f0 \u00fev\u00ed a\u00f0 prestur er v\u00edg\u00f0ur Gu\u00f0i s\u00ednum. <a name=\"8\"><span class=\"versanumer_2007\">8<\/span><\/a> Hann skal vera \u00fe\u00e9r heilagur \u00fev\u00ed a\u00f0 hann ber fram mat Gu\u00f0s \u00fe\u00edns. Hann skal vera \u00fe\u00e9r heilagur \u00fev\u00ed a\u00f0 \u00e9g er heilagur, Drottinn, sem helgar ykkur. <a name=\"9\"><span class=\"versanumer_2007\">9<\/span><\/a> \u00deegar d\u00f3ttir prests vanhelgar sig me\u00f0 sk\u00e6kjulifna\u00f0i vanhelgar h\u00fan f\u00f6\u00f0ur sinn. H\u00fan skal brennd \u00ed eldi.<br \/> <a name=\"10\"><span class=\"versanumer_2007\">10<\/span><\/a> S\u00e1 prestur, sem er \u00e6\u00f0stur br\u00e6\u00f0ra sinna og hefur veri\u00f0 smur\u00f0ur ol\u00edu \u00e1 h\u00f6fu\u00f0 sitt og veri\u00f0 settur \u00ed emb\u00e6tti me\u00f0 \u00fev\u00ed a\u00f0 skr\u00fd\u00f0a hann kl\u00e6\u00f0um emb\u00e6ttis s\u00edns, skal hvorki l\u00e1ta h\u00e1r sitt hanga laust n\u00e9 r\u00edfa kl\u00e6\u00f0i s\u00edn. <a name=\"11\"><span class=\"versanumer_2007\">11<\/span><\/a> Hann m\u00e1 ekki saurga sig me\u00f0 \u00fev\u00ed a\u00f0 snerta l\u00edk, ekki einu sinni l\u00edk f\u00f6\u00f0ur s\u00edns e\u00f0a m\u00f3\u00f0ur. <a name=\"12\"><span class=\"versanumer_2007\">12<\/span><\/a> Hann m\u00e1 ekki yfirgefa helgid\u00f3minn svo a\u00f0 hann vanhelgi ekki helgid\u00f3m Gu\u00f0s s\u00edns \u00fev\u00ed a\u00f0 helgi smurningarol\u00edu Gu\u00f0s hans er \u00e1 h\u00f6f\u00f0i hans. \u00c9g er Drottinn.<br \/> <a name=\"13\"><span class=\"versanumer_2007\">13<\/span><\/a> \u00c6\u00f0sti presturinn skal taka \u00f3spjalla\u00f0a mey s\u00e9r fyrir eiginkonu. <a name=\"14\"><span class=\"versanumer_2007\">14<\/span><\/a> Hann m\u00e1 ekki kv\u00e6nast ekkju, fr\u00e1skilinni konu, spjalla\u00f0ri mey e\u00f0a sk\u00e6kju heldur skal hann taka s\u00e9r \u00f3spjalla\u00f0a mey af \u00fej\u00f3\u00f0 sinni fyrir eiginkonu. <a name=\"15\"><span class=\"versanumer_2007\">15<\/span><\/a> Hann m\u00e1 ekki vanhelga ni\u00f0ja s\u00edna \u00e1 me\u00f0al \u00e6ttbr\u00e6\u00f0ra sinna \u00fev\u00ed a\u00f0 \u00e9g, Drottinn, helga hann.\u201c<br \/> <a name=\"16\"><span class=\"versanumer_2007\">16<\/span><\/a> Drottinn tala\u00f0i vi\u00f0 M\u00f3se og sag\u00f0i:<br \/> <a name=\"17\"><span class=\"versanumer_2007\">17<\/span><\/a> \u201e\u00c1varpa\u00f0u Aron og seg\u00f0u: Enginn ni\u00f0ja \u00feinna, sem hefur l\u00edkamsl\u00fdti, m\u00e1 ganga fram til a\u00f0 bera fram mat Gu\u00f0s s\u00edns. <a name=\"18\"><span class=\"versanumer_2007\">18<\/span><\/a> Enginn m\u00e1 ganga fram sem hefur l\u00edkamsl\u00fdti, hvorki blindur ma\u00f0ur n\u00e9 haltur, ma\u00f0ur me\u00f0 klofna v\u00f6r e\u00f0a misv\u00f6xt, <a name=\"19\"><span class=\"versanumer_2007\">19<\/span><\/a> f\u00f3tbrotinn e\u00f0a handleggsbrotinn, <a name=\"20\"><span class=\"versanumer_2007\">20<\/span><\/a> krypplingur e\u00f0a dvergur, ma\u00f0ur me\u00f0 vagl \u00e1 auga, me\u00f0 geitur e\u00f0a \u00fatbrot e\u00f0a kramin eistu.<br \/> <a name=\"21\"><span class=\"versanumer_2007\">21<\/span><\/a> Enginn ni\u00f0ja Arons me\u00f0 l\u00edkamsl\u00fdti m\u00e1 ganga fram til a\u00f0 bera fram eldf\u00f3rnir Drottins. Af \u00fev\u00ed a\u00f0 hann hefur l\u00edkamsl\u00fdti m\u00e1 hann ekki ganga fram til a\u00f0 bera fram mat Gu\u00f0s s\u00edns. <a name=\"22\"><span class=\"versanumer_2007\">22<\/span><\/a> En hann m\u00e1 samt eta af mat Gu\u00f0s s\u00edns, hann m\u00e1 eta b\u00e6\u00f0i af hinu h\u00e1heilaga og af helgigj\u00f6funum. <a name=\"23\"><span class=\"versanumer_2007\">23<\/span><\/a> Hins vegar m\u00e1 hann hvorki ganga a\u00f0 fortjaldinu n\u00e9 n\u00e1lgast altari\u00f0 \u00fev\u00ed a\u00f0 hann hefur l\u00edkamsl\u00fdti. Hann m\u00e1 ekki vanhelga helgid\u00f3m minn \u00fev\u00ed a\u00f0 \u00e9g, Drottinn, helga hann.\u201c<br \/> <a name=\"24\"><span class=\"versanumer_2007\">24<\/span><\/a> \u00deetta sag\u00f0i M\u00f3se vi\u00f0 Aron og syni hans og alla \u00cdsraelsmenn.<\/p>\n","protected":false},"excerpt":{"rendered":"<p>Heilagleiki presta 1 Drottinn sag\u00f0i vi\u00f0 M\u00f3se:\u201e\u00c1varpa\u00f0u prestana, syni Arons, og seg\u00f0u: 2 Prestur skal ekki saurga sig \u00e1 l\u00edki einhvers \u00e6ttingja sinna nema \u00fea\u00f0 s\u00e9 af n\u00e1nustu skyldmennum: m\u00f3\u00f0ur hans, f\u00f6\u00f0ur, syni, d\u00f3ttur e\u00f0a br\u00f3\u00f0ur. 3 Hann m\u00e1 saurga sig \u00e1 l\u00edki \u00f3giftrar systur sinnar; h\u00fan er honum n\u00e1komin af \u00fev\u00ed a\u00f0 h\u00fan hefur ekki veri\u00f0 gefin manni. 4 En hann m\u00e1 ekki saurga sig \u00e1 systur sinni sem gift er einhverjum \u00e6ttingja hans. Hann mundi vanhelga sig. 5 Prestar skulu hvorki kr\u00fanuraka sig, jafna skegg sitt n\u00e9 rista s\u00e1r \u00ed h\u00f6rund sitt. 6 \u00deeir skulu vera helga\u00f0ir Gu\u00f0i <a href=\"https:\/\/biblian.is\/biblian\/thridja-mosebok-21-kafli\/\"> [&#8230;]<\/a><\/p>\n","protected":false},"author":1,"featured_media":0,"parent":0,"menu_order":0,"comment_status":"open","ping_status":"open","template":"bibliukaflar_NT.php","meta":{"footnotes":""},"class_list":["post-1728","page","type-page","status-publish","hentry"],"_links":{"self":[{"href":"https:\/\/biblian.is\/biblian\/wp-json\/wp\/v2\/pages\/1728","targetHints":{"allow":["GET"]}}],"collection":[{"href":"https:\/\/biblian.is\/biblian\/wp-json\/wp\/v2\/pages"}],"about":[{"href":"https:\/\/biblian.is\/biblian\/wp-json\/wp\/v2\/types\/page"}],"author":[{"embeddable":true,"href":"https:\/\/biblian.is\/biblian\/wp-json\/wp\/v2\/users\/1"}],"replies":[{"embeddable":true,"href":"https:\/\/biblian.is\/biblian\/wp-json\/wp\/v2\/comments?post=1728"}],"version-history":[{"count":0,"href":"https:\/\/biblian.is\/biblian\/wp-json\/wp\/v2\/pages\/1728\/revisions"}],"wp:attachment":[{"href":"https:\/\/biblian.is\/biblian\/wp-json\/wp\/v2\/media?parent=1728"}],"curies":[{"name":"wp","href":"https:\/\/api.w.org\/{rel}","templated":true}]}}