{"id":1726,"date":"2017-12-30T21:00:11","date_gmt":"2017-12-30T21:00:11","guid":{"rendered":"http:\/\/biblian.is\/biblian\/_ri_ja-m%c2%97seb%c2%97k-19-kafli\/"},"modified":"2024-05-06T22:30:20","modified_gmt":"2024-05-06T22:30:20","slug":"thridja-mosebok-19-kafli","status":"publish","type":"page","link":"https:\/\/biblian.is\/biblian\/thridja-mosebok-19-kafli\/","title":{"rendered":"\u00deri\u00f0ja M\u00f3seb\u00f3k 19. kafli"},"content":{"rendered":"<h3 class=\"millifyrirsogn_2007\"> \u00ddmis \u00e1kv\u00e6\u00f0i um gu\u00f0sd\u00fdrkun og samf\u00e9lag<\/h3>\n<p><a name=\"1\"><span class=\"versanumer_2007\">1<\/span><\/a> Drottinn tala\u00f0i vi\u00f0 M\u00f3se og sag\u00f0i:<br \/> <a name=\"2\"><span class=\"versanumer_2007\">2<\/span><\/a> \u201e\u00c1varpa\u00f0u allan s\u00f6fnu\u00f0 \u00cdsraelsmanna og seg\u00f0u: Veri\u00f0 heilagir \u00fev\u00ed a\u00f0 \u00e9g, Drottinn, Gu\u00f0 ykkar, er heilagur.<br \/> <a name=\"3\"><span class=\"versanumer_2007\">3<\/span><\/a> S\u00e9rhver skal vir\u00f0a m\u00f3\u00f0ur s\u00edna og f\u00f6\u00f0ur og halda hv\u00edldardaga m\u00edna. \u00c9g er Drottinn, Gu\u00f0 ykkar.<br \/> <a name=\"4\"><span class=\"versanumer_2007\">4<\/span><\/a> Sn\u00fai\u00f0 ykkur ekki a\u00f0 hj\u00e1gu\u00f0um og geri\u00f0 ykkur ekki steyptar gu\u00f0amyndir. \u00c9g er Drottinn, Gu\u00f0 ykkar.<br \/> <a name=\"5\"><span class=\"versanumer_2007\">5<\/span><\/a> \u00deegar \u00fei\u00f0 sl\u00e1tri\u00f0 d\u00fdri \u00ed lokasl\u00e1turf\u00f3rn handa Drottni skulu\u00f0 \u00fei\u00f0 sl\u00e1tra \u00fev\u00ed \u00feannig a\u00f0 \u00fei\u00f0 hlj\u00f3ti\u00f0 vel\u00fe\u00f3knun hans. <a name=\"6\"><span class=\"versanumer_2007\">6<\/span><\/a> \u00dei\u00f0 skulu\u00f0 neyta \u00feess sama dag og \u00fei\u00f0 sl\u00e1tri\u00f0 \u00fev\u00ed e\u00f0a daginn eftir. \u00c1 \u00feri\u00f0ja degi skal \u00fea\u00f0 sem \u00fe\u00e1 er eftir brennt \u00ed eldi. <a name=\"7\"><span class=\"versanumer_2007\">7<\/span><\/a> S\u00e9 einhvers af \u00fev\u00ed neytt \u00e1 \u00feri\u00f0ja degi er \u00fea\u00f0 or\u00f0i\u00f0 \u00f3hreint: f\u00f3rnin er ekki vel\u00fe\u00f3knanleg. <a name=\"8\"><span class=\"versanumer_2007\">8<\/span><\/a> S\u00e1 sem neytir \u00feess skal bera sekt s\u00edna \u00fev\u00ed a\u00f0 hann hefur vanhelga\u00f0 helgigj\u00f6f Drottins. S\u00e1 ma\u00f0ur skal uppr\u00e6ttur \u00far \u00fej\u00f3\u00f0 sinni.<br \/> <a name=\"9\"><span class=\"versanumer_2007\">9<\/span><\/a> \u00deegar \u00fei\u00f0 skeri\u00f0 upp korni\u00f0 \u00ed landi ykkar skaltu hvorki hir\u00f0a af ysta \u00fatja\u00f0ri akurs \u00fe\u00edns n\u00e9 dreifarnar \u00e1 akri \u00fe\u00ednum. <a name=\"10\"><span class=\"versanumer_2007\">10<\/span><\/a> \u00de\u00fa skalt hvorki t\u00edna allt \u00ed v\u00edngar\u00f0i \u00fe\u00ednum n\u00e9 hir\u00f0a ber sem falla \u00ed v\u00edngar\u00f0i \u00fe\u00ednum. \u00de\u00fa skalt skilja \u00feetta eftir handa hinum f\u00e1t\u00e6ka og a\u00f0komumanninum. \u00c9g er Drottinn, Gu\u00f0 ykkar.<br \/> <a name=\"11\"><span class=\"versanumer_2007\">11<\/span><\/a> \u00dei\u00f0 megi\u00f0 hvorki stela n\u00e9 sv\u00edkja og ekki hlekkja hver annan. <a name=\"12\"><span class=\"versanumer_2007\">12<\/span><\/a> \u00dei\u00f0 skulu\u00f0 ekki sverja meins\u00e6ri vi\u00f0 nafn mitt svo a\u00f0 \u00fe\u00fa vanhelgir ekki nafn mitt. \u00c9g er Drottinn.<br \/> <a name=\"13\"><span class=\"versanumer_2007\">13<\/span><\/a> \u00de\u00fa skalt hvorki f\u00e9fletta n\u00e1unga \u00feinn n\u00e9 r\u00e6na hann. Laun daglaunamanns skulu ekki vera \u00ed \u00feinni v\u00f6rslu n\u00e6turlangt til n\u00e6sta morguns.<br \/> <a name=\"14\"><span class=\"versanumer_2007\">14<\/span><\/a> \u00de\u00fa m\u00e1tt hvorki form\u00e6la heyrnarlausum manni n\u00e9 setja hindrun \u00ed veg fyrir blindan. \u00de\u00fa skalt bera lotningu fyrir Gu\u00f0i \u00fe\u00ednum. \u00c9g er Drottinn.<br \/> <a name=\"15\"><span class=\"versanumer_2007\">15<\/span><\/a> \u00dei\u00f0 megi\u00f0 ekki fremja rangl\u00e6ti \u00ed r\u00e9ttinum. \u00de\u00fa m\u00e1tt hvorki draga taum hins valdalausa n\u00e9 vera hinum valdamikla undirgefinn. \u00de\u00fa skalt d\u00e6ma skyldmenni \u00fe\u00edn af r\u00e9ttl\u00e6ti. <a name=\"16\"><span class=\"versanumer_2007\">16<\/span><\/a> \u00de\u00fa m\u00e1tt hvorki bera r\u00f3g \u00e1 me\u00f0al landa \u00feinna n\u00e9 krefjast bl\u00f3\u00f0s n\u00e1unga \u00fe\u00edns. \u00c9g er Drottinn.<br \/> <a name=\"17\"><span class=\"versanumer_2007\">17<\/span><\/a> \u00de\u00fa skalt ekki bera hatur \u00ed brj\u00f3sti til br\u00f3\u00f0ur \u00fe\u00edns heldur \u00e1telja hann einar\u00f0lega svo a\u00f0 \u00fe\u00fa berir ekki sekt hans vegna. <a name=\"18\"><span class=\"versanumer_2007\">18<\/span><\/a> \u00de\u00fa skalt ekki hefna \u00fe\u00edn \u00e1 l\u00f6ndum \u00fe\u00ednum. \u00de\u00fa skalt elska n\u00e1unga \u00feinn eins og sj\u00e1lfan \u00feig. \u00c9g er Drottinn.<br \/> <a name=\"19\"><span class=\"versanumer_2007\">19<\/span><\/a> \u00dei\u00f0 skulu\u00f0 fara a\u00f0 fyrirm\u00e6lum m\u00ednum:<br \/>\u00de\u00fa skalt ekki l\u00e1ta tv\u00e6r tegundir f\u00e9na\u00f0ar para sig. \u00de\u00fa skalt ekki s\u00e1 tvenns konar korni \u00ed akur \u00feinn. \u00de\u00fa skalt ekki bera kl\u00e6\u00f0i sem ofin eru \u00far tvenns konar bandi.<br \/> <a name=\"20\"><span class=\"versanumer_2007\">20<\/span><\/a> Leggist ma\u00f0ur me\u00f0 konu, sem er amb\u00e1tt og heitbundin \u00f6\u00f0rum manni en hefur ekki enn veri\u00f0 keypt frj\u00e1ls e\u00f0a gefi\u00f0 frelsi, liggur refsing vi\u00f0. \u00deau skulu \u00fe\u00f3 ekki l\u00edfl\u00e1tin af \u00fev\u00ed a\u00f0 h\u00fan haf\u00f0i ekki fengi\u00f0 frelsi. <a name=\"21\"><span class=\"versanumer_2007\">21<\/span><\/a> Ma\u00f0urinn skal f\u00e6ra Drottni sektarf\u00f3rn s\u00edna og lei\u00f0a hr\u00fat, sem \u00e6tla\u00f0ur er \u00ed sektarf\u00f3rn, a\u00f0 dyrum samfundatjaldsins. <a name=\"22\"><span class=\"versanumer_2007\">22<\/span><\/a> Me\u00f0 hr\u00fatnum, sem \u00e6tla\u00f0ur er \u00ed sektarf\u00f3rn, skal presturinn fri\u00f0\u00fe\u00e6gja fyrir hann frammi fyrir augliti Drottins vegna \u00feeirrar syndar sem hann hefur dr\u00fdgt. \u00de\u00e1 ver\u00f0ur syndin fyrirgefin sem hann hefur dr\u00fdgt.<br \/> <a name=\"23\"><span class=\"versanumer_2007\">23<\/span><\/a> \u00deegar \u00fei\u00f0 komi\u00f0 inn \u00ed landi\u00f0 og gr\u00f3\u00f0ursetji\u00f0 alls konar tr\u00e9, sem bera \u00e6ta \u00e1vexti, skulu\u00f0 \u00fei\u00f0 l\u00edta \u00e1 \u00e1vextina sem forh\u00fa\u00f0 \u00feeirra. \u00cd \u00ferj\u00fa \u00e1r skulu\u00f0 \u00fei\u00f0 l\u00edta \u00e1 \u00feau sem \u00f3umskorin og ekki neyta \u00e1vaxta \u00feeirra. <a name=\"24\"><span class=\"versanumer_2007\">24<\/span><\/a> \u00c1 fj\u00f3r\u00f0a \u00e1ri skal helga Drottni alla \u00e1vexti \u00feeirra \u00e1 gle\u00f0ih\u00e1t\u00ed\u00f0.<br \/> <a name=\"25\"><span class=\"versanumer_2007\">25<\/span><\/a> En \u00e1 fimmta \u00e1ri megi\u00f0 \u00fei\u00f0 neyta \u00e1vaxta \u00feeirra og hir\u00f0a \u00fea\u00f0 sem tr\u00e9n gefa af s\u00e9r. \u00c9g er Drottinn.<br \/> <a name=\"26\"><span class=\"versanumer_2007\">26<\/span><\/a> \u00dei\u00f0 skulu\u00f0 ekki neyta neins sem bl\u00f3\u00f0 er \u00ed. \u00dei\u00f0 skulu\u00f0 hvorki stunda sp\u00e1sagnir eftir fyrirbo\u00f0um n\u00e9 galdur. <a name=\"27\"><span class=\"versanumer_2007\">27<\/span><\/a> \u00dei\u00f0 skulu\u00f0 ekki kr\u00fanuraka h\u00f6fu\u00f0 ykkar. \u00de\u00fa skalt ekki snyrta skegg \u00feitt. <a name=\"28\"><span class=\"versanumer_2007\">28<\/span><\/a> \u00dei\u00f0 skulu\u00f0 hvorki rista s\u00e1r \u00ed h\u00fa\u00f0 ykkar vegna l\u00e1tins manns n\u00e9 l\u00e1ta h\u00fa\u00f0fl\u00fara t\u00e1kn \u00e1 ykkur. \u00c9g er Drottinn.<br \/> <a name=\"29\"><span class=\"versanumer_2007\">29<\/span><\/a> Sm\u00e1na\u00f0u ekki d\u00f3ttur \u00fe\u00edna me\u00f0 \u00fev\u00ed a\u00f0 l\u00e1ta hana stunda h\u00f3rd\u00f3m svo a\u00f0 landi\u00f0 h\u00f3rist ekki og fyllist \u00f3lifna\u00f0i.<br \/> <a name=\"30\"><span class=\"versanumer_2007\">30<\/span><\/a> \u00dei\u00f0 skulu\u00f0 halda hv\u00edldardaga m\u00edna og bera lotningu fyrir helgid\u00f3mi m\u00ednum.<br \/> <a name=\"31\"><span class=\"versanumer_2007\">31<\/span><\/a> Sn\u00fai\u00f0 ykkur hvorki til mi\u00f0la n\u00e9 \u00feeirra sem flytja sp\u00e1m\u00e6li fr\u00e1 \u00f6ndum. Ef \u00fei\u00f0 leiti\u00f0 til \u00feeirra \u00f3hreinkist \u00fei\u00f0. \u00c9g er Drottinn, Gu\u00f0 ykkar.<br \/> <a name=\"32\"><span class=\"versanumer_2007\">32<\/span><\/a> \u00de\u00fa skalt standa upp fyrir hinum gr\u00e1h\u00e6r\u00f0a og vir\u00f0a \u00f6ldunga. \u00de\u00fa skalt s\u00fdna Gu\u00f0i \u00fe\u00ednum lotningu. \u00c9g er Drottinn.<br \/> <a name=\"33\"><span class=\"versanumer_2007\">33<\/span><\/a> \u00deegar a\u00f0komuma\u00f0ur dvelur hj\u00e1 ykkur skulu\u00f0 \u00fei\u00f0 ekki s\u00fdna \u00f3j\u00f6fnu\u00f0. <a name=\"34\"><span class=\"versanumer_2007\">34<\/span><\/a> A\u00f0komuma\u00f0ur, sem dvelur hj\u00e1 ykkur, skal nj\u00f3ta sama r\u00e9ttar og innborinn ma\u00f0ur. \u00de\u00fa skalt elska hann eins og sj\u00e1lfan \u00feig \u00fev\u00ed a\u00f0 \u00fei\u00f0 voru\u00f0 a\u00f0komumenn \u00ed Egyptalandi. \u00c9g er Drottinn, Gu\u00f0 ykkar.<br \/> <a name=\"35\"><span class=\"versanumer_2007\">35<\/span><\/a> \u00dei\u00f0 skulu\u00f0 ekki hafa rangt vi\u00f0 fyrir r\u00e9tti hva\u00f0 var\u00f0ar stiku, vigt og m\u00e6li. <a name=\"36\"><span class=\"versanumer_2007\">36<\/span><\/a> \u00dei\u00f0 skulu\u00f0 nota r\u00e9tta vigt, r\u00e9tta vigtarsteina, r\u00e9tta efu og r\u00e9tta h\u00edn. \u00c9g er Drottinn, Gu\u00f0 ykkar, sem leiddi ykkur \u00fat \u00far Egyptalandi. <a name=\"37\"><span class=\"versanumer_2007\">37<\/span><\/a> Haldi\u00f0 \u00f6ll l\u00f6g m\u00edn og reglur og fari\u00f0 a\u00f0 \u00feeim. \u00c9g er Drottinn.\u201c<\/p>\n","protected":false},"excerpt":{"rendered":"<p>\u00ddmis \u00e1kv\u00e6\u00f0i um gu\u00f0sd\u00fdrkun og samf\u00e9lag 1 Drottinn tala\u00f0i vi\u00f0 M\u00f3se og sag\u00f0i: 2 \u201e\u00c1varpa\u00f0u allan s\u00f6fnu\u00f0 \u00cdsraelsmanna og seg\u00f0u: Veri\u00f0 heilagir \u00fev\u00ed a\u00f0 \u00e9g, Drottinn, Gu\u00f0 ykkar, er heilagur. 3 S\u00e9rhver skal vir\u00f0a m\u00f3\u00f0ur s\u00edna og f\u00f6\u00f0ur og halda hv\u00edldardaga m\u00edna. \u00c9g er Drottinn, Gu\u00f0 ykkar. 4 Sn\u00fai\u00f0 ykkur ekki a\u00f0 hj\u00e1gu\u00f0um og geri\u00f0 ykkur ekki steyptar gu\u00f0amyndir. \u00c9g er Drottinn, Gu\u00f0 ykkar. 5 \u00deegar \u00fei\u00f0 sl\u00e1tri\u00f0 d\u00fdri \u00ed lokasl\u00e1turf\u00f3rn handa Drottni skulu\u00f0 \u00fei\u00f0 sl\u00e1tra \u00fev\u00ed \u00feannig a\u00f0 \u00fei\u00f0 hlj\u00f3ti\u00f0 vel\u00fe\u00f3knun hans. 6 \u00dei\u00f0 skulu\u00f0 neyta \u00feess sama dag og \u00fei\u00f0 sl\u00e1tri\u00f0 \u00fev\u00ed e\u00f0a daginn eftir. \u00c1 \u00feri\u00f0ja degi <a href=\"https:\/\/biblian.is\/biblian\/thridja-mosebok-19-kafli\/\"> [&#8230;]<\/a><\/p>\n","protected":false},"author":1,"featured_media":0,"parent":0,"menu_order":0,"comment_status":"open","ping_status":"open","template":"bibliukaflar_NT.php","meta":{"footnotes":""},"class_list":["post-1726","page","type-page","status-publish","hentry"],"_links":{"self":[{"href":"https:\/\/biblian.is\/biblian\/wp-json\/wp\/v2\/pages\/1726","targetHints":{"allow":["GET"]}}],"collection":[{"href":"https:\/\/biblian.is\/biblian\/wp-json\/wp\/v2\/pages"}],"about":[{"href":"https:\/\/biblian.is\/biblian\/wp-json\/wp\/v2\/types\/page"}],"author":[{"embeddable":true,"href":"https:\/\/biblian.is\/biblian\/wp-json\/wp\/v2\/users\/1"}],"replies":[{"embeddable":true,"href":"https:\/\/biblian.is\/biblian\/wp-json\/wp\/v2\/comments?post=1726"}],"version-history":[{"count":0,"href":"https:\/\/biblian.is\/biblian\/wp-json\/wp\/v2\/pages\/1726\/revisions"}],"wp:attachment":[{"href":"https:\/\/biblian.is\/biblian\/wp-json\/wp\/v2\/media?parent=1726"}],"curies":[{"name":"wp","href":"https:\/\/api.w.org\/{rel}","templated":true}]}}