{"id":1725,"date":"2017-12-30T21:00:11","date_gmt":"2017-12-30T21:00:11","guid":{"rendered":"http:\/\/biblian.is\/biblian\/_ri_ja-m%c2%97seb%c2%97k-18-kafli\/"},"modified":"2024-05-06T22:30:20","modified_gmt":"2024-05-06T22:30:20","slug":"thridja-mosebok-18-kafli","status":"publish","type":"page","link":"https:\/\/biblian.is\/biblian\/thridja-mosebok-18-kafli\/","title":{"rendered":"\u00deri\u00f0ja M\u00f3seb\u00f3k 18. kafli"},"content":{"rendered":"<h3 class=\"millifyrirsogn_2007\"> Reglur um kynl\u00edf<\/h3>\n<p><a name=\"1\"><span class=\"versanumer_2007\">1<\/span><\/a> Drottinn sag\u00f0i vi\u00f0 M\u00f3se: <a name=\"2\"><span class=\"versanumer_2007\">2<\/span><\/a> \u201e\u00c1varpa\u00f0u \u00cdsraelsmenn og seg\u00f0u vi\u00f0 \u00fe\u00e1: \u00c9g er Drottinn, Gu\u00f0 ykkar. <a name=\"3\"><span class=\"versanumer_2007\">3<\/span><\/a> \u00dei\u00f0 skulu\u00f0 hvorki heg\u00f0a ykkur samkv\u00e6mt si\u00f0um \u00edb\u00faa Egyptalands, \u00fear sem \u00fei\u00f0 bjuggu\u00f0, n\u00e9 si\u00f0um \u00edb\u00faa Kanaanslands, \u00feanga\u00f0 sem \u00e9g lei\u00f0i ykkur, n\u00e9 heldur fylgja h\u00e1ttum \u00feeirra. <a name=\"4\"><span class=\"versanumer_2007\">4<\/span><\/a> \u00dei\u00f0 skulu\u00f0 fara a\u00f0 fyrirm\u00e6lum m\u00ednum og halda l\u00f6g m\u00edn me\u00f0 \u00fev\u00ed a\u00f0 fara eftir \u00feeim. \u00c9g er Drottinn, Gu\u00f0 ykkar.<br \/> <a name=\"5\"><span class=\"versanumer_2007\">5<\/span><\/a> \u00dei\u00f0 eigi\u00f0 a\u00f0 halda l\u00f6g m\u00edn og reglur. Hver sem \u00fea\u00f0 gerir mun halda l\u00edfi \u00feeirra vegna. \u00c9g er Drottinn.<br \/> <a name=\"6\"><span class=\"versanumer_2007\">6<\/span><\/a> Enginn \u00e1 me\u00f0al ykkar m\u00e1 n\u00e1lgast neitt skyldmenni sitt, sem er hold hans og bl\u00f3\u00f0, til \u00feess a\u00f0 bera blyg\u00f0un \u00feess. \u00c9g er Drottinn.<br \/> <a name=\"7\"><span class=\"versanumer_2007\">7<\/span><\/a> Blyg\u00f0un f\u00f6\u00f0ur \u00fe\u00edns e\u00f0a m\u00f3\u00f0ur m\u00e1tt \u00fe\u00fa ekki bera, h\u00fan er m\u00f3\u00f0ir \u00fe\u00edn, \u00fe\u00fa m\u00e1tt ekki bera blyg\u00f0un hennar.<br \/> <a name=\"8\"><span class=\"versanumer_2007\">8<\/span><\/a> Blyg\u00f0un eiginkonu f\u00f6\u00f0ur \u00fe\u00edns m\u00e1tt \u00fe\u00fa ekki bera, \u00fea\u00f0 er blyg\u00f0un f\u00f6\u00f0ur \u00fe\u00edns.<br \/> <a name=\"9\"><span class=\"versanumer_2007\">9<\/span><\/a> Blyg\u00f0un systur \u00feinnar m\u00e1tt \u00fe\u00fa ekki bera, hvort sem h\u00fan er d\u00f3ttir f\u00f6\u00f0ur \u00fe\u00edns e\u00f0a m\u00f3\u00f0ur, hvort sem h\u00fan er f\u00e6dd innan e\u00f0a utan fj\u00f6lskyldu \u00feinnar.<br \/> <a name=\"10\"><span class=\"versanumer_2007\">10<\/span><\/a> Blyg\u00f0un sonard\u00f3ttur \u00feinnar e\u00f0a d\u00f3tturd\u00f3ttur m\u00e1tt \u00fe\u00fa ekki bera, \u00fea\u00f0 er \u00fe\u00edn eigin blyg\u00f0un.<br \/> <a name=\"11\"><span class=\"versanumer_2007\">11<\/span><\/a> Blyg\u00f0un d\u00f3ttur einhverrar eiginkonu f\u00f6\u00f0ur \u00fe\u00edns m\u00e1tt \u00fe\u00fa ekki bera, h\u00fan er getin af f\u00f6\u00f0ur \u00fe\u00ednum, h\u00fan er systir \u00fe\u00edn.<br \/> <a name=\"12\"><span class=\"versanumer_2007\">12<\/span><\/a> Blyg\u00f0un systur f\u00f6\u00f0ur \u00fe\u00edns m\u00e1tt \u00fe\u00fa ekki bera \u00fev\u00ed a\u00f0 h\u00fan er hold og bl\u00f3\u00f0 f\u00f6\u00f0ur \u00fe\u00edns.<br \/> <a name=\"13\"><span class=\"versanumer_2007\">13<\/span><\/a> Blyg\u00f0un m\u00f3\u00f0ursystur \u00feinnar m\u00e1tt \u00fe\u00fa ekki bera \u00fev\u00ed a\u00f0 h\u00fan er hold og bl\u00f3\u00f0 m\u00f3\u00f0ur \u00feinnar.<br \/> <a name=\"14\"><span class=\"versanumer_2007\">14<\/span><\/a> Blyg\u00f0un f\u00f6\u00f0urbr\u00f3\u00f0ur \u00fe\u00edns m\u00e1tt \u00fe\u00fa ekki bera, \u00fe\u00fa m\u00e1tt ekki n\u00e1lgast eiginkonu hans, h\u00fan er venslu\u00f0 \u00fe\u00e9r.<br \/> <a name=\"15\"><span class=\"versanumer_2007\">15<\/span><\/a> Blyg\u00f0un tengdad\u00f3ttur \u00feinnar m\u00e1tt \u00fe\u00fa ekki bera, h\u00fan er eiginkona sonar \u00fe\u00edns, \u00fe\u00fa m\u00e1tt ekki bera blyg\u00f0un hennar.<br \/> <a name=\"16\"><span class=\"versanumer_2007\">16<\/span><\/a> Blyg\u00f0un m\u00e1gkonu \u00feinnar m\u00e1tt \u00fe\u00fa ekki bera, \u00fea\u00f0 er blyg\u00f0un br\u00f3\u00f0ur \u00fe\u00edns.<br \/> <a name=\"17\"><span class=\"versanumer_2007\">17<\/span><\/a> Blyg\u00f0un konu m\u00e1ttu ekki bera um lei\u00f0 og blyg\u00f0un d\u00f3ttur hennar. \u00de\u00fa m\u00e1tt hvorki taka sonard\u00f3ttur hennar n\u00e9 d\u00f3tturd\u00f3ttur og bera blyg\u00f0un hennar. \u00de\u00e6r eru hold hennar og bl\u00f3\u00f0, \u00fea\u00f0 er bl\u00f3\u00f0sk\u00f6mm.<br \/> <a name=\"18\"><span class=\"versanumer_2007\">18<\/span><\/a> \u00de\u00fa m\u00e1tt ekki taka systur eiginkonu \u00feinnar \u00fe\u00e9r fyrir konu, gera hana a\u00f0 annarri eiginkonu \u00feinni og bera blyg\u00f0un hennar \u00e1 me\u00f0an hin er \u00e1 l\u00edfi.<br \/> <a name=\"19\"><span class=\"versanumer_2007\">19<\/span><\/a> \u00de\u00fa m\u00e1tt ekki n\u00e1lgast konu, sem er \u00f3hrein af t\u00ed\u00f0um s\u00ednum, til a\u00f0 bera blyg\u00f0un hennar.<br \/> <a name=\"20\"><span class=\"versanumer_2007\">20<\/span><\/a> \u00de\u00fa m\u00e1tt ekki liggja me\u00f0 eiginkonu landa \u00fe\u00edns svo a\u00f0 \u00fe\u00fa ver\u00f0ir \u00f3hreinn af henni.<br \/> <a name=\"21\"><span class=\"versanumer_2007\">21<\/span><\/a> \u00de\u00fa m\u00e1tt ekki framselja neinn afkomanda \u00feinn til a\u00f0 senda hann gegnum eld fyrir M\u00f3lok. \u00de\u00fa m\u00e1tt ekki vanhelga nafn Gu\u00f0s \u00fe\u00edns. \u00c9g er Drottinn.<br \/> <a name=\"22\"><span class=\"versanumer_2007\">22<\/span><\/a> \u00de\u00fa m\u00e1tt ekki liggja me\u00f0 karlmanni eins og legi\u00f0 er me\u00f0 konu, \u00fea\u00f0 er vi\u00f0urstygg\u00f0.<br \/> <a name=\"23\"><span class=\"versanumer_2007\">23<\/span><\/a> \u00de\u00fa m\u00e1tt ekki hafa samr\u00e6\u00f0i vi\u00f0 neitt d\u00fdr, \u00fe\u00fa ver\u00f0ur \u00f3hreinn af \u00fev\u00ed.<br \/>Engin kona m\u00e1 ganga fyrir d\u00fdr til a\u00f0 \u00fea\u00f0 hafi samr\u00e6\u00f0i vi\u00f0 hana, \u00fea\u00f0 er sv\u00edvir\u00f0ing.<br \/> <a name=\"24\"><span class=\"versanumer_2007\">24<\/span><\/a> \u00d3hreinki\u00f0 ykkur ekki me\u00f0 neinu af \u00feessu \u00fev\u00ed a\u00f0 \u00fe\u00e6r \u00fej\u00f3\u00f0ir, sem \u00e9g rak \u00ed burt \u00e1 undan ykkur, saurgu\u00f0u sig me\u00f0 \u00f6llu \u00feessu. <a name=\"25\"><span class=\"versanumer_2007\">25<\/span><\/a> Landi\u00f0 saurga\u00f0ist og \u00e9g refsa\u00f0i \u00fev\u00ed fyrir sekt s\u00edna svo a\u00f0 landi\u00f0 spj\u00f3 \u00edb\u00faum s\u00ednum. <a name=\"26\"><span class=\"versanumer_2007\">26<\/span><\/a> En \u00fei\u00f0 skulu\u00f0 halda l\u00f6g m\u00edn og reglur og for\u00f0ast a\u00f0 fremja neitt af \u00feessu vi\u00f0urstyggilega ath\u00e6fi, b\u00e6\u00f0i innf\u00e6ddur og a\u00f0komuma\u00f0ur sem b\u00fdr \u00e1 me\u00f0al ykkar. <a name=\"27\"><span class=\"versanumer_2007\">27<\/span><\/a> \u00dev\u00ed a\u00f0 f\u00f3lki\u00f0, sem var \u00e1 undan ykkur \u00ed landinu, stunda\u00f0i \u00feetta vi\u00f0urstyggilega ath\u00e6fi og \u00fev\u00ed var\u00f0 landi\u00f0 \u00f3hreint.<br \/> <a name=\"28\"><span class=\"versanumer_2007\">28<\/span><\/a> Mundi landi\u00f0 ekki sp\u00fdja ykkur ef \u00fei\u00f0 saurgi\u00f0 \u00fea\u00f0 eins og \u00fea\u00f0 spj\u00f3 \u00fej\u00f3\u00f0inni sem var \u00fear \u00e1 undan ykkur? <a name=\"29\"><span class=\"versanumer_2007\">29<\/span><\/a> \u00dev\u00ed a\u00f0 allir, sem fremja eitthva\u00f0 af \u00feessu vi\u00f0urstyggilega ath\u00e6fi, ver\u00f0a uppr\u00e6ttir \u00far \u00fej\u00f3\u00f0 sinni. <a name=\"30\"><span class=\"versanumer_2007\">30<\/span><\/a> Haldi\u00f0 \u00fev\u00ed bo\u00f0 m\u00edn me\u00f0 \u00fev\u00ed a\u00f0 fylgja engum \u00feeirra vi\u00f0urstyggilegu si\u00f0a sem stunda\u00f0ir voru \u00e1\u00f0ur en \u00fei\u00f0 komu\u00f0 og saurgi\u00f0 ykkur ekki me\u00f0 \u00fev\u00ed.<br \/>\u00c9g er Drottinn, Gu\u00f0 ykkar.\u201c<\/p>\n","protected":false},"excerpt":{"rendered":"<p>Reglur um kynl\u00edf 1 Drottinn sag\u00f0i vi\u00f0 M\u00f3se: 2 \u201e\u00c1varpa\u00f0u \u00cdsraelsmenn og seg\u00f0u vi\u00f0 \u00fe\u00e1: \u00c9g er Drottinn, Gu\u00f0 ykkar. 3 \u00dei\u00f0 skulu\u00f0 hvorki heg\u00f0a ykkur samkv\u00e6mt si\u00f0um \u00edb\u00faa Egyptalands, \u00fear sem \u00fei\u00f0 bjuggu\u00f0, n\u00e9 si\u00f0um \u00edb\u00faa Kanaanslands, \u00feanga\u00f0 sem \u00e9g lei\u00f0i ykkur, n\u00e9 heldur fylgja h\u00e1ttum \u00feeirra. 4 \u00dei\u00f0 skulu\u00f0 fara a\u00f0 fyrirm\u00e6lum m\u00ednum og halda l\u00f6g m\u00edn me\u00f0 \u00fev\u00ed a\u00f0 fara eftir \u00feeim. \u00c9g er Drottinn, Gu\u00f0 ykkar. 5 \u00dei\u00f0 eigi\u00f0 a\u00f0 halda l\u00f6g m\u00edn og reglur. Hver sem \u00fea\u00f0 gerir mun halda l\u00edfi \u00feeirra vegna. \u00c9g er Drottinn. 6 Enginn \u00e1 me\u00f0al ykkar m\u00e1 n\u00e1lgast neitt skyldmenni <a href=\"https:\/\/biblian.is\/biblian\/thridja-mosebok-18-kafli\/\"> [&#8230;]<\/a><\/p>\n","protected":false},"author":1,"featured_media":0,"parent":0,"menu_order":0,"comment_status":"open","ping_status":"open","template":"bibliukaflar_NT.php","meta":{"footnotes":""},"class_list":["post-1725","page","type-page","status-publish","hentry"],"_links":{"self":[{"href":"https:\/\/biblian.is\/biblian\/wp-json\/wp\/v2\/pages\/1725","targetHints":{"allow":["GET"]}}],"collection":[{"href":"https:\/\/biblian.is\/biblian\/wp-json\/wp\/v2\/pages"}],"about":[{"href":"https:\/\/biblian.is\/biblian\/wp-json\/wp\/v2\/types\/page"}],"author":[{"embeddable":true,"href":"https:\/\/biblian.is\/biblian\/wp-json\/wp\/v2\/users\/1"}],"replies":[{"embeddable":true,"href":"https:\/\/biblian.is\/biblian\/wp-json\/wp\/v2\/comments?post=1725"}],"version-history":[{"count":0,"href":"https:\/\/biblian.is\/biblian\/wp-json\/wp\/v2\/pages\/1725\/revisions"}],"wp:attachment":[{"href":"https:\/\/biblian.is\/biblian\/wp-json\/wp\/v2\/media?parent=1725"}],"curies":[{"name":"wp","href":"https:\/\/api.w.org\/{rel}","templated":true}]}}