{"id":1722,"date":"2017-12-30T21:00:11","date_gmt":"2017-12-30T21:00:11","guid":{"rendered":"http:\/\/biblian.is\/biblian\/_ri_ja-m%c2%97seb%c2%97k-15-kafli\/"},"modified":"2024-05-06T22:30:20","modified_gmt":"2024-05-06T22:30:20","slug":"thridja-mosebok-15-kafli","status":"publish","type":"page","link":"https:\/\/biblian.is\/biblian\/thridja-mosebok-15-kafli\/","title":{"rendered":"\u00deri\u00f0ja M\u00f3seb\u00f3k 15. kafli"},"content":{"rendered":"<h3 class=\"millifyrirsogn_2007\"> \u00datfer\u00f0 hj\u00e1 k\u00f6rlum<\/h3>\n<p><a name=\"1\"><span class=\"versanumer_2007\">1<\/span><\/a> Drottinn tala\u00f0i vi\u00f0 M\u00f3se og Aron og sag\u00f0i:<br \/> <a name=\"2\"><span class=\"versanumer_2007\">2<\/span><\/a> \u201e\u00c1varpi\u00f0 \u00cdsraelsmenn og segi\u00f0 vi\u00f0 \u00fe\u00e1: \u00deegar karlma\u00f0ur hefur \u00fatfer\u00f0 \u00far kynf\u00e6rum s\u00ednum er \u00fatfer\u00f0 hans \u00f3hrein. <a name=\"3\"><span class=\"versanumer_2007\">3<\/span><\/a> \u00deannig er \u00f3hreinleikanum af \u00fatfer\u00f0 hans vari\u00f0: Hvort sem \u00fatfer\u00f0 er \u00far kynf\u00e6rum hans e\u00f0a h\u00fan st\u00edflar \u00feau er \u00fea\u00f0 \u00f3hreinleiki hans.<br \/> <a name=\"4\"><span class=\"versanumer_2007\">4<\/span><\/a> Hvert \u00fea\u00f0 r\u00fam, sem ma\u00f0ur me\u00f0 \u00fatfer\u00f0 leggst \u00ed, ver\u00f0ur \u00f3hreint og allt sem hann sest \u00e1 ver\u00f0ur \u00f3hreint. <a name=\"5\"><span class=\"versanumer_2007\">5<\/span><\/a> Hver sem snertir r\u00fam hans skal \u00fevo kl\u00e6\u00f0i s\u00edn og ba\u00f0a sig \u00ed vatni. Hann er \u00f3hreinn til kv\u00f6lds. <a name=\"6\"><span class=\"versanumer_2007\">6<\/span><\/a> Hver sem sest \u00e1 eitthva\u00f0 sem ma\u00f0ur me\u00f0 \u00fatfer\u00f0 hefur seti\u00f0 \u00e1 skal \u00fevo kl\u00e6\u00f0i s\u00edn og ba\u00f0a sig \u00ed vatni. Hann er \u00f3hreinn til kv\u00f6lds. <a name=\"7\"><span class=\"versanumer_2007\">7<\/span><\/a> Hver sem snertir kynf\u00e6ri manns me\u00f0 \u00fatfer\u00f0 skal \u00fevo kl\u00e6\u00f0i s\u00edn og ba\u00f0a sig \u00ed vatni. Hann er \u00f3hreinn til kv\u00f6lds. <a name=\"8\"><span class=\"versanumer_2007\">8<\/span><\/a> \u00deegar ma\u00f0ur me\u00f0 \u00fatfer\u00f0 hr\u00e6kir \u00e1 hreinan mann skal s\u00e1 \u00fevo kl\u00e6\u00f0i s\u00edn og ba\u00f0a sig \u00ed vatni. Hann er \u00f3hreinn til kv\u00f6lds.<br \/> <a name=\"9\"><span class=\"versanumer_2007\">9<\/span><\/a> S\u00e9rhver hnakkur sem ma\u00f0ur me\u00f0 \u00fatfer\u00f0 hefur ri\u00f0i\u00f0 \u00ed ver\u00f0ur \u00f3hreinn. <a name=\"10\"><span class=\"versanumer_2007\">10<\/span><\/a> Hver sem snertir eitthva\u00f0 sem hefur veri\u00f0 undir manninum ver\u00f0ur \u00f3hreinn til kv\u00f6lds og s\u00e1 sem tekur \u00fea\u00f0 upp skal \u00fevo kl\u00e6\u00f0i s\u00edn og ba\u00f0a sig \u00ed vatni. Hann er \u00f3hreinn til kv\u00f6lds. <a name=\"11\"><span class=\"versanumer_2007\">11<\/span><\/a> S\u00e9rhver sem ma\u00f0ur me\u00f0 \u00fatfer\u00f0 hefur snert \u00e1n \u00feess a\u00f0 skola hendur s\u00ednar \u00far vatni skal \u00fevo kl\u00e6\u00f0i s\u00edn og ba\u00f0a sig \u00ed vatni. Hann er \u00f3hreinn til kv\u00f6lds. <a name=\"12\"><span class=\"versanumer_2007\">12<\/span><\/a> S\u00e9rhvert leirker, sem ma\u00f0ur me\u00f0 \u00fatfer\u00f0 snertir, skal brj\u00f3ta en s\u00e9rhvert \u00e1hald \u00far tr\u00e9 skal skola r\u00e6kilega \u00far vatni.<br \/> <a name=\"13\"><span class=\"versanumer_2007\">13<\/span><\/a> \u00deegar ma\u00f0ur me\u00f0 \u00fatfer\u00f0 ver\u00f0ur hreinn af \u00fatfer\u00f0inni skal hann telja sj\u00f6 daga fr\u00e1 \u00fev\u00ed a\u00f0 hann var\u00f0 hreinn. \u00de\u00e1 skal hann \u00fevo kl\u00e6\u00f0i s\u00edn og ba\u00f0a l\u00edkama sinn \u00ed vatni og ver\u00f0ur hreinn. <a name=\"14\"><span class=\"versanumer_2007\">14<\/span><\/a> \u00c1 \u00e1ttunda degi skal hann taka tv\u00e6r turtild\u00fafur e\u00f0a tv\u00e6r d\u00fafur, ganga fyrir auglit Drottins og f\u00e6ra \u00fe\u00e6r presti vi\u00f0 dyr samfundatjaldsins. <a name=\"15\"><span class=\"versanumer_2007\">15<\/span><\/a> Presturinn skal f\u00e6ra a\u00f0ra \u00feeirra \u00ed syndaf\u00f3rn en hina \u00ed brennif\u00f3rn. \u00deannig fri\u00f0\u00fe\u00e6gir presturinn fyrir manninn vegna \u00fatfer\u00f0ar hans, frammi fyrir augliti Drottins. <a name=\"16\"><span class=\"versanumer_2007\">16<\/span><\/a> \u00deegar ma\u00f0ur f\u00e6r s\u00e1\u00f0l\u00e1t skal hann ba\u00f0a allan l\u00edkama sinn \u00ed vatni og ver\u00f0ur \u00f3hreinn til kv\u00f6lds. <a name=\"17\"><span class=\"versanumer_2007\">17<\/span><\/a> S\u00e9rhvert kl\u00e6\u00f0i og s\u00e9rhver hlutur \u00far le\u00f0ri, sem s\u00e6\u00f0i kemur \u00e1, skal \u00fevegi\u00f0 me\u00f0 vatni og vera \u00f3hreint til kv\u00f6lds. <a name=\"18\"><span class=\"versanumer_2007\">18<\/span><\/a> Leggist ma\u00f0ur, sem l\u00e6tur s\u00e6\u00f0i, me\u00f0 konu skulu \u00feau ba\u00f0a sig \u00ed vatni. \u00deau eru \u00f3hrein til kv\u00f6lds.<\/p>\n<h3 class=\"millifyrirsogn_2007\">\u00datfer\u00f0 hj\u00e1 konum<\/h3>\n<p><a name=\"19\"><span class=\"versanumer_2007\">19<\/span><\/a> \u00deegar kona f\u00e6r \u00fatfer\u00f0 og bl\u00f3\u00f0 rennur \u00far kynf\u00e6rum hennar ver\u00f0ur h\u00fan \u00f3hrein af t\u00ed\u00f0um s\u00ednum \u00ed sj\u00f6 daga. Hver sem snertir hana ver\u00f0ur \u00f3hreinn til kv\u00f6lds. <a name=\"20\"><span class=\"versanumer_2007\">20<\/span><\/a> Allt sem h\u00fan leggst \u00e1 me\u00f0an h\u00fan hefur t\u00ed\u00f0ir ver\u00f0ur \u00f3hreint og allt sem h\u00fan sest \u00e1 ver\u00f0ur \u00f3hreint. <a name=\"21\"><span class=\"versanumer_2007\">21<\/span><\/a> Hver sem snertir r\u00fam hennar skal \u00fevo kl\u00e6\u00f0i s\u00edn og ba\u00f0a sig \u00ed vatni. Hann er \u00f3hreinn til kv\u00f6lds. <a name=\"22\"><span class=\"versanumer_2007\">22<\/span><\/a> Hver sem snertir einhvern hlut sem h\u00fan hefur seti\u00f0 \u00e1 skal \u00fevo kl\u00e6\u00f0i s\u00edn og ba\u00f0a sig \u00ed vatni. Hann er \u00f3hreinn til kv\u00f6lds. <a name=\"23\"><span class=\"versanumer_2007\">23<\/span><\/a> Ef eitthva\u00f0 er \u00e1 r\u00faminu e\u00f0a \u00feeim hlut sem h\u00fan hefur seti\u00f0 \u00e1 ver\u00f0ur s\u00e1 sem snertir \u00fea\u00f0 \u00f3hreinn til kv\u00f6lds. <a name=\"24\"><span class=\"versanumer_2007\">24<\/span><\/a> Leggist einhver me\u00f0 henni f\u00e6rist \u00f3hreinleiki t\u00ed\u00f0a hennar yfir \u00e1 hann. Hann er \u00f3hreinn \u00ed sj\u00f6 daga. Hvert \u00fea\u00f0 r\u00fam sem hann leggst \u00ed ver\u00f0ur \u00f3hreint.<br \/> <a name=\"25\"><span class=\"versanumer_2007\">25<\/span><\/a> \u00deegar kona hefur \u00e1 kl\u00e6\u00f0um marga daga \u00e1 \u00f6\u00f0rum t\u00edma en \u00feeim sem h\u00fan hefur t\u00ed\u00f0ir e\u00f0a h\u00fan hefur bl\u00e6\u00f0ingar lengur en venjulegar t\u00ed\u00f0ir er h\u00fan \u00f3hrein \u00e1 me\u00f0an bl\u00e6\u00f0ingarnar vara eins og \u00feegar h\u00fan hefur t\u00ed\u00f0ir. H\u00fan er \u00f3hrein. <a name=\"26\"><span class=\"versanumer_2007\">26<\/span><\/a> Hvert \u00fea\u00f0 r\u00fam sem h\u00fan leggst \u00ed me\u00f0an h\u00fan hefur bl\u00e6\u00f0ingar ver\u00f0ur eins og r\u00fam hennar me\u00f0an h\u00fan hefur t\u00ed\u00f0ir. Hver s\u00e1 hlutur sem h\u00fan sest \u00e1 ver\u00f0ur \u00f3hreinn eins og af \u00f3hreinleika t\u00ed\u00f0a hennar. <a name=\"27\"><span class=\"versanumer_2007\">27<\/span><\/a> Hver sem snertir \u00feessa hluti ver\u00f0ur \u00f3hreinn. Hann skal \u00fevo kl\u00e6\u00f0i s\u00edn og ba\u00f0a sig \u00ed vatni. Hann er \u00f3hreinn til kv\u00f6lds. <a name=\"28\"><span class=\"versanumer_2007\">28<\/span><\/a> S\u00e9 konan or\u00f0in hrein af \u00fatfer\u00f0inni skal h\u00fan telja sj\u00f6 daga, s\u00ed\u00f0an er h\u00fan hrein. <a name=\"29\"><span class=\"versanumer_2007\">29<\/span><\/a> \u00c1 \u00e1ttunda degi skal h\u00fan taka tv\u00e6r turtild\u00fafur e\u00f0a d\u00fafur og f\u00e6ra \u00fe\u00e6r presti vi\u00f0 inngang samfundatjaldsins. <a name=\"30\"><span class=\"versanumer_2007\">30<\/span><\/a> Presturinn skal f\u00e6ra a\u00f0ra \u00feeirra \u00ed syndaf\u00f3rn en hina \u00ed brennif\u00f3rn. \u00deannig fri\u00f0\u00fe\u00e6gir presturinn fyrir konuna frammi fyrir augliti Drottins vegna \u00f3hreinnar \u00fatfer\u00f0ar hennar.<br \/> <a name=\"31\"><span class=\"versanumer_2007\">31<\/span><\/a> \u00dei\u00f0 skulu\u00f0 vara \u00cdsraelsmenn vi\u00f0 \u00f3hreinleika s\u00ednum svo a\u00f0 \u00feeir deyi ekki vegna \u00f3hreinleika s\u00edns af \u00fev\u00ed a\u00f0 \u00feeir \u00f3hreinka b\u00fasta\u00f0 minn sem er \u00e1 me\u00f0al \u00feeirra.\u201c<br \/> <a name=\"32\"><span class=\"versanumer_2007\">32<\/span><\/a> \u00deetta eru l\u00f6g um \u00feann mann sem hefur \u00fatfer\u00f0 og \u00feann sem f\u00e6r s\u00e1\u00f0l\u00e1t og ver\u00f0ur \u00f3hreinn af <a name=\"33\"><span class=\"versanumer_2007\">33<\/span><\/a> og um \u00fe\u00e1 konu sem ver\u00f0ur \u00f3hrein af t\u00ed\u00f0um s\u00ednum, l\u00f6g um \u00feann sem hefur \u00fatfer\u00f0, hvort heldur \u00fea\u00f0 er karl e\u00f0a kona, og um \u00feann mann sem leggst me\u00f0 \u00f3hreinni konu.<\/p>\n","protected":false},"excerpt":{"rendered":"<p>\u00datfer\u00f0 hj\u00e1 k\u00f6rlum 1 Drottinn tala\u00f0i vi\u00f0 M\u00f3se og Aron og sag\u00f0i: 2 \u201e\u00c1varpi\u00f0 \u00cdsraelsmenn og segi\u00f0 vi\u00f0 \u00fe\u00e1: \u00deegar karlma\u00f0ur hefur \u00fatfer\u00f0 \u00far kynf\u00e6rum s\u00ednum er \u00fatfer\u00f0 hans \u00f3hrein. 3 \u00deannig er \u00f3hreinleikanum af \u00fatfer\u00f0 hans vari\u00f0: Hvort sem \u00fatfer\u00f0 er \u00far kynf\u00e6rum hans e\u00f0a h\u00fan st\u00edflar \u00feau er \u00fea\u00f0 \u00f3hreinleiki hans. 4 Hvert \u00fea\u00f0 r\u00fam, sem ma\u00f0ur me\u00f0 \u00fatfer\u00f0 leggst \u00ed, ver\u00f0ur \u00f3hreint og allt sem hann sest \u00e1 ver\u00f0ur \u00f3hreint. 5 Hver sem snertir r\u00fam hans skal \u00fevo kl\u00e6\u00f0i s\u00edn og ba\u00f0a sig \u00ed vatni. Hann er \u00f3hreinn til kv\u00f6lds. 6 Hver sem sest \u00e1 eitthva\u00f0 sem <a href=\"https:\/\/biblian.is\/biblian\/thridja-mosebok-15-kafli\/\"> [&#8230;]<\/a><\/p>\n","protected":false},"author":1,"featured_media":0,"parent":0,"menu_order":0,"comment_status":"open","ping_status":"open","template":"bibliukaflar_NT.php","meta":{"footnotes":""},"class_list":["post-1722","page","type-page","status-publish","hentry"],"_links":{"self":[{"href":"https:\/\/biblian.is\/biblian\/wp-json\/wp\/v2\/pages\/1722","targetHints":{"allow":["GET"]}}],"collection":[{"href":"https:\/\/biblian.is\/biblian\/wp-json\/wp\/v2\/pages"}],"about":[{"href":"https:\/\/biblian.is\/biblian\/wp-json\/wp\/v2\/types\/page"}],"author":[{"embeddable":true,"href":"https:\/\/biblian.is\/biblian\/wp-json\/wp\/v2\/users\/1"}],"replies":[{"embeddable":true,"href":"https:\/\/biblian.is\/biblian\/wp-json\/wp\/v2\/comments?post=1722"}],"version-history":[{"count":0,"href":"https:\/\/biblian.is\/biblian\/wp-json\/wp\/v2\/pages\/1722\/revisions"}],"wp:attachment":[{"href":"https:\/\/biblian.is\/biblian\/wp-json\/wp\/v2\/media?parent=1722"}],"curies":[{"name":"wp","href":"https:\/\/api.w.org\/{rel}","templated":true}]}}