{"id":1720,"date":"2017-12-30T21:00:11","date_gmt":"2017-12-30T21:00:11","guid":{"rendered":"http:\/\/biblian.is\/biblian\/_ri_ja-m%c2%97seb%c2%97k-13-kafli\/"},"modified":"2024-05-06T22:30:19","modified_gmt":"2024-05-06T22:30:19","slug":"thridja-mosebok-13-kafli","status":"publish","type":"page","link":"https:\/\/biblian.is\/biblian\/thridja-mosebok-13-kafli\/","title":{"rendered":"\u00deri\u00f0ja M\u00f3seb\u00f3k 13. kafli"},"content":{"rendered":"<h3 class=\"millifyrirsogn_2007\"> Holdsveiki<\/h3>\n<p><a name=\"1\"><span class=\"versanumer_2007\">1<\/span><\/a> Drottinn tala\u00f0i vi\u00f0 M\u00f3se og Aron og sag\u00f0i:<br \/> <a name=\"2\"><span class=\"versanumer_2007\">2<\/span><\/a> \u201e\u00deegar b\u00f3lga, \u00fatbrot e\u00f0a hv\u00edtur blettur myndast \u00e1 h\u00f6rundi einhvers og ver\u00f0ur a\u00f0 holdsveikiskellu \u00e1 h\u00fa\u00f0 hans skal lei\u00f0a hann fyrir Aron prest e\u00f0a einhvern af prestunum, sonum hans. <a name=\"3\"><span class=\"versanumer_2007\">3<\/span><\/a> Presturinn skal \u00fe\u00e1 sko\u00f0a skelluna \u00e1 h\u00f6rundinu. Hafi h\u00e1ri\u00f0 \u00e1 skellunni litast hv\u00edtt og skellan vir\u00f0ist liggja d\u00fdpra en h\u00f6rundi\u00f0 umhverfis er \u00feetta holdsveiki. \u00deegar prestur hefur sko\u00f0a\u00f0 hann skal hann \u00farskur\u00f0a hann \u00f3hreinan.<br \/> <a name=\"4\"><span class=\"versanumer_2007\">4<\/span><\/a> Vir\u00f0ist hv\u00edti bletturinn \u00e1 h\u00f6rundi hans ekki liggja d\u00fdpra en h\u00f6rundi\u00f0 umhverfis og hafi h\u00e1ri\u00f0 \u00e1 honum ekki litast hv\u00edtt skal presturinn einangra \u00ed sj\u00f6 daga \u00feann sem skelluna hefur. <a name=\"5\"><span class=\"versanumer_2007\">5<\/span><\/a> \u00c1 sj\u00f6unda degi skal presturinn sko\u00f0a hann aftur. Sta\u00f0festi hann \u00fe\u00e1 me\u00f0 eigin augum a\u00f0 skellan s\u00e9 \u00f3breytt og hafi ekki brei\u00f0st \u00fat um h\u00f6rundi\u00f0 skal presturinn einangra hann aftur \u00ed sj\u00f6 daga. <a name=\"6\"><span class=\"versanumer_2007\">6<\/span><\/a> \u00c1 sj\u00f6unda degi skal presturinn enn sko\u00f0a hann. Sta\u00f0festi hann \u00fe\u00e1 me\u00f0 eigin augum a\u00f0 skellan hafi dofna\u00f0 og ekki brei\u00f0st \u00fat um h\u00f6rundi\u00f0 skal presturinn \u00farskur\u00f0a hann hreinan. \u00deetta eru \u00fe\u00e1 \u00fatbrot og hann skal \u00fevo kl\u00e6\u00f0i s\u00edn og ver\u00f0ur hreinn.<br \/> <a name=\"7\"><span class=\"versanumer_2007\">7<\/span><\/a> Brei\u00f0ist \u00fatbrotin um h\u00f6rundi\u00f0 eftir a\u00f0 s\u00e1 sem skelluna f\u00e9kk var sko\u00f0a\u00f0ur af prestinum til \u00feess a\u00f0 ver\u00f0a \u00farskur\u00f0a\u00f0ur hreinn skal hann enn einu sinni ganga fyrir prestinn. <a name=\"8\"><span class=\"versanumer_2007\">8<\/span><\/a> Presturinn skal sko\u00f0a hann. Sta\u00f0festi hann \u00fe\u00e1 a\u00f0 \u00fatbrotin hafi brei\u00f0st \u00fat \u00e1 h\u00f6rundinu skal presturinn \u00farskur\u00f0a hann \u00f3hreinan. \u00deetta er holdsveiki.<br \/> <a name=\"9\"><span class=\"versanumer_2007\">9<\/span><\/a> \u00deegar holdsveikiskella myndast \u00e1 einhverjum skal hann leiddur fyrir prest. <a name=\"10\"><span class=\"versanumer_2007\">10<\/span><\/a> Presturinn skal sko\u00f0a skelluna. Sta\u00f0festi hann \u00fe\u00e1 a\u00f0 hv\u00edt b\u00f3lga hafi myndast \u00e1 h\u00fa\u00f0inni, h\u00e1ri\u00f0 litast hv\u00edtt og n\u00fdtt hold myndast \u00ed b\u00f3lgunni, <a name=\"11\"><span class=\"versanumer_2007\">11<\/span><\/a> er \u00feetta g\u00f6mul holdsveiki \u00ed h\u00f6rundi hans. Presturinn skal \u00farskur\u00f0a hann \u00f3hreinan en ekki einangra hann \u00fev\u00ed a\u00f0 hann er \u00f3hreinn.<br \/> <a name=\"12\"><span class=\"versanumer_2007\">12<\/span><\/a> Hafi holdsveikin brei\u00f0st hratt \u00fat um h\u00fa\u00f0ina og hylji alla h\u00fa\u00f0ina me\u00f0 skellum fr\u00e1 hvirfli til ilja, a\u00f0 \u00fev\u00ed er presturinn getur s\u00e9\u00f0 me\u00f0 eigin augum, <a name=\"13\"><span class=\"versanumer_2007\">13<\/span><\/a> skal presturinn sko\u00f0a \u00fea\u00f0. Ef hann sta\u00f0festir a\u00f0 holdsveikin hylji allt h\u00f6rund hans skal hann \u00farskur\u00f0a a\u00f0 s\u00e1 sem skellurnar hefur s\u00e9 hreinn. Hann hefur allur litast hv\u00edtur: hann er hreinn.<br \/> <a name=\"14\"><span class=\"versanumer_2007\">14<\/span><\/a> En um lei\u00f0 og n\u00fdtt hold s\u00e9st \u00e1 honum er hann \u00f3hreinn. <a name=\"15\"><span class=\"versanumer_2007\">15<\/span><\/a> \u00deegar presturinn hefur rannsaka\u00f0 n\u00fdja holdi\u00f0 skal hann \u00farskur\u00f0a hann \u00f3hreinan. N\u00fdja holdi\u00f0 er \u00f3hreint, \u00fea\u00f0 er holdsveiki.<br \/> <a name=\"16\"><span class=\"versanumer_2007\">16<\/span><\/a> \u00deegar hins vegar n\u00fdja holdi\u00f0 hverfur og h\u00fa\u00f0in ver\u00f0ur hv\u00edt skal hann ganga fyrir prest. <a name=\"17\"><span class=\"versanumer_2007\">17<\/span><\/a> Sta\u00f0festi hann a\u00f0 skellan hafi litast hv\u00edt skal presturinn \u00farskur\u00f0a a\u00f0 s\u00e1 sem skelluna hefur s\u00e9 hreinn. Hann er hreinn.<br \/> <a name=\"18\"><span class=\"versanumer_2007\">18<\/span><\/a> \u00deegar k\u00fdli myndast \u00e1 h\u00f6rundi einhvers manns og hja\u00f0nar <a name=\"19\"><span class=\"versanumer_2007\">19<\/span><\/a> en hv\u00edt b\u00f3lga e\u00f0a h\u00e1rau\u00f0ur blettur ver\u00f0ur eftir \u00fear sem k\u00fdli\u00f0 var skal prestur sko\u00f0a hann. <a name=\"20\"><span class=\"versanumer_2007\">20<\/span><\/a> Presturinn skal sko\u00f0a hann og sta\u00f0festi hann a\u00f0 skellan vir\u00f0ist liggja d\u00fdpra en h\u00f6rundi\u00f0 umhverfis og h\u00e1ri\u00f0 \u00e1 henni hafi litast hv\u00edtt skal presturinn \u00farskur\u00f0a hann \u00f3hreinan. \u00deetta er holdsveikiskella sem myndast hefur \u00ed k\u00fdlinu.<br \/> <a name=\"21\"><span class=\"versanumer_2007\">21<\/span><\/a> Sko\u00f0i presturinn skelluna \u00e1n \u00feess a\u00f0 hann geti sta\u00f0fest a\u00f0 \u00e1 henni s\u00e9 hv\u00edtt h\u00e1r e\u00f0a h\u00fan s\u00e9 l\u00e6gri en h\u00f6rundi\u00f0 umhverfis skelluna en a\u00f0 h\u00fan hafi dofna\u00f0 skal presturinn einangra hann \u00ed sj\u00f6 daga. <a name=\"22\"><span class=\"versanumer_2007\">22<\/span><\/a> Ef skellan brei\u00f0ist \u00fat um h\u00f6rundi\u00f0 skal presturinn \u00farskur\u00f0a hann \u00f3hreinan. \u00deetta er holdsveikiskella. <a name=\"23\"><span class=\"versanumer_2007\">23<\/span><\/a> En s\u00e9u \u00fatbrotin \u00f3breytt og brei\u00f0ast ekki \u00fat er \u00feetta \u00f6r eftir k\u00fdli\u00f0. Presturinn skal \u00farskur\u00f0a \u00feann hreinan sem skelluna hefur.<br \/> <a name=\"24\"><span class=\"versanumer_2007\">24<\/span><\/a> \u00deegar einhver f\u00e6r brunas\u00e1r \u00e1 h\u00fa\u00f0ina og lj\u00f3srau\u00f0ur e\u00f0a hv\u00edtur blettur myndast \u00e1 \u00f6rinu <a name=\"25\"><span class=\"versanumer_2007\">25<\/span><\/a> skal prestur sko\u00f0a \u00fea\u00f0. Ef hann sta\u00f0festir a\u00f0 h\u00e1ri\u00f0 \u00e1 skellunni hafi litast hv\u00edtt e\u00f0a a\u00f0 h\u00fan liggi d\u00fdpra en h\u00f6rundi\u00f0 umhverfis er \u00fea\u00f0 holdsveiki sem hefur myndast \u00ed brunas\u00e1rinu. Presturinn skal \u00farskur\u00f0a manninn \u00f3hreinan. \u00deetta er holdsveikiskella.<br \/> <a name=\"26\"><span class=\"versanumer_2007\">26<\/span><\/a> Sko\u00f0i presturinn skelluna og sta\u00f0festi a\u00f0 hvorki s\u00e9 \u00ed henni hv\u00edtt h\u00e1r n\u00e9 a\u00f0 h\u00fan liggi d\u00fdpra en h\u00f6rundi\u00f0 umhverfis en hafi \u00feess \u00ed sta\u00f0 dofna\u00f0 skal presturinn einangra hann \u00ed sj\u00f6 daga. <a name=\"27\"><span class=\"versanumer_2007\">27<\/span><\/a> \u00c1 sj\u00f6unda degi skal presturinn sko\u00f0a hann aftur. Hafi skellan \u00fe\u00e1 brei\u00f0st \u00fat um h\u00fa\u00f0ina skal presturinn \u00farskur\u00f0a \u00feann sem skelluna hefur \u00f3hreinan. \u00deetta er holdsveikiskella.<br \/> <a name=\"28\"><span class=\"versanumer_2007\">28<\/span><\/a> S\u00e9 skellan \u00f3breytt, hafi ekki brei\u00f0st \u00fat um h\u00fa\u00f0ina heldur dofna\u00f0 er \u00feetta b\u00f3lgi\u00f0 \u00f6r eftir brunas\u00e1ri\u00f0. Presturinn skal \u00farskur\u00f0a \u00feann sem skelluna f\u00e9kk hreinan. \u00deetta er \u00f6r eftir brunas\u00e1r.<br \/> <a name=\"29\"><span class=\"versanumer_2007\">29<\/span><\/a> \u00deegar skella myndast \u00e1 h\u00f6f\u00f0i karls e\u00f0a konu e\u00f0a \u00ed skeggst\u00e6\u00f0i <a name=\"30\"><span class=\"versanumer_2007\">30<\/span><\/a> skal prestur sko\u00f0a skelluna. Sta\u00f0festi hann a\u00f0 h\u00fan vir\u00f0ist liggja d\u00fdpra en h\u00f6rundi\u00f0 umhverfis og a\u00f0 \u00ed henni s\u00e9u gulleit, visin h\u00e1r skal presturinn \u00farskur\u00f0a \u00feann sem skelluna f\u00e9kk \u00f3hreinan. \u00deetta eru holdsveiki\u00fatbrot, \u00fea\u00f0 er holdsveiki \u00e1 h\u00f6f\u00f0i e\u00f0a \u00ed skeggi.<br \/> <a name=\"31\"><span class=\"versanumer_2007\">31<\/span><\/a> \u00deegar presturinn sko\u00f0ar \u00fatbrotin og sta\u00f0festir a\u00f0 \u00feau vir\u00f0ist hvorki liggja d\u00fdpra en h\u00f6rundi\u00f0 umhverfis n\u00e9 a\u00f0 svart h\u00e1r s\u00e9 sj\u00e1anlegt \u00ed \u00feeim skal presturinn einangra \u00feann \u00ed sj\u00f6 daga sem \u00fatbrotin f\u00e9kk. <a name=\"32\"><span class=\"versanumer_2007\">32<\/span><\/a> \u00c1 sj\u00f6unda degi skal presturinn sko\u00f0a \u00fatbrotin aftur. Sj\u00e1i hann a\u00f0 skellan hefur hvorki brei\u00f0st \u00fat n\u00e9 a\u00f0 gulleitt visi\u00f0 h\u00e1r hafi myndast \u00e1 henni og a\u00f0 h\u00fan vir\u00f0ist ekki liggja d\u00fdpra en h\u00f6rundi\u00f0 umhverfis, <a name=\"33\"><span class=\"versanumer_2007\">33<\/span><\/a> skal s\u00e1 sem f\u00e9kk \u00fatbrotin raka sig, \u00fe\u00f3 ekki skelluna. Presturinn skal einangra \u00ed sj\u00f6 daga \u00feann sem f\u00e9kk \u00fatbrotin. <a name=\"34\"><span class=\"versanumer_2007\">34<\/span><\/a> \u00c1 sj\u00f6unda degi skal presturinn sko\u00f0a \u00fatbrotin aftur. Sta\u00f0festi hann a\u00f0 \u00fatbrotin hafi ekki brei\u00f0st \u00fat um h\u00f6rundi\u00f0 og \u00feau vir\u00f0ast ekki liggja d\u00fdpra en h\u00fa\u00f0in umhverfis skal presturinn \u00farskur\u00f0a hann hreinan. Hann skal \u00fevo kl\u00e6\u00f0i s\u00edn og ver\u00f0ur \u00fe\u00e1 hreinn. <a name=\"35\"><span class=\"versanumer_2007\">35<\/span><\/a> Ef \u00fatbrotin brei\u00f0ast \u00fat um h\u00f6rundi\u00f0 eftir a\u00f0 presturinn hefur \u00farskur\u00f0a\u00f0 manninn hreinan <a name=\"36\"><span class=\"versanumer_2007\">36<\/span><\/a> skal presturinn sko\u00f0a hann aftur. Sta\u00f0festi hann a\u00f0 \u00fatbrotin hafi brei\u00f0st \u00fat um h\u00fa\u00f0ina \u00fearf presturinn ekki a\u00f0 leita a\u00f0 gulleitum h\u00e1rum. Ma\u00f0urinn er \u00f3hreinn.<br \/> <a name=\"37\"><span class=\"versanumer_2007\">37<\/span><\/a> Vir\u00f0ist prestinum \u00fatbrotin vera \u00f3breytt og svart h\u00e1r hefur vaxi\u00f0 \u00e1 \u00feeim eru \u00fatbrotin l\u00e6knu\u00f0. Ma\u00f0urinn er hreinn og presturinn skal \u00farskur\u00f0a hann hreinan.<br \/> <a name=\"38\"><span class=\"versanumer_2007\">38<\/span><\/a> \u00deegar blettir myndast \u00e1 h\u00f6rundi karls e\u00f0a konu, hv\u00edtir blettir, <a name=\"39\"><span class=\"versanumer_2007\">39<\/span><\/a> skal prestur sko\u00f0a \u00fe\u00e1. Sta\u00f0festi hann a\u00f0 daufir, hv\u00edtir blettir s\u00e9u \u00e1 h\u00f6rundinu eru \u00fea\u00f0 g\u00f3\u00f0kynja \u00fatbrot sem hafa myndast \u00e1 h\u00fa\u00f0inni. Ma\u00f0urinn er hreinn.<br \/> <a name=\"40\"><span class=\"versanumer_2007\">40<\/span><\/a> \u00deegar ma\u00f0ur missir h\u00e1ri\u00f0 \u00e1 hvirflinum f\u00e6r hann hvirfilsskalla og er hreinn. <a name=\"41\"><span class=\"versanumer_2007\">41<\/span><\/a> Missi hann h\u00e1ri\u00f0 vi\u00f0 gagnaugun og framan til \u00e1 h\u00f6f\u00f0inu f\u00e6r hann ennisskalla. Hann er hreinn.<br \/> <a name=\"42\"><span class=\"versanumer_2007\">42<\/span><\/a> \u00deegar lj\u00f3srau\u00f0 \u00fatbrot myndast \u00e1 skalla manns e\u00f0a ennisskalla er \u00fea\u00f0 holdsveiki sem kemur fram \u00e1 skalla hans e\u00f0a ennisskalla. <a name=\"43\"><span class=\"versanumer_2007\">43<\/span><\/a> Prestur skal sko\u00f0a \u00feetta. Sta\u00f0festi hann a\u00f0 b\u00f3lgan \u00ed \u00fatbrotunum \u00e1 skallanum e\u00f0a enninu s\u00e9 lj\u00f3srau\u00f0 og l\u00edti \u00fat eins og holdsveiki \u00ed h\u00f6rundi <a name=\"44\"><span class=\"versanumer_2007\">44<\/span><\/a> er hann holdsveikur. Ma\u00f0urinn er \u00f3hreinn. Presturinn skal \u00farskur\u00f0a hann \u00f3tv\u00edr\u00e6tt \u00f3hreinan. Hann hefur holdsveiki \u00e1 h\u00f6f\u00f0inu.<br \/> <a name=\"45\"><span class=\"versanumer_2007\">45<\/span><\/a> Hinn holdsveiki, s\u00e1 sem s\u00fdktur er, skal kl\u00e6\u00f0ast rifnum kl\u00e6\u00f0um, h\u00e1r hans skal vera \u00f3hirt og hann skal hylja skegg sitt. Hann skal hr\u00f3pa: \u201e\u00d3hreinn, \u00f3hreinn!\u201c <a name=\"46\"><span class=\"versanumer_2007\">46<\/span><\/a> Hann er \u00f3hreinn allan \u00feann t\u00edma sem hann hefur sj\u00fakd\u00f3minn. Hann skal b\u00faa einangra\u00f0ur, b\u00fasta\u00f0ur hans skal vera utan herb\u00fa\u00f0anna.<br \/> <a name=\"47\"><span class=\"versanumer_2007\">47<\/span><\/a> \u00deegar holdsveikiskella kemur \u00e1 f\u00f6t, hvort sem \u00feau eru \u00far ull e\u00f0a l\u00edni, <a name=\"48\"><span class=\"versanumer_2007\">48<\/span><\/a> hvort sem \u00feau eru ofin e\u00f0a prj\u00f3nu\u00f0 \u00far l\u00edni e\u00f0a ull, e\u00f0a \u00e1 le\u00f0ur e\u00f0a eitthva\u00f0 sem gert er \u00far le\u00f0ri <a name=\"49\"><span class=\"versanumer_2007\">49<\/span><\/a> og skellan er gulgr\u00e6n e\u00f0a rau\u00f0leit, hvort sem h\u00fan er \u00e1 le\u00f0ri, vefna\u00f0i, prj\u00f3nlesi e\u00f0a einhverju \u00far le\u00f0ri, \u00fe\u00e1 er \u00feetta holdsveikiskella og skal s\u00fdna hana presti. <a name=\"50\"><span class=\"versanumer_2007\">50<\/span><\/a> Presturinn skal sko\u00f0a hana og einangra \u00ed sj\u00f6 daga \u00fea\u00f0 sem skellan er \u00e1. <a name=\"51\"><span class=\"versanumer_2007\">51<\/span><\/a> \u00c1 sj\u00f6unda degi skal hann sko\u00f0a skelluna aftur. Hafi skellan brei\u00f0st \u00fat um fatna\u00f0inn, hvort sem hann er ofinn, prj\u00f3na\u00f0ur e\u00f0a \u00far le\u00f0ri, til hvers sem le\u00f0ri\u00f0 er nota\u00f0, \u00fe\u00e1 er \u00feetta illkynja holdsveiki. Plaggi\u00f0 er \u00f3hreint. <a name=\"52\"><span class=\"versanumer_2007\">52<\/span><\/a> Presturinn skal brenna plaggi\u00f0 hvort sem \u00fea\u00f0 er ofi\u00f0 e\u00f0a prj\u00f3na\u00f0 \u00far ull e\u00f0a l\u00edni e\u00f0a \u00far le\u00f0ri e\u00f0a hva\u00f0 \u00fea\u00f0 n\u00fa er sem hefur fengi\u00f0 skellu. \u00deetta er illkynja holdsveiki og skal brennt \u00ed eldi.<br \/> <a name=\"53\"><span class=\"versanumer_2007\">53<\/span><\/a> Sko\u00f0i presturinn plaggi\u00f0 og sta\u00f0festi a\u00f0 skellan hafi ekki brei\u00f0st \u00fat um \u00fea\u00f0, hvort sem \u00fea\u00f0 er ofi\u00f0, prj\u00f3na\u00f0, \u00far le\u00f0ri e\u00f0a \u00far hverju sem \u00fea\u00f0 kann a\u00f0 vera, <a name=\"54\"><span class=\"versanumer_2007\">54<\/span><\/a> \u00fe\u00e1 skal presturinn bj\u00f3\u00f0a a\u00f0 \u00fevo \u00fea\u00f0 sem skellan er \u00e1. \u00dev\u00ed n\u00e6st skal hann einangra \u00fea\u00f0 \u00f6\u00f0ru sinni \u00ed sj\u00f6 daga. <a name=\"55\"><span class=\"versanumer_2007\">55<\/span><\/a> \u00deegar \u00fea\u00f0 hefur veri\u00f0 \u00fevegi\u00f0 skal presturinn sko\u00f0a \u00fea\u00f0 aftur. Sta\u00f0festi hann a\u00f0 skellan vir\u00f0ist ekki hafa breyst er plaggi\u00f0 \u00f3hreint, jafnvel \u00fe\u00f3tt skellan hafi ekki brei\u00f0st \u00fat. \u00dea\u00f0 skal brennt \u00ed eldi. \u00deetta er t\u00e6ring, hvort sem h\u00fan er \u00e1 r\u00e9ttunni e\u00f0a r\u00f6ngunni.<br \/> <a name=\"56\"><span class=\"versanumer_2007\">56<\/span><\/a> Sta\u00f0festi presturinn a\u00f0 skellan hafi dofna\u00f0 eftir \u00fevottinn skal hann r\u00edfa \u00far plagginu \u00fea\u00f0 sem skellan er \u00e1, hvort sem \u00fea\u00f0 er ofi\u00f0, prj\u00f3na\u00f0 e\u00f0a \u00far le\u00f0ri.<br \/> <a name=\"57\"><span class=\"versanumer_2007\">57<\/span><\/a> Komi skellan aftur \u00ed lj\u00f3s \u00e1 sama fatna\u00f0i, hvort sem hann er ofinn, prj\u00f3na\u00f0ur e\u00f0a \u00far le\u00f0ri, er \u00fea\u00f0 n\u00fdtt sj\u00fakd\u00f3mstilfelli. \u00de\u00fa skalt brenna \u00fea\u00f0 \u00ed eldi sem skellan er \u00e1. <a name=\"58\"><span class=\"versanumer_2007\">58<\/span><\/a> En \u00fea\u00f0 plagg, hvort heldur ofi\u00f0 e\u00f0a prj\u00f3na\u00f0, e\u00f0a le\u00f0urhlutur sem skellan fer af vi\u00f0 \u00fevott skal \u00fevegi\u00f0 \u00f6\u00f0ru sinni og er \u00fea\u00f0 \u00fe\u00e1 hreint.\u201c<br \/> <a name=\"59\"><span class=\"versanumer_2007\">59<\/span><\/a> \u00deetta eru l\u00f6g um holdsveikiskellur \u00e1 pl\u00f6ggum, \u00far ull e\u00f0a l\u00edni, hvort sem \u00feau eru ofin e\u00f0a prj\u00f3nu\u00f0, e\u00f0a skellur \u00e1 \u00f6llu \u00fev\u00ed sem gert er \u00far le\u00f0ri. Samkv\u00e6mt \u00feeim skal skori\u00f0 \u00far um hreinleika e\u00f0a \u00f3hreinleika.<\/p>\n","protected":false},"excerpt":{"rendered":"<p>Holdsveiki 1 Drottinn tala\u00f0i vi\u00f0 M\u00f3se og Aron og sag\u00f0i: 2 \u201e\u00deegar b\u00f3lga, \u00fatbrot e\u00f0a hv\u00edtur blettur myndast \u00e1 h\u00f6rundi einhvers og ver\u00f0ur a\u00f0 holdsveikiskellu \u00e1 h\u00fa\u00f0 hans skal lei\u00f0a hann fyrir Aron prest e\u00f0a einhvern af prestunum, sonum hans. 3 Presturinn skal \u00fe\u00e1 sko\u00f0a skelluna \u00e1 h\u00f6rundinu. Hafi h\u00e1ri\u00f0 \u00e1 skellunni litast hv\u00edtt og skellan vir\u00f0ist liggja d\u00fdpra en h\u00f6rundi\u00f0 umhverfis er \u00feetta holdsveiki. \u00deegar prestur hefur sko\u00f0a\u00f0 hann skal hann \u00farskur\u00f0a hann \u00f3hreinan. 4 Vir\u00f0ist hv\u00edti bletturinn \u00e1 h\u00f6rundi hans ekki liggja d\u00fdpra en h\u00f6rundi\u00f0 umhverfis og hafi h\u00e1ri\u00f0 \u00e1 honum ekki litast hv\u00edtt skal presturinn einangra \u00ed <a href=\"https:\/\/biblian.is\/biblian\/thridja-mosebok-13-kafli\/\"> [&#8230;]<\/a><\/p>\n","protected":false},"author":1,"featured_media":0,"parent":0,"menu_order":0,"comment_status":"open","ping_status":"open","template":"bibliukaflar_NT.php","meta":{"footnotes":""},"class_list":["post-1720","page","type-page","status-publish","hentry"],"_links":{"self":[{"href":"https:\/\/biblian.is\/biblian\/wp-json\/wp\/v2\/pages\/1720","targetHints":{"allow":["GET"]}}],"collection":[{"href":"https:\/\/biblian.is\/biblian\/wp-json\/wp\/v2\/pages"}],"about":[{"href":"https:\/\/biblian.is\/biblian\/wp-json\/wp\/v2\/types\/page"}],"author":[{"embeddable":true,"href":"https:\/\/biblian.is\/biblian\/wp-json\/wp\/v2\/users\/1"}],"replies":[{"embeddable":true,"href":"https:\/\/biblian.is\/biblian\/wp-json\/wp\/v2\/comments?post=1720"}],"version-history":[{"count":0,"href":"https:\/\/biblian.is\/biblian\/wp-json\/wp\/v2\/pages\/1720\/revisions"}],"wp:attachment":[{"href":"https:\/\/biblian.is\/biblian\/wp-json\/wp\/v2\/media?parent=1720"}],"curies":[{"name":"wp","href":"https:\/\/api.w.org\/{rel}","templated":true}]}}