{"id":1719,"date":"2017-12-30T21:00:11","date_gmt":"2017-12-30T21:00:11","guid":{"rendered":"http:\/\/biblian.is\/biblian\/_ri_ja-m%c2%97seb%c2%97k-12-kafli\/"},"modified":"2024-05-06T22:30:19","modified_gmt":"2024-05-06T22:30:19","slug":"thridja-mosebok-12-kafli","status":"publish","type":"page","link":"https:\/\/biblian.is\/biblian\/thridja-mosebok-12-kafli\/","title":{"rendered":"\u00deri\u00f0ja M\u00f3seb\u00f3k 12. kafli"},"content":{"rendered":"<h3 class=\"millifyrirsogn_2007\"> Um s\u00e6ngurkonur<\/h3>\n<p><a name=\"1\"><span class=\"versanumer_2007\">1<\/span><\/a> Drottinn tala\u00f0i vi\u00f0 M\u00f3se og sag\u00f0i:<br \/> <a name=\"2\"><span class=\"versanumer_2007\">2<\/span><\/a> \u201e\u00c1varpa\u00f0u \u00cdsraelsmenn og seg\u00f0u: \u00deegar kona er \u00feungu\u00f0 og f\u00e6\u00f0ir sveinbarn er h\u00fan \u00f3hrein \u00ed sj\u00f6 daga \u00e1 sama h\u00e1tt og h\u00fan er \u00f3hrein \u00fe\u00e1 daga sem h\u00fan hefur t\u00ed\u00f0ir. <a name=\"3\"><span class=\"versanumer_2007\">3<\/span><\/a> \u00c1 \u00e1ttunda degi skal yfirh\u00fa\u00f0 drengsins umskorin.<br \/> <a name=\"4\"><span class=\"versanumer_2007\">4<\/span><\/a> Konan skal halda kyrru fyrir \u00ed \u00ferj\u00e1t\u00edu og \u00ferj\u00e1 daga me\u00f0an \u00e1 bl\u00f3\u00f0hreinsuninni stendur. H\u00fan m\u00e1 hvorki snerta neitt heilagt n\u00e9 koma inn \u00ed helgid\u00f3minn fyrr en hreinsunardagar hennar eru li\u00f0nir. <a name=\"5\"><span class=\"versanumer_2007\">5<\/span><\/a> Ef h\u00fan f\u00e6\u00f0ir meybarn er h\u00fan \u00f3hrein \u00ed tvisvar sinnum sj\u00f6 daga \u00e1 sama h\u00e1tt og \u00feegar h\u00fan hefur t\u00ed\u00f0ir.<br \/>H\u00fan skal halda kyrru fyrir vegna bl\u00f3\u00f0hreinsunarinnar \u00ed sext\u00edu og sex daga. <a name=\"6\"><span class=\"versanumer_2007\">6<\/span><\/a> \u00deegar hreinsunardagar hennar eru li\u00f0nir, hvort heldur eftir f\u00e6\u00f0ingu sonar e\u00f0a d\u00f3ttur, skal h\u00fan f\u00e6ra prestinum veturgamla sau\u00f0kind \u00ed brennif\u00f3rn og unga d\u00fafu e\u00f0a turtild\u00fafu \u00ed syndaf\u00f3rn a\u00f0 dyrum samfundatjaldsins. <a name=\"7\"><span class=\"versanumer_2007\">7<\/span><\/a> Hann skal f\u00e6ra \u00fea\u00f0 fram fyrir auglit Drottins og fri\u00f0\u00fe\u00e6gja fyrir hana. \u00de\u00e1 ver\u00f0ur h\u00fan hrein af bl\u00e6\u00f0ingum s\u00ednum.\u201c<br \/>\u00deetta eru l\u00f6g um konur sem f\u00e6\u00f0a hvort heldur sveinbarn e\u00f0a meybarn.<br \/> <a name=\"8\"><span class=\"versanumer_2007\">8<\/span><\/a> Eigi h\u00fan ekki fyrir sau\u00f0kind skal h\u00fan f\u00e6ra fram tv\u00e6r turtild\u00fafur e\u00f0a tv\u00e6r d\u00fafur, a\u00f0ra \u00ed brennif\u00f3rn og hina \u00ed syndaf\u00f3rn. Presturinn skal fri\u00f0\u00fe\u00e6gja fyrir hana og ver\u00f0ur h\u00fan \u00fe\u00e1 hrein.<\/p>\n","protected":false},"excerpt":{"rendered":"<p>Um s\u00e6ngurkonur 1 Drottinn tala\u00f0i vi\u00f0 M\u00f3se og sag\u00f0i: 2 \u201e\u00c1varpa\u00f0u \u00cdsraelsmenn og seg\u00f0u: \u00deegar kona er \u00feungu\u00f0 og f\u00e6\u00f0ir sveinbarn er h\u00fan \u00f3hrein \u00ed sj\u00f6 daga \u00e1 sama h\u00e1tt og h\u00fan er \u00f3hrein \u00fe\u00e1 daga sem h\u00fan hefur t\u00ed\u00f0ir. 3 \u00c1 \u00e1ttunda degi skal yfirh\u00fa\u00f0 drengsins umskorin. 4 Konan skal halda kyrru fyrir \u00ed \u00ferj\u00e1t\u00edu og \u00ferj\u00e1 daga me\u00f0an \u00e1 bl\u00f3\u00f0hreinsuninni stendur. H\u00fan m\u00e1 hvorki snerta neitt heilagt n\u00e9 koma inn \u00ed helgid\u00f3minn fyrr en hreinsunardagar hennar eru li\u00f0nir. 5 Ef h\u00fan f\u00e6\u00f0ir meybarn er h\u00fan \u00f3hrein \u00ed tvisvar sinnum sj\u00f6 daga \u00e1 sama h\u00e1tt og \u00feegar h\u00fan hefur <a href=\"https:\/\/biblian.is\/biblian\/thridja-mosebok-12-kafli\/\"> [&#8230;]<\/a><\/p>\n","protected":false},"author":1,"featured_media":0,"parent":0,"menu_order":0,"comment_status":"open","ping_status":"open","template":"bibliukaflar_NT.php","meta":{"footnotes":""},"class_list":["post-1719","page","type-page","status-publish","hentry"],"_links":{"self":[{"href":"https:\/\/biblian.is\/biblian\/wp-json\/wp\/v2\/pages\/1719","targetHints":{"allow":["GET"]}}],"collection":[{"href":"https:\/\/biblian.is\/biblian\/wp-json\/wp\/v2\/pages"}],"about":[{"href":"https:\/\/biblian.is\/biblian\/wp-json\/wp\/v2\/types\/page"}],"author":[{"embeddable":true,"href":"https:\/\/biblian.is\/biblian\/wp-json\/wp\/v2\/users\/1"}],"replies":[{"embeddable":true,"href":"https:\/\/biblian.is\/biblian\/wp-json\/wp\/v2\/comments?post=1719"}],"version-history":[{"count":0,"href":"https:\/\/biblian.is\/biblian\/wp-json\/wp\/v2\/pages\/1719\/revisions"}],"wp:attachment":[{"href":"https:\/\/biblian.is\/biblian\/wp-json\/wp\/v2\/media?parent=1719"}],"curies":[{"name":"wp","href":"https:\/\/api.w.org\/{rel}","templated":true}]}}