{"id":1717,"date":"2017-12-30T21:00:05","date_gmt":"2017-12-30T21:00:05","guid":{"rendered":"http:\/\/biblian.is\/biblian\/_ri_ja-m%c2%97seb%c2%97k-10-kafli\/"},"modified":"2024-05-06T22:30:19","modified_gmt":"2024-05-06T22:30:19","slug":"thridja-mosebok-10-kafli","status":"publish","type":"page","link":"https:\/\/biblian.is\/biblian\/thridja-mosebok-10-kafli\/","title":{"rendered":"\u00deri\u00f0ja M\u00f3seb\u00f3k 10. kafli"},"content":{"rendered":"<p><a name=\"1\"><span class=\"versanumer_2007\">1<\/span><\/a> Einhverju sinni t\u00f3ku \u00feeir Nadab og Ab\u00edh\u00fa, synir Arons, hvor s\u00edna reykelsisp\u00f6nnuna, l\u00e9tu eld \u00ed og l\u00f6g\u00f0u reykelsi ofan \u00e1 og b\u00e1ru \u00f3hreinan eld fram fyrir auglit Drottins sem hann haf\u00f0i ekki bo\u00f0i\u00f0 \u00feeim a\u00f0 gera. <a name=\"2\"><span class=\"versanumer_2007\">2<\/span><\/a> \u00de\u00e1 gekk eldslogi \u00fat fr\u00e1 augliti Drottins og gleypti \u00fe\u00e1 og \u00feeir l\u00e9tu l\u00edf sitt frammi fyrir augliti Drottins.<br \/> <a name=\"3\"><span class=\"versanumer_2007\">3<\/span><\/a> \u00de\u00e1 sag\u00f0i M\u00f3se vi\u00f0 Aron: \u201eN\u00fa er \u00fea\u00f0 komi\u00f0 fram sem Drottinn sag\u00f0i:<br \/> <span class=\"ljodatexti\"> \u00c9g s\u00fdni heilagleika minn<br \/>\u00feeim sem m\u00e9r eru n\u00e6stir,<br \/>birti d\u00fdr\u00f0 m\u00edna<br \/>frammi fyrir allri \u00fej\u00f3\u00f0inni.\u201c <\/span> <br \/>En Aron \u00feag\u00f0i vi\u00f0. <a name=\"4\"><span class=\"versanumer_2007\">4<\/span><\/a> \u00de\u00e1 kalla\u00f0i M\u00f3se \u00e1 M\u00edsael og Elsafan, syni \u00dass\u00edels, f\u00f6\u00f0urbr\u00f3\u00f0ur Arons, og sag\u00f0i vi\u00f0 \u00fe\u00e1: \u201eKomi\u00f0 hinga\u00f0 og beri\u00f0 fr\u00e6ndur ykkar burt fr\u00e1 helgid\u00f3minum \u00fat fyrir herb\u00fa\u00f0irnar.\u201c <a name=\"5\"><span class=\"versanumer_2007\">5<\/span><\/a> \u00deeir komu og b\u00e1ru \u00fe\u00e1 \u00ed kyrtlum s\u00ednum \u00fat fyrir herb\u00fa\u00f0irnar eins og M\u00f3se haf\u00f0i lagt fyrir.<\/p>\n<h3 class=\"millifyrirsogn_2007\">Reglur fyrir presta<\/h3>\n<p><a name=\"6\"><span class=\"versanumer_2007\">6<\/span><\/a> M\u00f3se sag\u00f0i vi\u00f0 Aron og syni hans, Eleasar og \u00cdtamar: \u201eL\u00e1ti\u00f0 h\u00f6fu\u00f0h\u00e1r ykkar ekki hanga laust og \u00fei\u00f0 skulu\u00f0 ekki r\u00edfa kl\u00e6\u00f0i ykkar \u00fev\u00ed a\u00f0 \u00fe\u00e1 deyi\u00f0 \u00fei\u00f0 og Drottinn mun rei\u00f0ast \u00f6llum s\u00f6fnu\u00f0inum. \u00c6ttbr\u00e6\u00f0ur ykkar, allir \u00cdsraelsmenn, skulu gr\u00e1ta \u00fea\u00f0 b\u00e1l sem Drottinn hefur kveikt. <a name=\"7\"><span class=\"versanumer_2007\">7<\/span><\/a> \u00dei\u00f0 skulu\u00f0 ekki v\u00edkja fr\u00e1 dyrum samfundatjaldsins \u00fev\u00ed a\u00f0 \u00fe\u00e1 deyi\u00f0 \u00fei\u00f0 vegna \u00feess a\u00f0 smurningarol\u00eda Drottins er \u00e1 h\u00f6f\u00f0i ykkar.\u201c \u00deeir fylgdu fyrirm\u00e6lum M\u00f3se.<br \/> <a name=\"8\"><span class=\"versanumer_2007\">8<\/span><\/a> Drottinn \u00e1varpa\u00f0i Aron og sag\u00f0i:<br \/> <a name=\"9\"><span class=\"versanumer_2007\">9<\/span><\/a> \u201e\u00de\u00fa og synir \u00fe\u00ednir skulu\u00f0 hvorki drekka v\u00edn n\u00e9 \u00e1fengan drykk \u00feegar \u00fei\u00f0 gangi\u00f0 inn \u00ed samfundatjaldi\u00f0 \u00fev\u00ed a\u00f0 \u00fe\u00e1 deyi\u00f0 \u00fei\u00f0. \u00dea\u00f0 skal vera \u00e6varandi regla fyrir ykkur fr\u00e1 einni kynsl\u00f3\u00f0 til annarrar <a name=\"10\"><span class=\"versanumer_2007\">10<\/span><\/a> a\u00f0 \u00fei\u00f0 a\u00f0greini\u00f0 heilagt og vanheilagt, hreint og \u00f3hreint. <a name=\"11\"><span class=\"versanumer_2007\">11<\/span><\/a> \u00dei\u00f0 skulu\u00f0 kenna \u00cdsraelsm\u00f6nnum \u00f6ll \u00feau fyrirm\u00e6li sem Drottinn hefur gefi\u00f0 ykkur fyrir munn M\u00f3se.\u201c<br \/> <a name=\"12\"><span class=\"versanumer_2007\">12<\/span><\/a> M\u00f3se sag\u00f0i vi\u00f0 Aron og \u00fe\u00e1 syni hans sem enn voru \u00e1 l\u00edfi, Eleasar og \u00cdtamar:<br \/>\u201eTaki\u00f0 kornf\u00f3rnina, \u00fea\u00f0 sem hefur or\u00f0i\u00f0 eftir af eldf\u00f3rnum Drottins, og eti\u00f0 hana \u00f3s\u00fdr\u00f0a vi\u00f0 hli\u00f0ina \u00e1 altarinu. H\u00fan er h\u00e1heil\u00f6g <a name=\"13\"><span class=\"versanumer_2007\">13<\/span><\/a> og \u00fei\u00f0 skulu\u00f0 neyta hennar \u00e1 helgum sta\u00f0 \u00fev\u00ed a\u00f0 h\u00fan er hluti \u00feinn og hluti sona \u00feinna af eldf\u00f3rnum Drottins. \u00deetta hefur m\u00e9r veri\u00f0 bo\u00f0i\u00f0.<br \/> <a name=\"14\"><span class=\"versanumer_2007\">14<\/span><\/a> Bringuna, sem var veifa\u00f0, og l\u00e6ri\u00f0, sem var hlutdeild \u00fe\u00edn \u00ed f\u00f3rninni, skaltu eta \u00e1 hreinum sta\u00f0 \u00e1samt sonum \u00fe\u00ednum og d\u00e6trum \u00fev\u00ed a\u00f0 \u00feetta er s\u00e1 hluti heillaf\u00f3rna \u00cdsraelsmanna sem \u00fe\u00fa og synir \u00fe\u00ednir eigi\u00f0 tilkall til. <a name=\"15\"><span class=\"versanumer_2007\">15<\/span><\/a> L\u00e6ri\u00f0 og bringuna, sem veifa skal, skulu\u00f0 \u00fei\u00f0 bera fram \u00e1samt m\u00f6rnum til eldf\u00f3rnarinnar. \u00deeim skal veifa\u00f0 frammi fyrir augliti Drottins. S\u00ed\u00f0an skulu\u00f0 \u00fe\u00fa og synir \u00fe\u00ednir f\u00e1 \u00feessi stykki.<br \/>\u00dea\u00f0 er \u00e6varandi skyldugrei\u00f0sla eins og Drottinn hefur bo\u00f0i\u00f0.\u201c<br \/> <a name=\"16\"><span class=\"versanumer_2007\">16<\/span><\/a> \u00deegar M\u00f3se leita\u00f0i a\u00f0 syndaf\u00f3rnarhafrinum var hann brunninn upp. \u00de\u00e1 reiddist hann Eleasar og \u00cdtamar, sonum Arons sem enn voru \u00e1 l\u00edfi, og spur\u00f0i: <a name=\"17\"><span class=\"versanumer_2007\">17<\/span><\/a> \u201eHvers vegna neyttu\u00f0 \u00fei\u00f0 ekki syndaf\u00f3rnarinnar \u00e1 helgum sta\u00f0? H\u00fan er h\u00e1heil\u00f6g og Drottinn hefur gefi\u00f0 ykkur hana til a\u00f0 afm\u00e1 synd safna\u00f0arins me\u00f0 \u00fev\u00ed a\u00f0 fri\u00f0\u00fe\u00e6gja fyrir hann frammi fyrir augliti Drottins. <a name=\"18\"><span class=\"versanumer_2007\">18<\/span><\/a> Bl\u00f3\u00f0 hennar hefur ekki veri\u00f0 bori\u00f0 inn \u00ed helgid\u00f3minn, \u00fei\u00f0 \u00e1ttu\u00f0 a\u00f0 neyta hennar \u00ed helgid\u00f3minum eins og \u00e9g haf\u00f0i bo\u00f0i\u00f0.\u201c<br \/> <a name=\"19\"><span class=\"versanumer_2007\">19<\/span><\/a> \u00de\u00e1 svara\u00f0i Aron M\u00f3se: \u201e\u00cd dag hafa \u00feeir f\u00e6rt syndaf\u00f3rn s\u00edna og brennif\u00f3rn frammi fyrir augliti Drottins og \u00fe\u00e1 hendir \u00feetta mig. Hef\u00f0i \u00fea\u00f0 veri\u00f0 gott \u00ed augum Drottins ef \u00e9g hef\u00f0i neytt syndaf\u00f3rnarinnar \u00ed dag?\u201c <a name=\"20\"><span class=\"versanumer_2007\">20<\/span><\/a> \u00deetta svar f\u00e9ll M\u00f3se vel.<\/p>\n","protected":false},"excerpt":{"rendered":"<p>1 Einhverju sinni t\u00f3ku \u00feeir Nadab og Ab\u00edh\u00fa, synir Arons, hvor s\u00edna reykelsisp\u00f6nnuna, l\u00e9tu eld \u00ed og l\u00f6g\u00f0u reykelsi ofan \u00e1 og b\u00e1ru \u00f3hreinan eld fram fyrir auglit Drottins sem hann haf\u00f0i ekki bo\u00f0i\u00f0 \u00feeim a\u00f0 gera. 2 \u00de\u00e1 gekk eldslogi \u00fat fr\u00e1 augliti Drottins og gleypti \u00fe\u00e1 og \u00feeir l\u00e9tu l\u00edf sitt frammi fyrir augliti Drottins. 3 \u00de\u00e1 sag\u00f0i M\u00f3se vi\u00f0 Aron: \u201eN\u00fa er \u00fea\u00f0 komi\u00f0 fram sem Drottinn sag\u00f0i: \u00c9g s\u00fdni heilagleika minn\u00feeim sem m\u00e9r eru n\u00e6stir,birti d\u00fdr\u00f0 m\u00ednaframmi fyrir allri \u00fej\u00f3\u00f0inni.\u201c En Aron \u00feag\u00f0i vi\u00f0. 4 \u00de\u00e1 kalla\u00f0i M\u00f3se \u00e1 M\u00edsael og Elsafan, syni \u00dass\u00edels, f\u00f6\u00f0urbr\u00f3\u00f0ur Arons, <a href=\"https:\/\/biblian.is\/biblian\/thridja-mosebok-10-kafli\/\"> [&#8230;]<\/a><\/p>\n","protected":false},"author":1,"featured_media":0,"parent":0,"menu_order":0,"comment_status":"open","ping_status":"open","template":"bibliukaflar_NT.php","meta":{"footnotes":""},"class_list":["post-1717","page","type-page","status-publish","hentry"],"_links":{"self":[{"href":"https:\/\/biblian.is\/biblian\/wp-json\/wp\/v2\/pages\/1717","targetHints":{"allow":["GET"]}}],"collection":[{"href":"https:\/\/biblian.is\/biblian\/wp-json\/wp\/v2\/pages"}],"about":[{"href":"https:\/\/biblian.is\/biblian\/wp-json\/wp\/v2\/types\/page"}],"author":[{"embeddable":true,"href":"https:\/\/biblian.is\/biblian\/wp-json\/wp\/v2\/users\/1"}],"replies":[{"embeddable":true,"href":"https:\/\/biblian.is\/biblian\/wp-json\/wp\/v2\/comments?post=1717"}],"version-history":[{"count":0,"href":"https:\/\/biblian.is\/biblian\/wp-json\/wp\/v2\/pages\/1717\/revisions"}],"wp:attachment":[{"href":"https:\/\/biblian.is\/biblian\/wp-json\/wp\/v2\/media?parent=1717"}],"curies":[{"name":"wp","href":"https:\/\/api.w.org\/{rel}","templated":true}]}}