{"id":1716,"date":"2017-12-30T21:00:05","date_gmt":"2017-12-30T21:00:05","guid":{"rendered":"http:\/\/biblian.is\/biblian\/_ri_ja-m%c2%97seb%c2%97k-9-kafli\/"},"modified":"2024-05-06T22:30:23","modified_gmt":"2024-05-06T22:30:23","slug":"thridja-mosebok-9-kafli","status":"publish","type":"page","link":"https:\/\/biblian.is\/biblian\/thridja-mosebok-9-kafli\/","title":{"rendered":"\u00deri\u00f0ja M\u00f3seb\u00f3k 9. kafli"},"content":{"rendered":"<h3 class=\"millifyrirsogn_2007\"> Fyrsta f\u00f3rn Arons<\/h3>\n<p><a name=\"1\"><span class=\"versanumer_2007\">1<\/span><\/a> \u00c1 \u00e1ttunda degi kalla\u00f0i M\u00f3se saman Aron og syni hans \u00e1samt \u00f6ldungum \u00cdsraels <a name=\"2\"><span class=\"versanumer_2007\">2<\/span><\/a> og sag\u00f0i vi\u00f0 Aron: \u201eS\u00e6ktu nautk\u00e1lf \u00ed syndaf\u00f3rn og hr\u00fat \u00ed brennif\u00f3rn, l\u00fdtalaus d\u00fdr, og f\u00e6r\u00f0u \u00feau fram fyrir auglit Drottins. <a name=\"3\"><span class=\"versanumer_2007\">3<\/span><\/a> \u00dev\u00ed n\u00e6st skaltu \u00e1varpa \u00cdsraelsmenn og segja: S\u00e6ki\u00f0 geithafur \u00ed syndaf\u00f3rn, k\u00e1lf og sau\u00f0kind \u00ed brennif\u00f3rn, b\u00e6\u00f0i veturg\u00f6mul og l\u00fdtalaus, <a name=\"4\"><span class=\"versanumer_2007\">4<\/span><\/a> naut og hr\u00fat \u00ed heillaf\u00f3rn, sem sl\u00e1tra skal frammi fyrir augliti Drottins, og kornf\u00f3rn blanda\u00f0a ol\u00edu \u00fev\u00ed a\u00f0 Drottinn mun birtast ykkur \u00ed dag.\u201c<br \/> <a name=\"5\"><span class=\"versanumer_2007\">5<\/span><\/a> \u00deeir komu me\u00f0 \u00fea\u00f0 sem M\u00f3se haf\u00f0i bo\u00f0i\u00f0 fram fyrir samfundatjaldi\u00f0. \u00de\u00e1 kom allur s\u00f6fnu\u00f0urinn og gekk fram fyrir auglit Drottins.<br \/> <a name=\"6\"><span class=\"versanumer_2007\">6<\/span><\/a> M\u00f3se sag\u00f0i: \u201e\u00deetta er \u00fea\u00f0 sem Drottinn hefur bo\u00f0i\u00f0 ykkur a\u00f0 gera, geri\u00f0 \u00fea\u00f0 og d\u00fdr\u00f0 Drottins mun birtast ykkur.\u201c<br \/> <a name=\"7\"><span class=\"versanumer_2007\">7<\/span><\/a> \u00de\u00e1 sag\u00f0i M\u00f3se vi\u00f0 Aron: \u201eGakktu a\u00f0 altarinu og f\u00e6r\u00f0u syndaf\u00f3rn \u00fe\u00edna og brennif\u00f3rn og fri\u00f0\u00fe\u00e6g\u00f0u fyrir \u00feig og \u00e6tt \u00fe\u00edna. F\u00e6r\u00f0u s\u00ed\u00f0an fram gj\u00f6f \u00fej\u00f3\u00f0arinnar og fri\u00f0\u00fe\u00e6g\u00f0u fyrir hana eins og Drottinn hefur bo\u00f0i\u00f0.\u201c<br \/> <a name=\"8\"><span class=\"versanumer_2007\">8<\/span><\/a> Aron gekk \u00fe\u00e1 a\u00f0 altarinu og sl\u00e1tra\u00f0i syndaf\u00f3rnark\u00e1lfinum sem honum var \u00e6tla\u00f0ur. <a name=\"9\"><span class=\"versanumer_2007\">9<\/span><\/a> Synir Arons f\u00e6r\u00f0u honum bl\u00f3\u00f0i\u00f0. Hann d\u00fdf\u00f0i fingri \u00ed bl\u00f3\u00f0i\u00f0 og rau\u00f0 \u00fev\u00ed \u00e1 horn altarisins en \u00f6llu sem eftir var af bl\u00f3\u00f0inu hellti hann \u00e1 f\u00f3tstall altarisins.<br \/> <a name=\"10\"><span class=\"versanumer_2007\">10<\/span><\/a> M\u00f6rinn, n\u00fdrun og lifrarbla\u00f0i\u00f0 \u00far syndaf\u00f3rnard\u00fdrinu l\u00e9t hann l\u00ed\u00f0a upp \u00ed reyk af altarinu eins og Drottinn haf\u00f0i bo\u00f0i\u00f0 M\u00f3se. <a name=\"11\"><span class=\"versanumer_2007\">11<\/span><\/a> Kj\u00f6ti\u00f0 og h\u00fa\u00f0ina brenndi hann \u00ed eldi fyrir utan herb\u00fa\u00f0irnar.<br \/> <a name=\"12\"><span class=\"versanumer_2007\">12<\/span><\/a> \u00dev\u00ed n\u00e6st sl\u00e1tra\u00f0i hann brennif\u00f3rnard\u00fdrinu. Synir Arons r\u00e9ttu honum bl\u00f3\u00f0i\u00f0 og hann st\u00f6kkti \u00fev\u00ed \u00e1 allar hli\u00f0ar altarisins.<br \/> <a name=\"13\"><span class=\"versanumer_2007\">13<\/span><\/a> S\u00ed\u00f0an r\u00e9ttu \u00feeir honum brennif\u00f3rnina \u00ed stykkjum \u00e1samt h\u00f6f\u00f0inu og hann l\u00e9t hana l\u00ed\u00f0a upp \u00ed reyk af altarinu. <a name=\"14\"><span class=\"versanumer_2007\">14<\/span><\/a> Hann \u00fevo\u00f0i innyflin og f\u00e6turna og l\u00e9t \u00fea\u00f0 l\u00ed\u00f0a upp \u00ed reyk af altarinu \u00e1samt brennif\u00f3rninni.<br \/> <a name=\"15\"><span class=\"versanumer_2007\">15<\/span><\/a> \u00de\u00e1 f\u00e6r\u00f0i hann fram gj\u00f6f \u00fej\u00f3\u00f0arinnar. Hann s\u00f3tti geithafurinn sem \u00e1tti a\u00f0 ver\u00f0a syndaf\u00f3rn f\u00f3lksins, sl\u00e1tra\u00f0i honum og f\u00e6r\u00f0i hann \u00ed syndaf\u00f3rn eins og \u00feann fyrri. <a name=\"16\"><span class=\"versanumer_2007\">16<\/span><\/a> Hann f\u00e6r\u00f0i brennif\u00f3rnina samkv\u00e6mt reglunum. <a name=\"17\"><span class=\"versanumer_2007\">17<\/span><\/a> Hann f\u00e6r\u00f0i einnig kornf\u00f3rnina, t\u00f3k handfylli af henni og l\u00e9t hana l\u00ed\u00f0a upp \u00ed reyk af altarinu, og morgunbrennif\u00f3rn a\u00f0 auki.<br \/> <a name=\"18\"><span class=\"versanumer_2007\">18<\/span><\/a> S\u00ed\u00f0an sl\u00e1tra\u00f0i hann nautinu og hr\u00fatnum \u00ed heillaf\u00f3rn fyrir \u00fej\u00f3\u00f0ina. Synir Arons r\u00e9ttu honum bl\u00f3\u00f0i\u00f0 og hann st\u00f6kkti \u00fev\u00ed \u00e1 allar hli\u00f0ar altarisins.<br \/> <a name=\"19\"><span class=\"versanumer_2007\">19<\/span><\/a> \u00deeir r\u00e9ttu honum einnig m\u00f6rinn \u00far nautinu og hr\u00fatnum, r\u00f3funa, netjuna sem hylur innyflin, n\u00fdrun og lifrarbla\u00f0i\u00f0. <a name=\"20\"><span class=\"versanumer_2007\">20<\/span><\/a> \u00deeir l\u00f6g\u00f0u m\u00f6rinn ofan \u00e1 bringurnar og Aron l\u00e9t m\u00f6rinn l\u00ed\u00f0a upp \u00ed reyk af altarinu. <a name=\"21\"><span class=\"versanumer_2007\">21<\/span><\/a> \u00dev\u00ed n\u00e6st veifa\u00f0i Aron bringunum og h\u00e6gra l\u00e6rinu fram og aftur frammi fyrir augliti Drottins eins og M\u00f3se haf\u00f0i bo\u00f0i\u00f0.<br \/> <a name=\"22\"><span class=\"versanumer_2007\">22<\/span><\/a> S\u00ed\u00f0an h\u00f3f Aron upp hendur s\u00ednar yfir f\u00f3lki\u00f0 og blessa\u00f0i \u00fea\u00f0. Hann gekk ni\u00f0ur fr\u00e1 altarinu eftir a\u00f0 hafa f\u00e6rt syndaf\u00f3rn, brennif\u00f3rn og heillaf\u00f3rn. <a name=\"23\"><span class=\"versanumer_2007\">23<\/span><\/a> \u00de\u00e1 gengu M\u00f3se og Aron inn \u00ed samfundatjaldi\u00f0. \u00deegar \u00feeir komu \u00fat aftur blessu\u00f0u \u00feeir f\u00f3lki\u00f0. \u00de\u00e1 birtist d\u00fdr\u00f0 Drottins allri \u00fej\u00f3\u00f0inni <a name=\"24\"><span class=\"versanumer_2007\">24<\/span><\/a> og eldtungur logu\u00f0u \u00fat fr\u00e1 Drottni og gleyptu brennif\u00f3rnina, heillaf\u00f3rnina og m\u00f6rinn \u00e1 altarinu. \u00deegar f\u00f3lki\u00f0 s\u00e1 \u00fea\u00f0 h\u00f3f \u00fea\u00f0 upp fagna\u00f0ar\u00f3p og f\u00e9ll fram \u00e1 \u00e1sj\u00f3nur s\u00ednar.<\/p>\n","protected":false},"excerpt":{"rendered":"<p>Fyrsta f\u00f3rn Arons 1 \u00c1 \u00e1ttunda degi kalla\u00f0i M\u00f3se saman Aron og syni hans \u00e1samt \u00f6ldungum \u00cdsraels 2 og sag\u00f0i vi\u00f0 Aron: \u201eS\u00e6ktu nautk\u00e1lf \u00ed syndaf\u00f3rn og hr\u00fat \u00ed brennif\u00f3rn, l\u00fdtalaus d\u00fdr, og f\u00e6r\u00f0u \u00feau fram fyrir auglit Drottins. 3 \u00dev\u00ed n\u00e6st skaltu \u00e1varpa \u00cdsraelsmenn og segja: S\u00e6ki\u00f0 geithafur \u00ed syndaf\u00f3rn, k\u00e1lf og sau\u00f0kind \u00ed brennif\u00f3rn, b\u00e6\u00f0i veturg\u00f6mul og l\u00fdtalaus, 4 naut og hr\u00fat \u00ed heillaf\u00f3rn, sem sl\u00e1tra skal frammi fyrir augliti Drottins, og kornf\u00f3rn blanda\u00f0a ol\u00edu \u00fev\u00ed a\u00f0 Drottinn mun birtast ykkur \u00ed dag.\u201c 5 \u00deeir komu me\u00f0 \u00fea\u00f0 sem M\u00f3se haf\u00f0i bo\u00f0i\u00f0 fram fyrir samfundatjaldi\u00f0. \u00de\u00e1 kom allur <a href=\"https:\/\/biblian.is\/biblian\/thridja-mosebok-9-kafli\/\"> [&#8230;]<\/a><\/p>\n","protected":false},"author":1,"featured_media":0,"parent":0,"menu_order":0,"comment_status":"open","ping_status":"open","template":"bibliukaflar_NT.php","meta":{"footnotes":""},"class_list":["post-1716","page","type-page","status-publish","hentry"],"_links":{"self":[{"href":"https:\/\/biblian.is\/biblian\/wp-json\/wp\/v2\/pages\/1716","targetHints":{"allow":["GET"]}}],"collection":[{"href":"https:\/\/biblian.is\/biblian\/wp-json\/wp\/v2\/pages"}],"about":[{"href":"https:\/\/biblian.is\/biblian\/wp-json\/wp\/v2\/types\/page"}],"author":[{"embeddable":true,"href":"https:\/\/biblian.is\/biblian\/wp-json\/wp\/v2\/users\/1"}],"replies":[{"embeddable":true,"href":"https:\/\/biblian.is\/biblian\/wp-json\/wp\/v2\/comments?post=1716"}],"version-history":[{"count":0,"href":"https:\/\/biblian.is\/biblian\/wp-json\/wp\/v2\/pages\/1716\/revisions"}],"wp:attachment":[{"href":"https:\/\/biblian.is\/biblian\/wp-json\/wp\/v2\/media?parent=1716"}],"curies":[{"name":"wp","href":"https:\/\/api.w.org\/{rel}","templated":true}]}}