{"id":1714,"date":"2017-12-30T21:00:05","date_gmt":"2017-12-30T21:00:05","guid":{"rendered":"http:\/\/biblian.is\/biblian\/_ri_ja-m%c2%97seb%c2%97k-7-kafli\/"},"modified":"2024-05-06T22:30:23","modified_gmt":"2024-05-06T22:30:23","slug":"thridja-mosebok-7-kafli","status":"publish","type":"page","link":"https:\/\/biblian.is\/biblian\/thridja-mosebok-7-kafli\/","title":{"rendered":"\u00deri\u00f0ja M\u00f3seb\u00f3k 7. kafli"},"content":{"rendered":"<p><a name=\"1\"><span class=\"versanumer_2007\">1<\/span><\/a> \u00deetta eru l\u00f6gin um sektarf\u00f3rnina: H\u00fan er h\u00e1heil\u00f6g.<br \/> <a name=\"2\"><span class=\"versanumer_2007\">2<\/span><\/a> Sektarf\u00f3rnard\u00fdrinu skal sl\u00e1tra\u00f0 \u00e1 sama sta\u00f0 og brennif\u00f3rnard\u00fdrinu og presturinn skal dreypa bl\u00f3\u00f0inu \u00e1 allar hli\u00f0ar altarisins.<br \/> <a name=\"3\"><span class=\"versanumer_2007\">3<\/span><\/a> \u00dev\u00ed n\u00e6st skal hann f\u00e6ra fram allan m\u00f6rinn \u00far f\u00f3rnard\u00fdrinu: r\u00f3funa, netjuna sem hylur i\u00f0rin, <a name=\"4\"><span class=\"versanumer_2007\">4<\/span><\/a> b\u00e6\u00f0i n\u00fdrun \u00e1samt n\u00fdrnam\u00f6rnum, sem er innan \u00e1 m\u00f6lunum, og lifrarbla\u00f0i\u00f0 sem hann skal skilja fr\u00e1 vi\u00f0 n\u00fdrun. <a name=\"5\"><span class=\"versanumer_2007\">5<\/span><\/a> Presturinn skal l\u00e1ta \u00feetta l\u00ed\u00f0a upp \u00ed reyk af altarinu. \u00dea\u00f0 er eldf\u00f3rn handa Drottni.<br \/>\u00deetta er sektarf\u00f3rn.<br \/> <a name=\"6\"><span class=\"versanumer_2007\">6<\/span><\/a> S\u00e9rhver karlma\u00f0ur me\u00f0al prestanna m\u00e1 eta \u00feetta. \u00deess skal neytt \u00e1 helgum sta\u00f0 og \u00fea\u00f0 er h\u00e1heilagt.<br \/> <a name=\"7\"><span class=\"versanumer_2007\">7<\/span><\/a> S\u00f6mu l\u00f6g gilda um sektarf\u00f3rn og um syndaf\u00f3rn: H\u00fan kemur \u00ed hlut \u00feess prests sem fri\u00f0\u00fe\u00e6gir me\u00f0 henni. <a name=\"8\"><span class=\"versanumer_2007\">8<\/span><\/a> Presturinn sem f\u00e6rir brennif\u00f3rn fyrir einhvern skal f\u00e1 h\u00fa\u00f0 brennif\u00f3rnard\u00fdrsins sem hann ber fram. <a name=\"9\"><span class=\"versanumer_2007\">9<\/span><\/a> Presturinn sem f\u00e6rir f\u00f3rnina skal f\u00e1 s\u00e9rhverja kornf\u00f3rn sem b\u00f6ku\u00f0 er \u00ed ofni e\u00f0a tilreidd \u00ed su\u00f0upotti e\u00f0a \u00e1 p\u00f6nnu. <a name=\"10\"><span class=\"versanumer_2007\">10<\/span><\/a> En allir synir Arons skulu sameiginlega f\u00e1 \u00fe\u00e1 kornf\u00f3rn sem hr\u00e6r\u00f0 er saman vi\u00f0 ol\u00edu e\u00f0a er \u00feurr.<br \/> <a name=\"11\"><span class=\"versanumer_2007\">11<\/span><\/a> \u00deetta eru l\u00f6gin um heillaf\u00f3rn sem Drottni er f\u00e6r\u00f0:<br \/> <a name=\"12\"><span class=\"versanumer_2007\">12<\/span><\/a> \u00c6tli einhver a\u00f0 f\u00e6ra hana sem \u00feakkarf\u00f3rn skal hann bera fram \u00f3s\u00fdr\u00f0ar, ol\u00edublanda\u00f0ar, kringl\u00f3ttar k\u00f6kur, \u00f3s\u00fdr\u00f0ar flatk\u00f6kur smur\u00f0ar me\u00f0 ol\u00edu og kringl\u00f3ttar k\u00f6kur \u00far f\u00ednu mj\u00f6li, ol\u00edubl\u00f6ndu\u00f0u. <a name=\"13\"><span class=\"versanumer_2007\">13<\/span><\/a> Hann skal f\u00e6ra fram gj\u00f6f s\u00edna me\u00f0 kringl\u00f3ttum s\u00fardeigsk\u00f6kum sem loka\u00feakkarf\u00f3rn.<br \/> <a name=\"14\"><span class=\"versanumer_2007\">14<\/span><\/a> Hann skal f\u00e6ra Drottni eitt brau\u00f0 af hverri tegund \u00ed afgjald sem kemur \u00ed hlut prestsins sem st\u00f6kkvir bl\u00f3\u00f0i heillaf\u00f3rnarinnar.<br \/> <a name=\"15\"><span class=\"versanumer_2007\">15<\/span><\/a> Kj\u00f6t \u00feakkar- og heillaf\u00f3rnard\u00fdrsins skal eti\u00f0 daginn sem hann f\u00e6rir gj\u00f6f s\u00edna. Ekki m\u00e1 geyma neitt af \u00fev\u00ed til morguns.<br \/> <a name=\"16\"><span class=\"versanumer_2007\">16<\/span><\/a> Ef sl\u00e1turf\u00f3rn hans er heitf\u00f3rn e\u00f0a sj\u00e1lfviljug f\u00f3rn skal neyta f\u00f3rnarkj\u00f6tsins daginn sem hann ber fram f\u00f3rn s\u00edna en \u00feess sem eftir ver\u00f0ur m\u00e1 neyta daginn eftir. <a name=\"17\"><span class=\"versanumer_2007\">17<\/span><\/a> En \u00fea\u00f0 sem kann a\u00f0 ver\u00f0a eftir af sl\u00e1turf\u00f3rninni \u00e1 \u00feri\u00f0ja degi skal brennt \u00ed eldi. <a name=\"18\"><span class=\"versanumer_2007\">18<\/span><\/a> Ver\u00f0i einhvers af heillaf\u00f3rnarkj\u00f6tinu neytt \u00e1 \u00feri\u00f0ja degi ver\u00f0ur \u00fev\u00ed ekki teki\u00f0 me\u00f0 vel\u00fe\u00f3knun. \u00dea\u00f0 sem hann bar fram tilreiknast honum ekki heldur telst \u00fea\u00f0 vi\u00f0urstygg\u00f0. Hver sem neytir \u00feess skal bera sekt s\u00edna.<br \/> <a name=\"19\"><span class=\"versanumer_2007\">19<\/span><\/a> Ekki skal neyta kj\u00f6ts sem hefur komist \u00ed snertingu vi\u00f0 eitthva\u00f0 \u00f3hreint heldur skal \u00fea\u00f0 brennt \u00ed eldi.<br \/>S\u00e9rhver hreinn ma\u00f0ur m\u00e1 neyta kj\u00f6ts af f\u00f3rnard\u00fdri <a name=\"20\"><span class=\"versanumer_2007\">20<\/span><\/a> en hver s\u00e1 sem neytir kj\u00f6ts af heillaf\u00f3rn sem Drottinn \u00e1, \u00feegar hann er \u00f3hreinn, skal uppr\u00e6ttur \u00far \u00fej\u00f3\u00f0 sinni.<br \/> <a name=\"21\"><span class=\"versanumer_2007\">21<\/span><\/a> Snerti einhver \u00fea\u00f0 sem \u00f3hreint er, \u00f3hreinan mann, \u00f3hreinan f\u00e9na\u00f0 e\u00f0a \u00f3hreint skri\u00f0kvikindi, og eti s\u00ed\u00f0an af kj\u00f6ti sl\u00e1turf\u00f3rnar, sem Drottinn \u00e1, skal s\u00e1 ma\u00f0ur uppr\u00e6ttur \u00far \u00fej\u00f3\u00f0 sinni.\u201c<br \/> <a name=\"22\"><span class=\"versanumer_2007\">22<\/span><\/a> Drottinn tala\u00f0i vi\u00f0 M\u00f3se og sag\u00f0i:<br \/> <a name=\"23\"><span class=\"versanumer_2007\">23<\/span><\/a> \u201e\u00c1varpa\u00f0u \u00cdsraelsmenn og seg\u00f0u: \u00dei\u00f0 megi\u00f0 ekki neyta m\u00f6rs \u00far nautum, sau\u00f0f\u00e9 e\u00f0a geitum. <a name=\"24\"><span class=\"versanumer_2007\">24<\/span><\/a> M\u00f6r \u00far sj\u00e1lfdau\u00f0um e\u00f0a d\u00fdrrifnum skepnum m\u00e1 n\u00fdta til hvers sem vera skal en \u00fei\u00f0 megi\u00f0 ekki neyta hans. <a name=\"25\"><span class=\"versanumer_2007\">25<\/span><\/a> Neyti einhver m\u00f6rs \u00far f\u00e9na\u00f0i, sem Drottni hefur veri\u00f0 f\u00e6r\u00f0 eldf\u00f3rn af, skal s\u00e1 ma\u00f0ur uppr\u00e6ttur \u00far \u00fej\u00f3\u00f0 sinni.<br \/> <a name=\"26\"><span class=\"versanumer_2007\">26<\/span><\/a> \u00dei\u00f0 skulu\u00f0 ekki neyta bl\u00f3\u00f0s, hvorki \u00far fuglum n\u00e9 f\u00e9na\u00f0i, hvar svo sem \u00fei\u00f0 b\u00fai\u00f0. <a name=\"27\"><span class=\"versanumer_2007\">27<\/span><\/a> Hver sem neytir nokkurs bl\u00f3\u00f0s skal uppr\u00e6ttur \u00far \u00fej\u00f3\u00f0 sinni.\u201c<br \/> <a name=\"28\"><span class=\"versanumer_2007\">28<\/span><\/a> Drottinn tala\u00f0i vi\u00f0 M\u00f3se og sag\u00f0i:<br \/> <a name=\"29\"><span class=\"versanumer_2007\">29<\/span><\/a> \u201e\u00c1varpa\u00f0u \u00cdsraelsmenn og seg\u00f0u: Hver s\u00e1 sem f\u00e6rir Drottni heillaf\u00f3rn skal taka gj\u00f6f s\u00edna af heillaf\u00f3rninni og f\u00e6ra hana Drottni. <a name=\"30\"><span class=\"versanumer_2007\">30<\/span><\/a> Hann skal bera hana fram \u00ed h\u00f6ndum s\u00e9r sem eldf\u00f3rn handa Drottni.<br \/>Hann skal bera fram m\u00f6rinn \u00e1samt bringunni til a\u00f0 veifa frammi fyrir augliti Drottins <a name=\"31\"><span class=\"versanumer_2007\">31<\/span><\/a> en m\u00f6rinn skal presturinn l\u00e1ta l\u00ed\u00f0a upp \u00ed reyk af altarinu.<br \/>Aron og synir hans skulu f\u00e1 bringuna <a name=\"32\"><span class=\"versanumer_2007\">32<\/span><\/a> en prestinum skulu\u00f0 \u00fei\u00f0 f\u00e1 h\u00e6gra l\u00e6ri\u00f0 sem hlutdeild \u00ed heillaf\u00f3rn ykkar. <a name=\"33\"><span class=\"versanumer_2007\">33<\/span><\/a> S\u00e1 sona Arons, sem f\u00e6rir fram bl\u00f3\u00f0 heillaf\u00f3rnarinnar og m\u00f6r, skal f\u00e1 h\u00e6gra l\u00e6ri\u00f0. <a name=\"34\"><span class=\"versanumer_2007\">34<\/span><\/a> Bringuna, sem veifa\u00f0 var, og l\u00e6ri\u00f0 af heillaf\u00f3rn \u00feeirra tek \u00e9g af \u00cdsraelsm\u00f6nnum og gef \u00feau Aroni presti og sonum hans sem \u00e6varandi skyldugrei\u00f0slu.<br \/> <a name=\"35\"><span class=\"versanumer_2007\">35<\/span><\/a> \u00deetta er hluti Arons og sona hans af eldf\u00f3rnum Drottins daginn sem hann lei\u00f0ir \u00fe\u00e1 fram til a\u00f0 gegna prests\u00fej\u00f3nustu fyrir Drottin. <a name=\"36\"><span class=\"versanumer_2007\">36<\/span><\/a> Drottinn hefur bo\u00f0i\u00f0 \u00cdsraelsm\u00f6nnum a\u00f0 grei\u00f0a \u00feeim \u00feetta daginn sem hann smyr \u00fe\u00e1. \u00dea\u00f0 er \u00e6varandi skyldugrei\u00f0sla fr\u00e1 einni kynsl\u00f3\u00f0 til annarrar.\u201c<br \/> <a name=\"37\"><span class=\"versanumer_2007\">37<\/span><\/a> \u00deetta eru l\u00f6gin um brennif\u00f3rn, kornf\u00f3rn, syndaf\u00f3rn, sektarf\u00f3rn, v\u00edgsluf\u00f3rn og heillaf\u00f3rn, <a name=\"38\"><span class=\"versanumer_2007\">38<\/span><\/a> l\u00f6gin sem Drottinn lag\u00f0i fyrir M\u00f3se \u00e1 S\u00edna\u00edfjalli daginn sem hann bau\u00f0 \u00cdsraelsm\u00f6nnum a\u00f0 f\u00e6ra Drottni gjafir s\u00ednar \u00ed S\u00edna\u00edey\u00f0im\u00f6rkinni.<\/p>\n","protected":false},"excerpt":{"rendered":"<p>1 \u00deetta eru l\u00f6gin um sektarf\u00f3rnina: H\u00fan er h\u00e1heil\u00f6g. 2 Sektarf\u00f3rnard\u00fdrinu skal sl\u00e1tra\u00f0 \u00e1 sama sta\u00f0 og brennif\u00f3rnard\u00fdrinu og presturinn skal dreypa bl\u00f3\u00f0inu \u00e1 allar hli\u00f0ar altarisins. 3 \u00dev\u00ed n\u00e6st skal hann f\u00e6ra fram allan m\u00f6rinn \u00far f\u00f3rnard\u00fdrinu: r\u00f3funa, netjuna sem hylur i\u00f0rin, 4 b\u00e6\u00f0i n\u00fdrun \u00e1samt n\u00fdrnam\u00f6rnum, sem er innan \u00e1 m\u00f6lunum, og lifrarbla\u00f0i\u00f0 sem hann skal skilja fr\u00e1 vi\u00f0 n\u00fdrun. 5 Presturinn skal l\u00e1ta \u00feetta l\u00ed\u00f0a upp \u00ed reyk af altarinu. \u00dea\u00f0 er eldf\u00f3rn handa Drottni.\u00deetta er sektarf\u00f3rn. 6 S\u00e9rhver karlma\u00f0ur me\u00f0al prestanna m\u00e1 eta \u00feetta. \u00deess skal neytt \u00e1 helgum sta\u00f0 og \u00fea\u00f0 er h\u00e1heilagt. 7 S\u00f6mu <a href=\"https:\/\/biblian.is\/biblian\/thridja-mosebok-7-kafli\/\"> [&#8230;]<\/a><\/p>\n","protected":false},"author":1,"featured_media":0,"parent":0,"menu_order":0,"comment_status":"open","ping_status":"open","template":"bibliukaflar_NT.php","meta":{"footnotes":""},"class_list":["post-1714","page","type-page","status-publish","hentry"],"_links":{"self":[{"href":"https:\/\/biblian.is\/biblian\/wp-json\/wp\/v2\/pages\/1714","targetHints":{"allow":["GET"]}}],"collection":[{"href":"https:\/\/biblian.is\/biblian\/wp-json\/wp\/v2\/pages"}],"about":[{"href":"https:\/\/biblian.is\/biblian\/wp-json\/wp\/v2\/types\/page"}],"author":[{"embeddable":true,"href":"https:\/\/biblian.is\/biblian\/wp-json\/wp\/v2\/users\/1"}],"replies":[{"embeddable":true,"href":"https:\/\/biblian.is\/biblian\/wp-json\/wp\/v2\/comments?post=1714"}],"version-history":[{"count":0,"href":"https:\/\/biblian.is\/biblian\/wp-json\/wp\/v2\/pages\/1714\/revisions"}],"wp:attachment":[{"href":"https:\/\/biblian.is\/biblian\/wp-json\/wp\/v2\/media?parent=1714"}],"curies":[{"name":"wp","href":"https:\/\/api.w.org\/{rel}","templated":true}]}}