{"id":1712,"date":"2017-12-30T21:00:05","date_gmt":"2017-12-30T21:00:05","guid":{"rendered":"http:\/\/biblian.is\/biblian\/_ri_ja-m%c2%97seb%c2%97k-5-kafli\/"},"modified":"2024-05-06T22:30:23","modified_gmt":"2024-05-06T22:30:23","slug":"thridja-mosebok-5-kafli","status":"publish","type":"page","link":"https:\/\/biblian.is\/biblian\/thridja-mosebok-5-kafli\/","title":{"rendered":"\u00deri\u00f0ja M\u00f3seb\u00f3k 5. kafli"},"content":{"rendered":"<h3 class=\"millifyrirsogn_2007\"> \u00ddmsar f\u00f3rnir<\/h3>\n<p><a name=\"1\"><span class=\"versanumer_2007\">1<\/span><\/a> Syndgi einhver me\u00f0 \u00fev\u00ed a\u00f0 heyra form\u00e6lingu og geti bori\u00f0 vitni um \u00fea\u00f0, hvort sem hann hefur s\u00e9\u00f0 eitthva\u00f0 e\u00f0a heyrt um \u00fea\u00f0, en segir ekki fr\u00e1 \u00fev\u00ed, bakar hann s\u00e9r sekt.<br \/> <a name=\"2\"><span class=\"versanumer_2007\">2<\/span><\/a> Snerti einhver eitthva\u00f0 \u00f3hreint, hvort heldur \u00fea\u00f0 er hr\u00e6 af \u00f3hreinu villid\u00fdri, hr\u00e6 af \u00f3hreinum f\u00e9na\u00f0i e\u00f0a hr\u00e6 af \u00f3hreinu skri\u00f0d\u00fdri og hann veit ekki af \u00fev\u00ed, ver\u00f0ur hann \u00f3hreinn og hann ver\u00f0ur sekur.<br \/> <a name=\"3\"><span class=\"versanumer_2007\">3<\/span><\/a> Snerti einhver \u00f3hreinan mann, hver svo sem \u00f3hreinleikinn kann a\u00f0 vera, og hann veit ekki af \u00fev\u00ed en kemst a\u00f0 \u00fev\u00ed s\u00ed\u00f0ar, \u00fe\u00e1 ver\u00f0ur hann \u00f3hreinn og hann ver\u00f0ur sekur.<br \/> <a name=\"4\"><span class=\"versanumer_2007\">4<\/span><\/a> Vinni einhver ei\u00f0 a\u00f0 \u00fev\u00ed a\u00f0 gera eitthva\u00f0, gott e\u00f0a illt, \u00e1n \u00feess a\u00f0 hugur fylgi m\u00e1li, hva\u00f0 svo sem ma\u00f0ur kann a\u00f0 sverja \u00ed hugsunarleysi og veit ekki af \u00fev\u00ed en kemst a\u00f0 \u00fev\u00ed s\u00ed\u00f0ar, ver\u00f0ur hann sekur.<br \/> <a name=\"5\"><span class=\"versanumer_2007\">5<\/span><\/a> Ver\u00f0i einhver sekur \u00ed sl\u00edku tilviki skal hann j\u00e1ta me\u00f0 hva\u00f0a h\u00e6tti hann hefur syndga\u00f0. <a name=\"6\"><span class=\"versanumer_2007\">6<\/span><\/a> Hann skal f\u00e6ra Drottni sektarf\u00f3rn fyrir \u00fe\u00e1 synd sem hann hefur dr\u00fdgt. Skal \u00fea\u00f0 vera kvend\u00fdr \u00far fj\u00e1rhj\u00f6r\u00f0inni, anna\u00f0hvort \u00e6r e\u00f0a geit, \u00ed syndaf\u00f3rn.<br \/>\u00deannig fri\u00f0\u00fe\u00e6gir presturinn fyrir syndir hans.<br \/> <a name=\"7\"><span class=\"versanumer_2007\">7<\/span><\/a> Hafi hann ekki efni \u00e1 a\u00f0 kaupa kind skal hann f\u00e6ra Drottni tv\u00e6r turtild\u00fafur e\u00f0a tv\u00e6r d\u00fafur \u00ed sektarf\u00f3rn fyrir \u00fe\u00e1 synd sem hann hefur dr\u00fdgt, a\u00f0ra \u00ed syndaf\u00f3rn, hina \u00ed brennif\u00f3rn, <a name=\"8\"><span class=\"versanumer_2007\">8<\/span><\/a> og f\u00e6ra \u00fe\u00e6r prestinum.<br \/>Hann skal fyrst bera fram \u00fe\u00e1 sem \u00e6tlu\u00f0 er \u00ed syndaf\u00f3rn. Hann skal sn\u00faa af h\u00f6fu\u00f0i\u00f0 \u00fe\u00e9tt vi\u00f0 h\u00e1lsbeini\u00f0 \u00e1n \u00feess a\u00f0 skilja \u00fea\u00f0 fr\u00e1. <a name=\"9\"><span class=\"versanumer_2007\">9<\/span><\/a> \u00dev\u00ed n\u00e6st skal hann dreypa nokkru af bl\u00f3\u00f0i syndaf\u00f3rnard\u00fdrsins \u00e1 hli\u00f0 altarisins en \u00fea\u00f0 sem eftir er af bl\u00f3\u00f0inu skal hann kreista \u00e1 f\u00f3tstall altarisins.<br \/>\u00deetta er syndaf\u00f3rn.<br \/> <a name=\"10\"><span class=\"versanumer_2007\">10<\/span><\/a> Hina d\u00fafuna skal hann f\u00e6ra \u00ed brennif\u00f3rn eftir reglunum.<br \/>\u00deannig fri\u00f0\u00fe\u00e6gir presturinn fyrir hann vegna syndarinnar sem hann dr\u00fdg\u00f0i og honum ver\u00f0ur fyrirgefi\u00f0.<br \/> <a name=\"11\"><span class=\"versanumer_2007\">11<\/span><\/a> Eigi hann ekki fyrir tveimur turtild\u00fafum e\u00f0a tveimur \u00f6\u00f0rum d\u00fafum skal hann f\u00e6ra t\u00edunda hluta \u00far efu af f\u00ednu mj\u00f6li \u00ed syndaf\u00f3rn fyrir synd s\u00edna. Hvorki m\u00e1 hella yfir \u00fea\u00f0 ol\u00edu n\u00e9 leggja \u00e1 \u00fea\u00f0 reykelsi af \u00fev\u00ed a\u00f0 \u00feetta er syndaf\u00f3rn. <a name=\"12\"><span class=\"versanumer_2007\">12<\/span><\/a> Hann skal f\u00e6ra \u00fea\u00f0 prestinum. Presturinn skal taka handfylli af \u00fev\u00ed sem minningarhluta og l\u00e1ta l\u00ed\u00f0a upp \u00ed reyk af altarinu ofan \u00e1 eldf\u00f3rnum Drottins.<br \/>\u00deetta er syndaf\u00f3rn.<br \/> <a name=\"13\"><span class=\"versanumer_2007\">13<\/span><\/a> \u00deannig fri\u00f0\u00fe\u00e6gir presturinn fyrir syndina sem hann hefur dr\u00fdgt \u00ed einhverju fyrrnefndra tilvika og honum ver\u00f0ur fyrirgefi\u00f0.<br \/>Afganginn f\u00e6r presturinn eins og \u00feegar kornf\u00f3rn er f\u00e6r\u00f0.\u201c<\/p>\n<h3 class=\"millifyrirsogn_2007\">Sektarf\u00f3rn<\/h3>\n<p><a name=\"14\"><span class=\"versanumer_2007\">14<\/span><\/a> Drottinn tala\u00f0i vi\u00f0 M\u00f3se og sag\u00f0i:<br \/> <a name=\"15\"><span class=\"versanumer_2007\">15<\/span><\/a> \u201eBreg\u00f0ist einhver tr\u00fana\u00f0i og syndgi af vang\u00e1 vi\u00f0 me\u00f0fer\u00f0 \u00e1 helgigj\u00f6fum Drottins skal hann f\u00e6ra Drottni sektarf\u00f3rn s\u00edna. \u00de\u00e1 skal hann f\u00e6ra Drottni \u00ed sektarf\u00f3rn l\u00fdtalausan hr\u00fat \u00far hj\u00f6r\u00f0inni, nokkurra silfursikla vir\u00f0i, mi\u00f0a\u00f0 vi\u00f0 sikil helgid\u00f3msins. <a name=\"16\"><span class=\"versanumer_2007\">16<\/span><\/a> Hann skal b\u00e6ta a\u00f0 fullu \u00feann ska\u00f0a sem hann hefur valdi\u00f0 \u00e1 helgigj\u00f6funum me\u00f0 synd sinni, b\u00e6ta fimmtungi vi\u00f0 og f\u00e6ra \u00fea\u00f0 prestinum.<br \/>Presturinn skal \u00fe\u00e1 fri\u00f0\u00fe\u00e6gja fyrir hann me\u00f0 sektarf\u00f3rnarhr\u00fatnum og honum ver\u00f0ur fyrirgefi\u00f0.<br \/> <a name=\"17\"><span class=\"versanumer_2007\">17<\/span><\/a> Syndgi einhver og fremji eitthva\u00f0, sem Drottinn hefur banna\u00f0 \u00ed einhverju bo\u00f0a sinna, \u00e1n \u00feess a\u00f0 hann geri s\u00e9r \u00fea\u00f0 lj\u00f3st, ver\u00f0ur hann sekur og bakar s\u00e9r sekt. <a name=\"18\"><span class=\"versanumer_2007\">18<\/span><\/a> Hann skal f\u00e6ra prestinum l\u00fdtalausan hr\u00fat \u00far hj\u00f6r\u00f0inni sem er metinn eins og sektarf\u00f3rnard\u00fdr.<br \/>Presturinn fri\u00f0\u00fe\u00e6gir fyrir hann vegna \u00feess sem honum var\u00f0 \u00e1 af vang\u00e1 \u00e1n \u00feess a\u00f0 gera s\u00e9r \u00fea\u00f0 lj\u00f3st og honum ver\u00f0ur fyrirgefi\u00f0.<br \/> <a name=\"19\"><span class=\"versanumer_2007\">19<\/span><\/a> \u00deetta er sektarf\u00f3rn, hann hefur sannarlega or\u00f0i\u00f0 sekur vi\u00f0 Drottin.\u201c<br \/> <a name=\"20\"><span class=\"versanumer_2007\">20<\/span><\/a> Drottinn tala\u00f0i vi\u00f0 M\u00f3se og sag\u00f0i:<br \/> <a name=\"21\"><span class=\"versanumer_2007\">21<\/span><\/a> \u201eSyndgi einhver og breg\u00f0ist Drottni me\u00f0 \u00fev\u00ed a\u00f0 sv\u00edkja landa sinn um eitthva\u00f0 sem honum hefur veri\u00f0 tr\u00faa\u00f0 fyrir e\u00f0a l\u00e1na\u00f0 e\u00f0a hann hefur stoli\u00f0 e\u00f0a hann hefur okra\u00f0 \u00e1 landa s\u00ednum <a name=\"22\"><span class=\"versanumer_2007\">22<\/span><\/a> e\u00f0a hann hefur fundi\u00f0 eitthva\u00f0 sem var t\u00fdnt og \u00fer\u00e6tir fyrir \u00fea\u00f0 e\u00f0a hann hefur svari\u00f0 meins\u00e6ri vegna einhverrar syndar sem menn g\u00e6tu dr\u00fdgt, <a name=\"23\"><span class=\"versanumer_2007\">23<\/span><\/a> ver\u00f0ur hann sekur syndgi hann \u00e1 \u00feennan h\u00e1tt.<br \/>Honum ber \u00fe\u00e1 a\u00f0 skila \u00fe\u00fdfinu e\u00f0a hagna\u00f0inum af okrinu e\u00f0a \u00fev\u00ed sem honum var tr\u00faa\u00f0 fyrir e\u00f0a \u00fev\u00ed sem var t\u00fdnt og hann hefur fundi\u00f0 <a name=\"24\"><span class=\"versanumer_2007\">24<\/span><\/a> e\u00f0a b\u00e6ta a\u00f0 fullu \u00feann ska\u00f0a sem hann hefur valdi\u00f0 me\u00f0 meins\u00e6ri. \u00cd hverju tilviki skal hann b\u00e6ta eigandanum a\u00f0 fullu og fimmtung a\u00f0 auki, daginn sem hann f\u00e6rir sektarf\u00f3rn s\u00edna.<br \/> <a name=\"25\"><span class=\"versanumer_2007\">25<\/span><\/a> \u00dev\u00ed n\u00e6st skal hann f\u00e6ra Drottni sektarf\u00f3rn s\u00edna: Hann skal taka l\u00fdtalausan hr\u00fat \u00far hj\u00f6r\u00f0inni, sem talinn er gildur sem sektarf\u00f3rn, og f\u00e6ra hann prestinum. <a name=\"26\"><span class=\"versanumer_2007\">26<\/span><\/a> \u00deannig fri\u00f0\u00fe\u00e6gir presturinn fyrir hann frammi fyrir augliti Drottins og honum ver\u00f0ur fyrirgefi\u00f0 allt \u00fea\u00f0 sem hann hefur or\u00f0i\u00f0 sekur um.\u201c<\/p>\n","protected":false},"excerpt":{"rendered":"<p>\u00ddmsar f\u00f3rnir 1 Syndgi einhver me\u00f0 \u00fev\u00ed a\u00f0 heyra form\u00e6lingu og geti bori\u00f0 vitni um \u00fea\u00f0, hvort sem hann hefur s\u00e9\u00f0 eitthva\u00f0 e\u00f0a heyrt um \u00fea\u00f0, en segir ekki fr\u00e1 \u00fev\u00ed, bakar hann s\u00e9r sekt. 2 Snerti einhver eitthva\u00f0 \u00f3hreint, hvort heldur \u00fea\u00f0 er hr\u00e6 af \u00f3hreinu villid\u00fdri, hr\u00e6 af \u00f3hreinum f\u00e9na\u00f0i e\u00f0a hr\u00e6 af \u00f3hreinu skri\u00f0d\u00fdri og hann veit ekki af \u00fev\u00ed, ver\u00f0ur hann \u00f3hreinn og hann ver\u00f0ur sekur. 3 Snerti einhver \u00f3hreinan mann, hver svo sem \u00f3hreinleikinn kann a\u00f0 vera, og hann veit ekki af \u00fev\u00ed en kemst a\u00f0 \u00fev\u00ed s\u00ed\u00f0ar, \u00fe\u00e1 ver\u00f0ur hann \u00f3hreinn og hann ver\u00f0ur <a href=\"https:\/\/biblian.is\/biblian\/thridja-mosebok-5-kafli\/\"> [&#8230;]<\/a><\/p>\n","protected":false},"author":1,"featured_media":0,"parent":0,"menu_order":0,"comment_status":"open","ping_status":"open","template":"bibliukaflar_NT.php","meta":{"footnotes":""},"class_list":["post-1712","page","type-page","status-publish","hentry"],"_links":{"self":[{"href":"https:\/\/biblian.is\/biblian\/wp-json\/wp\/v2\/pages\/1712","targetHints":{"allow":["GET"]}}],"collection":[{"href":"https:\/\/biblian.is\/biblian\/wp-json\/wp\/v2\/pages"}],"about":[{"href":"https:\/\/biblian.is\/biblian\/wp-json\/wp\/v2\/types\/page"}],"author":[{"embeddable":true,"href":"https:\/\/biblian.is\/biblian\/wp-json\/wp\/v2\/users\/1"}],"replies":[{"embeddable":true,"href":"https:\/\/biblian.is\/biblian\/wp-json\/wp\/v2\/comments?post=1712"}],"version-history":[{"count":0,"href":"https:\/\/biblian.is\/biblian\/wp-json\/wp\/v2\/pages\/1712\/revisions"}],"wp:attachment":[{"href":"https:\/\/biblian.is\/biblian\/wp-json\/wp\/v2\/media?parent=1712"}],"curies":[{"name":"wp","href":"https:\/\/api.w.org\/{rel}","templated":true}]}}