{"id":1710,"date":"2017-12-30T21:00:05","date_gmt":"2017-12-30T21:00:05","guid":{"rendered":"http:\/\/biblian.is\/biblian\/_ri_ja-m%c2%97seb%c2%97k-3-kafli\/"},"modified":"2024-05-06T22:30:22","modified_gmt":"2024-05-06T22:30:22","slug":"thridja-mosebok-3-kafli","status":"publish","type":"page","link":"https:\/\/biblian.is\/biblian\/thridja-mosebok-3-kafli\/","title":{"rendered":"\u00deri\u00f0ja M\u00f3seb\u00f3k 3. kafli"},"content":{"rendered":"<h3 class=\"millifyrirsogn_2007\"> Heillaf\u00f3rn<\/h3>\n<p><a name=\"1\"><span class=\"versanumer_2007\">1<\/span><\/a> S\u00e9 gj\u00f6f hans heillaf\u00f3rn og hann \u00e6tli a\u00f0 f\u00e6ra gj\u00f6f af nautpeningi skal hann f\u00e6ra l\u00fdtalaust karld\u00fdr e\u00f0a kvend\u00fdr fram fyrir auglit Drottins. <a name=\"2\"><span class=\"versanumer_2007\">2<\/span><\/a> Hann skal leggja h\u00f6nd s\u00edna \u00e1 h\u00f6fu\u00f0 f\u00f3rnard\u00fdrsins og sl\u00e1tra \u00fev\u00ed vi\u00f0 inngang samfundatjaldsins. Synir Arons, prestarnir, skulu dreypa bl\u00f3\u00f0inu \u00e1 allar hli\u00f0ar altarisins.<br \/> <a name=\"3\"><span class=\"versanumer_2007\">3<\/span><\/a> Hann skal f\u00e6ra Drottni hluta af heillaf\u00f3rninni sem eldf\u00f3rn: netjuna sem hylur i\u00f0rin og allan m\u00f6rinn, <a name=\"4\"><span class=\"versanumer_2007\">4<\/span><\/a> b\u00e6\u00f0i n\u00fdrun \u00e1samt n\u00fdrnam\u00f6rnum, sem er innan \u00e1 m\u00f6lunum, og lifrarbla\u00f0i\u00f0 sem hann skal skilja fr\u00e1 vi\u00f0 n\u00fdrun. <a name=\"5\"><span class=\"versanumer_2007\">5<\/span><\/a> Synir Arons skulu l\u00e1ta \u00feennan hluta l\u00ed\u00f0a upp \u00ed reyk af altarinu \u00e1samt brennif\u00f3rninni \u00e1 vi\u00f0num sem er \u00e1 altariseldinum.<br \/>\u00deetta er eldf\u00f3rn, Drottni \u00feekkur ilmur.<br \/> <a name=\"6\"><span class=\"versanumer_2007\">6<\/span><\/a> S\u00e9 gj\u00f6fin sem hann f\u00e6rir Drottni a\u00f0 heillaf\u00f3rn tekin af sau\u00f0f\u00e9na\u00f0i skal hann f\u00e6ra fram l\u00fdtalaust karld\u00fdr e\u00f0a kvend\u00fdr.<br \/> <a name=\"7\"><span class=\"versanumer_2007\">7<\/span><\/a> F\u00e6ri hann sau\u00f0kind a\u00f0 gj\u00f6f skal hann f\u00e6ra hana fram fyrir auglit Drottins, <a name=\"8\"><span class=\"versanumer_2007\">8<\/span><\/a> leggja h\u00f6nd s\u00edna \u00e1 h\u00f6fu\u00f0 f\u00f3rnard\u00fdrsins og sl\u00e1tra \u00fev\u00ed fyrir framan samfundatjaldi\u00f0. Synir Arons skulu dreypa bl\u00f3\u00f0inu \u00e1 allar hli\u00f0ar altarisins.<br \/> <a name=\"9\"><span class=\"versanumer_2007\">9<\/span><\/a> \u00dev\u00ed n\u00e6st skal hann f\u00e6ra Drottni hluta af heillaf\u00f3rninni sem eldf\u00f3rn: m\u00f6rinn, r\u00f3funa alla, og skal taka hana af \u00fe\u00e9tt vi\u00f0 r\u00f3fubeini\u00f0, netjuna sem hylur i\u00f0rin og allan m\u00f6rinn, <a name=\"10\"><span class=\"versanumer_2007\">10<\/span><\/a> b\u00e6\u00f0i n\u00fdrun \u00e1samt n\u00fdrnam\u00f6rnum, sem er innan \u00e1 m\u00f6lunum, og lifrarbla\u00f0i\u00f0 sem hann skal skilja fr\u00e1 vi\u00f0 n\u00fdrun.<br \/> <a name=\"11\"><span class=\"versanumer_2007\">11<\/span><\/a> Presturinn skal l\u00e1ta \u00fea\u00f0 l\u00ed\u00f0a upp \u00ed reyk af altarinu.<br \/>\u00deetta er f\u00e6\u00f0a, eldf\u00f3rn handa Drottni.<br \/> <a name=\"12\"><span class=\"versanumer_2007\">12<\/span><\/a> S\u00e9 gj\u00f6f hans geit skal hann f\u00e6ra hana fram fyrir auglit Drottins, <a name=\"13\"><span class=\"versanumer_2007\">13<\/span><\/a> leggja h\u00f6nd s\u00edna \u00e1 h\u00f6fu\u00f0 hennar og sl\u00e1tra henni fyrir framan samfundatjaldi\u00f0. Synir Arons skulu dreypa bl\u00f3\u00f0inu \u00e1 allar hli\u00f0ar altarisins.<br \/> <a name=\"14\"><span class=\"versanumer_2007\">14<\/span><\/a> \u00dev\u00ed n\u00e6st skal hann f\u00e6ra Drottni hluta af \u00fev\u00ed sem gj\u00f6f, eldf\u00f3rn: netjuna sem hylur i\u00f0rin og allan m\u00f6rinn, <a name=\"15\"><span class=\"versanumer_2007\">15<\/span><\/a> b\u00e6\u00f0i n\u00fdrun \u00e1samt n\u00fdrnam\u00f6rnum, sem er innan \u00e1 m\u00f6lunum, og lifrarbla\u00f0i\u00f0 sem hann skal skilja fr\u00e1 vi\u00f0 n\u00fdrun.<br \/> <a name=\"16\"><span class=\"versanumer_2007\">16<\/span><\/a> Presturinn skal l\u00e1ta \u00fea\u00f0 l\u00ed\u00f0a upp \u00ed reyk af altarinu.<br \/>\u00deetta er f\u00e6\u00f0a, eldf\u00f3rn, Drottni \u00feekkur ilmur.<br \/>Allur m\u00f6r er eign Drottins. <a name=\"17\"><span class=\"versanumer_2007\">17<\/span><\/a> \u00deetta skal vera \u00e6varandi regla hj\u00e1 ykkur fr\u00e1 kynsl\u00f3\u00f0 til kynsl\u00f3\u00f0ar hvar sem \u00fei\u00f0 b\u00fai\u00f0: \u00dei\u00f0 skulu\u00f0 hvorki neyta m\u00f6rs n\u00e9 bl\u00f3\u00f0s.\u201c<\/p>\n","protected":false},"excerpt":{"rendered":"<p>Heillaf\u00f3rn 1 S\u00e9 gj\u00f6f hans heillaf\u00f3rn og hann \u00e6tli a\u00f0 f\u00e6ra gj\u00f6f af nautpeningi skal hann f\u00e6ra l\u00fdtalaust karld\u00fdr e\u00f0a kvend\u00fdr fram fyrir auglit Drottins. 2 Hann skal leggja h\u00f6nd s\u00edna \u00e1 h\u00f6fu\u00f0 f\u00f3rnard\u00fdrsins og sl\u00e1tra \u00fev\u00ed vi\u00f0 inngang samfundatjaldsins. Synir Arons, prestarnir, skulu dreypa bl\u00f3\u00f0inu \u00e1 allar hli\u00f0ar altarisins. 3 Hann skal f\u00e6ra Drottni hluta af heillaf\u00f3rninni sem eldf\u00f3rn: netjuna sem hylur i\u00f0rin og allan m\u00f6rinn, 4 b\u00e6\u00f0i n\u00fdrun \u00e1samt n\u00fdrnam\u00f6rnum, sem er innan \u00e1 m\u00f6lunum, og lifrarbla\u00f0i\u00f0 sem hann skal skilja fr\u00e1 vi\u00f0 n\u00fdrun. 5 Synir Arons skulu l\u00e1ta \u00feennan hluta l\u00ed\u00f0a upp \u00ed reyk af altarinu \u00e1samt <a href=\"https:\/\/biblian.is\/biblian\/thridja-mosebok-3-kafli\/\"> [&#8230;]<\/a><\/p>\n","protected":false},"author":1,"featured_media":0,"parent":0,"menu_order":0,"comment_status":"open","ping_status":"open","template":"bibliukaflar_NT.php","meta":{"footnotes":""},"class_list":["post-1710","page","type-page","status-publish","hentry"],"_links":{"self":[{"href":"https:\/\/biblian.is\/biblian\/wp-json\/wp\/v2\/pages\/1710","targetHints":{"allow":["GET"]}}],"collection":[{"href":"https:\/\/biblian.is\/biblian\/wp-json\/wp\/v2\/pages"}],"about":[{"href":"https:\/\/biblian.is\/biblian\/wp-json\/wp\/v2\/types\/page"}],"author":[{"embeddable":true,"href":"https:\/\/biblian.is\/biblian\/wp-json\/wp\/v2\/users\/1"}],"replies":[{"embeddable":true,"href":"https:\/\/biblian.is\/biblian\/wp-json\/wp\/v2\/comments?post=1710"}],"version-history":[{"count":0,"href":"https:\/\/biblian.is\/biblian\/wp-json\/wp\/v2\/pages\/1710\/revisions"}],"wp:attachment":[{"href":"https:\/\/biblian.is\/biblian\/wp-json\/wp\/v2\/media?parent=1710"}],"curies":[{"name":"wp","href":"https:\/\/api.w.org\/{rel}","templated":true}]}}