{"id":1708,"date":"2017-12-30T21:00:05","date_gmt":"2017-12-30T21:00:05","guid":{"rendered":"http:\/\/biblian.is\/biblian\/_ri_ja-m%c2%97seb%c2%97k-1-kafli\/"},"modified":"2024-05-06T22:30:19","modified_gmt":"2024-05-06T22:30:19","slug":"thridja-mosebok-1-kafli","status":"publish","type":"page","link":"https:\/\/biblian.is\/biblian\/thridja-mosebok-1-kafli\/","title":{"rendered":"\u00deri\u00f0ja M\u00f3seb\u00f3k 1. kafli"},"content":{"rendered":"<h2 class=\"millifyrirsogn_2007\">F\u00f3rnarb\u00e1lkur <\/h3>\n<h3 class=\"millifyrirsogn_2007\">Brennif\u00f3rnir<\/h2>\n<p><a name=\"1\"><span class=\"versanumer_2007\">1<\/span><\/a> Drottinn kalla\u00f0i \u00e1 M\u00f3se, tala\u00f0i vi\u00f0 hann \u00far samfundatjaldinu og sag\u00f0i: <a name=\"2\"><span class=\"versanumer_2007\">2<\/span><\/a> \u201e\u00c1varpa\u00f0u \u00cdsraelsmenn og seg\u00f0u vi\u00f0 \u00fe\u00e1: \u00deegar einhver ykkar \u00e6tlar a\u00f0 f\u00e6ra Drottni gj\u00f6f skulu\u00f0 \u00fei\u00f0 f\u00e6ra honum b\u00faf\u00e9na\u00f0 a\u00f0 gj\u00f6f, af nautgripum e\u00f0a sau\u00f0f\u00e9.<br \/> <a name=\"3\"><span class=\"versanumer_2007\">3<\/span><\/a> S\u00e9 gj\u00f6f hans brennif\u00f3rn af nautgripum skal \u00fea\u00f0 sem hann f\u00f3rnar vera l\u00fdtalaust karld\u00fdr. Hann skal f\u00e6ra \u00fea\u00f0 a\u00f0 dyrum samfundatjaldsins til \u00feess a\u00f0 hann hlj\u00f3ti vel\u00fe\u00f3knun frammi fyrir augliti Drottins <a name=\"4\"><span class=\"versanumer_2007\">4<\/span><\/a> og leggja s\u00ed\u00f0an h\u00f6nd s\u00edna \u00e1 h\u00f6fu\u00f0 brennif\u00f3rnard\u00fdrsins svo a\u00f0 hann hlj\u00f3ti vel\u00fe\u00f3knun og fri\u00f0\u00fe\u00e6gt ver\u00f0i fyrir sekt hans. <a name=\"5\"><span class=\"versanumer_2007\">5<\/span><\/a> Hann skal sl\u00e1tra nautinu frammi fyrir augliti Drottins en synir Arons, prestarnir, skulu s\u00ed\u00f0an bera fram bl\u00f3\u00f0i\u00f0 og dreypa \u00fev\u00ed \u00e1 allar hli\u00f0ar altarisins sem stendur vi\u00f0 inngang samfundatjaldsins. <a name=\"6\"><span class=\"versanumer_2007\">6<\/span><\/a> \u00dev\u00ed n\u00e6st skal hann fl\u00e1 brennif\u00f3rnard\u00fdri\u00f0 og hluta \u00fea\u00f0 ni\u00f0ur.<br \/> <a name=\"7\"><span class=\"versanumer_2007\">7<\/span><\/a> Synir Arons, prestarnir, skulu setja eld \u00e1 altari\u00f0 og ra\u00f0a vi\u00f0i \u00e1 eldinn. <a name=\"8\"><span class=\"versanumer_2007\">8<\/span><\/a> \u00de\u00e1 skulu synir Arons, prestarnir, ra\u00f0a stykkjunum, h\u00f6f\u00f0i og m\u00f6r, ofan \u00e1 vi\u00f0inn sem er \u00e1 eldinum \u00e1 altarinu. <a name=\"9\"><span class=\"versanumer_2007\">9<\/span><\/a> Innyfli og f\u00e6tur skal hann \u00fevo \u00ed vatni. Presturinn skal \u00fev\u00ed n\u00e6st l\u00e1ta \u00fea\u00f0 allt l\u00ed\u00f0a upp \u00ed reyk af altarinu.<br \/>\u00deetta er brennif\u00f3rn, eldf\u00f3rn, Drottni \u00feekkur ilmur.<br \/> <a name=\"10\"><span class=\"versanumer_2007\">10<\/span><\/a> S\u00e9 gj\u00f6f hans brennif\u00f3rn af f\u00e9na\u00f0i, af sau\u00f0f\u00e9 e\u00f0a geitum, skal \u00fea\u00f0 sem hann f\u00f3rnar vera l\u00fdtalaust karld\u00fdr. <a name=\"11\"><span class=\"versanumer_2007\">11<\/span><\/a> Hann skal sl\u00e1tra \u00fev\u00ed vi\u00f0 nor\u00f0urhli\u00f0 altarisins, frammi fyrir augliti Drottins. Synir Arons, prestarnir, skulu dreypa bl\u00f3\u00f0i \u00feess \u00e1 allar hli\u00f0ar altarisins. <a name=\"12\"><span class=\"versanumer_2007\">12<\/span><\/a> Hann skal hluta \u00fea\u00f0 ni\u00f0ur og s\u00ed\u00f0an skal presturinn ra\u00f0a stykkjunum \u00e1samt h\u00f6f\u00f0i og m\u00f6r \u00e1 vi\u00f0inn sem er \u00e1 eldinum \u00e1 altarinu. <a name=\"13\"><span class=\"versanumer_2007\">13<\/span><\/a> Innyfli og f\u00e6tur skal hann \u00fevo \u00ed vatni. Presturinn skal \u00fev\u00ed n\u00e6st l\u00e1ta \u00fea\u00f0 l\u00ed\u00f0a upp \u00ed reyk af altarinu.<br \/>\u00deetta er brennif\u00f3rn, eldf\u00f3rn, Drottni \u00feekkur ilmur.<br \/> <a name=\"14\"><span class=\"versanumer_2007\">14<\/span><\/a> S\u00e9 gj\u00f6f hans til Drottins brennif\u00f3rn af fuglum skal hann bera fram turtild\u00fafu e\u00f0a a\u00f0ra d\u00fafu a\u00f0 gj\u00f6f. <a name=\"15\"><span class=\"versanumer_2007\">15<\/span><\/a> Presturinn skal f\u00e6ra hana a\u00f0 altarinu, sn\u00faa h\u00f6fu\u00f0i\u00f0 af henni og l\u00e1ta \u00fea\u00f0 l\u00ed\u00f0a upp \u00ed reyk af altarinu. Bl\u00f3\u00f0i\u00f0 skal kreist \u00e1 hli\u00f0 altarisins. <a name=\"16\"><span class=\"versanumer_2007\">16<\/span><\/a> \u00dev\u00ed n\u00e6st skal hann fjarl\u00e6gja sarpinn me\u00f0 \u00fev\u00ed sem \u00ed honum er og fleygja honum vi\u00f0 hli\u00f0ina \u00e1 altarinu austan megin \u00fear sem f\u00f3rnaraskan er. <a name=\"17\"><span class=\"versanumer_2007\">17<\/span><\/a> \u00dev\u00ed n\u00e6st l\u00e6tur presturinn fuglinn ofan \u00e1 vi\u00f0inn sem er \u00e1 eldinum og l\u00e6tur hann l\u00ed\u00f0a upp \u00ed reyk af altarinu.<br \/>\u00deetta er brennif\u00f3rn, eldf\u00f3rn, Drottni \u00feekkur ilmur.<\/p>\n","protected":false},"excerpt":{"rendered":"<p>F\u00f3rnarb\u00e1lkur Brennif\u00f3rnir 1 Drottinn kalla\u00f0i \u00e1 M\u00f3se, tala\u00f0i vi\u00f0 hann \u00far samfundatjaldinu og sag\u00f0i: 2 \u201e\u00c1varpa\u00f0u \u00cdsraelsmenn og seg\u00f0u vi\u00f0 \u00fe\u00e1: \u00deegar einhver ykkar \u00e6tlar a\u00f0 f\u00e6ra Drottni gj\u00f6f skulu\u00f0 \u00fei\u00f0 f\u00e6ra honum b\u00faf\u00e9na\u00f0 a\u00f0 gj\u00f6f, af nautgripum e\u00f0a sau\u00f0f\u00e9. 3 S\u00e9 gj\u00f6f hans brennif\u00f3rn af nautgripum skal \u00fea\u00f0 sem hann f\u00f3rnar vera l\u00fdtalaust karld\u00fdr. Hann skal f\u00e6ra \u00fea\u00f0 a\u00f0 dyrum samfundatjaldsins til \u00feess a\u00f0 hann hlj\u00f3ti vel\u00fe\u00f3knun frammi fyrir augliti Drottins 4 og leggja s\u00ed\u00f0an h\u00f6nd s\u00edna \u00e1 h\u00f6fu\u00f0 brennif\u00f3rnard\u00fdrsins svo a\u00f0 hann hlj\u00f3ti vel\u00fe\u00f3knun og fri\u00f0\u00fe\u00e6gt ver\u00f0i fyrir sekt hans. 5 Hann skal sl\u00e1tra nautinu frammi fyrir augliti <a href=\"https:\/\/biblian.is\/biblian\/thridja-mosebok-1-kafli\/\"> [&#8230;]<\/a><\/p>\n","protected":false},"author":1,"featured_media":0,"parent":0,"menu_order":0,"comment_status":"open","ping_status":"open","template":"bibliukaflar_NT.php","meta":{"footnotes":""},"class_list":["post-1708","page","type-page","status-publish","hentry"],"_links":{"self":[{"href":"https:\/\/biblian.is\/biblian\/wp-json\/wp\/v2\/pages\/1708","targetHints":{"allow":["GET"]}}],"collection":[{"href":"https:\/\/biblian.is\/biblian\/wp-json\/wp\/v2\/pages"}],"about":[{"href":"https:\/\/biblian.is\/biblian\/wp-json\/wp\/v2\/types\/page"}],"author":[{"embeddable":true,"href":"https:\/\/biblian.is\/biblian\/wp-json\/wp\/v2\/users\/1"}],"replies":[{"embeddable":true,"href":"https:\/\/biblian.is\/biblian\/wp-json\/wp\/v2\/comments?post=1708"}],"version-history":[{"count":0,"href":"https:\/\/biblian.is\/biblian\/wp-json\/wp\/v2\/pages\/1708\/revisions"}],"wp:attachment":[{"href":"https:\/\/biblian.is\/biblian\/wp-json\/wp\/v2\/media?parent=1708"}],"curies":[{"name":"wp","href":"https:\/\/api.w.org\/{rel}","templated":true}]}}