{"id":1706,"date":"2017-12-30T21:00:05","date_gmt":"2017-12-30T21:00:05","guid":{"rendered":"http:\/\/biblian.is\/biblian\/%c2%85nnur-m%c2%97seb%c2%97k-39-kafli\/"},"modified":"2023-05-01T16:21:35","modified_gmt":"2023-05-01T16:21:35","slug":"onnur-mosebok-39-kafli","status":"publish","type":"page","link":"https:\/\/biblian.is\/biblian\/onnur-mosebok-39-kafli\/","title":{"rendered":"\u00d6nnur M\u00f3seb\u00f3k 39. kafli"},"content":{"rendered":"<h3 class=\"millifyrirsogn_2007\"> Skr\u00fa\u00f0i prestanna<\/h3>\n<p><a name=\"1\"><span class=\"versanumer_2007\">1<\/span><\/a> \u00deeir ger\u00f0u glitofin kl\u00e6\u00f0i fyrir \u00fej\u00f3nustuna \u00ed helgid\u00f3minum \u00far bl\u00e1um purpura, rau\u00f0um purpura, skarlati og tvinnu\u00f0u, f\u00ednu l\u00edni. \u00deeir ger\u00f0u einnig hin heil\u00f6gu kl\u00e6\u00f0i handa Aroni eins og Drottinn haf\u00f0i bo\u00f0i\u00f0 M\u00f3se.<br \/> <a name=\"2\"><span class=\"versanumer_2007\">2<\/span><\/a> Hann ger\u00f0i h\u00f6kulinn \u00far gulli, bl\u00e1um purpura, rau\u00f0um purpura, skarlati og tvinnu\u00f0u, f\u00ednu l\u00edni. <a name=\"3\"><span class=\"versanumer_2007\">3<\/span><\/a> \u00deeir sl\u00f3gu gull\u00feynnur og sk\u00e1ru \u00fe\u00e6r \u00ed \u00fer\u00e6\u00f0i til a\u00f0 vefa \u00ed bl\u00e1an purpura, rau\u00f0an purpura, skarlat og tvinna\u00f0, f\u00ednt l\u00edn. <a name=\"4\"><span class=\"versanumer_2007\">4<\/span><\/a> \u00deeir ger\u00f0u tvo axlahl\u00fdra \u00e1 h\u00f6kulinn og festu b\u00e1\u00f0a enda \u00feeirra \u00ed hann. <a name=\"5\"><span class=\"versanumer_2007\">5<\/span><\/a> H\u00f6kullindinn var af s\u00f6mu ger\u00f0 og fastur vi\u00f0 hann. Hann var \u00far gulli, bl\u00e1um purpura, rau\u00f0um purpura, skarlati og tvinnu\u00f0u, f\u00ednu l\u00edni. <a name=\"6\"><span class=\"versanumer_2007\">6<\/span><\/a> \u00deeir greyptu sj\u00f3amsteinana \u00ed gullumgjar\u00f0ir, gr\u00f3fu \u00ed \u00fe\u00e1 n\u00f6fn \u00cdsraels sona eins og \u00e1 innsigli. <a name=\"7\"><span class=\"versanumer_2007\">7<\/span><\/a> Hann festi steinana \u00e1 hl\u00fdra h\u00f6kulsins sem steina til a\u00f0 minna \u00e1 syni \u00cdsraels eins og Drottinn haf\u00f0i bo\u00f0i\u00f0 M\u00f3se.<br \/> <a name=\"8\"><span class=\"versanumer_2007\">8<\/span><\/a> Hann ger\u00f0i brj\u00f3stskj\u00f6ldinn me\u00f0 glitvefna\u00f0i eins og h\u00f6kulinn, \u00far gulli, bl\u00e1um purpura, rau\u00f0um purpura, skarlati og f\u00ednu, tvinnu\u00f0u l\u00edni. <a name=\"9\"><span class=\"versanumer_2007\">9<\/span><\/a> Hann var ferhyrndur. \u00deeir ger\u00f0u hann tv\u00f6faldan, spannarlangan og spannarbrei\u00f0an og brutu hann saman tv\u00f6faldan. <a name=\"10\"><span class=\"versanumer_2007\">10<\/span><\/a> \u00deeir settu hann steinum \u00ed fj\u00f3rum r\u00f6\u00f0um: r\u00fab\u00edn, t\u00f3pas og smarag\u00f0 \u00ed fyrstu r\u00f6\u00f0ina, <a name=\"11\"><span class=\"versanumer_2007\">11<\/span><\/a> granat, saf\u00edr og jaspis \u00ed a\u00f0ra r\u00f6\u00f0ina, <a name=\"12\"><span class=\"versanumer_2007\">12<\/span><\/a> \u00f3pal, agat og amet\u00fdst \u00ed \u00fe\u00e1 \u00feri\u00f0ju og <a name=\"13\"><span class=\"versanumer_2007\">13<\/span><\/a> kr\u00fds\u00f3l\u00edt, sj\u00f3am og \u00f3nyx \u00ed \u00fe\u00e1 fj\u00f3r\u00f0u. \u00deeir voru greyptir \u00ed gullumgj\u00f6r\u00f0 \u00feegar \u00feeir voru festir. <a name=\"14\"><span class=\"versanumer_2007\">14<\/span><\/a> Steinarnir samsv\u00f6ru\u00f0u n\u00f6fnum sona \u00cdsraels og voru t\u00f3lf eins og n\u00f6fn \u00feeirra. Sitt nafni\u00f0 var \u00e1 hverjum \u00feeirra, grafi\u00f0 eins og \u00e1 innsigli, eftir t\u00f3lf \u00e6ttb\u00e1lkum \u00cdsraels. <a name=\"15\"><span class=\"versanumer_2007\">15<\/span><\/a> \u00deeir ger\u00f0u gullfestar fyrir brj\u00f3stskj\u00f6ldinn, fl\u00e9tta\u00f0ar eins og reipi. <a name=\"16\"><span class=\"versanumer_2007\">16<\/span><\/a> \u00deeir ger\u00f0u tv\u00e6r umgjar\u00f0ir \u00far gulli og tvo hringi \u00far gulli og festu b\u00e1\u00f0a hringina \u00ed tv\u00f6 horn brj\u00f3stskjaldarins. <a name=\"17\"><span class=\"versanumer_2007\">17<\/span><\/a> S\u00ed\u00f0an festu \u00feeir b\u00e1\u00f0ar gullfl\u00e9tturnar vi\u00f0 \u00feessa tvo hringi \u00e1 hornum hans. <a name=\"18\"><span class=\"versanumer_2007\">18<\/span><\/a> Hina endana \u00e1 b\u00e1\u00f0um fl\u00e9ttunum festu \u00feeir vi\u00f0 umgjar\u00f0irnar tv\u00e6r og festu \u00fe\u00e6r s\u00ed\u00f0an vi\u00f0 hl\u00fdra h\u00f6kulsins framanver\u00f0a. <a name=\"19\"><span class=\"versanumer_2007\">19<\/span><\/a> \u00deeir ger\u00f0u a\u00f0ra tvo hringi \u00far gulli og festu \u00fe\u00e1 \u00ed hin tv\u00f6 horn brj\u00f3stskjaldarins a\u00f0 innanver\u00f0u, \u00ed \u00fe\u00e1 br\u00fan sem vissi a\u00f0 h\u00f6klinum. <a name=\"20\"><span class=\"versanumer_2007\">20<\/span><\/a> \u00deeir ger\u00f0u enn tvo hringi \u00far gulli og festu \u00fe\u00e1 ne\u00f0an \u00e1 b\u00e1\u00f0a hl\u00fdra h\u00f6kulsins a\u00f0 framanver\u00f0u \u00fear sem hann var festur saman ofan vi\u00f0 lindann. <a name=\"21\"><span class=\"versanumer_2007\">21<\/span><\/a> \u00deeir bundu brj\u00f3stskj\u00f6ldinn fastan me\u00f0 purpurabl\u00e1rri sn\u00faru sem l\u00e1 \u00far hringjum hans og \u00ed hringi h\u00f6kulsins. Brj\u00f3stskj\u00f6ldurinn var \u00feannig ofan vi\u00f0 lindann og gat ekki losna\u00f0 fr\u00e1 h\u00f6klinum eins og Drottinn haf\u00f0i bo\u00f0i\u00f0 M\u00f3se.<br \/> <a name=\"22\"><span class=\"versanumer_2007\">22<\/span><\/a> Hann ger\u00f0i k\u00e1puna sem fylgdi h\u00f6klinum. H\u00fan var \u00f6ll ofin \u00far purpurabl\u00e1u efni. <a name=\"23\"><span class=\"versanumer_2007\">23<\/span><\/a> \u00c1 henni mi\u00f0ri var h\u00e1lsm\u00e1l l\u00edkt og \u00e1 brynju, falda\u00f0 me\u00f0 ofnum bor\u00f0a svo a\u00f0 ekki rifna\u00f0i \u00fat \u00far. <a name=\"24\"><span class=\"versanumer_2007\">24<\/span><\/a> \u00deeir ger\u00f0u granatepli \u00e1 sl\u00f3\u00f0a k\u00e1punnar \u00far bl\u00e1um purpura, rau\u00f0um purpura og tvinnu\u00f0u h\u00e1rau\u00f0u bandi <a name=\"25\"><span class=\"versanumer_2007\">25<\/span><\/a> og \u00feeir ger\u00f0u bj\u00f6llur \u00far sk\u00edru gulli og festu \u00fe\u00e6r \u00e1 milli granateplanna \u00e1 sl\u00f3\u00f0a k\u00e1punnar hringinn \u00ed kring, <a name=\"26\"><span class=\"versanumer_2007\">26<\/span><\/a> gullbj\u00f6llu og granatepli til skiptis hringinn \u00ed kring \u00e1 sl\u00f3\u00f0a k\u00e1punnar. \u00deetta var \u00e6tla\u00f0 til \u00fej\u00f3nustunnar eins og Drottinn haf\u00f0i bo\u00f0i\u00f0 M\u00f3se.<br \/> <a name=\"27\"><span class=\"versanumer_2007\">27<\/span><\/a> \u00deeir ger\u00f0u kyrtla handa Aroni og sonum hans, ofna \u00far f\u00ednu l\u00edni, <a name=\"28\"><span class=\"versanumer_2007\">28<\/span><\/a> vefjarh\u00f6tt \u00far f\u00ednu l\u00edni og h\u00f6fu\u00f0d\u00faka \u00far f\u00ednu l\u00edni, l\u00ednbuxur \u00far tvinnu\u00f0u, f\u00ednu l\u00edni, <a name=\"29\"><span class=\"versanumer_2007\">29<\/span><\/a> glitofi\u00f0 belti \u00far tvinnu\u00f0u, f\u00ednu l\u00edni, bl\u00e1um purpura, rau\u00f0um purpura og skarlati eins og Drottinn haf\u00f0i bo\u00f0i\u00f0 M\u00f3se.<br \/> <a name=\"30\"><span class=\"versanumer_2007\">30<\/span><\/a> \u00deeir ger\u00f0u bl\u00f3m \u00far sk\u00edru gulli, hi\u00f0 heilaga h\u00f6fu\u00f0dj\u00e1sn, og gr\u00f3fu \u00e1 \u00fea\u00f0 eins og \u00e1 innsigli: Helga\u00f0ur Drottni. <a name=\"31\"><span class=\"versanumer_2007\">31<\/span><\/a> \u00deeir festu \u00fea\u00f0 \u00e1 sn\u00faru \u00far purpurabl\u00e1u efni og komu \u00fev\u00ed fyrir ofan \u00e1 vefjarhettinum eins og Drottinn haf\u00f0i bo\u00f0i\u00f0 M\u00f3se.<\/p>\n<h3 class=\"millifyrirsogn_2007\">Verklok<\/h3>\n<p><a name=\"32\"><span class=\"versanumer_2007\">32<\/span><\/a> \u00deannig var loki\u00f0 \u00f6llu verki vi\u00f0 b\u00fasta\u00f0inn, samfundatjaldi\u00f0, og \u00cdsraelsmenn ger\u00f0u allt n\u00e1kv\u00e6mlega eins og Drottinn haf\u00f0i bo\u00f0i\u00f0 M\u00f3se.<br \/> <a name=\"33\"><span class=\"versanumer_2007\">33<\/span><\/a> S\u00ed\u00f0an komu \u00feeir me\u00f0 tjaldb\u00fa\u00f0ina til M\u00f3se, tjaldi\u00f0 og \u00f6ll \u00e1h\u00f6ld sem fylgdu \u00fev\u00ed, kr\u00f3kana, \u00feiljubor\u00f0in, \u00feversl\u00e1rnar, s\u00falurnar, s\u00f6kklana, <a name=\"34\"><span class=\"versanumer_2007\">34<\/span><\/a> \u00feaki\u00f0 \u00far rau\u00f0litu\u00f0um hr\u00fatsskinnum, \u00feaki\u00f0 \u00far h\u00f6frungah\u00fa\u00f0um, forhengi\u00f0, <a name=\"35\"><span class=\"versanumer_2007\">35<\/span><\/a> s\u00e1ttm\u00e1ls\u00f6rkina, stengurnar og lok arkarinnar, <a name=\"36\"><span class=\"versanumer_2007\">36<\/span><\/a> bor\u00f0i\u00f0 \u00e1samt \u00f6llum \u00e1h\u00f6ldum \u00feess, sko\u00f0unarbrau\u00f0in, <a name=\"37\"><span class=\"versanumer_2007\">37<\/span><\/a> gulllj\u00f3sastikuna \u00e1samt l\u00f6mpunum, sem s\u00e1tu \u00ed r\u00f6\u00f0, og \u00f6llum \u00e1h\u00f6ldum, sem tilheyr\u00f0u henni, ol\u00edu fyrir lampana, <a name=\"38\"><span class=\"versanumer_2007\">38<\/span><\/a> gullaltari\u00f0, smurningarol\u00eduna, hi\u00f0 ilmandi reykelsi, hengi\u00f0 fyrir tjalddyrnar, <a name=\"39\"><span class=\"versanumer_2007\">39<\/span><\/a> eiraltari\u00f0 \u00e1samt grindverkinu, sem heyr\u00f0i \u00fev\u00ed til, og st\u00f6ngunum og \u00f6llum \u00e1h\u00f6ldum \u00feess, keri\u00f0 \u00e1samt st\u00e9tt \u00feess, <a name=\"40\"><span class=\"versanumer_2007\">40<\/span><\/a> tj\u00f6ld forgar\u00f0sins, s\u00falur hans \u00e1samt s\u00f6kklum, hengi\u00f0 fyrir inngang forgar\u00f0sins, st\u00f6g hans \u00e1samt tjaldh\u00e6lum og \u00f6ll \u00e1h\u00f6ldin fyrir \u00fej\u00f3nustuna \u00ed b\u00fasta\u00f0num, \u00ed samfundatjaldinu, <a name=\"41\"><span class=\"versanumer_2007\">41<\/span><\/a> glitkl\u00e6\u00f0in fyrir \u00fej\u00f3nustuna \u00ed helgid\u00f3minum, hin helgu kl\u00e6\u00f0i handa Aroni presti og kl\u00e6\u00f0in handa sonum hans, \u00e6tlu\u00f0 til prests\u00fej\u00f3nustunnar. <a name=\"42\"><span class=\"versanumer_2007\">42<\/span><\/a> \u00cdsraelsmenn h\u00f6f\u00f0u unni\u00f0 allt verki\u00f0 n\u00e1kv\u00e6mlega eins og Drottinn haf\u00f0i bo\u00f0i\u00f0 M\u00f3se. <a name=\"43\"><span class=\"versanumer_2007\">43<\/span><\/a> M\u00f3se virti fyrir s\u00e9r allt verki\u00f0 og s\u00e1 a\u00f0 \u00feeir h\u00f6f\u00f0u unni\u00f0 \u00fea\u00f0 eins og Drottinn haf\u00f0i bo\u00f0i\u00f0. \u00deannig h\u00f6f\u00f0u \u00feeir framkv\u00e6mt \u00fea\u00f0 og M\u00f3se blessa\u00f0i \u00fe\u00e1.<\/p>\n","protected":false},"excerpt":{"rendered":"<p>Skr\u00fa\u00f0i prestanna 1 \u00deeir ger\u00f0u glitofin kl\u00e6\u00f0i fyrir \u00fej\u00f3nustuna \u00ed helgid\u00f3minum \u00far bl\u00e1um purpura, rau\u00f0um purpura, skarlati og tvinnu\u00f0u, f\u00ednu l\u00edni. \u00deeir ger\u00f0u einnig hin heil\u00f6gu kl\u00e6\u00f0i handa Aroni eins og Drottinn haf\u00f0i bo\u00f0i\u00f0 M\u00f3se. 2 Hann ger\u00f0i h\u00f6kulinn \u00far gulli, bl\u00e1um purpura, rau\u00f0um purpura, skarlati og tvinnu\u00f0u, f\u00ednu l\u00edni. 3 \u00deeir sl\u00f3gu gull\u00feynnur og sk\u00e1ru \u00fe\u00e6r \u00ed \u00fer\u00e6\u00f0i til a\u00f0 vefa \u00ed bl\u00e1an purpura, rau\u00f0an purpura, skarlat og tvinna\u00f0, f\u00ednt l\u00edn. 4 \u00deeir ger\u00f0u tvo axlahl\u00fdra \u00e1 h\u00f6kulinn og festu b\u00e1\u00f0a enda \u00feeirra \u00ed hann. 5 H\u00f6kullindinn var af s\u00f6mu ger\u00f0 og fastur vi\u00f0 hann. Hann var \u00far gulli, <a href=\"https:\/\/biblian.is\/biblian\/onnur-mosebok-39-kafli\/\"> [&#8230;]<\/a><\/p>\n","protected":false},"author":1,"featured_media":0,"parent":0,"menu_order":0,"comment_status":"open","ping_status":"open","template":"bibliukaflar_NT.php","meta":{"footnotes":""},"class_list":["post-1706","page","type-page","status-publish","hentry"],"_links":{"self":[{"href":"https:\/\/biblian.is\/biblian\/wp-json\/wp\/v2\/pages\/1706","targetHints":{"allow":["GET"]}}],"collection":[{"href":"https:\/\/biblian.is\/biblian\/wp-json\/wp\/v2\/pages"}],"about":[{"href":"https:\/\/biblian.is\/biblian\/wp-json\/wp\/v2\/types\/page"}],"author":[{"embeddable":true,"href":"https:\/\/biblian.is\/biblian\/wp-json\/wp\/v2\/users\/1"}],"replies":[{"embeddable":true,"href":"https:\/\/biblian.is\/biblian\/wp-json\/wp\/v2\/comments?post=1706"}],"version-history":[{"count":0,"href":"https:\/\/biblian.is\/biblian\/wp-json\/wp\/v2\/pages\/1706\/revisions"}],"wp:attachment":[{"href":"https:\/\/biblian.is\/biblian\/wp-json\/wp\/v2\/media?parent=1706"}],"curies":[{"name":"wp","href":"https:\/\/api.w.org\/{rel}","templated":true}]}}