{"id":1705,"date":"2017-12-30T21:00:05","date_gmt":"2017-12-30T21:00:05","guid":{"rendered":"http:\/\/biblian.is\/biblian\/%c2%85nnur-m%c2%97seb%c2%97k-38-kafli\/"},"modified":"2023-05-01T16:21:34","modified_gmt":"2023-05-01T16:21:34","slug":"onnur-mosebok-38-kafli","status":"publish","type":"page","link":"https:\/\/biblian.is\/biblian\/onnur-mosebok-38-kafli\/","title":{"rendered":"\u00d6nnur M\u00f3seb\u00f3k 38. kafli"},"content":{"rendered":"<h3 class=\"millifyrirsogn_2007\"> Brennif\u00f3rnaraltari\u00f0 og vatnskeri\u00f0<\/h3>\n<p><a name=\"1\"><span class=\"versanumer_2007\">1<\/span><\/a> Hann ger\u00f0i brennif\u00f3rnaraltari\u00f0 \u00far akas\u00eduvi\u00f0i. \u00dea\u00f0 var fimm \u00e1lna langt, fimm \u00e1lna breitt, ferhyrnt og \u00feriggja \u00e1lna h\u00e1tt. <a name=\"2\"><span class=\"versanumer_2007\">2<\/span><\/a> Hann ger\u00f0i horn \u00e1 \u00fea\u00f0 upp af fj\u00f3rum hornum \u00feess. Hornin voru f\u00f6st vi\u00f0 \u00fea\u00f0. Hann lag\u00f0i altari\u00f0 eir. <a name=\"3\"><span class=\"versanumer_2007\">3<\/span><\/a> Hann ger\u00f0i \u00f6ll \u00e1h\u00f6ldin fyrir altari\u00f0: kerin, sk\u00f3flurnar, sk\u00e1lar fyrir dreypif\u00f3rnir, gaffla og eldp\u00f6nnur. Hann ger\u00f0i \u00f6ll \u00e1h\u00f6ld \u00feess \u00far eir. <a name=\"4\"><span class=\"versanumer_2007\">4<\/span><\/a> Hann ger\u00f0i grindur um altari\u00f0, eins og ri\u00f0i\u00f0 net, \u00far eir ne\u00f0an vi\u00f0 br\u00fanina upp a\u00f0 mi\u00f0ju \u00feess. <a name=\"5\"><span class=\"versanumer_2007\">5<\/span><\/a> Hann steypti fj\u00f3ra hringi \u00e1 fj\u00f6gur horn eirgrindverksins til a\u00f0 smeygja st\u00f6ngunum \u00ed. <a name=\"6\"><span class=\"versanumer_2007\">6<\/span><\/a> Hann ger\u00f0i stengurnar \u00far akas\u00eduvi\u00f0i og lag\u00f0i \u00fe\u00e6r eir. <a name=\"7\"><span class=\"versanumer_2007\">7<\/span><\/a> Hann smeyg\u00f0i st\u00f6ngunum \u00ed hringina \u00e1 hli\u00f0um altarisins svo a\u00f0 h\u00e6gt v\u00e6ri a\u00f0 bera \u00fea\u00f0. Hann ger\u00f0i altari\u00f0 \u00far bor\u00f0um, holt a\u00f0 innan.<br \/> <a name=\"8\"><span class=\"versanumer_2007\">8<\/span><\/a> Hann ger\u00f0i ker \u00far eir og st\u00e9tt \u00far eir undir \u00fea\u00f0 \u00far speglum \u00feeirra kvenna sem gegndu \u00fej\u00f3nustu vi\u00f0 dyr samfundatjaldsins.<\/p>\n<h3 class=\"millifyrirsogn_2007\">Forgar\u00f0urinn<\/h3>\n<p><a name=\"9\"><span class=\"versanumer_2007\">9<\/span><\/a> Hann ger\u00f0i forgar\u00f0inn. \u00c1 su\u00f0urhli\u00f0inni var forgar\u00f0urinn b\u00fainn veggtj\u00f6ldum \u00far tvinnu\u00f0u, f\u00ednu l\u00edni, hundra\u00f0 \u00e1lna l\u00f6ngum. <a name=\"10\"><span class=\"versanumer_2007\">10<\/span><\/a> \u00dear voru tuttugu s\u00falur \u00e1 tuttugu s\u00f6kklum \u00far eir en naglarnir \u00ed s\u00falunum og \u00feversl\u00e1rnar voru \u00far silfri. <a name=\"11\"><span class=\"versanumer_2007\">11<\/span><\/a> A\u00f0 nor\u00f0anver\u00f0u voru einnig veggtj\u00f6ld eftir endilangri hli\u00f0inni, hundra\u00f0 \u00e1lna l\u00f6ng, einnig tuttugu s\u00falur \u00e1 tuttugu s\u00f6kklum \u00far eir en naglarnir \u00ed s\u00falunum og \u00feversl\u00e1rnar voru \u00far silfri. <a name=\"12\"><span class=\"versanumer_2007\">12<\/span><\/a> A\u00f0 vestanver\u00f0u voru fimmt\u00edu \u00e1lna l\u00f6ng tj\u00f6ld og t\u00edu s\u00falur \u00e1 s\u00f6kklum. <a name=\"13\"><span class=\"versanumer_2007\">13<\/span><\/a> A\u00f0 austanver\u00f0u voru einnig fimmt\u00edu \u00e1lna l\u00f6ng tj\u00f6ld. <a name=\"14\"><span class=\"versanumer_2007\">14<\/span><\/a> \u00d6\u00f0rum megin voru fimmt\u00e1n \u00e1lna l\u00f6ng tj\u00f6ld og \u00ferj\u00e1r s\u00falur \u00e1samt \u00feremur s\u00f6kklum <a name=\"15\"><span class=\"versanumer_2007\">15<\/span><\/a> og hinum megin, b\u00e1\u00f0um megin vi\u00f0 hli\u00f0 forgar\u00f0sins, voru einnig fimmt\u00e1n \u00e1lna l\u00f6ng tj\u00f6ld og \u00ferj\u00e1r s\u00falur \u00e1 \u00feremur s\u00f6kklum. <a name=\"16\"><span class=\"versanumer_2007\">16<\/span><\/a> \u00d6ll tj\u00f6ld umhverfis forgar\u00f0inn voru \u00far tvinnu\u00f0u, f\u00ednu l\u00edni. <a name=\"17\"><span class=\"versanumer_2007\">17<\/span><\/a> S\u00f6kklarnir undir s\u00falunum voru \u00far eir en naglarnir og \u00feversl\u00e1rnar \u00far silfri og s\u00falnah\u00f6fu\u00f0in voru l\u00f6g\u00f0 silfri. Allar s\u00falur forgar\u00f0sins h\u00f6f\u00f0u \u00feversl\u00e1r \u00far silfri. <a name=\"18\"><span class=\"versanumer_2007\">18<\/span><\/a> Forhengi\u00f0 fyrir hli\u00f0i forgar\u00f0sins var \u00far bl\u00e1um purpura, rau\u00f0um purpura, skarlati og tvinnu\u00f0u, f\u00ednu l\u00edni, listilega gert. \u00dea\u00f0 var tuttugu \u00e1lna langt og fimm \u00e1lna h\u00e1tt \u00ed samr\u00e6mi vi\u00f0 breiddina \u00e1 tj\u00f6ldum forgar\u00f0sins. <a name=\"19\"><span class=\"versanumer_2007\">19<\/span><\/a> \u00dear til heyr\u00f0u fj\u00f3rar s\u00falur \u00e1 fj\u00f3rum undirst\u00f6\u00f0um \u00far eir en naglarnir \u00ed \u00feeim voru \u00far silfri, s\u00falnah\u00f6fu\u00f0in l\u00f6g\u00f0 silfri og \u00feversl\u00e1rnar \u00far silfri. <a name=\"20\"><span class=\"versanumer_2007\">20<\/span><\/a> Allir tjaldh\u00e6lar b\u00fa\u00f0arinnar og forgar\u00f0sins voru \u00far eir, hringinn \u00ed kring.<\/p>\n<h3 class=\"millifyrirsogn_2007\">Kostna\u00f0aruppgj\u00f6r vegna helgid\u00f3msins<\/h3>\n<p><a name=\"21\"><span class=\"versanumer_2007\">21<\/span><\/a> \u00deetta er kostna\u00f0aruppgj\u00f6r vegna samfundatjaldsins, b\u00fasta\u00f0ar s\u00e1ttm\u00e1lst\u00e1knsins, sem var gert a\u00f0 fyrirm\u00e6lum M\u00f3se. \u00dea\u00f0 var gert af Lev\u00edtunum undir stj\u00f3rn \u00cdtamars Aronssonar prests.<br \/> <a name=\"22\"><span class=\"versanumer_2007\">22<\/span><\/a> Besalel \u00dar\u00edson, H\u00farssonar, af \u00e6ttb\u00e1lki J\u00fada, anna\u00f0ist allt sem Drottinn haf\u00f0i fali\u00f0 M\u00f3se og <a name=\"23\"><span class=\"versanumer_2007\">23<\/span><\/a> Ohol\u00edab Ak\u00edsamaksson af \u00e6ttb\u00e1lki Dans vann \u00e1samt honum a\u00f0 steinskur\u00f0i, listvefna\u00f0i og glitvefna\u00f0i \u00far bl\u00e1um purpura, rau\u00f0um purpura, skarlati og \u00far f\u00ednu l\u00edni.<br \/> <a name=\"24\"><span class=\"versanumer_2007\">24<\/span><\/a> Allt gulli\u00f0, sem var nota\u00f0 til \u00feess sem gert var, til alls verksins vi\u00f0 a\u00f0 reisa helgid\u00f3minn, var gull sem gefi\u00f0 var \u00ed helgigjafir. \u00dea\u00f0 var tuttugu og n\u00edu talentur og sj\u00f6 hundru\u00f0 og \u00ferj\u00e1t\u00edu siklar a\u00f0 \u00feyngd mi\u00f0a\u00f0 vi\u00f0 helgid\u00f3mssikil. <a name=\"25\"><span class=\"versanumer_2007\">25<\/span><\/a> Silfri\u00f0 fr\u00e1 \u00feeim \u00ed s\u00f6fnu\u00f0inum, sem h\u00f6f\u00f0u veri\u00f0 taldir \u00ed manntali, var hundra\u00f0 talentur og sautj\u00e1n hundru\u00f0 sj\u00f6t\u00edu og fimm siklar a\u00f0 \u00feyngd mi\u00f0a\u00f0 vi\u00f0 helgid\u00f3mssikil, <a name=\"26\"><span class=\"versanumer_2007\">26<\/span><\/a> h\u00e1lfur sikill \u00e1 hvern \u00feann sem haf\u00f0i veri\u00f0 talinn og var tuttugu \u00e1ra og eldri. \u00dea\u00f0 voru sex hundru\u00f0 og \u00ferj\u00fa \u00fe\u00fasund fimm hundru\u00f0 og fimmt\u00edu manns. <a name=\"27\"><span class=\"versanumer_2007\">27<\/span><\/a> Hundra\u00f0 talentur silfurs voru nota\u00f0ar til a\u00f0 steypa s\u00f6kkla helgid\u00f3msins og s\u00f6kkla fortjaldsins, hundra\u00f0 s\u00f6kkla \u00far hundra\u00f0 talentum e\u00f0a hvern s\u00f6kkul \u00far einni talentu. <a name=\"28\"><span class=\"versanumer_2007\">28<\/span><\/a> \u00dar sautj\u00e1n hundru\u00f0 sj\u00f6t\u00edu og fimm siklum ger\u00f0i hann nagla \u00ed s\u00falurnar, lag\u00f0i s\u00falnah\u00f6fu\u00f0in silfri og bj\u00f3 til \u00feversl\u00e1rnar. <a name=\"29\"><span class=\"versanumer_2007\">29<\/span><\/a> Eirinn, sem haf\u00f0i veri\u00f0 gefinn \u00ed helgigjafir, var sj\u00f6t\u00edu talentur og tv\u00f6 \u00fe\u00fasund og fj\u00f6gur hundru\u00f0 siklar a\u00f0 \u00feyngd. <a name=\"30\"><span class=\"versanumer_2007\">30<\/span><\/a> \u00dar \u00fev\u00ed ger\u00f0i hann s\u00f6kkla undir dyr samfundatjaldsins, eiraltari\u00f0 og eirgrindurnar umhverfis og \u00f6ll altaris\u00e1h\u00f6ldin, s\u00f6kkla umhverfis allan forgar\u00f0inn, s\u00f6kkla undir hli\u00f0 forgar\u00f0sins, alla tjaldh\u00e6la fyrir tjaldb\u00fa\u00f0ina og alla h\u00e6la allt \u00ed kringum forgar\u00f0inn.<\/p>\n","protected":false},"excerpt":{"rendered":"<p>Brennif\u00f3rnaraltari\u00f0 og vatnskeri\u00f0 1 Hann ger\u00f0i brennif\u00f3rnaraltari\u00f0 \u00far akas\u00eduvi\u00f0i. \u00dea\u00f0 var fimm \u00e1lna langt, fimm \u00e1lna breitt, ferhyrnt og \u00feriggja \u00e1lna h\u00e1tt. 2 Hann ger\u00f0i horn \u00e1 \u00fea\u00f0 upp af fj\u00f3rum hornum \u00feess. Hornin voru f\u00f6st vi\u00f0 \u00fea\u00f0. Hann lag\u00f0i altari\u00f0 eir. 3 Hann ger\u00f0i \u00f6ll \u00e1h\u00f6ldin fyrir altari\u00f0: kerin, sk\u00f3flurnar, sk\u00e1lar fyrir dreypif\u00f3rnir, gaffla og eldp\u00f6nnur. Hann ger\u00f0i \u00f6ll \u00e1h\u00f6ld \u00feess \u00far eir. 4 Hann ger\u00f0i grindur um altari\u00f0, eins og ri\u00f0i\u00f0 net, \u00far eir ne\u00f0an vi\u00f0 br\u00fanina upp a\u00f0 mi\u00f0ju \u00feess. 5 Hann steypti fj\u00f3ra hringi \u00e1 fj\u00f6gur horn eirgrindverksins til a\u00f0 smeygja st\u00f6ngunum \u00ed. 6 Hann ger\u00f0i <a href=\"https:\/\/biblian.is\/biblian\/onnur-mosebok-38-kafli\/\"> [&#8230;]<\/a><\/p>\n","protected":false},"author":1,"featured_media":0,"parent":0,"menu_order":0,"comment_status":"open","ping_status":"open","template":"bibliukaflar_NT.php","meta":{"footnotes":""},"class_list":["post-1705","page","type-page","status-publish","hentry"],"_links":{"self":[{"href":"https:\/\/biblian.is\/biblian\/wp-json\/wp\/v2\/pages\/1705","targetHints":{"allow":["GET"]}}],"collection":[{"href":"https:\/\/biblian.is\/biblian\/wp-json\/wp\/v2\/pages"}],"about":[{"href":"https:\/\/biblian.is\/biblian\/wp-json\/wp\/v2\/types\/page"}],"author":[{"embeddable":true,"href":"https:\/\/biblian.is\/biblian\/wp-json\/wp\/v2\/users\/1"}],"replies":[{"embeddable":true,"href":"https:\/\/biblian.is\/biblian\/wp-json\/wp\/v2\/comments?post=1705"}],"version-history":[{"count":0,"href":"https:\/\/biblian.is\/biblian\/wp-json\/wp\/v2\/pages\/1705\/revisions"}],"wp:attachment":[{"href":"https:\/\/biblian.is\/biblian\/wp-json\/wp\/v2\/media?parent=1705"}],"curies":[{"name":"wp","href":"https:\/\/api.w.org\/{rel}","templated":true}]}}