{"id":1704,"date":"2017-12-30T21:00:05","date_gmt":"2017-12-30T21:00:05","guid":{"rendered":"http:\/\/biblian.is\/biblian\/%c2%85nnur-m%c2%97seb%c2%97k-37-kafli\/"},"modified":"2023-05-01T16:21:34","modified_gmt":"2023-05-01T16:21:34","slug":"onnur-mosebok-37-kafli","status":"publish","type":"page","link":"https:\/\/biblian.is\/biblian\/onnur-mosebok-37-kafli\/","title":{"rendered":"\u00d6nnur M\u00f3seb\u00f3k 37. kafli"},"content":{"rendered":"<h3 class=\"millifyrirsogn_2007\"> S\u00e1ttm\u00e1ls\u00f6rkin<\/h3>\n<p><a name=\"1\"><span class=\"versanumer_2007\">1<\/span><\/a> Besalel ger\u00f0i \u00f6rk \u00far akas\u00eduvi\u00f0i. H\u00fan var h\u00e1lf \u00feri\u00f0ja alin \u00e1 lengd, h\u00e1lf \u00f6nnur \u00e1 breidd og h\u00e1lf \u00f6nnur \u00e1 h\u00e6\u00f0. <a name=\"2\"><span class=\"versanumer_2007\">2<\/span><\/a> Hann lag\u00f0i hana sk\u00edru gulli b\u00e6\u00f0i a\u00f0 innan og utan og hann ger\u00f0i br\u00fan \u00far gulli umhverfis hana. <a name=\"3\"><span class=\"versanumer_2007\">3<\/span><\/a> Hann steypti fj\u00f3ra hringi \u00far gulli og festi \u00e1 fj\u00f3ra f\u00e6tur hennar, tvo hringi \u00e1 a\u00f0ra hli\u00f0 hennar og tvo \u00e1 hina. <a name=\"4\"><span class=\"versanumer_2007\">4<\/span><\/a> Hann ger\u00f0i stengur \u00far akas\u00eduvi\u00f0i, lag\u00f0i \u00fe\u00e6r gulli <a name=\"5\"><span class=\"versanumer_2007\">5<\/span><\/a> og smeyg\u00f0i st\u00f6ngunum \u00ed hringina \u00e1 hli\u00f0um arkarinnar svo a\u00f0 h\u00e6gt v\u00e6ri a\u00f0 bera \u00f6rkina.<br \/> <a name=\"6\"><span class=\"versanumer_2007\">6<\/span><\/a> Hann ger\u00f0i lok \u00far sk\u00edru gulli. \u00dea\u00f0 var h\u00e1lf \u00feri\u00f0ja alin \u00e1 lengd og h\u00e1lf \u00f6nnur \u00e1 breidd. <a name=\"7\"><span class=\"versanumer_2007\">7<\/span><\/a> Hann ger\u00f0i tvo ker\u00faba \u00far drifnu gulli, einn fyrir hvorn enda loksins. <a name=\"8\"><span class=\"versanumer_2007\">8<\/span><\/a> Annar ker\u00fabinn var \u00e1 \u00f6\u00f0rum endanum og hinn \u00e1 hinum. <a name=\"9\"><span class=\"versanumer_2007\">9<\/span><\/a> Ker\u00fabarnir breiddu \u00fat v\u00e6ngina upp \u00e1 vi\u00f0 svo a\u00f0 \u00feeir huldu loki\u00f0 me\u00f0 v\u00e6ngjum s\u00ednum og sneru hvor a\u00f0 \u00f6\u00f0rum. \u00c1sj\u00f3nur ker\u00fabanna sneru a\u00f0 lokinu.<\/p>\n<h3 class=\"millifyrirsogn_2007\">Bor\u00f0i\u00f0<\/h3>\n<p><a name=\"10\"><span class=\"versanumer_2007\">10<\/span><\/a> Hann ger\u00f0i bor\u00f0 \u00far akas\u00eduvi\u00f0i, tv\u00e6r \u00e1lnir \u00e1 lengd, eina alin \u00e1 breidd og h\u00e1lfa a\u00f0ra \u00e1 h\u00e6\u00f0. <a name=\"11\"><span class=\"versanumer_2007\">11<\/span><\/a> Hann lag\u00f0i \u00fea\u00f0 sk\u00edru gulli og ger\u00f0i gullkant umhverfis \u00fea\u00f0. <a name=\"12\"><span class=\"versanumer_2007\">12<\/span><\/a> Hann setti \u00feverhandarbrei\u00f0an lista \u00e1 allar hli\u00f0ar \u00feess og br\u00fan \u00far gulli \u00e1 listann. <a name=\"13\"><span class=\"versanumer_2007\">13<\/span><\/a> Hann steypti fj\u00f3ra hringi \u00far gulli og kom \u00feeim fyrir \u00e1 fj\u00f3rum hornum bor\u00f0sins \u00fear sem fj\u00f3rir f\u00e6tur \u00feess eru. <a name=\"14\"><span class=\"versanumer_2007\">14<\/span><\/a> Hringirnir voru \u00fe\u00e9tt vi\u00f0 listann svo a\u00f0 h\u00e6gt v\u00e6ri a\u00f0 smeygja \u00ed \u00fe\u00e1 st\u00f6ngunum til a\u00f0 bera bor\u00f0i\u00f0. <a name=\"15\"><span class=\"versanumer_2007\">15<\/span><\/a> Hann ger\u00f0i stengur \u00far akas\u00eduvi\u00f0i til a\u00f0 bera bor\u00f0i\u00f0 og lag\u00f0i \u00fe\u00e6r gulli. <a name=\"16\"><span class=\"versanumer_2007\">16<\/span><\/a> Hann ger\u00f0i \u00e1h\u00f6ldin, sem \u00e1ttu a\u00f0 standa \u00e1 bor\u00f0inu, ker, krukkur, k\u00f6nnur og sk\u00e1lar fyrir dreypif\u00f3rnir, \u00far sk\u00edru gulli.<\/p>\n<h3 class=\"millifyrirsogn_2007\">Lj\u00f3sastikan<\/h3>\n<p><a name=\"17\"><span class=\"versanumer_2007\">17<\/span><\/a> Hann ger\u00f0i lj\u00f3sastikuna \u00far sk\u00edru gulli. Hann ger\u00f0i lj\u00f3sastikuna me\u00f0 drifnu sm\u00ed\u00f0i, b\u00e6\u00f0i st\u00e9tt hennar og f\u00f3t. Bl\u00f3mbikarar hennar, knappar og bl\u00f3m, voru samf\u00f6st henni. <a name=\"18\"><span class=\"versanumer_2007\">18<\/span><\/a> Sex armar gengu \u00fat fr\u00e1 hli\u00f0um hennar, \u00fer\u00edr armar fr\u00e1 annarri hli\u00f0 lj\u00f3sastikunnar og \u00fer\u00edr fr\u00e1 hinni hli\u00f0 hennar. <a name=\"19\"><span class=\"versanumer_2007\">19<\/span><\/a> \u00der\u00edr bikarar \u00ed l\u00f6gun eins og m\u00f6ndlubl\u00f3m, hver me\u00f0 knappi og bl\u00f3mi, voru \u00e1 fyrsta arminum, \u00e1 n\u00e6sta armi \u00fer\u00edr bikarar \u00ed l\u00f6gun eins og m\u00f6ndlubl\u00f3m me\u00f0 knappi og bl\u00f3mi og eins var \u00e1 \u00f6llum sex \u00f6rmunum sem gengu \u00fat fr\u00e1 lj\u00f3sastikunni. <a name=\"20\"><span class=\"versanumer_2007\">20<\/span><\/a> \u00c1 sj\u00e1lfri lj\u00f3sastikunni voru fj\u00f3rir bikarar \u00ed l\u00f6gun eins og m\u00f6ndlubl\u00f3m me\u00f0 kn\u00f6ppum og bl\u00f3mum. <a name=\"21\"><span class=\"versanumer_2007\">21<\/span><\/a> Einn knappur var undir tveimur ne\u00f0stu \u00f6rmum hennar, samfastur lj\u00f3sastikunni, einn knappur undir n\u00e6stu tveimur \u00f6rmum, samfastur lj\u00f3sastikunni, og einn knappur undir tveimur efstu \u00f6rmunum, samfastur lj\u00f3sastikunni. \u00deeir voru undir sex \u00f6rmum lj\u00f3sastikunnar og gengu \u00fat fr\u00e1 henni. <a name=\"22\"><span class=\"versanumer_2007\">22<\/span><\/a> Knappar hennar og armar voru samfastir f\u00e6tinum, allt drifin sm\u00ed\u00f0 \u00far sk\u00edru gulli. <a name=\"23\"><span class=\"versanumer_2007\">23<\/span><\/a> Hann ger\u00f0i sj\u00f6 lampa \u00far sk\u00edru gulli fyrir lj\u00f3sastikuna, einnig lj\u00f3sas\u00f6x og skarp\u00f6nnur \u00far sk\u00edru gulli. <a name=\"24\"><span class=\"versanumer_2007\">24<\/span><\/a> Hann ger\u00f0i hana og \u00f6ll \u00e1h\u00f6ld, sem heyr\u00f0u henni til, \u00far einni talentu sk\u00edragulls.<\/p>\n<h3 class=\"millifyrirsogn_2007\">Reykelsisaltari\u00f0 og smurningarol\u00edan<\/h3>\n<p><a name=\"25\"><span class=\"versanumer_2007\">25<\/span><\/a> Hann ger\u00f0i reykelsisaltari\u00f0 \u00far akas\u00eduvi\u00f0i. \u00dea\u00f0 var \u00e1lnarlangt og \u00e1lnarbreitt, ferhyrnt og tveggja \u00e1lna h\u00e1tt. Horn \u00feess voru \u00e1f\u00f6st vi\u00f0 \u00fea\u00f0. <a name=\"26\"><span class=\"versanumer_2007\">26<\/span><\/a> Hann lag\u00f0i \u00fea\u00f0 sk\u00edru gulli, b\u00e6\u00f0i a\u00f0 ofan og \u00e1 hli\u00f0um, og horn \u00feess. Hann ger\u00f0i br\u00fan \u00far gulli umhverfis \u00fea\u00f0. <a name=\"27\"><span class=\"versanumer_2007\">27<\/span><\/a> Hann ger\u00f0i tvo hringi \u00far gulli og kom \u00feeim fyrir undir br\u00faninni \u00e1 b\u00e1\u00f0um hli\u00f0um \u00feess til a\u00f0 smeygja \u00ed st\u00f6ngum til a\u00f0 bera \u00fea\u00f0. <a name=\"28\"><span class=\"versanumer_2007\">28<\/span><\/a> Hann ger\u00f0i stengurnar \u00far akas\u00eduvi\u00f0i og lag\u00f0i \u00fe\u00e6r gulli.<br \/> <a name=\"29\"><span class=\"versanumer_2007\">29<\/span><\/a> Hann ger\u00f0i hina heil\u00f6gu smurningarol\u00edu og hi\u00f0 hreina ilmandi reykelsi a\u00f0 h\u00e6tti smyrslager\u00f0armanna.<\/p>\n","protected":false},"excerpt":{"rendered":"<p>S\u00e1ttm\u00e1ls\u00f6rkin 1 Besalel ger\u00f0i \u00f6rk \u00far akas\u00eduvi\u00f0i. H\u00fan var h\u00e1lf \u00feri\u00f0ja alin \u00e1 lengd, h\u00e1lf \u00f6nnur \u00e1 breidd og h\u00e1lf \u00f6nnur \u00e1 h\u00e6\u00f0. 2 Hann lag\u00f0i hana sk\u00edru gulli b\u00e6\u00f0i a\u00f0 innan og utan og hann ger\u00f0i br\u00fan \u00far gulli umhverfis hana. 3 Hann steypti fj\u00f3ra hringi \u00far gulli og festi \u00e1 fj\u00f3ra f\u00e6tur hennar, tvo hringi \u00e1 a\u00f0ra hli\u00f0 hennar og tvo \u00e1 hina. 4 Hann ger\u00f0i stengur \u00far akas\u00eduvi\u00f0i, lag\u00f0i \u00fe\u00e6r gulli 5 og smeyg\u00f0i st\u00f6ngunum \u00ed hringina \u00e1 hli\u00f0um arkarinnar svo a\u00f0 h\u00e6gt v\u00e6ri a\u00f0 bera \u00f6rkina. 6 Hann ger\u00f0i lok \u00far sk\u00edru gulli. \u00dea\u00f0 var h\u00e1lf <a href=\"https:\/\/biblian.is\/biblian\/onnur-mosebok-37-kafli\/\"> [&#8230;]<\/a><\/p>\n","protected":false},"author":1,"featured_media":0,"parent":0,"menu_order":0,"comment_status":"open","ping_status":"open","template":"bibliukaflar_NT.php","meta":{"footnotes":""},"class_list":["post-1704","page","type-page","status-publish","hentry"],"_links":{"self":[{"href":"https:\/\/biblian.is\/biblian\/wp-json\/wp\/v2\/pages\/1704","targetHints":{"allow":["GET"]}}],"collection":[{"href":"https:\/\/biblian.is\/biblian\/wp-json\/wp\/v2\/pages"}],"about":[{"href":"https:\/\/biblian.is\/biblian\/wp-json\/wp\/v2\/types\/page"}],"author":[{"embeddable":true,"href":"https:\/\/biblian.is\/biblian\/wp-json\/wp\/v2\/users\/1"}],"replies":[{"embeddable":true,"href":"https:\/\/biblian.is\/biblian\/wp-json\/wp\/v2\/comments?post=1704"}],"version-history":[{"count":0,"href":"https:\/\/biblian.is\/biblian\/wp-json\/wp\/v2\/pages\/1704\/revisions"}],"wp:attachment":[{"href":"https:\/\/biblian.is\/biblian\/wp-json\/wp\/v2\/media?parent=1704"}],"curies":[{"name":"wp","href":"https:\/\/api.w.org\/{rel}","templated":true}]}}