{"id":1703,"date":"2017-12-30T21:00:05","date_gmt":"2017-12-30T21:00:05","guid":{"rendered":"http:\/\/biblian.is\/biblian\/%c2%85nnur-m%c2%97seb%c2%97k-36-kafli\/"},"modified":"2023-05-01T16:21:34","modified_gmt":"2023-05-01T16:21:34","slug":"onnur-mosebok-36-kafli","status":"publish","type":"page","link":"https:\/\/biblian.is\/biblian\/onnur-mosebok-36-kafli\/","title":{"rendered":"\u00d6nnur M\u00f3seb\u00f3k 36. kafli"},"content":{"rendered":"<p><a name=\"1\"><span class=\"versanumer_2007\">1<\/span><\/a> Besalel, Ohol\u00edab og allir a\u00f0rir hagleiksmenn, sem Drottinn gaf hugvit og kunn\u00e1ttu svo a\u00f0 \u00feeir bera skynbrag\u00f0 \u00e1 alls konar verk sem vinna \u00fearf vegna helgid\u00f3msins, eiga a\u00f0 gera allt sem Drottinn hefur bo\u00f0i\u00f0.\u201c<\/p>\n<h3 class=\"millifyrirsogn_2007\">Gj\u00f6ld til helgid\u00f3msins<\/h3>\n<p><a name=\"2\"><span class=\"versanumer_2007\">2<\/span><\/a> M\u00f3se kalla\u00f0i n\u00fa fyrir sig Besalel og Ohol\u00edab og alla a\u00f0ra hagleiksmenn sem Drottinn haf\u00f0i veitt \u00feekkingu, alla sem f\u00fasir voru til a\u00f0 hefja verki\u00f0 og vinna \u00fea\u00f0. <a name=\"3\"><span class=\"versanumer_2007\">3<\/span><\/a> \u00deeir t\u00f3ku vi\u00f0 \u00f6llum gj\u00f6funum af M\u00f3se sem \u00cdsraelsmenn h\u00f6f\u00f0u komi\u00f0 me\u00f0 svo a\u00f0 h\u00e6gt v\u00e6ri a\u00f0 vinna allt verki\u00f0 vi\u00f0 helgid\u00f3minn. En \u00cdsraelsmenn komu sj\u00e1lfviljugir me\u00f0 gj\u00f6ld s\u00edn, hvern morgun. <a name=\"4\"><span class=\"versanumer_2007\">4<\/span><\/a> \u00de\u00e1 komu allir hagleiksmennirnir sem voru a\u00f0 vinna allt sem \u00feurfti vegna helgid\u00f3msins, hver fr\u00e1 \u00fev\u00ed verki sem hann var a\u00f0 vinna, <a name=\"5\"><span class=\"versanumer_2007\">5<\/span><\/a> og s\u00f6g\u00f0u vi\u00f0 M\u00f3se: \u201eF\u00f3lki\u00f0 kemur me\u00f0 meira en nau\u00f0synlegt er vegna verksins sem Drottinn bau\u00f0 a\u00f0 vinna.\u201c <a name=\"6\"><span class=\"versanumer_2007\">6<\/span><\/a> M\u00f3se skipa\u00f0i \u00fe\u00e1 a\u00f0 \u00feessi bo\u00f0 yr\u00f0u kunngj\u00f6r\u00f0 \u00ed b\u00fa\u00f0unum: \u201eH\u00e9r eftir skulu hvorki karlar n\u00e9 konur hafa fyrir \u00fev\u00ed a\u00f0 koma me\u00f0 gjafir til helgid\u00f3msins.\u201c \u00de\u00e1 h\u00e6tti f\u00f3lki\u00f0 a\u00f0 koma me\u00f0 afgj\u00f6ldin <a name=\"7\"><span class=\"versanumer_2007\">7<\/span><\/a> \u00fev\u00ed a\u00f0 n\u00f3g var komi\u00f0, meira a\u00f0 segja meira en n\u00f3g, til a\u00f0 vinna allt verki\u00f0.<\/p>\n<h3 class=\"millifyrirsogn_2007\">Tjaldb\u00fa\u00f0in<\/h3>\n<p><a name=\"8\"><span class=\"versanumer_2007\">8<\/span><\/a> Hagleiksmennirnir \u00e1 me\u00f0al \u00feeirra, sem verki\u00f0 unnu, ger\u00f0u tjaldb\u00fa\u00f0ina \u00far t\u00edu tjaldd\u00fakum \u00far tvinnu\u00f0u, f\u00ednu l\u00edni, bl\u00e1um purpura, rau\u00f0um purpura og skarlati. \u00deeir glit\u00f3fu ker\u00faba \u00ed d\u00fakana. <a name=\"9\"><span class=\"versanumer_2007\">9<\/span><\/a> Hver d\u00fakur var tuttugu og \u00e1tta \u00e1lna langur og fj\u00f6gurra \u00e1lna brei\u00f0ur. Allir d\u00fakarnir voru jafnst\u00f3rir. <a name=\"10\"><span class=\"versanumer_2007\">10<\/span><\/a> Hann festi fimm tjaldd\u00faka hvern vi\u00f0 annan og hina fimm tjaldd\u00fakana festi hann einnig hvern vi\u00f0 annan. <a name=\"11\"><span class=\"versanumer_2007\">11<\/span><\/a> S\u00ed\u00f0an ger\u00f0i hann lykkjur \u00far bl\u00e1um purpura \u00e1 ja\u00f0ar annars tjaldd\u00faksins \u00e1 samfellunni og eins \u00e1 ja\u00f0ar endad\u00faksins \u00e1 hinni samfellunni. <a name=\"12\"><span class=\"versanumer_2007\">12<\/span><\/a> Hann ger\u00f0i fimmt\u00edu lykkjur \u00e1 annan tjaldd\u00fakinn og fimmt\u00edu lykkjur \u00e1 ja\u00f0ar endad\u00faksins \u00ed hinni samfellunni. Lykkjurnar st\u00f3\u00f0ust \u00e1. <a name=\"13\"><span class=\"versanumer_2007\">13<\/span><\/a> S\u00ed\u00f0an ger\u00f0i hann fimmt\u00edu kr\u00f3ka \u00far gulli og kr\u00e6kti d\u00fakana saman me\u00f0 kr\u00f3kunum svo a\u00f0 tjaldb\u00fa\u00f0in var\u00f0 ein og \u00f3skipt.<br \/> <a name=\"14\"><span class=\"versanumer_2007\">14<\/span><\/a> Hann ger\u00f0i tjaldd\u00faka \u00far geitah\u00e1ri til a\u00f0 tjalda me\u00f0 yfir tjaldb\u00fa\u00f0ina, ellefu tjaldd\u00faka. <a name=\"15\"><span class=\"versanumer_2007\">15<\/span><\/a> Hver d\u00fakur var \u00ferj\u00e1t\u00edu \u00e1lna langur og fj\u00f6gurra \u00e1lna brei\u00f0ur. \u00deessir ellefu tjaldd\u00fakar voru jafnst\u00f3rir. <a name=\"16\"><span class=\"versanumer_2007\">16<\/span><\/a> Hann festi saman fimm d\u00faka s\u00e9r og sex d\u00faka s\u00e9r. <a name=\"17\"><span class=\"versanumer_2007\">17<\/span><\/a> Hann ger\u00f0i fimmt\u00edu lykkjur \u00e1 ja\u00f0ar endad\u00faksins \u00ed samfellunni og fimmt\u00edu lykkjur \u00e1 ja\u00f0ar d\u00faksins \u00ed hinni samfellunni. <a name=\"18\"><span class=\"versanumer_2007\">18<\/span><\/a> Hann ger\u00f0i fimmt\u00edu kr\u00f3ka \u00far eir til a\u00f0 kr\u00e6kja tjaldb\u00fa\u00f0ina saman svo a\u00f0 h\u00fan yr\u00f0i ein heild. <a name=\"19\"><span class=\"versanumer_2007\">19<\/span><\/a> Hann ger\u00f0i \u00feak yfir tjaldi\u00f0 \u00far rau\u00f0litu\u00f0um hr\u00fatsskinnum og anna\u00f0 \u00feak \u00far h\u00f6frungaskinnum yfir \u00fea\u00f0.<br \/> <a name=\"20\"><span class=\"versanumer_2007\">20<\/span><\/a> Hann ger\u00f0i \u00feiljubor\u00f0 \u00ed tjaldb\u00fa\u00f0ina, bor\u00f0 \u00far akas\u00eduvi\u00f0i sem st\u00f3\u00f0u upp \u00e1 endann. <a name=\"21\"><span class=\"versanumer_2007\">21<\/span><\/a> Hvert bor\u00f0 var t\u00edu \u00e1lna langt og h\u00e1lf \u00f6nnur alin \u00e1 breidd. <a name=\"22\"><span class=\"versanumer_2007\">22<\/span><\/a> \u00c1 hverju bor\u00f0i voru tveir tappar til a\u00f0 festa \u00feau. \u00deannig ger\u00f0i hann \u00f6ll bor\u00f0in fyrir tjaldb\u00fa\u00f0ina. <a name=\"23\"><span class=\"versanumer_2007\">23<\/span><\/a> Hann ger\u00f0i bor\u00f0 fyrir tjaldb\u00fa\u00f0ina: tuttugu bor\u00f0 fyrir su\u00f0urhli\u00f0ina <a name=\"24\"><span class=\"versanumer_2007\">24<\/span><\/a> og fj\u00f6rut\u00edu s\u00f6kkla \u00far silfri undir \u00feessi tuttugu bor\u00f0, tvo s\u00f6kkla undir hvert bor\u00f0, sinn fyrir hvorn tappa. <a name=\"25\"><span class=\"versanumer_2007\">25<\/span><\/a> Fyrir hina hli\u00f0 tjaldb\u00fa\u00f0arinnar, nor\u00f0urhli\u00f0ina, ger\u00f0i hann tuttugu bor\u00f0 <a name=\"26\"><span class=\"versanumer_2007\">26<\/span><\/a> og fj\u00f6rut\u00edu s\u00f6kkla \u00far silfri, tvo s\u00f6kkla fyrir hvert bor\u00f0. <a name=\"27\"><span class=\"versanumer_2007\">27<\/span><\/a> Hann ger\u00f0i sex bor\u00f0 fyrir afturgafl tjaldb\u00fa\u00f0arinnar sem sn\u00fdr \u00ed vestur <a name=\"28\"><span class=\"versanumer_2007\">28<\/span><\/a> og hann ger\u00f0i tv\u00f6 bor\u00f0 fyrir horn b\u00fa\u00f0arinnar \u00e1 bakhli\u00f0inni. <a name=\"29\"><span class=\"versanumer_2007\">29<\/span><\/a> \u00deau voru tv\u00f6f\u00f6ld a\u00f0 ne\u00f0an og eins a\u00f0 ofan til fyrsta hrings. \u00deannig ger\u00f0i hann \u00feau b\u00e6\u00f0i, \u00ed b\u00e1\u00f0um hornunum. <a name=\"30\"><span class=\"versanumer_2007\">30<\/span><\/a> \u00deetta voru \u00e1tta bor\u00f0 \u00e1samt s\u00f6kklum \u00far silfri, sext\u00e1n s\u00f6kklum, tveimur undir hverju bor\u00f0i.<br \/> <a name=\"31\"><span class=\"versanumer_2007\">31<\/span><\/a> Hann ger\u00f0i \u00feversl\u00e1r \u00far akas\u00eduvi\u00f0i, fimm fyrir \u00feiljubor\u00f0in \u00e1 annarri hli\u00f0 tjaldb\u00fa\u00f0arinnar <a name=\"32\"><span class=\"versanumer_2007\">32<\/span><\/a> og fimm fyrir \u00feiljubor\u00f0in \u00e1 hinni hli\u00f0 hennar og fimm \u00feversl\u00e1r fyrir \u00feiljubor\u00f0in \u00e1 bakhli\u00f0inni gegnt vestri. <a name=\"33\"><span class=\"versanumer_2007\">33<\/span><\/a> Hann ger\u00f0i mi\u00f0sl\u00e1na \u00feannig a\u00f0 h\u00fan var \u00e1 mi\u00f0jum bor\u00f0unum, endanna \u00e1 milli. <a name=\"34\"><span class=\"versanumer_2007\">34<\/span><\/a> Hann lag\u00f0i bor\u00f0in gulli og ger\u00f0i hringi \u00far gulli \u00e1 \u00feau til a\u00f0 halda \u00feversl\u00e1num uppi. Hann lag\u00f0i einnig sl\u00e1rnar gulli.<br \/> <a name=\"35\"><span class=\"versanumer_2007\">35<\/span><\/a> Hann ger\u00f0i fortjaldi\u00f0 \u00far bl\u00e1um purpura, rau\u00f0um purpura og skarlati \u00e1samt tvinnu\u00f0u, f\u00ednu l\u00edni. Hann \u00f3f \u00ed \u00fea\u00f0 ker\u00faba me\u00f0 myndvefna\u00f0i. <a name=\"36\"><span class=\"versanumer_2007\">36<\/span><\/a> Hann ger\u00f0i fj\u00f3rar s\u00falur \u00far akas\u00eduvi\u00f0i og lag\u00f0i \u00fe\u00e6r gulli. \u00cd \u00feeim voru naglar \u00far gulli og hann steypti undir \u00fe\u00e6r fj\u00f3ra s\u00f6kkla \u00far silfri. <a name=\"37\"><span class=\"versanumer_2007\">37<\/span><\/a> Hann ger\u00f0i forhengi fyrir inngang tjaldsins \u00far bl\u00e1um purpura, rau\u00f0um purpura og skarlati \u00e1samt tvinnu\u00f0u, f\u00ednu l\u00edni, listilega ger\u00f0u. <a name=\"38\"><span class=\"versanumer_2007\">38<\/span><\/a> Hann ger\u00f0i fimm s\u00falur \u00far akas\u00eduvi\u00f0i me\u00f0 n\u00f6glum fyrir forhengi\u00f0. Hann lag\u00f0i s\u00falnah\u00f6fu\u00f0in og \u00feversl\u00e1rnar gulli en s\u00f6kklar \u00feeirra voru \u00far eir.<\/p>\n","protected":false},"excerpt":{"rendered":"<p>1 Besalel, Ohol\u00edab og allir a\u00f0rir hagleiksmenn, sem Drottinn gaf hugvit og kunn\u00e1ttu svo a\u00f0 \u00feeir bera skynbrag\u00f0 \u00e1 alls konar verk sem vinna \u00fearf vegna helgid\u00f3msins, eiga a\u00f0 gera allt sem Drottinn hefur bo\u00f0i\u00f0.\u201c Gj\u00f6ld til helgid\u00f3msins 2 M\u00f3se kalla\u00f0i n\u00fa fyrir sig Besalel og Ohol\u00edab og alla a\u00f0ra hagleiksmenn sem Drottinn haf\u00f0i veitt \u00feekkingu, alla sem f\u00fasir voru til a\u00f0 hefja verki\u00f0 og vinna \u00fea\u00f0. 3 \u00deeir t\u00f3ku vi\u00f0 \u00f6llum gj\u00f6funum af M\u00f3se sem \u00cdsraelsmenn h\u00f6f\u00f0u komi\u00f0 me\u00f0 svo a\u00f0 h\u00e6gt v\u00e6ri a\u00f0 vinna allt verki\u00f0 vi\u00f0 helgid\u00f3minn. En \u00cdsraelsmenn komu sj\u00e1lfviljugir me\u00f0 gj\u00f6ld s\u00edn, hvern morgun. 4 <a href=\"https:\/\/biblian.is\/biblian\/onnur-mosebok-36-kafli\/\"> [&#8230;]<\/a><\/p>\n","protected":false},"author":1,"featured_media":0,"parent":0,"menu_order":0,"comment_status":"open","ping_status":"open","template":"bibliukaflar_NT.php","meta":{"footnotes":""},"class_list":["post-1703","page","type-page","status-publish","hentry"],"_links":{"self":[{"href":"https:\/\/biblian.is\/biblian\/wp-json\/wp\/v2\/pages\/1703","targetHints":{"allow":["GET"]}}],"collection":[{"href":"https:\/\/biblian.is\/biblian\/wp-json\/wp\/v2\/pages"}],"about":[{"href":"https:\/\/biblian.is\/biblian\/wp-json\/wp\/v2\/types\/page"}],"author":[{"embeddable":true,"href":"https:\/\/biblian.is\/biblian\/wp-json\/wp\/v2\/users\/1"}],"replies":[{"embeddable":true,"href":"https:\/\/biblian.is\/biblian\/wp-json\/wp\/v2\/comments?post=1703"}],"version-history":[{"count":0,"href":"https:\/\/biblian.is\/biblian\/wp-json\/wp\/v2\/pages\/1703\/revisions"}],"wp:attachment":[{"href":"https:\/\/biblian.is\/biblian\/wp-json\/wp\/v2\/media?parent=1703"}],"curies":[{"name":"wp","href":"https:\/\/api.w.org\/{rel}","templated":true}]}}