{"id":1702,"date":"2017-12-30T21:00:05","date_gmt":"2017-12-30T21:00:05","guid":{"rendered":"http:\/\/biblian.is\/biblian\/%c2%85nnur-m%c2%97seb%c2%97k-35-kafli\/"},"modified":"2023-05-01T16:21:33","modified_gmt":"2023-05-01T16:21:33","slug":"onnur-mosebok-35-kafli","status":"publish","type":"page","link":"https:\/\/biblian.is\/biblian\/onnur-mosebok-35-kafli\/","title":{"rendered":"\u00d6nnur M\u00f3seb\u00f3k 35. kafli"},"content":{"rendered":"<h3 class=\"millifyrirsogn_2007\"> Hv\u00edldardagurinn<\/h3>\n<p><a name=\"1\"><span class=\"versanumer_2007\">1<\/span><\/a> M\u00f3se stefndi saman \u00f6llum s\u00f6fnu\u00f0i \u00cdsraelsmanna og sag\u00f0i: \u201e\u00deetta er \u00fea\u00f0 sem Drottinn hefur bo\u00f0i\u00f0 ykkur a\u00f0 gera: <a name=\"2\"><span class=\"versanumer_2007\">2<\/span><\/a> Sex daga skal vinna en sj\u00f6undi dagurinn skal vera ykkur heilagur hv\u00edldardagur, algj\u00f6r hv\u00edld vegna Drottins. Hver sem vinnur verk \u00feann dag skal tekinn af l\u00edfi. <a name=\"3\"><span class=\"versanumer_2007\">3<\/span><\/a> \u00dei\u00f0 megi\u00f0 ekki kveikja eld \u00ed h\u00edb\u00fdlum ykkar \u00e1 hv\u00edldardegi.\u201c<\/p>\n<h3 class=\"millifyrirsogn_2007\">Gjafir til helgid\u00f3msins<\/h3>\n<p><a name=\"4\"><span class=\"versanumer_2007\">4<\/span><\/a> M\u00f3se sag\u00f0i vi\u00f0 allan s\u00f6fnu\u00f0 \u00cdsraelsmanna: \u201e\u00deetta er \u00fea\u00f0 sem Drottinn hefur bo\u00f0i\u00f0: <a name=\"5\"><span class=\"versanumer_2007\">5<\/span><\/a> F\u00e6ri\u00f0 Drottni gjafir af eignum ykkar. S\u00e9rhver skal f\u00e6ra Drottni gj\u00f6f eftir \u00fev\u00ed sem hjarta hans b\u00fd\u00f0ur honum, gull, silfur og eir, <a name=\"6\"><span class=\"versanumer_2007\">6<\/span><\/a> bl\u00e1an purpura, rau\u00f0an purpura, skarlat, f\u00ednt l\u00edn, geitah\u00e1r, <a name=\"7\"><span class=\"versanumer_2007\">7<\/span><\/a> rau\u00f0litu\u00f0 hr\u00fatsskinn og h\u00f6frungah\u00fa\u00f0ir, akas\u00eduvi\u00f0, <a name=\"8\"><span class=\"versanumer_2007\">8<\/span><\/a> ol\u00edu fyrir lj\u00f3sastikuna, ilmefni fyrir smurningarol\u00edu og ilmandi reykelsi, <a name=\"9\"><span class=\"versanumer_2007\">9<\/span><\/a> sj\u00f3amsteina og a\u00f0ra steina til a\u00f0 setja \u00e1 h\u00f6kulinn og brj\u00f3stskj\u00f6ldinn. <a name=\"10\"><span class=\"versanumer_2007\">10<\/span><\/a> Allir hagleiksmenn \u00e1 me\u00f0al ykkar skulu koma og gera allt sem Drottinn hefur bo\u00f0i\u00f0, <a name=\"11\"><span class=\"versanumer_2007\">11<\/span><\/a> samfundatjaldi\u00f0, tj\u00f6ld \u00feess og \u00feak, kr\u00f3ka, \u00feiljubor\u00f0, \u00feversl\u00e1r, s\u00falur, s\u00f6kkla, <a name=\"12\"><span class=\"versanumer_2007\">12<\/span><\/a> \u00f6rkina og stengurnar, sem henni fylgja, loki\u00f0, fortjaldi\u00f0, <a name=\"13\"><span class=\"versanumer_2007\">13<\/span><\/a> bor\u00f0i\u00f0 og stengurnar, sem \u00fev\u00ed fylgja, \u00f6ll \u00e1h\u00f6ld \u00feess og sko\u00f0unarbrau\u00f0in, <a name=\"14\"><span class=\"versanumer_2007\">14<\/span><\/a> lj\u00f3sastikuna og \u00e1h\u00f6ldin og lampana, sem henni fylgja, og ol\u00edu fyrir lj\u00f3sastikuna, <a name=\"15\"><span class=\"versanumer_2007\">15<\/span><\/a> reykelsisaltari\u00f0 og stengurnar, sem \u00fev\u00ed fylgja, smurningarol\u00eduna, hi\u00f0 ilmandi reykelsi og forhengi\u00f0 fyrir inngang tjaldb\u00fa\u00f0arinnar, <a name=\"16\"><span class=\"versanumer_2007\">16<\/span><\/a> brennif\u00f3rnaraltari\u00f0 og eirgrindurnar, stengurnar, sem \u00feeim fylgja, og \u00f6ll \u00e1h\u00f6ld \u00feess, keri\u00f0 \u00e1samt st\u00e9tt \u00feess, <a name=\"17\"><span class=\"versanumer_2007\">17<\/span><\/a> tj\u00f6ld forgar\u00f0sins, s\u00falur hans og s\u00f6kkla, forhengi\u00f0 fyrir hli\u00f0i\u00f0 inn \u00ed forgar\u00f0inn, <a name=\"18\"><span class=\"versanumer_2007\">18<\/span><\/a> tjaldh\u00e6la tjaldb\u00fa\u00f0arinnar, tjaldh\u00e6la forgar\u00f0sins og st\u00f6gin, sem \u00feeim fylgja, <a name=\"19\"><span class=\"versanumer_2007\">19<\/span><\/a> glitkl\u00e6\u00f0in fyrir \u00fej\u00f3nustuna \u00ed helgid\u00f3minum, hinn heilaga skr\u00fa\u00f0a Arons prests og prestaskr\u00fa\u00f0ann fyrir syni hans.\u201c<br \/> <a name=\"20\"><span class=\"versanumer_2007\">20<\/span><\/a> \u00dev\u00ed n\u00e6st gekk allur s\u00f6fnu\u00f0ur \u00cdsraelsmanna burt fr\u00e1 M\u00f3se. <a name=\"21\"><span class=\"versanumer_2007\">21<\/span><\/a> \u00de\u00e1 komu \u00feeir aftur sem gefa vildu af f\u00fasum hug og af frj\u00e1lsum vilja. Allir f\u00e6r\u00f0u Drottni framlag vegna vinnunnar vi\u00f0 samfundatjaldi\u00f0 og \u00fej\u00f3nustunnar \u00ed \u00fev\u00ed og hins helga skr\u00fa\u00f0a. <a name=\"22\"><span class=\"versanumer_2007\">22<\/span><\/a> B\u00e6\u00f0i karlar og konur komu. Allir komu me\u00f0 gjafir af f\u00fasum vilja, armb\u00f6nd, nefhringi, fingurgull, h\u00e1lske\u00f0jur og alls kyns gullgripi, allir \u00feeir sem \u00e6tlu\u00f0u a\u00f0 f\u00e6ra Drottni gull \u00ed helgigj\u00f6f. <a name=\"23\"><span class=\"versanumer_2007\">23<\/span><\/a> S\u00e9rhver, sem fann hj\u00e1 s\u00e9r bl\u00e1an purpura, rau\u00f0an purpura, skarlat, f\u00ednt l\u00edn, geitah\u00e1r, rau\u00f0litu\u00f0 hr\u00fatsskinn og h\u00f6frungaskinn, kom me\u00f0 \u00fea\u00f0. <a name=\"24\"><span class=\"versanumer_2007\">24<\/span><\/a> S\u00e9rhver, sem gat lagt fram silfur e\u00f0a eir, f\u00e6r\u00f0i Drottni \u00fea\u00f0 a\u00f0 gj\u00f6f og s\u00e9rhver, sem fann hj\u00e1 s\u00e9r akas\u00eduvi\u00f0 sem var noth\u00e6fur \u00ed eitthva\u00f0 sem \u00e1tti a\u00f0 gera, kom me\u00f0 hann. <a name=\"25\"><span class=\"versanumer_2007\">25<\/span><\/a> S\u00e9rhver kona, sem var vel a\u00f0 s\u00e9r \u00ed handavinnu, spann og kom me\u00f0 \u00fea\u00f0 sem h\u00fan haf\u00f0i spunni\u00f0, purpurabl\u00e1tt, purpurarautt og h\u00e1rautt band \u00e1samt f\u00ednu l\u00edni. <a name=\"26\"><span class=\"versanumer_2007\">26<\/span><\/a> Allar konur, sem f\u00fasar voru til og h\u00f6f\u00f0u til \u00feess kunn\u00e1ttu, spunnu geitah\u00e1r. <a name=\"27\"><span class=\"versanumer_2007\">27<\/span><\/a> H\u00f6f\u00f0ingjarnir komu me\u00f0 sj\u00f3amsteina og steina til a\u00f0 leggja \u00e1 h\u00f6kulinn og brj\u00f3stskj\u00f6ldinn, <a name=\"28\"><span class=\"versanumer_2007\">28<\/span><\/a> einnig ilmefni og ol\u00edu fyrir lj\u00f3sastikuna og \u00ed smurningarol\u00edu og ilmandi reykelsi.<br \/> <a name=\"29\"><span class=\"versanumer_2007\">29<\/span><\/a> S\u00e9rhver karl e\u00f0a kona, sem f\u00fas var til, kom me\u00f0 \u00fea\u00f0 af frj\u00e1lsum vilja sem \u00feurfti til verksins sem Drottinn haf\u00f0i bo\u00f0i\u00f0 fyrir munn M\u00f3se a\u00f0 unni\u00f0 yr\u00f0i. \u00cdsraelsmenn komu me\u00f0 \u00fea\u00f0 til Drottins af frj\u00e1lsum vilja.<\/p>\n<h3 class=\"millifyrirsogn_2007\">Hagleiksmennirnir<\/h3>\n<p><a name=\"30\"><span class=\"versanumer_2007\">30<\/span><\/a> M\u00f3se sag\u00f0i vi\u00f0 \u00cdsraelsmenn: \u201eDrottinn hefur kvatt til Besalel \u00dar\u00edson, H\u00farssonar, af \u00e6ttb\u00e1lki J\u00fada. <a name=\"31\"><span class=\"versanumer_2007\">31<\/span><\/a> Hann hefur fyllt hann anda Gu\u00f0s me\u00f0 visku, skilningi, kunn\u00e1ttu og hvers konar hagleik <a name=\"32\"><span class=\"versanumer_2007\">32<\/span><\/a> til a\u00f0 hugsa upp og sm\u00ed\u00f0a \u00far gulli, silfri og eir, <a name=\"33\"><span class=\"versanumer_2007\">33<\/span><\/a> til a\u00f0 grafa \u00ed steina og greypa \u00fe\u00e1, skera \u00ed tr\u00e9 og til a\u00f0 vinna hvers konar hagleiksverk. <a name=\"34\"><span class=\"versanumer_2007\">34<\/span><\/a> Hann bj\u00f3 hann \u00feeirri g\u00e1fu a\u00f0 kenna \u00f6\u00f0rum, hann og Ohol\u00edab Ak\u00edsamaksson af \u00e6ttb\u00e1lki Dans. <a name=\"35\"><span class=\"versanumer_2007\">35<\/span><\/a> Hann bj\u00f3 \u00fe\u00e1 hugviti til a\u00f0 vinna alls konar gr\u00f6ft \u00ed steina, listvefna\u00f0, glitvefna\u00f0 \u00far bl\u00e1um purpura, rau\u00f0um purpura, skarlati og f\u00ednu l\u00edni og d\u00fakvefna\u00f0. \u00deeir geta \u00fev\u00ed l\u00e1ti\u00f0 s\u00e9r \u00ed hug koma hvers konar verk og unni\u00f0 \u00feau.<\/p>\n","protected":false},"excerpt":{"rendered":"<p>Hv\u00edldardagurinn 1 M\u00f3se stefndi saman \u00f6llum s\u00f6fnu\u00f0i \u00cdsraelsmanna og sag\u00f0i: \u201e\u00deetta er \u00fea\u00f0 sem Drottinn hefur bo\u00f0i\u00f0 ykkur a\u00f0 gera: 2 Sex daga skal vinna en sj\u00f6undi dagurinn skal vera ykkur heilagur hv\u00edldardagur, algj\u00f6r hv\u00edld vegna Drottins. Hver sem vinnur verk \u00feann dag skal tekinn af l\u00edfi. 3 \u00dei\u00f0 megi\u00f0 ekki kveikja eld \u00ed h\u00edb\u00fdlum ykkar \u00e1 hv\u00edldardegi.\u201c Gjafir til helgid\u00f3msins 4 M\u00f3se sag\u00f0i vi\u00f0 allan s\u00f6fnu\u00f0 \u00cdsraelsmanna: \u201e\u00deetta er \u00fea\u00f0 sem Drottinn hefur bo\u00f0i\u00f0: 5 F\u00e6ri\u00f0 Drottni gjafir af eignum ykkar. S\u00e9rhver skal f\u00e6ra Drottni gj\u00f6f eftir \u00fev\u00ed sem hjarta hans b\u00fd\u00f0ur honum, gull, silfur og eir, 6 bl\u00e1an <a href=\"https:\/\/biblian.is\/biblian\/onnur-mosebok-35-kafli\/\"> [&#8230;]<\/a><\/p>\n","protected":false},"author":1,"featured_media":0,"parent":0,"menu_order":0,"comment_status":"open","ping_status":"open","template":"bibliukaflar_NT.php","meta":{"footnotes":""},"class_list":["post-1702","page","type-page","status-publish","hentry"],"_links":{"self":[{"href":"https:\/\/biblian.is\/biblian\/wp-json\/wp\/v2\/pages\/1702","targetHints":{"allow":["GET"]}}],"collection":[{"href":"https:\/\/biblian.is\/biblian\/wp-json\/wp\/v2\/pages"}],"about":[{"href":"https:\/\/biblian.is\/biblian\/wp-json\/wp\/v2\/types\/page"}],"author":[{"embeddable":true,"href":"https:\/\/biblian.is\/biblian\/wp-json\/wp\/v2\/users\/1"}],"replies":[{"embeddable":true,"href":"https:\/\/biblian.is\/biblian\/wp-json\/wp\/v2\/comments?post=1702"}],"version-history":[{"count":0,"href":"https:\/\/biblian.is\/biblian\/wp-json\/wp\/v2\/pages\/1702\/revisions"}],"wp:attachment":[{"href":"https:\/\/biblian.is\/biblian\/wp-json\/wp\/v2\/media?parent=1702"}],"curies":[{"name":"wp","href":"https:\/\/api.w.org\/{rel}","templated":true}]}}