{"id":1700,"date":"2017-12-30T21:00:05","date_gmt":"2017-12-30T21:00:05","guid":{"rendered":"http:\/\/biblian.is\/biblian\/%c2%85nnur-m%c2%97seb%c2%97k-33-kafli\/"},"modified":"2023-05-01T16:21:32","modified_gmt":"2023-05-01T16:21:32","slug":"onnur-mosebok-33-kafli","status":"publish","type":"page","link":"https:\/\/biblian.is\/biblian\/onnur-mosebok-33-kafli\/","title":{"rendered":"\u00d6nnur M\u00f3seb\u00f3k 33. kafli"},"content":{"rendered":"<h3 class=\"millifyrirsogn_2007\"> Fyrirm\u00e6li um brottf\u00f6r fr\u00e1 S\u00edna\u00ed<\/h3>\n<p><a name=\"1\"><span class=\"versanumer_2007\">1<\/span><\/a> Drottinn sag\u00f0i vi\u00f0 M\u00f3se: \u201eHaltu af sta\u00f0. Far\u00f0u h\u00e9\u00f0an upp eftir me\u00f0 f\u00f3lki\u00f0, sem \u00fe\u00fa leiddir upp fr\u00e1 Egyptalandi, til landsins sem \u00e9g h\u00e9t Abraham, \u00cdsak og Jakobi me\u00f0 \u00fev\u00ed a\u00f0 segja: Ni\u00f0jum \u00fe\u00ednum mun \u00e9g gefa \u00fea\u00f0. <a name=\"2\"><span class=\"versanumer_2007\">2<\/span><\/a> \u00c9g mun senda engil \u00e1 undan \u00fe\u00e9r og reka burt Kanverja, Amor\u00edta, Het\u00edta, Peres\u00edta, Hev\u00edta og Jeb\u00fas\u00edta. <a name=\"3\"><span class=\"versanumer_2007\">3<\/span><\/a> \u00dei\u00f0 skulu\u00f0 fara til \u00feess lands sem fl\u00fdtur \u00ed mj\u00f3lk og hunangi. \u00c9g fer ekki sj\u00e1lfur me\u00f0 ykkur \u00fev\u00ed a\u00f0 \u00fei\u00f0 eru\u00f0 har\u00f0sv\u00edru\u00f0 \u00fej\u00f3\u00f0 og til \u00feess g\u00e6ti komi\u00f0 a\u00f0 \u00e9g eyddi ykkur \u00e1 lei\u00f0inni.\u201c <a name=\"4\"><span class=\"versanumer_2007\">4<\/span><\/a> \u00deegar f\u00f3lki\u00f0 heyr\u00f0i \u00feessa h\u00f3tun hrygg\u00f0ist \u00fea\u00f0 og enginn bj\u00f3st skarti s\u00ednu. <a name=\"5\"><span class=\"versanumer_2007\">5<\/span><\/a> \u00de\u00e1 sag\u00f0i Drottinn vi\u00f0 M\u00f3se: \u201eSeg\u00f0u vi\u00f0 \u00cdsraelsmenn: \u00dei\u00f0 eru\u00f0 har\u00f0sv\u00edru\u00f0 \u00fej\u00f3\u00f0. V\u00e6ri \u00e9g a\u00f0eins stundarkorn me\u00f0 ykkur \u00e1 lei\u00f0inni upp eftir mundi \u00e9g ey\u00f0a ykkur. En taki\u00f0 n\u00fa af ykkur skart ykkar svo a\u00f0 \u00e9g geti \u00e1kve\u00f0i\u00f0 hva\u00f0 \u00e9g geri vi\u00f0 ykkur.\u201c <a name=\"6\"><span class=\"versanumer_2007\">6<\/span><\/a> \u00dear, vi\u00f0 H\u00f3rebfjall, t\u00f3ku \u00cdsraelsmenn af s\u00e9r skart sitt og b\u00e1ru \u00fea\u00f0 ekki framar.<\/p>\n<h3 class=\"millifyrirsogn_2007\">Samfundatjaldi\u00f0<\/h3>\n<p><a name=\"7\"><span class=\"versanumer_2007\">7<\/span><\/a> M\u00f3se var vanur a\u00f0 taka tjaldi\u00f0 og reisa \u00fea\u00f0 utan vi\u00f0 b\u00fa\u00f0irnar \u00ed nokkurri fjarl\u00e6g\u00f0 fr\u00e1 \u00feeim. Hann nefndi \u00fea\u00f0 samfundatjald. \u00deegar einhver vildi ganga til fundar vi\u00f0 Drottin gekk hann \u00fat til samfundatjaldsins sem var utan vi\u00f0 b\u00fa\u00f0irnar. <a name=\"8\"><span class=\"versanumer_2007\">8<\/span><\/a> \u00deegar M\u00f3se gekk \u00fat til tjaldsins reis allt f\u00f3lki\u00f0 \u00e1 f\u00e6tur og hver ma\u00f0ur f\u00f3r \u00fat \u00ed tjalddyr s\u00ednar og horf\u00f0i \u00e1 eftir M\u00f3se \u00fear til hann hvarf inn \u00ed tjaldi\u00f0. <a name=\"9\"><span class=\"versanumer_2007\">9<\/span><\/a> Um lei\u00f0 og M\u00f3se var kominn inn \u00ed tjaldi\u00f0 steig sk\u00fdst\u00f3lpinn ni\u00f0ur og sta\u00f0n\u00e6mdist vi\u00f0 tjalddyrnar. \u00dev\u00ed n\u00e6st tala\u00f0i Drottinn vi\u00f0 M\u00f3se. <a name=\"10\"><span class=\"versanumer_2007\">10<\/span><\/a> \u00deegar allt f\u00f3lki\u00f0 s\u00e1 sk\u00fdst\u00f3lpann sem st\u00f3\u00f0 vi\u00f0 tjalddyrnar reis \u00fea\u00f0 \u00e1 f\u00e6tur og f\u00e9ll fram, hver fyrir s\u00ednum tjalddyrum. <a name=\"11\"><span class=\"versanumer_2007\">11<\/span><\/a> Drottinn tala\u00f0i vi\u00f0 M\u00f3se augliti til auglitis, eins og ma\u00f0ur talar vi\u00f0 mann. \u00dev\u00ed n\u00e6st sneri M\u00f3se aftur til b\u00fa\u00f0anna en \u00fej\u00f3nn hans, unglingurinn J\u00f3s\u00faa N\u00fansson, v\u00e9k ekki \u00far tjaldinu.<\/p>\n<h3 class=\"millifyrirsogn_2007\">Fyrirb\u00e6n M\u00f3se<\/h3>\n<p><a name=\"12\"><span class=\"versanumer_2007\">12<\/span><\/a> M\u00f3se sag\u00f0i vi\u00f0 Drottin: \u201e\u00de\u00fa sag\u00f0ir vi\u00f0 mig: Leiddu \u00feetta f\u00f3lk upp eftir. En \u00fe\u00fa hefur ekki sagt m\u00e9r hvern \u00fe\u00fa \u00e6tlar a\u00f0 senda me\u00f0 m\u00e9r. Samt sag\u00f0ir \u00fe\u00fa sj\u00e1lfur: \u00c9g \u00feekki \u00feig me\u00f0 nafni og \u00fe\u00fa hefur fundi\u00f0 n\u00e1\u00f0 fyrir augum m\u00ednum. <a name=\"13\"><span class=\"versanumer_2007\">13<\/span><\/a> Hafi \u00e9g n\u00fa fundi\u00f0 n\u00e1\u00f0 fyrir augum \u00fe\u00ednum sk\u00fdr\u00f0u m\u00e9r \u00fe\u00e1 fr\u00e1 vegum \u00fe\u00ednum svo a\u00f0 \u00e9g megi \u00feekkja \u00feig og hlj\u00f3ta n\u00e1\u00f0 fyrir augum \u00fe\u00ednum. Minnstu \u00feess a\u00f0 \u00feetta f\u00f3lk er \u00fej\u00f3\u00f0 \u00fe\u00edn.\u201c <a name=\"14\"><span class=\"versanumer_2007\">14<\/span><\/a> Drottinn svara\u00f0i: \u201eAuglit mitt mun fara me\u00f0 \u00fe\u00e9r og \u00e9g mun veita \u00fe\u00e9r hv\u00edld.\u201c <a name=\"15\"><span class=\"versanumer_2007\">15<\/span><\/a> M\u00f3se sag\u00f0i: \u201eEf auglit \u00feitt fer ekki me\u00f0 leiddu okkur \u00fe\u00e1 alls ekki h\u00e9\u00f0an upp eftir. <a name=\"16\"><span class=\"versanumer_2007\">16<\/span><\/a> Hvernig er h\u00e6gt a\u00f0 vita a\u00f0 \u00e9g og \u00fej\u00f3\u00f0 \u00fe\u00edn h\u00f6fum fundi\u00f0 n\u00e1\u00f0 fyrir augum \u00fe\u00ednum nema \u00fe\u00fa komir me\u00f0 okkur? \u00de\u00e1 ver\u00f0um vi\u00f0, \u00e9g og \u00fej\u00f3\u00f0 \u00fe\u00edn, tekin fram yfir allar a\u00f0rar \u00fej\u00f3\u00f0ir jar\u00f0arinnar.\u201c <a name=\"17\"><span class=\"versanumer_2007\">17<\/span><\/a> Drottinn svara\u00f0i M\u00f3se: \u201eEinnig \u00feetta, sem \u00fe\u00fa sag\u00f0ir, mun \u00e9g gera \u00fev\u00ed a\u00f0 \u00fe\u00fa hefur fundi\u00f0 n\u00e1\u00f0 fyrir augum m\u00ednum og \u00e9g \u00feekki \u00feig me\u00f0 nafni.\u201c <a name=\"18\"><span class=\"versanumer_2007\">18<\/span><\/a> \u00de\u00e1 sag\u00f0i M\u00f3se: \u201eS\u00fdndu m\u00e9r d\u00fdr\u00f0 \u00fe\u00edna.\u201c <a name=\"19\"><span class=\"versanumer_2007\">19<\/span><\/a> Drottinn svara\u00f0i: \u201e\u00c9g mun sj\u00e1lfur l\u00e1ta allan lj\u00f3ma minn l\u00ed\u00f0a fram hj\u00e1 \u00fe\u00e9r og \u00e9g mun hr\u00f3pa nafni\u00f0 Drottinn frammi fyrir \u00fe\u00e9r. \u00c9g vil l\u00edkna \u00feeim sem \u00e9g vil l\u00edkna og miskunna \u00feeim sem \u00e9g vil miskunna.\u201c <a name=\"20\"><span class=\"versanumer_2007\">20<\/span><\/a> Enn fremur sag\u00f0i hann: \u201e\u00de\u00fa getur ekki s\u00e9\u00f0 auglit mitt \u00fev\u00ed a\u00f0 enginn ma\u00f0ur f\u00e6r s\u00e9\u00f0 mig og haldi\u00f0 l\u00edfi.\u201c <a name=\"21\"><span class=\"versanumer_2007\">21<\/span><\/a> S\u00ed\u00f0an sag\u00f0i Drottinn: \u201e\u00dearna er sta\u00f0ur, stattu uppi \u00e1 klettinum. <a name=\"22\"><span class=\"versanumer_2007\">22<\/span><\/a> \u00deegar d\u00fdr\u00f0 m\u00edn fer fram hj\u00e1 l\u00e6t \u00e9g \u00feig standa \u00ed klettaskorunni og hyl \u00feig me\u00f0 l\u00f3fa m\u00ednum \u00fear til \u00e9g er farinn fram hj\u00e1. <a name=\"23\"><span class=\"versanumer_2007\">23<\/span><\/a> \u00deegar \u00e9g tek l\u00f3fa minn fr\u00e1 muntu sj\u00e1 aftan \u00e1 mig. Enginn f\u00e6r s\u00e9\u00f0 auglit mitt.\u201c<\/p>\n","protected":false},"excerpt":{"rendered":"<p>Fyrirm\u00e6li um brottf\u00f6r fr\u00e1 S\u00edna\u00ed 1 Drottinn sag\u00f0i vi\u00f0 M\u00f3se: \u201eHaltu af sta\u00f0. Far\u00f0u h\u00e9\u00f0an upp eftir me\u00f0 f\u00f3lki\u00f0, sem \u00fe\u00fa leiddir upp fr\u00e1 Egyptalandi, til landsins sem \u00e9g h\u00e9t Abraham, \u00cdsak og Jakobi me\u00f0 \u00fev\u00ed a\u00f0 segja: Ni\u00f0jum \u00fe\u00ednum mun \u00e9g gefa \u00fea\u00f0. 2 \u00c9g mun senda engil \u00e1 undan \u00fe\u00e9r og reka burt Kanverja, Amor\u00edta, Het\u00edta, Peres\u00edta, Hev\u00edta og Jeb\u00fas\u00edta. 3 \u00dei\u00f0 skulu\u00f0 fara til \u00feess lands sem fl\u00fdtur \u00ed mj\u00f3lk og hunangi. \u00c9g fer ekki sj\u00e1lfur me\u00f0 ykkur \u00fev\u00ed a\u00f0 \u00fei\u00f0 eru\u00f0 har\u00f0sv\u00edru\u00f0 \u00fej\u00f3\u00f0 og til \u00feess g\u00e6ti komi\u00f0 a\u00f0 \u00e9g eyddi ykkur \u00e1 lei\u00f0inni.\u201c 4 \u00deegar <a href=\"https:\/\/biblian.is\/biblian\/onnur-mosebok-33-kafli\/\"> [&#8230;]<\/a><\/p>\n","protected":false},"author":1,"featured_media":0,"parent":0,"menu_order":0,"comment_status":"open","ping_status":"open","template":"bibliukaflar_NT.php","meta":{"footnotes":""},"class_list":["post-1700","page","type-page","status-publish","hentry"],"_links":{"self":[{"href":"https:\/\/biblian.is\/biblian\/wp-json\/wp\/v2\/pages\/1700","targetHints":{"allow":["GET"]}}],"collection":[{"href":"https:\/\/biblian.is\/biblian\/wp-json\/wp\/v2\/pages"}],"about":[{"href":"https:\/\/biblian.is\/biblian\/wp-json\/wp\/v2\/types\/page"}],"author":[{"embeddable":true,"href":"https:\/\/biblian.is\/biblian\/wp-json\/wp\/v2\/users\/1"}],"replies":[{"embeddable":true,"href":"https:\/\/biblian.is\/biblian\/wp-json\/wp\/v2\/comments?post=1700"}],"version-history":[{"count":0,"href":"https:\/\/biblian.is\/biblian\/wp-json\/wp\/v2\/pages\/1700\/revisions"}],"wp:attachment":[{"href":"https:\/\/biblian.is\/biblian\/wp-json\/wp\/v2\/media?parent=1700"}],"curies":[{"name":"wp","href":"https:\/\/api.w.org\/{rel}","templated":true}]}}