{"id":1699,"date":"2017-12-30T21:00:05","date_gmt":"2017-12-30T21:00:05","guid":{"rendered":"http:\/\/biblian.is\/biblian\/%c2%85nnur-m%c2%97seb%c2%97k-32-kafli\/"},"modified":"2023-05-01T16:21:31","modified_gmt":"2023-05-01T16:21:31","slug":"onnur-mosebok-32-kafli","status":"publish","type":"page","link":"https:\/\/biblian.is\/biblian\/onnur-mosebok-32-kafli\/","title":{"rendered":"\u00d6nnur M\u00f3seb\u00f3k 32. kafli"},"content":{"rendered":"<h3 class=\"millifyrirsogn_2007\"> Gullk\u00e1lfurinn<\/h3>\n<p><a name=\"1\"><span class=\"versanumer_2007\">1<\/span><\/a> \u00deegar m\u00f6nnum var\u00f0 lj\u00f3st a\u00f0 M\u00f3se seinka\u00f0i ofan af fjallinu \u00feyrptust \u00feeir a\u00f0 Aroni og s\u00f6g\u00f0u vi\u00f0 hann: \u201eKomdu og b\u00fa\u00f0u til gu\u00f0 handa okkur sem getur fari\u00f0 fyrir okkur \u00fev\u00ed a\u00f0 vi\u00f0 vitum ekki hva\u00f0 var\u00f0 um \u00feennan M\u00f3se, manninn sem leiddi okkur \u00fat af Egyptalandi.\u201c <a name=\"2\"><span class=\"versanumer_2007\">2<\/span><\/a> Aron sag\u00f0i vi\u00f0 \u00fe\u00e1: \u201eSl\u00edti\u00f0 gullhringana \u00far eyrum kvenna ykkar, sona og d\u00e6tra og f\u00e6ri\u00f0 m\u00e9r.\u201c <a name=\"3\"><span class=\"versanumer_2007\">3<\/span><\/a> \u00de\u00e1 sleit allt f\u00f3lki\u00f0 gullhringana \u00far eyrum s\u00e9r og f\u00e6r\u00f0i Aroni. <a name=\"4\"><span class=\"versanumer_2007\">4<\/span><\/a> Hann t\u00f3k vi\u00f0 \u00feeim \u00far h\u00f6ndum \u00feeirra, br\u00e6ddi og steypti \u00far \u00feeim k\u00e1lf. \u00de\u00e1 sag\u00f0i f\u00f3lki\u00f0: \u201e\u00deetta er gu\u00f0 \u00feinn, \u00cdsrael, sem leiddi \u00feig \u00fat af Egyptalandi.\u201c<br \/> <a name=\"5\"><span class=\"versanumer_2007\">5<\/span><\/a> \u00deegar Aron s\u00e1 \u00feetta reisti hann altari fyrir framan k\u00e1lfinn. S\u00ed\u00f0an hr\u00f3pa\u00f0i hann og sag\u00f0i: \u201e\u00c1 morgun ver\u00f0ur Drottni haldin h\u00e1t\u00ed\u00f0.\u201c <a name=\"6\"><span class=\"versanumer_2007\">6<\/span><\/a> Morguninn eftir voru \u00feeir snemma \u00e1 f\u00f3tum, f\u00e6r\u00f0u brennif\u00f3rnir og leiddu fram d\u00fdr til heillaf\u00f3rna. \u00dev\u00ed n\u00e6st settist f\u00f3lki\u00f0 til a\u00f0 eta og drekka og st\u00f3\u00f0 s\u00ed\u00f0an upp til a\u00f0 skemmta s\u00e9r.<br \/> <a name=\"7\"><span class=\"versanumer_2007\">7<\/span><\/a> \u00de\u00e1 sag\u00f0i Drottinn vi\u00f0 M\u00f3se: \u201eFar\u00f0u ni\u00f0ur eftir \u00fev\u00ed a\u00f0 \u00fej\u00f3\u00f0 \u00fe\u00edn, sem \u00fe\u00fa leiddir \u00fat af Egyptalandi, hefur steypt s\u00e9r \u00ed gl\u00f6tun. <a name=\"8\"><span class=\"versanumer_2007\">8<\/span><\/a> Skj\u00f3tt hafa \u00feeir viki\u00f0 af \u00feeim vegi sem \u00e9g bau\u00f0 \u00feeim. \u00deeir hafa steypt s\u00e9r k\u00e1lf, falli\u00f0 fram fyrir honum, f\u00e6rt honum sl\u00e1turf\u00f3rnir og sagt: \u00deetta er gu\u00f0 \u00feinn, \u00cdsrael, sem leiddi \u00feig \u00fat af Egyptalandi.\u201c<br \/> <a name=\"9\"><span class=\"versanumer_2007\">9<\/span><\/a> Drottinn sag\u00f0i vi\u00f0 M\u00f3se: \u201eN\u00fa s\u00e9 \u00e9g a\u00f0 \u00feessi \u00fej\u00f3\u00f0 er har\u00f0sv\u00edra\u00f0 f\u00f3lk. <a name=\"10\"><span class=\"versanumer_2007\">10<\/span><\/a> Skildu mig eftir einan svo a\u00f0 rei\u00f0i m\u00edn blossi upp gegn \u00feeim og ey\u00f0i \u00feeim en \u00feig mun \u00e9g gera a\u00f0 mikilli \u00fej\u00f3\u00f0.\u201c <a name=\"11\"><span class=\"versanumer_2007\">11<\/span><\/a> En M\u00f3se reyndi a\u00f0 bl\u00ed\u00f0ka Drottin, Gu\u00f0 sinn, og sag\u00f0i: \u201eHvers vegna, Drottinn, \u00e1 rei\u00f0i \u00fe\u00edn a\u00f0 blossa upp gegn \u00fej\u00f3\u00f0 \u00feinni, sem \u00fe\u00fa leiddir \u00fat af Egyptalandi me\u00f0 miklum m\u00e6tti og styrkri hendi? <a name=\"12\"><span class=\"versanumer_2007\">12<\/span><\/a> Hvers vegna eiga Egyptar a\u00f0 geta sagt: Hann haf\u00f0i illt \u00ed huga \u00feegar hann leiddi \u00fe\u00e1 \u00fea\u00f0an \u00fat til a\u00f0 svipta \u00fe\u00e1 l\u00edfi \u00e1 fj\u00f6llum uppi og afm\u00e1 \u00fe\u00e1 af yfirbor\u00f0i jar\u00f0ar. Sn\u00fa\u00f0u fr\u00e1 brennandi rei\u00f0i \u00feinni og h\u00e6ttu vi\u00f0 a\u00f0 valda \u00fev\u00ed b\u00f6li sem \u00fe\u00fa \u00e6tla\u00f0ir \u00fej\u00f3\u00f0 \u00feinni. <a name=\"13\"><span class=\"versanumer_2007\">13<\/span><\/a> Minnstu \u00fej\u00f3na \u00feinna, Abrahams, \u00cdsaks og \u00cdsraels. \u00de\u00fa s\u00f3rst \u00feeim vi\u00f0 sj\u00e1lfan \u00feig og h\u00e9st \u00feeim: \u00c9g mun gera ni\u00f0ja ykkar marga sem stj\u00f6rnur himinsins og allt landi\u00f0, sem \u00e9g hef tala\u00f0 um, mun \u00e9g gefa ni\u00f0jum ykkar og \u00fea\u00f0 skal vera \u00e6varandi eign \u00feeirra.\u201c <a name=\"14\"><span class=\"versanumer_2007\">14<\/span><\/a> \u00de\u00e1 h\u00e6tti Drottinn vi\u00f0 \u00fea\u00f0 sem hann haf\u00f0i h\u00f3ta\u00f0 \u00fej\u00f3\u00f0 sinni. <a name=\"15\"><span class=\"versanumer_2007\">15<\/span><\/a> \u00de\u00e1 sneri M\u00f3se s\u00e9r vi\u00f0, h\u00e9lt ni\u00f0ur af fjallinu og haf\u00f0i b\u00e1\u00f0ar s\u00e1ttm\u00e1lst\u00f6flurnar \u00ed h\u00f6ndum s\u00e9r. \u00c1 t\u00f6flunum var letur b\u00e1\u00f0um megin, b\u00e6\u00f0i var rita\u00f0 \u00e1 framhli\u00f0 \u00feeirra og bakhli\u00f0. <a name=\"16\"><span class=\"versanumer_2007\">16<\/span><\/a> T\u00f6flurnar voru ger\u00f0ar af Gu\u00f0i og letri\u00f0 var letur Gu\u00f0s, grafi\u00f0 \u00ed t\u00f6flurnar.<br \/> <a name=\"17\"><span class=\"versanumer_2007\">17<\/span><\/a> \u00deegar J\u00f3s\u00faa heyr\u00f0i h\u00e1reystina \u00ed f\u00f3lkinu sag\u00f0i hann vi\u00f0 M\u00f3se: \u201eFr\u00e1 b\u00fa\u00f0unum berast her\u00f3p,\u201c <a name=\"18\"><span class=\"versanumer_2007\">18<\/span><\/a> en hann svara\u00f0i:<br \/> <span class=\"ljodatexti\"> \u00deetta er ekki hr\u00f3p sigurvegara,<br \/>ekki \u00f3p sigra\u00f0ra,<br \/>\u00e9g heyri a\u00f0eins h\u00e1v\u00e6r hr\u00f3p. <\/span> <br \/> <a name=\"19\"><span class=\"versanumer_2007\">19<\/span><\/a> \u00deegar M\u00f3se n\u00e1lga\u00f0ist b\u00fa\u00f0irnar og s\u00e1 k\u00e1lfinn og hringdansinn blossa\u00f0i rei\u00f0i hans upp og hann kasta\u00f0i t\u00f6flunum \u00far h\u00f6ndum s\u00e9r og mola\u00f0i \u00fe\u00e6r vi\u00f0 fjallsr\u00e6turnar. <a name=\"20\"><span class=\"versanumer_2007\">20<\/span><\/a> S\u00ed\u00f0an t\u00f3k hann k\u00e1lfinn, sem \u00feeir h\u00f6f\u00f0u gert, brenndi hann \u00ed eldi, muldi hann m\u00e9linu sm\u00e6rra og dreif\u00f0i duftinu \u00ed vatn sem hann l\u00e9t \u00cdsraelsmenn drekka. <a name=\"21\"><span class=\"versanumer_2007\">21<\/span><\/a> \u00dev\u00ed n\u00e6st spur\u00f0i M\u00f3se Aron: \u201eHva\u00f0 hefur \u00feetta f\u00f3lk gert \u00fe\u00e9r a\u00f0 \u00fe\u00fa hefur leitt yfir \u00fea\u00f0 svo mikla synd?\u201c <a name=\"22\"><span class=\"versanumer_2007\">22<\/span><\/a> Aron svara\u00f0i: \u201eRei\u00f0stu ekki, herra. \u00de\u00fa veist sj\u00e1lfur a\u00f0 f\u00f3lki\u00f0 er taumlaust. <a name=\"23\"><span class=\"versanumer_2007\">23<\/span><\/a> \u00dea\u00f0 sag\u00f0i vi\u00f0 mig: Ger\u00f0u okkur gu\u00f0i sem geta fari\u00f0 fyrir okkur \u00fev\u00ed a\u00f0 vi\u00f0 vitum ekki hva\u00f0 or\u00f0i\u00f0 er um \u00feennan M\u00f3se, manninn sem leiddi okkur \u00fat af Egyptalandi. <a name=\"24\"><span class=\"versanumer_2007\">24<\/span><\/a> \u00de\u00e1 sag\u00f0i \u00e9g vi\u00f0 f\u00f3lki\u00f0: S\u00e9rhver sem ber gullskart sl\u00edti \u00fea\u00f0 af s\u00e9r. \u00deeir fengu m\u00e9r \u00fea\u00f0, \u00e9g kasta\u00f0i \u00fev\u00ed \u00ed eldinn og \u00far \u00fev\u00ed var\u00f0 \u00feessi k\u00e1lfur.\u201c<br \/> <a name=\"25\"><span class=\"versanumer_2007\">25<\/span><\/a> \u00deegar M\u00f3se s\u00e1 a\u00f0 f\u00f3lki\u00f0 var taumlaust af \u00fev\u00ed a\u00f0 Aron haf\u00f0i sleppt af \u00fev\u00ed taumhaldinu svo a\u00f0 \u00f3vinir h\u00f6f\u00f0u \u00fea\u00f0 a\u00f0 spotti, <a name=\"26\"><span class=\"versanumer_2007\">26<\/span><\/a> sta\u00f0n\u00e6mdist hann \u00ed hli\u00f0i b\u00fa\u00f0anna og sag\u00f0i: \u201eHver sem fylgir Drottni komi til m\u00edn.\u201c \u00de\u00e1 s\u00f6fnu\u00f0ust allir Lev\u00edtar a\u00f0 honum. <a name=\"27\"><span class=\"versanumer_2007\">27<\/span><\/a> Hann sag\u00f0i vi\u00f0 \u00fe\u00e1: \u201eSvo segir Drottinn, Gu\u00f0 \u00cdsraels: Hver ma\u00f0ur skal festa sver\u00f0 sitt s\u00e9r vi\u00f0 hli\u00f0 og fara s\u00ed\u00f0an um herb\u00fa\u00f0irnar fr\u00e1 einu hli\u00f0i til annars og drepa br\u00f3\u00f0ur sinn, vin og n\u00e1granna.\u201c <a name=\"28\"><span class=\"versanumer_2007\">28<\/span><\/a> Lev\u00edtarnir ger\u00f0u sem M\u00f3se bau\u00f0 og f\u00e9llu \u00ferj\u00fa \u00fe\u00fasund manns af \u00fej\u00f3\u00f0inni \u00feennan dag. <a name=\"29\"><span class=\"versanumer_2007\">29<\/span><\/a> \u00de\u00e1 sag\u00f0i M\u00f3se: \u201eFylli\u00f0 hendur ykkar \u00ed dag me\u00f0 gj\u00f6fum Drottni til handa \u00fev\u00ed a\u00f0 hver og einn hefur sn\u00faist gegn syni s\u00ednum og br\u00f3\u00f0ur svo a\u00f0 hann blessi ykkur \u00ed dag.\u201c<br \/> <a name=\"30\"><span class=\"versanumer_2007\">30<\/span><\/a> Morguninn eftir sag\u00f0i M\u00f3se vi\u00f0 f\u00f3lki\u00f0: \u201e\u00dei\u00f0 hafi\u00f0 dr\u00fdgt st\u00f3ra synd. N\u00fa \u00e6tla \u00e9g a\u00f0 fara upp til Drottins. Ef til vill get \u00e9g fri\u00f0\u00fe\u00e6gt fyrir synd ykkar.\u201c <a name=\"31\"><span class=\"versanumer_2007\">31<\/span><\/a> M\u00f3se sneri \u00fev\u00ed aftur til Drottins og sag\u00f0i: \u201e\u00deetta f\u00f3lk hefur dr\u00fdgt st\u00f3ra synd. \u00dea\u00f0 hefur gert s\u00e9r gu\u00f0 \u00far gulli. <a name=\"32\"><span class=\"versanumer_2007\">32<\/span><\/a> N\u00fa bi\u00f0 \u00e9g a\u00f0 \u00fe\u00fa fyrirgefir synd \u00feess. En getir\u00f0u \u00fea\u00f0 ekki m\u00e1\u00f0u mig \u00fe\u00e1 \u00fat \u00far b\u00f3k \u00feinni sem \u00fe\u00fa hefur skrifa\u00f0.\u201c <a name=\"33\"><span class=\"versanumer_2007\">33<\/span><\/a> Drottinn sag\u00f0i vi\u00f0 M\u00f3se: \u201e\u00dar b\u00f3k minni m\u00e1i \u00e9g hvern \u00feann sem hefur syndga\u00f0 gegn m\u00e9r. <a name=\"34\"><span class=\"versanumer_2007\">34<\/span><\/a> Far\u00f0u n\u00fa og leiddu f\u00f3lki\u00f0 \u00feanga\u00f0 sem \u00e9g hef sagt \u00fe\u00e9r. Engill minn mun ganga \u00e1 undan \u00fe\u00e9r. \u00deegar dagur reikningsskilanna kemur mun \u00e9g draga \u00fe\u00e1 til \u00e1byrg\u00f0ar vegna synda \u00feeirra.\u201c<br \/> <a name=\"35\"><span class=\"versanumer_2007\">35<\/span><\/a> Drottinn sendi pl\u00e1gu yfir \u00fej\u00f3\u00f0ina vegna k\u00e1lfsins sem h\u00fan haf\u00f0i l\u00e1ti\u00f0 Aron gera.<\/p>\n","protected":false},"excerpt":{"rendered":"<p>Gullk\u00e1lfurinn 1 \u00deegar m\u00f6nnum var\u00f0 lj\u00f3st a\u00f0 M\u00f3se seinka\u00f0i ofan af fjallinu \u00feyrptust \u00feeir a\u00f0 Aroni og s\u00f6g\u00f0u vi\u00f0 hann: \u201eKomdu og b\u00fa\u00f0u til gu\u00f0 handa okkur sem getur fari\u00f0 fyrir okkur \u00fev\u00ed a\u00f0 vi\u00f0 vitum ekki hva\u00f0 var\u00f0 um \u00feennan M\u00f3se, manninn sem leiddi okkur \u00fat af Egyptalandi.\u201c 2 Aron sag\u00f0i vi\u00f0 \u00fe\u00e1: \u201eSl\u00edti\u00f0 gullhringana \u00far eyrum kvenna ykkar, sona og d\u00e6tra og f\u00e6ri\u00f0 m\u00e9r.\u201c 3 \u00de\u00e1 sleit allt f\u00f3lki\u00f0 gullhringana \u00far eyrum s\u00e9r og f\u00e6r\u00f0i Aroni. 4 Hann t\u00f3k vi\u00f0 \u00feeim \u00far h\u00f6ndum \u00feeirra, br\u00e6ddi og steypti \u00far \u00feeim k\u00e1lf. \u00de\u00e1 sag\u00f0i f\u00f3lki\u00f0: \u201e\u00deetta er gu\u00f0 \u00feinn, \u00cdsrael, <a href=\"https:\/\/biblian.is\/biblian\/onnur-mosebok-32-kafli\/\"> [&#8230;]<\/a><\/p>\n","protected":false},"author":1,"featured_media":0,"parent":0,"menu_order":0,"comment_status":"open","ping_status":"open","template":"bibliukaflar_NT.php","meta":{"footnotes":""},"class_list":["post-1699","page","type-page","status-publish","hentry"],"_links":{"self":[{"href":"https:\/\/biblian.is\/biblian\/wp-json\/wp\/v2\/pages\/1699","targetHints":{"allow":["GET"]}}],"collection":[{"href":"https:\/\/biblian.is\/biblian\/wp-json\/wp\/v2\/pages"}],"about":[{"href":"https:\/\/biblian.is\/biblian\/wp-json\/wp\/v2\/types\/page"}],"author":[{"embeddable":true,"href":"https:\/\/biblian.is\/biblian\/wp-json\/wp\/v2\/users\/1"}],"replies":[{"embeddable":true,"href":"https:\/\/biblian.is\/biblian\/wp-json\/wp\/v2\/comments?post=1699"}],"version-history":[{"count":0,"href":"https:\/\/biblian.is\/biblian\/wp-json\/wp\/v2\/pages\/1699\/revisions"}],"wp:attachment":[{"href":"https:\/\/biblian.is\/biblian\/wp-json\/wp\/v2\/media?parent=1699"}],"curies":[{"name":"wp","href":"https:\/\/api.w.org\/{rel}","templated":true}]}}