{"id":1697,"date":"2017-12-30T21:00:00","date_gmt":"2017-12-30T21:00:00","guid":{"rendered":"http:\/\/biblian.is\/biblian\/%c2%85nnur-m%c2%97seb%c2%97k-30-kafli\/"},"modified":"2023-05-01T16:21:30","modified_gmt":"2023-05-01T16:21:30","slug":"onnur-mosebok-30-kafli","status":"publish","type":"page","link":"https:\/\/biblian.is\/biblian\/onnur-mosebok-30-kafli\/","title":{"rendered":"\u00d6nnur M\u00f3seb\u00f3k 30. kafli"},"content":{"rendered":"<h3 class=\"millifyrirsogn_2007\"> Reykelsisaltari\u00f0<\/h3>\n<p><a name=\"1\"><span class=\"versanumer_2007\">1<\/span><\/a> \u00de\u00fa skalt gera altari til a\u00f0 brenna \u00e1 reykelsi. \u00de\u00fa skalt gera \u00fea\u00f0 \u00far akas\u00eduvi\u00f0i, <a name=\"2\"><span class=\"versanumer_2007\">2<\/span><\/a> \u00e1lnarlangt og \u00e1lnarbreitt. \u00dea\u00f0 \u00e1 a\u00f0 vera ferhyrnt og tveggja \u00e1lna h\u00e1tt. Horn \u00feess skulu vera f\u00f6st vi\u00f0 \u00fea\u00f0. <a name=\"3\"><span class=\"versanumer_2007\">3<\/span><\/a> \u00de\u00fa skalt leggja \u00fea\u00f0 sk\u00edru gulli, b\u00e6\u00f0i pl\u00f6tuna, hli\u00f0ar \u00feess og horn, og \u00fe\u00fa skalt einnig gera umgj\u00f6r\u00f0 \u00far gulli allt umhverfis \u00fea\u00f0. <a name=\"4\"><span class=\"versanumer_2007\">4<\/span><\/a> \u00de\u00fa skalt gera tvo hringi \u00far gulli og festa \u00fe\u00e1 ne\u00f0an vi\u00f0 umgj\u00f6r\u00f0ina \u00e1 b\u00e1\u00f0um hli\u00f0um \u00feess. \u00deeir eru til a\u00f0 smeygja \u00ed \u00fe\u00e1 st\u00f6ngum til a\u00f0 bera \u00fea\u00f0. <a name=\"5\"><span class=\"versanumer_2007\">5<\/span><\/a> \u00de\u00fa skalt gera stengurnar \u00far akas\u00eduvi\u00f0i og leggja \u00fe\u00e6r gulli. <a name=\"6\"><span class=\"versanumer_2007\">6<\/span><\/a> \u00de\u00fa skalt setja altari\u00f0 framan vi\u00f0 fortjaldi\u00f0, sem er fyrir \u00f6rkinni me\u00f0 s\u00e1ttm\u00e1lst\u00e1kninu, framan vi\u00f0 loki\u00f0 sem er yfir s\u00e1ttm\u00e1lst\u00e1kninu \u00fear sem \u00e9g mun eiga vi\u00f0 \u00feig samfundi. <a name=\"7\"><span class=\"versanumer_2007\">7<\/span><\/a> Aron \u00e1 a\u00f0 brenna \u00e1 \u00fev\u00ed ilmreykelsi. Hann \u00e1 a\u00f0 brenna \u00fea\u00f0 \u00e1 hverjum morgni \u00feegar hann \u00fatb\u00fdr lampana. <a name=\"8\"><span class=\"versanumer_2007\">8<\/span><\/a> Aron \u00e1 einnig a\u00f0 brenna \u00fea\u00f0 um s\u00f3lsetur \u00feegar hann setur lampana upp. \u00deetta er s\u00edendurtekin reykelsisf\u00f3rn fyrir augliti Drottins fr\u00e1 kyni til kyns.<br \/> <a name=\"9\"><span class=\"versanumer_2007\">9<\/span><\/a> \u00dei\u00f0 megi\u00f0 hvorki l\u00e1ta framandi reykelsi l\u00ed\u00f0a upp af \u00fev\u00ed n\u00e9 brennif\u00f3rn e\u00f0a kornf\u00f3rn og \u00fei\u00f0 megi\u00f0 ekki dreypa \u00e1 \u00fea\u00f0 dreypif\u00f3rn. <a name=\"10\"><span class=\"versanumer_2007\">10<\/span><\/a> Einu sinni \u00e1 \u00e1ri skal Aron fri\u00f0\u00fe\u00e6gja fyrir altarishornin me\u00f0 nokkru af fri\u00f0\u00fe\u00e6gingarbl\u00f3\u00f0i syndaf\u00f3rnarinnar. Einu sinni \u00e1 \u00e1ri skal hann fri\u00f0\u00fe\u00e6gja fyrir \u00fea\u00f0 kynsl\u00f3\u00f0 eftir kynsl\u00f3\u00f0. \u00dea\u00f0 er h\u00e1heilagt og helga\u00f0 Drottni.\u201c<\/p>\n<h3 class=\"millifyrirsogn_2007\">Gjald til helgid\u00f3msins<\/h3>\n<p><a name=\"11\"><span class=\"versanumer_2007\">11<\/span><\/a> Drottinn \u00e1varpa\u00f0i M\u00f3se og sag\u00f0i: <a name=\"12\"><span class=\"versanumer_2007\">12<\/span><\/a> \u201e\u00deegar \u00fe\u00fa tekur manntal me\u00f0al \u00cdsraelsmanna vi\u00f0 li\u00f0sk\u00f6nnun \u00feeirra skal s\u00e9rhver grei\u00f0a lausnargjald til Drottins fyrir l\u00edf sitt \u00feegar \u00feeir ver\u00f0a kanna\u00f0ir svo a\u00f0 ekki komi nein pl\u00e1ga yfir \u00fe\u00e1 vegna k\u00f6nnunarinnar. <a name=\"13\"><span class=\"versanumer_2007\">13<\/span><\/a> Hver s\u00e1 sem gengur yfir til \u00feeirra sem taldir hafa veri\u00f0, skal grei\u00f0a h\u00e1lfan sikil mi\u00f0a\u00f0 vi\u00f0 \u00feyngd helgid\u00f3mssikilsins, \u00fea\u00f0 er tuttugu gerur \u00ed sikli, h\u00e1lfan sikil til Drottins. <a name=\"14\"><span class=\"versanumer_2007\">14<\/span><\/a> Hver, tuttugu \u00e1ra og eldri, sem gengur yfir til \u00feeirra sem taldir hafa veri\u00f0, skal grei\u00f0a afgjaldi\u00f0. <a name=\"15\"><span class=\"versanumer_2007\">15<\/span><\/a> R\u00edkur ma\u00f0ur skal ekki grei\u00f0a meira og f\u00e1t\u00e6kur ekki minna en h\u00e1lfan sikil \u00feegar \u00fei\u00f0 fri\u00f0\u00fe\u00e6gi\u00f0 fyrir l\u00edf ykkar til Drottins. <a name=\"16\"><span class=\"versanumer_2007\">16<\/span><\/a> \u00de\u00fa skalt taka vi\u00f0 lausnargjaldinu fr\u00e1 \u00cdsraelsm\u00f6nnum og nota \u00fea\u00f0 til a\u00f0 grei\u00f0a fyrir \u00fej\u00f3nustuna \u00ed samfundatjaldinu. \u00dea\u00f0 \u00e1 a\u00f0 minna \u00cdsraelsmenn \u00e1 frammi fyrir augliti Drottins og fri\u00f0\u00fe\u00e6gja fyrir l\u00edf ykkar.\u201c<\/p>\n<h3 class=\"millifyrirsogn_2007\">Vatnskeri\u00f0<\/h3>\n<p><a name=\"17\"><span class=\"versanumer_2007\">17<\/span><\/a> Drottinn \u00e1varpa\u00f0i M\u00f3se og sag\u00f0i: <a name=\"18\"><span class=\"versanumer_2007\">18<\/span><\/a> \u201e\u00de\u00fa skalt gera ker \u00far eir til \u00fevottar og st\u00e9tt \u00far eir fyrir \u00fea\u00f0. \u00de\u00fa skalt koma \u00fev\u00ed fyrir milli samfundatjaldsins og altarisins og l\u00e1ta vatn \u00ed \u00fea\u00f0. <a name=\"19\"><span class=\"versanumer_2007\">19<\/span><\/a> Aron og synir hans skulu \u00fevo hendur s\u00ednar og f\u00e6tur \u00far \u00fev\u00ed. <a name=\"20\"><span class=\"versanumer_2007\">20<\/span><\/a> \u00deegar \u00feeir ganga inn \u00ed samfundatjaldi\u00f0 skulu \u00feeir \u00fevo s\u00e9r \u00far vatni svo a\u00f0 \u00feeir deyi ekki. Einnig \u00feegar \u00feeir ganga a\u00f0 altarinu til \u00feess a\u00f0 \u00fej\u00f3na, me\u00f0 \u00fev\u00ed a\u00f0 l\u00e1ta eldf\u00f3rn til Drottins l\u00ed\u00f0a upp \u00ed reyk, <a name=\"21\"><span class=\"versanumer_2007\">21<\/span><\/a> \u00fe\u00e1 skulu \u00feeir \u00fevo hendur s\u00ednar og f\u00e6tur svo a\u00f0 \u00feeir deyi ekki. \u00deetta er \u00e6varandi skylda hans og ni\u00f0ja hans fr\u00e1 kyni til kyns.\u201c<\/p>\n<h3 class=\"millifyrirsogn_2007\">Smurningarol\u00edan<\/h3>\n<p><a name=\"22\"><span class=\"versanumer_2007\">22<\/span><\/a> Drottinn \u00e1varpa\u00f0i M\u00f3se og sag\u00f0i: <a name=\"23\"><span class=\"versanumer_2007\">23<\/span><\/a> \u201eTaktu \u00fe\u00e9r hinar \u00e1g\u00e6tustu ilmjurtir, fimm hundru\u00f0 sikla af flj\u00f3tandi myrru, helmingi minna, e\u00f0a tv\u00f6 hundru\u00f0 og fimmt\u00edu sikla, af ilmandi kanel, tv\u00f6 hundru\u00f0 og fimmt\u00edu sikla af ilmandi kalmus <a name=\"24\"><span class=\"versanumer_2007\">24<\/span><\/a> og fimm hundru\u00f0 sikla mi\u00f0a\u00f0 vi\u00f0 \u00feyngd helgid\u00f3mssikils af kass\u00eda og eina h\u00edn af \u00f3l\u00edfuol\u00edu. <a name=\"25\"><span class=\"versanumer_2007\">25<\/span><\/a> \u00dar \u00feessu skaltu gera heilaga smurningarol\u00edu, ilmsmyrsl, a\u00f0 h\u00e6tti smyrslager\u00f0armanna. \u00deetta skal ver\u00f0a heil\u00f6g smurningarol\u00eda.<br \/> <a name=\"26\"><span class=\"versanumer_2007\">26<\/span><\/a> Me\u00f0 henni skaltu smyrja samfundatjaldi\u00f0, \u00f6rk s\u00e1ttm\u00e1lst\u00e1knsins, <a name=\"27\"><span class=\"versanumer_2007\">27<\/span><\/a> bor\u00f0i\u00f0 \u00e1samt \u00f6llum \u00e1h\u00f6ldum \u00feess, lj\u00f3sastikuna \u00e1samt \u00e1h\u00f6ldum hennar, reykelsisaltari\u00f0, <a name=\"28\"><span class=\"versanumer_2007\">28<\/span><\/a> brennif\u00f3rnaraltari\u00f0 \u00e1samt \u00f6llum \u00e1h\u00f6ldum \u00feess og keri\u00f0 \u00e1samt st\u00e9tt \u00feess. <a name=\"29\"><span class=\"versanumer_2007\">29<\/span><\/a> \u00de\u00fa skalt helga \u00feau svo a\u00f0 \u00feau ver\u00f0i h\u00e1heil\u00f6g, s\u00e9rhver sem snertir \u00feau ver\u00f0ur heilagur.<br \/> <a name=\"30\"><span class=\"versanumer_2007\">30<\/span><\/a> \u00de\u00fa skalt einnig smyrja Aron og syni hans og v\u00edgja \u00fe\u00e1 til a\u00f0 \u00fej\u00f3na sem prestar fyrir mig.<br \/> <a name=\"31\"><span class=\"versanumer_2007\">31<\/span><\/a> \u00de\u00fa skalt \u00e1varpa \u00cdsraelsmenn og segja: \u00deetta skal vera m\u00e9r heil\u00f6g smurningarol\u00eda fr\u00e1 kyni til kyns. <a name=\"32\"><span class=\"versanumer_2007\">32<\/span><\/a> Henni m\u00e1 ekki dreypa \u00e1 h\u00f6rund nokkurs manns og \u00fei\u00f0 megi\u00f0 ekki b\u00faa til neitt anna\u00f0 me\u00f0 s\u00f6mu a\u00f0fer\u00f0, h\u00fan er heil\u00f6g og skal vera ykkur heil\u00f6g. <a name=\"33\"><span class=\"versanumer_2007\">33<\/span><\/a> S\u00e9rhver, sem gerir sams konar smyrsl og f\u00e6r \u00fea\u00f0 \u00f3v\u00edg\u00f0um manni, skal uppr\u00e6ttur \u00far \u00fej\u00f3\u00f0 sinni.\u201c<\/p>\n<h3 class=\"millifyrirsogn_2007\">Reykelsi\u00f0<\/h3>\n<p><a name=\"34\"><span class=\"versanumer_2007\">34<\/span><\/a> Drottinn sag\u00f0i vi\u00f0 M\u00f3se: \u201eTaktu ilmefni, flj\u00f3tandi ilmkvo\u00f0u, ilmol\u00edu, ilmandi trj\u00e1kvo\u00f0u og hreint reykelsi, jafnmiki\u00f0 af hverju, <a name=\"35\"><span class=\"versanumer_2007\">35<\/span><\/a> og ger\u00f0u \u00far \u00feessu ilmandi reykelsi a\u00f0 h\u00e6tti smyrslager\u00f0armanna, salta\u00f0, hreint og heilagt.<br \/> <a name=\"36\"><span class=\"versanumer_2007\">36<\/span><\/a> \u00de\u00fa skalt steyta d\u00e1l\u00edti\u00f0 af \u00fev\u00ed \u00ed f\u00ednt duft og setja nokku\u00f0 af \u00fev\u00ed fyrir framan \u00f6rkina me\u00f0 s\u00e1ttm\u00e1lst\u00e1kninu \u00ed samfundatjaldinu \u00fear sem \u00e9g mun eiga vi\u00f0 \u00feig samfundi. \u00dea\u00f0 skal vera ykkur h\u00e1heilagt. <a name=\"37\"><span class=\"versanumer_2007\">37<\/span><\/a> Reykelsi, sem \u00fe\u00fa gerir \u00e1 \u00feennan h\u00e1tt, megi\u00f0 \u00fei\u00f0 ekki gera handa sj\u00e1lfum ykkur. \u00de\u00fa skalt telja \u00fea\u00f0 helga\u00f0 Drottni. <a name=\"38\"><span class=\"versanumer_2007\">38<\/span><\/a> S\u00e9rhver ma\u00f0ur, sem gerir anna\u00f0 eins til a\u00f0 nj\u00f3ta ilms \u00feess, skal uppr\u00e6ttur \u00far \u00fej\u00f3\u00f0 sinni.\u201c<\/p>\n","protected":false},"excerpt":{"rendered":"<p>Reykelsisaltari\u00f0 1 \u00de\u00fa skalt gera altari til a\u00f0 brenna \u00e1 reykelsi. \u00de\u00fa skalt gera \u00fea\u00f0 \u00far akas\u00eduvi\u00f0i, 2 \u00e1lnarlangt og \u00e1lnarbreitt. \u00dea\u00f0 \u00e1 a\u00f0 vera ferhyrnt og tveggja \u00e1lna h\u00e1tt. Horn \u00feess skulu vera f\u00f6st vi\u00f0 \u00fea\u00f0. 3 \u00de\u00fa skalt leggja \u00fea\u00f0 sk\u00edru gulli, b\u00e6\u00f0i pl\u00f6tuna, hli\u00f0ar \u00feess og horn, og \u00fe\u00fa skalt einnig gera umgj\u00f6r\u00f0 \u00far gulli allt umhverfis \u00fea\u00f0. 4 \u00de\u00fa skalt gera tvo hringi \u00far gulli og festa \u00fe\u00e1 ne\u00f0an vi\u00f0 umgj\u00f6r\u00f0ina \u00e1 b\u00e1\u00f0um hli\u00f0um \u00feess. \u00deeir eru til a\u00f0 smeygja \u00ed \u00fe\u00e1 st\u00f6ngum til a\u00f0 bera \u00fea\u00f0. 5 \u00de\u00fa skalt gera stengurnar \u00far akas\u00eduvi\u00f0i og leggja <a href=\"https:\/\/biblian.is\/biblian\/onnur-mosebok-30-kafli\/\"> [&#8230;]<\/a><\/p>\n","protected":false},"author":1,"featured_media":0,"parent":0,"menu_order":0,"comment_status":"open","ping_status":"open","template":"bibliukaflar_NT.php","meta":{"footnotes":""},"class_list":["post-1697","page","type-page","status-publish","hentry"],"_links":{"self":[{"href":"https:\/\/biblian.is\/biblian\/wp-json\/wp\/v2\/pages\/1697","targetHints":{"allow":["GET"]}}],"collection":[{"href":"https:\/\/biblian.is\/biblian\/wp-json\/wp\/v2\/pages"}],"about":[{"href":"https:\/\/biblian.is\/biblian\/wp-json\/wp\/v2\/types\/page"}],"author":[{"embeddable":true,"href":"https:\/\/biblian.is\/biblian\/wp-json\/wp\/v2\/users\/1"}],"replies":[{"embeddable":true,"href":"https:\/\/biblian.is\/biblian\/wp-json\/wp\/v2\/comments?post=1697"}],"version-history":[{"count":0,"href":"https:\/\/biblian.is\/biblian\/wp-json\/wp\/v2\/pages\/1697\/revisions"}],"wp:attachment":[{"href":"https:\/\/biblian.is\/biblian\/wp-json\/wp\/v2\/media?parent=1697"}],"curies":[{"name":"wp","href":"https:\/\/api.w.org\/{rel}","templated":true}]}}