{"id":1696,"date":"2017-12-30T21:00:00","date_gmt":"2017-12-30T21:00:00","guid":{"rendered":"http:\/\/biblian.is\/biblian\/%c2%85nnur-m%c2%97seb%c2%97k-29-kafli\/"},"modified":"2023-05-01T16:21:29","modified_gmt":"2023-05-01T16:21:29","slug":"onnur-mosebok-29-kafli","status":"publish","type":"page","link":"https:\/\/biblian.is\/biblian\/onnur-mosebok-29-kafli\/","title":{"rendered":"\u00d6nnur M\u00f3seb\u00f3k 29. kafli"},"content":{"rendered":"<h3 class=\"millifyrirsogn_2007\"> V\u00edgsla prestanna<\/h3>\n<p><a name=\"1\"><span class=\"versanumer_2007\">1<\/span><\/a> \u00deannig skaltu fara a\u00f0 \u00feegar \u00fe\u00fa v\u00edgir \u00fe\u00e1 til a\u00f0 \u00fej\u00f3na m\u00e9r sem prestar: Taktu nautk\u00e1lf og tvo hr\u00fata, alla l\u00fdtalausa, <a name=\"2\"><span class=\"versanumer_2007\">2<\/span><\/a> \u00f3s\u00fdrt brau\u00f0, \u00f3s\u00fdr\u00f0ar ol\u00edublanda\u00f0ar k\u00f6kur og \u00f3s\u00fdr\u00f0ar ol\u00edusmur\u00f0ar flatk\u00f6kur. \u00de\u00fa skalt gera \u00feetta \u00far f\u00ednu hveitimj\u00f6li, <a name=\"3\"><span class=\"versanumer_2007\">3<\/span><\/a> setja brau\u00f0in \u00ed k\u00f6rfu og bera \u00feau fram \u00ed k\u00f6rfunni \u00e1samt nautk\u00e1lfinum og b\u00e1\u00f0um hr\u00fatunum. <a name=\"4\"><span class=\"versanumer_2007\">4<\/span><\/a> S\u00ed\u00f0an skaltu l\u00e1ta Aron og syni hans ganga fram a\u00f0 dyrum samfundatjaldsins og \u00fevo \u00feeim \u00far vatni. <a name=\"5\"><span class=\"versanumer_2007\">5<\/span><\/a> \u00dev\u00ed n\u00e6st skaltu taka skr\u00fa\u00f0ann og kl\u00e6\u00f0a Aron \u00ed kyrtilinn og h\u00f6kulk\u00e1puna, h\u00f6kulinn og brj\u00f3stskj\u00f6ldinn og gyr\u00f0a hann h\u00f6kulbeltinu. <a name=\"6\"><span class=\"versanumer_2007\">6<\/span><\/a> S\u00ed\u00f0an skaltu setja d\u00fakinn \u00e1 h\u00f6fu\u00f0 honum og festa hi\u00f0 heilaga h\u00f6fu\u00f0dj\u00e1sn \u00e1 h\u00f6fu\u00f0d\u00fakinn. <a name=\"7\"><span class=\"versanumer_2007\">7<\/span><\/a> \u00de\u00e1 skaltu taka smurningarol\u00eduna og hella henni yfir h\u00f6fu\u00f0 hans og smyrja hann.<br \/> <a name=\"8\"><span class=\"versanumer_2007\">8<\/span><\/a> S\u00ed\u00f0an skaltu l\u00e1ta syni hans ganga fram og kl\u00e6\u00f0a \u00fe\u00e1 \u00ed kyrtlana, <a name=\"9\"><span class=\"versanumer_2007\">9<\/span><\/a> gyr\u00f0a \u00fe\u00e1 beltum, b\u00e6\u00f0i Aron og syni hans, og binda \u00e1 \u00fe\u00e1 h\u00f6fu\u00f0d\u00faka. \u00deannig skulu \u00feeir taka vi\u00f0 prests\u00fej\u00f3nustu samkv\u00e6mt \u00e6varandi \u00e1kv\u00e6\u00f0i.<br \/>\u00dev\u00ed n\u00e6st skaltu fylla hendur Arons og sona hans. <a name=\"10\"><span class=\"versanumer_2007\">10<\/span><\/a> \u00de\u00fa skalt f\u00e6ra nautk\u00e1lfinn a\u00f0 dyrum samfundatjaldsins og Aron og synir hans skulu leggja hendur s\u00ednar \u00e1 h\u00f6fu\u00f0 nautk\u00e1lfsins. <a name=\"11\"><span class=\"versanumer_2007\">11<\/span><\/a> \u00de\u00e1 skaltu sl\u00e1tra nautinu frammi fyrir augliti Drottins vi\u00f0 dyr samfundatjaldsins. <a name=\"12\"><span class=\"versanumer_2007\">12<\/span><\/a> S\u00ed\u00f0an skaltu taka nokku\u00f0 af bl\u00f3\u00f0i nautsins og rj\u00f3\u00f0a \u00fev\u00ed \u00e1 altarishorni\u00f0 me\u00f0 fingri \u00fe\u00ednum. \u00d6llu hinu bl\u00f3\u00f0inu skaltu hella ni\u00f0ur vi\u00f0 s\u00f6kkul altarisins. <a name=\"13\"><span class=\"versanumer_2007\">13<\/span><\/a> \u00de\u00e1 skaltu taka alla netjuna, sem hylur innyflin, st\u00e6rra lifrarbla\u00f0i\u00f0, b\u00e6\u00f0i n\u00fdrun og n\u00fdrnam\u00f6rinn, og l\u00e1ta \u00fea\u00f0 l\u00ed\u00f0a upp \u00ed reyk af altarinu. <a name=\"14\"><span class=\"versanumer_2007\">14<\/span><\/a> En kj\u00f6ti\u00f0 af nautinu, h\u00fa\u00f0 \u00feess og gor skaltu brenna \u00ed eldi utan vi\u00f0 herb\u00fa\u00f0irnar. \u00deetta er syndaf\u00f3rn.<br \/> <a name=\"15\"><span class=\"versanumer_2007\">15<\/span><\/a> S\u00ed\u00f0an skaltu s\u00e6kja annan hr\u00fatinn. Aron og synir hans skulu leggja hendur s\u00ednar \u00e1 h\u00f6fu\u00f0 hr\u00fatsins. <a name=\"16\"><span class=\"versanumer_2007\">16<\/span><\/a> \u00de\u00fa skalt sl\u00e1tra hr\u00fatnum, taka bl\u00f3\u00f0 hans og st\u00f6kkva \u00fev\u00ed allt um kring \u00e1 altari\u00f0. <a name=\"17\"><span class=\"versanumer_2007\">17<\/span><\/a> En hr\u00fatinn skaltu hluta \u00ed sundur, \u00fevo innyfli hans og f\u00e6tur og leggja ofan \u00e1 hin stykkin \u00e1samt h\u00f6f\u00f0inu. <a name=\"18\"><span class=\"versanumer_2007\">18<\/span><\/a> S\u00ed\u00f0an skaltu l\u00e1ta allan hr\u00fatinn l\u00ed\u00f0a upp \u00ed reyk af altarinu. \u00deetta er brennif\u00f3rn til Drottins, \u00feekkur ilmur, eldf\u00f3rn Drottni til handa.<br \/> <a name=\"19\"><span class=\"versanumer_2007\">19<\/span><\/a> \u00dev\u00ed n\u00e6st skaltu s\u00e6kja hinn hr\u00fatinn. Aron og synir hans skulu leggja hendur s\u00ednar \u00e1 h\u00f6fu\u00f0 hr\u00fatsins. <a name=\"20\"><span class=\"versanumer_2007\">20<\/span><\/a> \u00de\u00fa skalt sl\u00e1tra hr\u00fatnum, taka nokku\u00f0 af bl\u00f3\u00f0i hans og smyrja \u00e1 h\u00e6gri eyrnasnepil Arons, h\u00e6gri eyrnasnepil sona hans, \u00e1 \u00feumalfingur h\u00e6gri handar \u00feeirra og \u00e1 st\u00f3rut\u00e1 h\u00e6gri f\u00f3tar \u00feeirra og st\u00f6kkva \u00fev\u00ed sem eftir er af bl\u00f3\u00f0inu allt um kring \u00e1 altari\u00f0. <a name=\"21\"><span class=\"versanumer_2007\">21<\/span><\/a> \u00de\u00e1 skaltu taka nokku\u00f0 af bl\u00f3\u00f0inu, sem er \u00e1 altarinu, og nokku\u00f0 af smurningarol\u00edunni og st\u00f6kkva \u00e1 Aron og kl\u00e6\u00f0i hans og einnig \u00e1 syni hans og kl\u00e6\u00f0i sona hans \u00e1samt honum. Ver\u00f0ur hann \u00fe\u00e1 helga\u00f0ur og kl\u00e6\u00f0i hans og synir hans og kl\u00e6\u00f0i sona hans \u00e1samt honum. <a name=\"22\"><span class=\"versanumer_2007\">22<\/span><\/a> S\u00ed\u00f0an skaltu taka m\u00f6rinn \u00far hr\u00fatnum, dindilinn, netjuna, sem hylur innyflin, st\u00e6rra lifrarbla\u00f0i\u00f0, b\u00e6\u00f0i n\u00fdrun og n\u00fdrnam\u00f6rinn og h\u00e6gra l\u00e6ri\u00f0 \u00fev\u00ed a\u00f0 \u00feetta er v\u00edgsluhr\u00fatur. <a name=\"23\"><span class=\"versanumer_2007\">23<\/span><\/a> \u00de\u00e1 skaltu taka einn brau\u00f0hleif, eina ol\u00eduk\u00f6ku og eitt flatbrau\u00f0 \u00far k\u00f6rfunni me\u00f0 \u00f3s\u00fdr\u00f0u brau\u00f0unum, sem stendur fyrir augliti Drottins, <a name=\"24\"><span class=\"versanumer_2007\">24<\/span><\/a> og leggja \u00feetta allt \u00ed hendur Aroni og sonum hans. L\u00e1ttu \u00fe\u00e1 s\u00ed\u00f0an veifa \u00fev\u00ed fram og aftur frammi fyrir augliti Drottins. <a name=\"25\"><span class=\"versanumer_2007\">25<\/span><\/a> \u00dev\u00ed n\u00e6st skaltu taka \u00fea\u00f0 aftur \u00far h\u00f6ndum \u00feeirra og l\u00e1ta \u00fea\u00f0 l\u00ed\u00f0a upp \u00ed reyk af altarinu me\u00f0 brennif\u00f3rninni sem \u00feekkan ilm fyrir augliti Drottins. \u00dea\u00f0 er eldf\u00f3rn Drottni til handa.<br \/> <a name=\"26\"><span class=\"versanumer_2007\">26<\/span><\/a> S\u00ed\u00f0an skaltu taka bringukollinn af v\u00edgsluhr\u00fat Arons og veifa honum sem f\u00f3rn frammi fyrir augliti Drottins. \u00dea\u00f0 skal koma \u00ed \u00feinn hlut. <a name=\"27\"><span class=\"versanumer_2007\">27<\/span><\/a> \u00de\u00fa skalt helga bringukollinn, sem veifa\u00f0 hefur veri\u00f0, og l\u00e6ri\u00f0, sem veifa\u00f0 hefur veri\u00f0, og \u00e6tla\u00f0 er \u00ed afgjald, stykkin af v\u00edgsluhr\u00fatnum sem \u00e6tlu\u00f0 eru Aroni og sonum hans. <a name=\"28\"><span class=\"versanumer_2007\">28<\/span><\/a> Aron og synir hans skulu f\u00e1 \u00feetta fr\u00e1 \u00cdsraelsm\u00f6nnum samkv\u00e6mt \u00e6varandi laga\u00e1kv\u00e6\u00f0i \u00fev\u00ed a\u00f0 \u00fea\u00f0 er afgjald og ver\u00f0ur afgjald fr\u00e1 \u00cdsraelsm\u00f6nnum af heillaf\u00f3rnum \u00feeirra, afgjald \u00feeirra til Drottins.<br \/> <a name=\"29\"><span class=\"versanumer_2007\">29<\/span><\/a> Hin helgu kl\u00e6\u00f0i Arons skulu synir hans f\u00e1 eftir hann svo a\u00f0 \u00feeir ver\u00f0i smur\u00f0ir \u00ed \u00feeim og hendur \u00feeirra fylltar \u00ed \u00feeim. <a name=\"30\"><span class=\"versanumer_2007\">30<\/span><\/a> S\u00e1 af sonum hans, sem ver\u00f0ur prestur eftir hann, skal skr\u00fd\u00f0ast \u00feeim \u00ed sj\u00f6 daga \u00feegar hann gengur inn \u00ed samfundatjaldi\u00f0 til a\u00f0 \u00fej\u00f3na \u00ed helgid\u00f3minum.<br \/> <a name=\"31\"><span class=\"versanumer_2007\">31<\/span><\/a> \u00de\u00fa skalt taka v\u00edgsluhr\u00fatinn og sj\u00f3\u00f0a kj\u00f6ti\u00f0 af honum \u00e1 helgum sta\u00f0. <a name=\"32\"><span class=\"versanumer_2007\">32<\/span><\/a> Aron og synir hans skulu eta kj\u00f6ti\u00f0 af hr\u00fatnum og brau\u00f0i\u00f0 \u00ed k\u00f6rfunni vi\u00f0 dyr samfundatjaldsins. <a name=\"33\"><span class=\"versanumer_2007\">33<\/span><\/a> \u00deeir skulu neyta \u00feess sem fri\u00f0\u00fe\u00e6gt var me\u00f0 \u00feegar hendur \u00feeirra voru fylltar og \u00feeir v\u00edg\u00f0ir. Enginn \u00f3v\u00edg\u00f0ur m\u00e1 neyta \u00feess \u00fev\u00ed a\u00f0 \u00fea\u00f0 er heilagt. <a name=\"34\"><span class=\"versanumer_2007\">34<\/span><\/a> Ver\u00f0i einhverju leift til morguns af kj\u00f6ti v\u00edgsluf\u00f3rnarinnar og brau\u00f0inu skaltu brenna leifarnar \u00ed eldi. \u00deess m\u00e1 ekki neyta \u00fev\u00ed a\u00f0 \u00fea\u00f0 er heilagt.<br \/> <a name=\"35\"><span class=\"versanumer_2007\">35<\/span><\/a> \u00de\u00fa skalt fara n\u00e1kv\u00e6mlega \u00feannig a\u00f0 vi\u00f0 Aron og syni hans eins og \u00e9g hef bo\u00f0i\u00f0 \u00fe\u00e9r. \u00cd sj\u00f6 daga skaltu fylla hendur \u00feeirra <a name=\"36\"><span class=\"versanumer_2007\">36<\/span><\/a> og \u00e1 hverjum degi skaltu b\u00faa syndaf\u00f3rnarnaut til fri\u00f0\u00fe\u00e6gingar og hreinsa altari\u00f0 af synd, fri\u00f0\u00fe\u00e6gja fyrir \u00fea\u00f0 og smyrja \u00fea\u00f0 til \u00feess a\u00f0 helga \u00fea\u00f0. <a name=\"37\"><span class=\"versanumer_2007\">37<\/span><\/a> \u00cd sj\u00f6 daga skaltu fri\u00f0\u00fe\u00e6gja fyrir altari\u00f0 og helga \u00fea\u00f0 og altari\u00f0 ver\u00f0ur h\u00e1heilagt. Hver sem snertir altari\u00f0 ver\u00f0ur heilagur.<\/p>\n<h3 class=\"millifyrirsogn_2007\">Hin daglega brennif\u00f3rn<\/h3>\n<p><a name=\"38\"><span class=\"versanumer_2007\">38<\/span><\/a> \u00deessu skaltu f\u00f3rna \u00e1 altarinu: tveimur veturg\u00f6mlum l\u00f6mbum, daglega, st\u00f6\u00f0ugt. <a name=\"39\"><span class=\"versanumer_2007\">39<\/span><\/a> \u00d6\u00f0ru lambinu skaltu f\u00f3rna a\u00f0 morgni en hinu um s\u00f3lsetur. <a name=\"40\"><span class=\"versanumer_2007\">40<\/span><\/a> Me\u00f0 \u00f6\u00f0ru lambinu skaltu hafa t\u00edunda hluta \u00far efu af f\u00ednu mj\u00f6li, bl\u00f6ndu\u00f0u me\u00f0 fj\u00f3r\u00f0ungi \u00far h\u00edn af ol\u00edu \u00far steyttum \u00f3l\u00edfum og fj\u00f3r\u00f0ungi \u00far h\u00edn af v\u00edni til dreypif\u00f3rnar. <a name=\"41\"><span class=\"versanumer_2007\">41<\/span><\/a> Hinu lambinu skaltu f\u00f3rna um s\u00f3lsetur og hafa me\u00f0 \u00fev\u00ed kornf\u00f3rn og dreypif\u00f3rn eins og um morguninn. \u00deetta skal vera eldf\u00f3rn handa Drottni til \u00fe\u00e6gilegs ilms.<br \/> <a name=\"42\"><span class=\"versanumer_2007\">42<\/span><\/a> \u00deetta er s\u00edendurtekin brennif\u00f3rn, fr\u00e1 kyni til kyns, vi\u00f0 innganginn \u00ed samfundatjaldi\u00f0 fyrir augliti Drottins \u00fear sem \u00e9g \u00e1 samfundi vi\u00f0 ykkur og \u00fear tala \u00e9g vi\u00f0 \u00feig. <a name=\"43\"><span class=\"versanumer_2007\">43<\/span><\/a> \u00dear mun \u00e9g eiga samfundi vi\u00f0 \u00cdsraelsmenn og tjaldi\u00f0 helgast af d\u00fdr\u00f0 minni. <a name=\"44\"><span class=\"versanumer_2007\">44<\/span><\/a> \u00c9g mun helga samfundatjaldi\u00f0 og altari\u00f0 og Aron og syni hans mun \u00e9g v\u00edgja til a\u00f0 gegna prests\u00fej\u00f3nustu fyrir mig. <a name=\"45\"><span class=\"versanumer_2007\">45<\/span><\/a> \u00c9g mun b\u00faa mitt \u00e1 me\u00f0al \u00cdsraelsmanna, vera \u00feeirra Gu\u00f0 <a name=\"46\"><span class=\"versanumer_2007\">46<\/span><\/a> og \u00feeir skulu j\u00e1ta a\u00f0 \u00e9g er Drottinn, Gu\u00f0 \u00feeirra, sem leiddi \u00fe\u00e1 \u00fat \u00far Egyptalandi til \u00feess a\u00f0 b\u00faa \u00e1 me\u00f0al \u00feeirra. \u00c9g er Drottinn, Gu\u00f0 \u00feeirra.<\/p>\n","protected":false},"excerpt":{"rendered":"<p>V\u00edgsla prestanna 1 \u00deannig skaltu fara a\u00f0 \u00feegar \u00fe\u00fa v\u00edgir \u00fe\u00e1 til a\u00f0 \u00fej\u00f3na m\u00e9r sem prestar: Taktu nautk\u00e1lf og tvo hr\u00fata, alla l\u00fdtalausa, 2 \u00f3s\u00fdrt brau\u00f0, \u00f3s\u00fdr\u00f0ar ol\u00edublanda\u00f0ar k\u00f6kur og \u00f3s\u00fdr\u00f0ar ol\u00edusmur\u00f0ar flatk\u00f6kur. \u00de\u00fa skalt gera \u00feetta \u00far f\u00ednu hveitimj\u00f6li, 3 setja brau\u00f0in \u00ed k\u00f6rfu og bera \u00feau fram \u00ed k\u00f6rfunni \u00e1samt nautk\u00e1lfinum og b\u00e1\u00f0um hr\u00fatunum. 4 S\u00ed\u00f0an skaltu l\u00e1ta Aron og syni hans ganga fram a\u00f0 dyrum samfundatjaldsins og \u00fevo \u00feeim \u00far vatni. 5 \u00dev\u00ed n\u00e6st skaltu taka skr\u00fa\u00f0ann og kl\u00e6\u00f0a Aron \u00ed kyrtilinn og h\u00f6kulk\u00e1puna, h\u00f6kulinn og brj\u00f3stskj\u00f6ldinn og gyr\u00f0a hann h\u00f6kulbeltinu. 6 S\u00ed\u00f0an skaltu setja d\u00fakinn <a href=\"https:\/\/biblian.is\/biblian\/onnur-mosebok-29-kafli\/\"> [&#8230;]<\/a><\/p>\n","protected":false},"author":1,"featured_media":0,"parent":0,"menu_order":0,"comment_status":"open","ping_status":"open","template":"bibliukaflar_NT.php","meta":{"footnotes":""},"class_list":["post-1696","page","type-page","status-publish","hentry"],"_links":{"self":[{"href":"https:\/\/biblian.is\/biblian\/wp-json\/wp\/v2\/pages\/1696","targetHints":{"allow":["GET"]}}],"collection":[{"href":"https:\/\/biblian.is\/biblian\/wp-json\/wp\/v2\/pages"}],"about":[{"href":"https:\/\/biblian.is\/biblian\/wp-json\/wp\/v2\/types\/page"}],"author":[{"embeddable":true,"href":"https:\/\/biblian.is\/biblian\/wp-json\/wp\/v2\/users\/1"}],"replies":[{"embeddable":true,"href":"https:\/\/biblian.is\/biblian\/wp-json\/wp\/v2\/comments?post=1696"}],"version-history":[{"count":0,"href":"https:\/\/biblian.is\/biblian\/wp-json\/wp\/v2\/pages\/1696\/revisions"}],"wp:attachment":[{"href":"https:\/\/biblian.is\/biblian\/wp-json\/wp\/v2\/media?parent=1696"}],"curies":[{"name":"wp","href":"https:\/\/api.w.org\/{rel}","templated":true}]}}