{"id":1695,"date":"2017-12-30T21:00:00","date_gmt":"2017-12-30T21:00:00","guid":{"rendered":"http:\/\/biblian.is\/biblian\/%c2%85nnur-m%c2%97seb%c2%97k-28-kafli\/"},"modified":"2023-05-01T16:21:29","modified_gmt":"2023-05-01T16:21:29","slug":"onnur-mosebok-28-kafli","status":"publish","type":"page","link":"https:\/\/biblian.is\/biblian\/onnur-mosebok-28-kafli\/","title":{"rendered":"\u00d6nnur M\u00f3seb\u00f3k 28. kafli"},"content":{"rendered":"<h3 class=\"millifyrirsogn_2007\"> Skr\u00fa\u00f0i prestanna<\/h3>\n<p><a name=\"1\"><span class=\"versanumer_2007\">1<\/span><\/a> L\u00e1ttu Aron, br\u00f3\u00f0ur \u00feinn, og syni hans koma til \u00fe\u00edn \u00far s\u00f6fnu\u00f0i \u00cdsraelsmanna og \u00feeir skulu \u00fej\u00f3na m\u00e9r sem prestar, Aron, Nadab og Ab\u00edh\u00fa, Eleasar og \u00cdtamar, synir Arons. <a name=\"2\"><span class=\"versanumer_2007\">2<\/span><\/a> \u00de\u00fa skalt gera heil\u00f6g kl\u00e6\u00f0i handa Aroni, br\u00f3\u00f0ur \u00fe\u00ednum, honum til vegsauka og pr\u00fd\u00f0i. <a name=\"3\"><span class=\"versanumer_2007\">3<\/span><\/a> \u00de\u00fa skalt tala vi\u00f0 alla kunn\u00e1ttumenn sem \u00e9g hef fyllt hugvitsanda og \u00feeir skulu gera Aroni kl\u00e6\u00f0i til \u00feess a\u00f0 helga hann til a\u00f0 \u00fej\u00f3na m\u00e9r sem prestur. <a name=\"4\"><span class=\"versanumer_2007\">4<\/span><\/a> \u00deetta eru kl\u00e6\u00f0in sem \u00feeir eiga a\u00f0 gera: brj\u00f3stskj\u00f6ldur, h\u00f6kull, <span class=\"nedan_mal\" title=\" \u00c1 hebresku er nota\u00f0 or\u00f0i\u00f0 \u201eef\u00f3\u00f0\u201c, merking \u00feess er \u00f3lj\u00f3s.\">[<\/span> k\u00e1pa, glitofinn kyrtill, h\u00f6fu\u00f0d\u00fakur og belti. \u00deeir skulu gera heil\u00f6g kl\u00e6\u00f0i handa Aroni, br\u00f3\u00f0ur \u00fe\u00ednum, og sonum hans \u00fev\u00ed a\u00f0 hann \u00e1 a\u00f0 \u00fej\u00f3na m\u00e9r sem prestur. <a name=\"5\"><span class=\"versanumer_2007\">5<\/span><\/a> Til \u00feess eiga \u00feeir a\u00f0 nota gull, bl\u00e1an purpura, rau\u00f0an purpura, skarlat og tvinna\u00f0, f\u00ednt l\u00edn.<br \/> <a name=\"6\"><span class=\"versanumer_2007\">6<\/span><\/a> \u00deeir skulu gera h\u00f6kulinn \u00far gulli, bl\u00e1um purpura, rau\u00f0um purpura og skarlati og tvinnu\u00f0u, f\u00ednu l\u00edni me\u00f0 glitvefna\u00f0i. <a name=\"7\"><span class=\"versanumer_2007\">7<\/span><\/a> \u00c1 honum skulu vera tveir axlahl\u00fdrar sem festir eru \u00e1 b\u00e1\u00f0a enda hans svo a\u00f0 unnt ver\u00f0i a\u00f0 binda hann saman. <a name=\"8\"><span class=\"versanumer_2007\">8<\/span><\/a> Belti\u00f0 \u00e1 h\u00f6klinum skal vera af s\u00f6mu ger\u00f0 og fast vi\u00f0 hann, \u00far gulli, bl\u00e1um purpura, rau\u00f0um purpura, skarlati og tvinnu\u00f0u, f\u00ednu l\u00edni.<br \/> <a name=\"9\"><span class=\"versanumer_2007\">9<\/span><\/a> \u00de\u00fa skalt taka tvo sj\u00f3amsteina og grafa \u00e1 \u00fe\u00e1 n\u00f6fn sona \u00cdsraels, <a name=\"10\"><span class=\"versanumer_2007\">10<\/span><\/a> sex af n\u00f6fnum \u00feeirra \u00e1 annan steininn og hin sex n\u00f6fnin \u00e1 hinn steininn, eftir aldri \u00feeirra. <a name=\"11\"><span class=\"versanumer_2007\">11<\/span><\/a> \u00de\u00fa skalt grafa n\u00f6fn sona \u00cdsraels \u00e1 b\u00e1\u00f0a steinana me\u00f0 steinskur\u00f0i eins og innsigli eru grafin og greypa \u00fe\u00e1 \u00ed gullumgjar\u00f0ir. <a name=\"12\"><span class=\"versanumer_2007\">12<\/span><\/a> \u00de\u00fa skalt festa b\u00e1\u00f0a steinana \u00e1 hl\u00fdra h\u00f6kulsins. \u00deessir steinar skulu minna \u00e1 syni \u00cdsraels. Aron skal bera n\u00f6fn \u00feeirra \u00e1 b\u00e1\u00f0um \u00f6xlum s\u00e9r, frammi fyrir augliti Drottins, til a\u00f0 minna \u00e1 syni \u00cdsraels.<br \/> <a name=\"13\"><span class=\"versanumer_2007\">13<\/span><\/a> \u00de\u00fa skalt sm\u00ed\u00f0a umgj\u00f6r\u00f0 \u00far gulli <a name=\"14\"><span class=\"versanumer_2007\">14<\/span><\/a> og tv\u00e6r festar \u00far sk\u00edru gulli. \u00de\u00fa skalt fl\u00e9tta \u00fe\u00e6r saman eins og reipi og festa \u00feessa fl\u00e9ttu\u00f0u festi vi\u00f0 umgjar\u00f0irnar.<br \/> <a name=\"15\"><span class=\"versanumer_2007\">15<\/span><\/a> D\u00f3mskj\u00f6ld skaltu gera glitofinn eins og h\u00f6kulinn. \u00de\u00fa skalt gera hann \u00far gulli, bl\u00e1um purpura, rau\u00f0um purpura, skarlati og tvinnu\u00f0u, f\u00ednu l\u00edni. <a name=\"16\"><span class=\"versanumer_2007\">16<\/span><\/a> Hann \u00e1 a\u00f0 vera ferhyrndur og tv\u00f6faldur, spannarlangur og spannarbrei\u00f0ur. <a name=\"17\"><span class=\"versanumer_2007\">17<\/span><\/a> \u00de\u00fa skalt setja hann steinum \u00ed fj\u00f3rum r\u00f6\u00f0um: r\u00fab\u00edn, t\u00f3pas og smarag\u00f0 \u00ed eina r\u00f6\u00f0, \u00fea\u00f0 er fyrsta r\u00f6\u00f0in, <a name=\"18\"><span class=\"versanumer_2007\">18<\/span><\/a> granat, saf\u00edr og jaspis \u00ed a\u00f0ra r\u00f6\u00f0ina, <a name=\"19\"><span class=\"versanumer_2007\">19<\/span><\/a> \u00f3pal, agat og amet\u00fdst \u00ed \u00feri\u00f0ju r\u00f6\u00f0ina <a name=\"20\"><span class=\"versanumer_2007\">20<\/span><\/a> og kr\u00fds\u00f3l\u00edt, sj\u00f3am og \u00f3nyx \u00ed hina fj\u00f3r\u00f0u. Steinarnir skulu greyptir \u00ed gullumgj\u00f6r\u00f0. <a name=\"21\"><span class=\"versanumer_2007\">21<\/span><\/a> \u00deeir skulu vera t\u00f3lf og samsvara n\u00f6fnum \u00cdsraels sona, t\u00f3lf eins og n\u00f6fn \u00feeirra. Hver \u00feeirra skal bera sitt nafn, grafi\u00f0 eins og \u00ed innsigli, eftir t\u00f3lf \u00e6ttkv\u00edslum \u00cdsraels. <a name=\"22\"><span class=\"versanumer_2007\">22<\/span><\/a> \u00de\u00fa skalt sm\u00ed\u00f0a festar \u00far sk\u00edru gulli \u00e1 brj\u00f3stskj\u00f6ldinn, fl\u00e9tta\u00f0ar eins og reipi. <a name=\"23\"><span class=\"versanumer_2007\">23<\/span><\/a> \u00de\u00fa skalt einnig gera tvo hringi \u00far gulli fyrir brj\u00f3stskj\u00f6ldinn og festa b\u00e1\u00f0a hringina \u00e1 tv\u00f6 horn hans. <a name=\"24\"><span class=\"versanumer_2007\">24<\/span><\/a> S\u00ed\u00f0an skaltu festa b\u00e1\u00f0ar gullfl\u00e9tturnar \u00ed \u00feessa tvo hringi \u00e1 hornum brj\u00f3stskjaldarins. <a name=\"25\"><span class=\"versanumer_2007\">25<\/span><\/a> En hina endana \u00e1 b\u00e1\u00f0um fl\u00e9ttunum skaltu festa vi\u00f0 umgjar\u00f0irnar tv\u00e6r og \u00fe\u00e6r s\u00ed\u00f0an vi\u00f0 hl\u00fdra h\u00f6kulsins a\u00f0 framanver\u00f0u. <a name=\"26\"><span class=\"versanumer_2007\">26<\/span><\/a> \u00de\u00fa skalt gera a\u00f0ra tvo hringi \u00far gulli og festa \u00fe\u00e1 \u00ed hin tv\u00f6 horn brj\u00f3stskjaldarins innanvert, \u00ed \u00fe\u00e1 br\u00fan sem veit a\u00f0 h\u00f6klinum. <a name=\"27\"><span class=\"versanumer_2007\">27<\/span><\/a> Enn skaltu gera tvo hringi \u00far gulli og festa \u00fe\u00e1 ne\u00f0st \u00e1 b\u00e1\u00f0a hl\u00fdra h\u00f6kulsins a\u00f0 framanver\u00f0u \u00fear sem hann er festur saman, ofan vi\u00f0 belti h\u00f6kulsins. <a name=\"28\"><span class=\"versanumer_2007\">28<\/span><\/a> Brj\u00f3stskj\u00f6ldinn skal binda me\u00f0 purpurabl\u00e1rri sn\u00faru sem \u00e1 a\u00f0 liggja \u00far hringjum hans og \u00ed hringi h\u00f6kulsins. Brj\u00f3stskj\u00f6ldurinn \u00e1 a\u00f0 vera ofan vi\u00f0 belti h\u00f6kulsins svo a\u00f0 hann losni ekki fr\u00e1 h\u00f6klinum. <a name=\"29\"><span class=\"versanumer_2007\">29<\/span><\/a> Aron skal bera n\u00f6fn sona \u00cdsraels \u00e1 d\u00f3mskildinum \u00e1 brj\u00f3sti s\u00e9r \u00feegar hann gengur inn \u00ed helgid\u00f3minn til a\u00f0 minna s\u00edfellt \u00e1 \u00fe\u00e1 fyrir augliti Drottins.<br \/> <a name=\"30\"><span class=\"versanumer_2007\">30<\/span><\/a> \u00de\u00fa skalt setja \u00far\u00edm og t\u00famm\u00edm \u00ed brj\u00f3stskj\u00f6ldinn. \u00deeir skulu vera vi\u00f0 hjarta Arons \u00feegar hann gengur fyrir auglit Drottins. Aron skal \u00feannig s\u00edfellt bera d\u00f3ms\u00farskur\u00f0inn um syni \u00cdsraels vi\u00f0 hjarta s\u00e9r fyrir augliti Drottins.<br \/> <a name=\"31\"><span class=\"versanumer_2007\">31<\/span><\/a> \u00de\u00fa skalt gera k\u00e1puna, sem tilheyrir h\u00f6klinum, \u00far bl\u00e1um purpura. <a name=\"32\"><span class=\"versanumer_2007\">32<\/span><\/a> \u00c1 henni mi\u00f0ri \u00e1 a\u00f0 vera h\u00e1lsm\u00e1l, falda\u00f0 me\u00f0 ofnum bor\u00f0a, eins og \u00e1 brynju, svo a\u00f0 ekki rifni \u00fat \u00far. <a name=\"33\"><span class=\"versanumer_2007\">33<\/span><\/a> \u00de\u00fa skalt gera granatepli \u00far bl\u00e1um purpura, rau\u00f0um purpura og skarlati hringinn \u00ed kring \u00e1 sl\u00f3\u00f0a hennar og gullbj\u00f6llur \u00e1 milli \u00feeirra hringinn \u00ed kring, <a name=\"34\"><span class=\"versanumer_2007\">34<\/span><\/a> til skiptis gullbj\u00f6llu og granatepli hringinn \u00ed kring \u00e1 sl\u00f3\u00f0a k\u00e1punnar. <a name=\"35\"><span class=\"versanumer_2007\">35<\/span><\/a> Aron \u00e1 a\u00f0 bera hana \u00feegar hann gegnir \u00fej\u00f3nustu svo a\u00f0 til hans heyrist \u00feegar hann gengur inn \u00ed helgid\u00f3minn fram fyrir auglit Drottins og \u00feegar hann gengur \u00fat svo a\u00f0 hann deyi ekki.<br \/> <a name=\"36\"><span class=\"versanumer_2007\">36<\/span><\/a> \u00de\u00fa skalt gera bl\u00f3m \u00far sk\u00edru gulli og grafa \u00ed \u00fea\u00f0 eins og innsigli: Helga\u00f0ur Drottni. <a name=\"37\"><span class=\"versanumer_2007\">37<\/span><\/a> \u00de\u00fa skalt festa \u00fea\u00f0 \u00e1 purpurabl\u00e1a sn\u00faru og koma henni fyrir \u00e1 h\u00f6fu\u00f0d\u00faknum. \u00dea\u00f0 \u00e1 a\u00f0 vera framan \u00e1 h\u00f6fu\u00f0d\u00faknum <a name=\"38\"><span class=\"versanumer_2007\">38<\/span><\/a> \u00e1 enni Arons \u00fev\u00ed a\u00f0 hann ber \u00e1byrg\u00f0 \u00e1 <span class=\"nedan_mal\" title=\" \u00c1tt er vi\u00f0 a\u00f0 Aron s\u00e9 \u00e1byrgur vegna l\u00fdta \u00e1 f\u00f3rnard\u00fdrum e\u00f0a mistaka vi\u00f0 sj\u00e1lfa f\u00f3rnina.\">[<\/span> \u00f6llum helgigj\u00f6fum sem \u00cdsraelsmenn bera fram. Bl\u00f3mi\u00f0 skal \u00e1vallt vera \u00e1 enni Arons svo a\u00f0 gjafirnar ver\u00f0i \u00fe\u00f3knanlegar fyrir augliti Drottins.<br \/> <a name=\"39\"><span class=\"versanumer_2007\">39<\/span><\/a> \u00de\u00fa skalt gera glitofinn kyrtil \u00far f\u00ednu l\u00edni, h\u00f6fu\u00f0d\u00fak \u00far f\u00ednu l\u00edni og glitofi\u00f0 belti.<br \/> <a name=\"40\"><span class=\"versanumer_2007\">40<\/span><\/a> \u00de\u00fa skalt gera kyrtla handa sonum Arons og b\u00faa \u00feeim til belti. Einnig skaltu gera \u00feeim h\u00f6fu\u00f0d\u00faka til vegsemdar og skrauts. <a name=\"41\"><span class=\"versanumer_2007\">41<\/span><\/a> \u00de\u00fa skalt f\u00e6ra Aron, br\u00f3\u00f0ur \u00feinn, og syni hans \u00ed \u00feetta og \u00fe\u00fa skalt smyrja \u00fe\u00e1 og fylla hendur \u00feeirra og v\u00edgja \u00fe\u00e1 til a\u00f0 \u00fej\u00f3na m\u00e9r sem prestar. <a name=\"42\"><span class=\"versanumer_2007\">42<\/span><\/a> \u00de\u00fa skalt einnig gera \u00feeim l\u00ednbuxur til a\u00f0 hylja blyg\u00f0un \u00feeirra. \u00de\u00e6r eiga a\u00f0 n\u00e1 fr\u00e1 mj\u00f6\u00f0mum ni\u00f0ur \u00e1 l\u00e6ri. <a name=\"43\"><span class=\"versanumer_2007\">43<\/span><\/a> Aron og synir hans skulu vera \u00ed \u00feeim \u00feegar \u00feeir ganga inn \u00ed samfundatjaldi\u00f0 e\u00f0a n\u00e1lgast altari\u00f0 til a\u00f0 \u00fej\u00f3na \u00ed helgid\u00f3minum svo a\u00f0 \u00feeir baki s\u00e9r ekki sekt og deyi. \u00deetta er \u00e6varandi regla fyrir hann og ni\u00f0ja hans eftir hann.<\/p>\n","protected":false},"excerpt":{"rendered":"<p>Skr\u00fa\u00f0i prestanna 1 L\u00e1ttu Aron, br\u00f3\u00f0ur \u00feinn, og syni hans koma til \u00fe\u00edn \u00far s\u00f6fnu\u00f0i \u00cdsraelsmanna og \u00feeir skulu \u00fej\u00f3na m\u00e9r sem prestar, Aron, Nadab og Ab\u00edh\u00fa, Eleasar og \u00cdtamar, synir Arons. 2 \u00de\u00fa skalt gera heil\u00f6g kl\u00e6\u00f0i handa Aroni, br\u00f3\u00f0ur \u00fe\u00ednum, honum til vegsauka og pr\u00fd\u00f0i. 3 \u00de\u00fa skalt tala vi\u00f0 alla kunn\u00e1ttumenn sem \u00e9g hef fyllt hugvitsanda og \u00feeir skulu gera Aroni kl\u00e6\u00f0i til \u00feess a\u00f0 helga hann til a\u00f0 \u00fej\u00f3na m\u00e9r sem prestur. 4 \u00deetta eru kl\u00e6\u00f0in sem \u00feeir eiga a\u00f0 gera: brj\u00f3stskj\u00f6ldur, h\u00f6kull, [ k\u00e1pa, glitofinn kyrtill, h\u00f6fu\u00f0d\u00fakur og belti. \u00deeir skulu gera heil\u00f6g kl\u00e6\u00f0i handa <a href=\"https:\/\/biblian.is\/biblian\/onnur-mosebok-28-kafli\/\"> [&#8230;]<\/a><\/p>\n","protected":false},"author":1,"featured_media":0,"parent":0,"menu_order":0,"comment_status":"open","ping_status":"open","template":"bibliukaflar_NT.php","meta":{"footnotes":""},"class_list":["post-1695","page","type-page","status-publish","hentry"],"_links":{"self":[{"href":"https:\/\/biblian.is\/biblian\/wp-json\/wp\/v2\/pages\/1695","targetHints":{"allow":["GET"]}}],"collection":[{"href":"https:\/\/biblian.is\/biblian\/wp-json\/wp\/v2\/pages"}],"about":[{"href":"https:\/\/biblian.is\/biblian\/wp-json\/wp\/v2\/types\/page"}],"author":[{"embeddable":true,"href":"https:\/\/biblian.is\/biblian\/wp-json\/wp\/v2\/users\/1"}],"replies":[{"embeddable":true,"href":"https:\/\/biblian.is\/biblian\/wp-json\/wp\/v2\/comments?post=1695"}],"version-history":[{"count":0,"href":"https:\/\/biblian.is\/biblian\/wp-json\/wp\/v2\/pages\/1695\/revisions"}],"wp:attachment":[{"href":"https:\/\/biblian.is\/biblian\/wp-json\/wp\/v2\/media?parent=1695"}],"curies":[{"name":"wp","href":"https:\/\/api.w.org\/{rel}","templated":true}]}}