{"id":1694,"date":"2017-12-30T21:00:00","date_gmt":"2017-12-30T21:00:00","guid":{"rendered":"http:\/\/biblian.is\/biblian\/%c2%85nnur-m%c2%97seb%c2%97k-27-kafli\/"},"modified":"2023-05-01T16:21:28","modified_gmt":"2023-05-01T16:21:28","slug":"onnur-mosebok-27-kafli","status":"publish","type":"page","link":"https:\/\/biblian.is\/biblian\/onnur-mosebok-27-kafli\/","title":{"rendered":"\u00d6nnur M\u00f3seb\u00f3k 27. kafli"},"content":{"rendered":"<h3 class=\"millifyrirsogn_2007\"> Altari\u00f0<\/h3>\n<p><a name=\"1\"><span class=\"versanumer_2007\">1<\/span><\/a> \u00de\u00fa skalt gera altari \u00far akas\u00eduvi\u00f0i, fimm \u00e1lnir \u00e1 lengd og fimm \u00e1lnir \u00e1 breidd. Altari\u00f0 \u00e1 a\u00f0 vera ferhyrnt. H\u00e6\u00f0 \u00feess skal vera \u00ferj\u00e1r \u00e1lnir. <a name=\"2\"><span class=\"versanumer_2007\">2<\/span><\/a> \u00de\u00fa skalt gera horn \u00e1 \u00fea\u00f0 upp af \u00e1 fj\u00f3rum hornum \u00feess. Hornin skulu vera f\u00f6st vi\u00f0 \u00fea\u00f0. \u00de\u00fa skalt leggja altari\u00f0 eir. <a name=\"3\"><span class=\"versanumer_2007\">3<\/span><\/a> \u00de\u00fa skalt gera ker undir f\u00f3rnar\u00f6skuna, sk\u00f3flur, sk\u00e1lar fyrir dreypif\u00f3rnir, gaffla og eldp\u00f6nnur. \u00d6ll \u00e1h\u00f6ld altarisins skaltu gera \u00far eir. <a name=\"4\"><span class=\"versanumer_2007\">4<\/span><\/a> \u00de\u00fa skalt gera grind \u00far eir um altari\u00f0 eins og ri\u00f0i\u00f0 net, setja fj\u00f3ra hringi \u00far eir \u00e1 neti\u00f0, \u00e1 fj\u00f6gur horn altarisins. Grindina skaltu festa <a name=\"5\"><span class=\"versanumer_2007\">5<\/span><\/a> og koma fyrir ne\u00f0an vi\u00f0 umgj\u00f6r\u00f0 altarisins \u00feannig a\u00f0 neti\u00f0 n\u00e1i upp \u00e1 mitt altari\u00f0. <a name=\"6\"><span class=\"versanumer_2007\">6<\/span><\/a> \u00de\u00fa skalt einnig gera stengur fyrir altari\u00f0, stengur \u00far akas\u00eduvi\u00f0i og \u00fe\u00fa skalt leggja \u00fe\u00e6r eir. <a name=\"7\"><span class=\"versanumer_2007\">7<\/span><\/a> St\u00f6ngum altarisins skal smeygt \u00ed hringina \u00feannig a\u00f0 \u00fe\u00e6r s\u00e9u \u00e1 b\u00e1\u00f0um hli\u00f0um altarisins \u00feegar \u00fea\u00f0 er bori\u00f0. <a name=\"8\"><span class=\"versanumer_2007\">8<\/span><\/a> \u00de\u00fa skalt gera altari\u00f0 \u00far bor\u00f0um, holt a\u00f0 innan. \u00deeir skulu gera \u00fea\u00f0 eins og \u00fe\u00e9r var s\u00fdnt \u00e1 fjallinu.<\/p>\n<h3 class=\"millifyrirsogn_2007\">Forgar\u00f0urinn<\/h3>\n<p><a name=\"9\"><span class=\"versanumer_2007\">9<\/span><\/a> \u00dev\u00ed n\u00e6st skaltu gera forgar\u00f0 tjaldb\u00fa\u00f0arinnar. \u00c1 su\u00f0urhli\u00f0inni skal forgar\u00f0urinn b\u00fainn veggtj\u00f6ldum \u00far tvinnu\u00f0u, f\u00ednu l\u00edni, hundra\u00f0 \u00e1lnir \u00e1 lengd \u00e1 \u00fe\u00e1 hli\u00f0ina. <a name=\"10\"><span class=\"versanumer_2007\">10<\/span><\/a> \u00dear eiga a\u00f0 vera tuttugu s\u00falur \u00e1samt tuttugu s\u00f6kklum \u00far eir en naglarnir \u00ed s\u00falunum og \u00feversl\u00e1rnar skulu vera \u00far silfri. <a name=\"11\"><span class=\"versanumer_2007\">11<\/span><\/a> A\u00f0 nor\u00f0anver\u00f0u eiga einnig a\u00f0 vera veggtj\u00f6ld eftir endilangri hli\u00f0inni, hundra\u00f0 \u00e1lnir \u00e1 lengd, einnig tuttugu s\u00falur \u00e1samt tuttugu s\u00f6kklum \u00far eir, en naglarnir \u00ed s\u00falunum og \u00feversl\u00e1rnar skulu vera \u00far silfri. <a name=\"12\"><span class=\"versanumer_2007\">12<\/span><\/a> \u00c1 \u00feverhli\u00f0 forgar\u00f0sins a\u00f0 vestanver\u00f0u skulu vera fimmt\u00e1n \u00e1lna l\u00f6ng tj\u00f6ld og t\u00edu s\u00falur \u00e1samt s\u00f6kklum. <a name=\"13\"><span class=\"versanumer_2007\">13<\/span><\/a> \u00deverhli\u00f0 forgar\u00f0sins a\u00f0 austanver\u00f0u \u00e1 a\u00f0 vera fimmt\u00edu \u00e1lnir <a name=\"14\"><span class=\"versanumer_2007\">14<\/span><\/a> og \u00f6\u00f0rum megin skulu vera fimmt\u00e1n \u00e1lna l\u00f6ng tj\u00f6ld og \u00ferj\u00e1r s\u00falur \u00e1samt \u00feremur s\u00f6kklum <a name=\"15\"><span class=\"versanumer_2007\">15<\/span><\/a> og hinum megin einnig fimmt\u00e1n \u00e1lna l\u00f6ng tj\u00f6ld og \u00ferj\u00e1r s\u00falur \u00e1samt \u00feremur s\u00f6kklum. <a name=\"16\"><span class=\"versanumer_2007\">16<\/span><\/a> Fyrir hli\u00f0i forgar\u00f0sins skal vera tuttugu \u00e1lna forhengi \u00far bl\u00e1um purpura, rau\u00f0um purpura og skarlati, \u00e1samt tvinnu\u00f0u, f\u00ednu l\u00edni myndofnu, og fj\u00f3rar s\u00falur \u00e1samt fj\u00f3rum s\u00f6kklum. <a name=\"17\"><span class=\"versanumer_2007\">17<\/span><\/a> Allar s\u00falur umhverfis forgar\u00f0inn skulu tengdar me\u00f0 \u00feversl\u00e1m \u00far silfri og naglarnir \u00ed \u00feeim skulu vera \u00far silfri en s\u00f6kklar \u00feeirra skulu vera \u00far eir. <a name=\"18\"><span class=\"versanumer_2007\">18<\/span><\/a> Forgar\u00f0urinn skal vera hundra\u00f0 \u00e1lnir \u00e1 lengd, fimmt\u00edu \u00e1lnir \u00e1 breidd og fimm \u00e1lnir \u00e1 h\u00e6\u00f0. Tj\u00f6ldin skulu vera \u00far tvinnu\u00f0u, f\u00ednu l\u00edni og s\u00f6kklarnir \u00far eir. <a name=\"19\"><span class=\"versanumer_2007\">19<\/span><\/a> \u00d6ll \u00e1h\u00f6ld \u00ed b\u00fasta\u00f0num, sem \u00e6tlu\u00f0 eru til allrar gu\u00f0s\u00fej\u00f3nustu, og allir tjaldh\u00e6lar hans og allir tjaldh\u00e6lar forgar\u00f0sins eiga a\u00f0 vera \u00far eir.<\/p>\n<h3 class=\"millifyrirsogn_2007\">Ol\u00edan<\/h3>\n<p><a name=\"20\"><span class=\"versanumer_2007\">20<\/span><\/a> \u00de\u00fa skalt gefa \u00cdsraelsm\u00f6nnum fyrirm\u00e6li um a\u00f0 \u00feeir f\u00e6ri \u00fe\u00e9r t\u00e6ra ol\u00edu \u00far steyttum \u00f3l\u00edfum fyrir lj\u00f3sastikuna svo a\u00f0 setja megi upp lampa sem brenni s\u00edfellt. <a name=\"21\"><span class=\"versanumer_2007\">21<\/span><\/a> \u00cd samfundatjaldinu framan vi\u00f0 fortjaldi\u00f0, sem er fyrir framan s\u00e1ttm\u00e1lst\u00e1kni\u00f0, eiga Aron og synir hans a\u00f0 sj\u00e1 um a\u00f0 lamparnir logi fr\u00e1 kv\u00f6ldi til morguns frammi fyrir augliti Drottins. \u00deetta er \u00e6varandi skuldbinding fyrir \u00cdsraelsmenn fr\u00e1 kyni til kyns.<\/p>\n","protected":false},"excerpt":{"rendered":"<p>Altari\u00f0 1 \u00de\u00fa skalt gera altari \u00far akas\u00eduvi\u00f0i, fimm \u00e1lnir \u00e1 lengd og fimm \u00e1lnir \u00e1 breidd. Altari\u00f0 \u00e1 a\u00f0 vera ferhyrnt. H\u00e6\u00f0 \u00feess skal vera \u00ferj\u00e1r \u00e1lnir. 2 \u00de\u00fa skalt gera horn \u00e1 \u00fea\u00f0 upp af \u00e1 fj\u00f3rum hornum \u00feess. Hornin skulu vera f\u00f6st vi\u00f0 \u00fea\u00f0. \u00de\u00fa skalt leggja altari\u00f0 eir. 3 \u00de\u00fa skalt gera ker undir f\u00f3rnar\u00f6skuna, sk\u00f3flur, sk\u00e1lar fyrir dreypif\u00f3rnir, gaffla og eldp\u00f6nnur. \u00d6ll \u00e1h\u00f6ld altarisins skaltu gera \u00far eir. 4 \u00de\u00fa skalt gera grind \u00far eir um altari\u00f0 eins og ri\u00f0i\u00f0 net, setja fj\u00f3ra hringi \u00far eir \u00e1 neti\u00f0, \u00e1 fj\u00f6gur horn altarisins. Grindina skaltu festa <a href=\"https:\/\/biblian.is\/biblian\/onnur-mosebok-27-kafli\/\"> [&#8230;]<\/a><\/p>\n","protected":false},"author":1,"featured_media":0,"parent":0,"menu_order":0,"comment_status":"open","ping_status":"open","template":"bibliukaflar_NT.php","meta":{"footnotes":""},"class_list":["post-1694","page","type-page","status-publish","hentry"],"_links":{"self":[{"href":"https:\/\/biblian.is\/biblian\/wp-json\/wp\/v2\/pages\/1694","targetHints":{"allow":["GET"]}}],"collection":[{"href":"https:\/\/biblian.is\/biblian\/wp-json\/wp\/v2\/pages"}],"about":[{"href":"https:\/\/biblian.is\/biblian\/wp-json\/wp\/v2\/types\/page"}],"author":[{"embeddable":true,"href":"https:\/\/biblian.is\/biblian\/wp-json\/wp\/v2\/users\/1"}],"replies":[{"embeddable":true,"href":"https:\/\/biblian.is\/biblian\/wp-json\/wp\/v2\/comments?post=1694"}],"version-history":[{"count":0,"href":"https:\/\/biblian.is\/biblian\/wp-json\/wp\/v2\/pages\/1694\/revisions"}],"wp:attachment":[{"href":"https:\/\/biblian.is\/biblian\/wp-json\/wp\/v2\/media?parent=1694"}],"curies":[{"name":"wp","href":"https:\/\/api.w.org\/{rel}","templated":true}]}}