{"id":1693,"date":"2017-12-30T21:00:00","date_gmt":"2017-12-30T21:00:00","guid":{"rendered":"http:\/\/biblian.is\/biblian\/%c2%85nnur-m%c2%97seb%c2%97k-26-kafli\/"},"modified":"2023-05-01T16:21:28","modified_gmt":"2023-05-01T16:21:28","slug":"onnur-mosebok-26-kafli","status":"publish","type":"page","link":"https:\/\/biblian.is\/biblian\/onnur-mosebok-26-kafli\/","title":{"rendered":"\u00d6nnur M\u00f3seb\u00f3k 26. kafli"},"content":{"rendered":"<h3 class=\"millifyrirsogn_2007\"> Tjaldb\u00fa\u00f0in<\/h3>\n<p><a name=\"1\"><span class=\"versanumer_2007\">1<\/span><\/a> Tjaldb\u00fa\u00f0ina skaltu gera \u00far t\u00edu tjaldd\u00fakum \u00far tvinnu\u00f0u, f\u00ednu l\u00edni, bl\u00e1um og rau\u00f0um purpura og skarlati. \u00de\u00fa skalt vefa ker\u00faba me\u00f0 myndvefna\u00f0i \u00ed d\u00fakana. <a name=\"2\"><span class=\"versanumer_2007\">2<\/span><\/a> Hver d\u00fakur \u00e1 a\u00f0 vera tuttugu og \u00e1tta \u00e1lna langur og fj\u00f6gurra \u00e1lna brei\u00f0ur. Allir d\u00fakarnir eiga a\u00f0 vera jafnst\u00f3rir. <a name=\"3\"><span class=\"versanumer_2007\">3<\/span><\/a> Fimm tjaldd\u00fakanna skaltu tengja hvern vi\u00f0 annan og hina fimm skaltu einnig tengja hvern vi\u00f0 annan. <a name=\"4\"><span class=\"versanumer_2007\">4<\/span><\/a> \u00de\u00fa skalt gera lykkjur \u00far bl\u00e1um purpura \u00e1 ja\u00f0ri annarrar samfellunnar og eins skaltu gera \u00e1 ja\u00f0ri endad\u00faksins \u00ed hinni samfellunni. <a name=\"5\"><span class=\"versanumer_2007\">5<\/span><\/a> \u00de\u00fa skalt gera fimmt\u00edu lykkjur \u00e1 annan tjaldd\u00fakinn og fimmt\u00edu lykkjur \u00e1 ja\u00f0ar endad\u00faksins \u00ed hinni samfellunni og skulu lykkjurnar standast \u00e1. <a name=\"6\"><span class=\"versanumer_2007\">6<\/span><\/a> \u00de\u00fa skalt einnig gera fimmt\u00edu kr\u00f3ka \u00far gulli og festa d\u00fakana saman me\u00f0 kr\u00f3kunum svo a\u00f0 tjaldb\u00fa\u00f0in ver\u00f0i ein og \u00f3skipt.<br \/> <a name=\"7\"><span class=\"versanumer_2007\">7<\/span><\/a> \u00de\u00fa skalt gera tjaldd\u00faka \u00far geitah\u00e1ri til a\u00f0 tjalda me\u00f0 yfir b\u00fa\u00f0ina, ellefu tjaldd\u00faka. <a name=\"8\"><span class=\"versanumer_2007\">8<\/span><\/a> Hver d\u00fakur \u00e1 a\u00f0 vera \u00ferj\u00e1t\u00edu \u00e1lna langur og fj\u00f6gurra \u00e1lna brei\u00f0ur. \u00deessir ellefu tjaldd\u00fakar skulu vera jafnst\u00f3rir. <a name=\"9\"><span class=\"versanumer_2007\">9<\/span><\/a> \u00de\u00fa skalt tengja fimm d\u00faka s\u00e9r og sex d\u00faka s\u00e9r en sj\u00f6tta d\u00fakinn, \u00e1 framhli\u00f0 tjaldsins, skaltu leggja tv\u00f6faldan. <a name=\"10\"><span class=\"versanumer_2007\">10<\/span><\/a> \u00de\u00fa skalt gera fimmt\u00edu lykkjur \u00e1 ja\u00f0ar endad\u00faksins \u00ed samfellunni og fimmt\u00edu lykkjur \u00e1 ja\u00f0ar endad\u00faksins \u00ed hinni samfellunni. <a name=\"11\"><span class=\"versanumer_2007\">11<\/span><\/a> \u00de\u00fa skalt einnig gera fimmt\u00edu kr\u00f3ka \u00far eir og kr\u00e6kja kr\u00f3kunum \u00ed lykkjurnar og kr\u00e6kja s\u00ed\u00f0an saman svo a\u00f0 allt ver\u00f0i eitt. <a name=\"12\"><span class=\"versanumer_2007\">12<\/span><\/a> En \u00fea\u00f0 af tjaldd\u00faknum, sem \u00fat af stendur, helming \u00feess sem \u00fat af hangir, skaltu l\u00e1ta hanga ni\u00f0ur af bakhli\u00f0 tjaldb\u00fa\u00f0arinnar. <a name=\"13\"><span class=\"versanumer_2007\">13<\/span><\/a> En s\u00fa alin, sem n\u00e6r \u00fat fyrir hvorum megin \u00e1 tjaldd\u00faknum endil\u00f6ngum, \u00e1 a\u00f0 hanga yfir b\u00e1\u00f0ar hli\u00f0ar tjaldb\u00fa\u00f0arinnar og hylja \u00fe\u00e6r. <a name=\"14\"><span class=\"versanumer_2007\">14<\/span><\/a> \u00de\u00fa skalt gera \u00feak yfir tjaldi\u00f0 \u00far rau\u00f0litu\u00f0um hr\u00fatsskinnum og anna\u00f0 \u00feak \u00far h\u00f6frungah\u00fa\u00f0um yfir hana.<br \/> <a name=\"15\"><span class=\"versanumer_2007\">15<\/span><\/a> \u00de\u00fa skalt gera \u00feiljubor\u00f0 \u00ed tjaldb\u00fa\u00f0ina, bor\u00f0 \u00far akas\u00eduvi\u00f0i, sem eiga a\u00f0 standa upp \u00e1 endann. <a name=\"16\"><span class=\"versanumer_2007\">16<\/span><\/a> Hvert bor\u00f0 \u00e1 a\u00f0 vera t\u00edu \u00e1lnir \u00e1 lengd og h\u00e1lf \u00f6nnur alin \u00e1 breidd. <a name=\"17\"><span class=\"versanumer_2007\">17<\/span><\/a> \u00c1 hverju bor\u00f0i eiga a\u00f0 vera tveir tappar til a\u00f0 tengja \u00feau saman. \u00deannig skal fari\u00f0 me\u00f0 \u00f6ll bor\u00f0in \u00ed tjaldb\u00fa\u00f0ina. <a name=\"18\"><span class=\"versanumer_2007\">18<\/span><\/a> \u00deannig skaltu gera bor\u00f0in \u00ed tjaldb\u00fa\u00f0ina: tuttugu bor\u00f0 fyrir su\u00f0urhli\u00f0ina <a name=\"19\"><span class=\"versanumer_2007\">19<\/span><\/a> og \u00fe\u00fa skalt gera fj\u00f6rut\u00edu s\u00f6kkla \u00far silfri undir \u00feessi tuttugu bor\u00f0, tvo s\u00f6kkla undir hvert bor\u00f0, sinn fyrir hvorn tappa. <a name=\"20\"><span class=\"versanumer_2007\">20<\/span><\/a> Fyrir hina hli\u00f0 tjaldb\u00fa\u00f0arinnar, nor\u00f0urhli\u00f0ina, skaltu gera tuttugu bor\u00f0 <a name=\"21\"><span class=\"versanumer_2007\">21<\/span><\/a> og fj\u00f6rut\u00edu s\u00f6kkla \u00far silfri, tvo s\u00f6kkla fyrir hvert bor\u00f0. <a name=\"22\"><span class=\"versanumer_2007\">22<\/span><\/a> \u00de\u00fa skalt gera sex bor\u00f0 fyrir afturgafl tjaldb\u00fa\u00f0arinnar sem sn\u00fdr \u00ed vestur <a name=\"23\"><span class=\"versanumer_2007\">23<\/span><\/a> og \u00fe\u00fa skalt gera tv\u00f6 bor\u00f0 fyrir horn tjaldb\u00fa\u00f0arinnar \u00e1 bakhli\u00f0inni. <a name=\"24\"><span class=\"versanumer_2007\">24<\/span><\/a> \u00deau skulu vera tv\u00f6f\u00f6ld a\u00f0 ne\u00f0an og eins a\u00f0 ofan til fyrsta hrings. \u00deannig skulu \u00feau b\u00e6\u00f0i vera, \u00feau eiga a\u00f0 vera \u00ed b\u00e1\u00f0um hornunum. <a name=\"25\"><span class=\"versanumer_2007\">25<\/span><\/a> \u00deetta eiga a\u00f0 vera \u00e1tta bor\u00f0 \u00e1samt s\u00f6kklum \u00far silfri, sext\u00e1n s\u00f6kklum, tveimur undir hverju bor\u00f0i.<br \/> <a name=\"26\"><span class=\"versanumer_2007\">26<\/span><\/a> \u00de\u00fa skalt gera \u00feversl\u00e1r \u00far akas\u00eduvi\u00f0i, fimm fyrir \u00feiljubor\u00f0in \u00e1 annarri hli\u00f0 tjaldb\u00fa\u00f0arinnar <a name=\"27\"><span class=\"versanumer_2007\">27<\/span><\/a> og fimm fyrir \u00feiljubor\u00f0in \u00e1 hinni hli\u00f0 hennar og fimm \u00feversl\u00e1r fyrir \u00feiljubor\u00f0in \u00e1 bakhli\u00f0inni gegnt vestri. <a name=\"28\"><span class=\"versanumer_2007\">28<\/span><\/a> Mi\u00f0sl\u00e1in \u00e1 a\u00f0 vera \u00e1 mi\u00f0jum bor\u00f0unum endanna \u00e1 milli. <a name=\"29\"><span class=\"versanumer_2007\">29<\/span><\/a> \u00de\u00fa skalt leggja bor\u00f0in gulli og gera hringi \u00far gulli \u00e1 \u00feau til a\u00f0 halda \u00feversl\u00e1num uppi. \u00de\u00fa skalt einnig leggja sl\u00e1rnar gulli. <a name=\"30\"><span class=\"versanumer_2007\">30<\/span><\/a> S\u00ed\u00f0an skaltu reisa tjaldb\u00fa\u00f0ina \u00e1 \u00feann h\u00e1tt sem \u00fe\u00e9r var s\u00fdnt \u00e1 fjallinu.<br \/> <a name=\"31\"><span class=\"versanumer_2007\">31<\/span><\/a> \u00de\u00fa skalt gera fortjald \u00far bl\u00e1um purpura, rau\u00f0um purpura og skarlati \u00e1samt tvinnu\u00f0u, f\u00ednu l\u00edni. \u00de\u00fa skalt vefa ker\u00faba me\u00f0 myndvefna\u00f0i \u00ed tjaldi\u00f0 <a name=\"32\"><span class=\"versanumer_2007\">32<\/span><\/a> og hengja \u00fea\u00f0 me\u00f0 gulln\u00f6glum \u00e1 fj\u00f3rar s\u00falur \u00far akas\u00eduvi\u00f0i sem lag\u00f0ar eru gulli og standa \u00e1 fj\u00f3rum s\u00f6kklum \u00far silfri. <a name=\"33\"><span class=\"versanumer_2007\">33<\/span><\/a> \u00de\u00fa skalt hengja fortjaldi\u00f0 \u00e1 kr\u00f3kana. S\u00ed\u00f0an skaltu flytja \u00f6rkina me\u00f0 s\u00e1ttm\u00e1lst\u00e1kninu inn fyrir fortjaldi\u00f0 svo a\u00f0 fortjaldi\u00f0 skilji \u00e1 milli hins heilaga og hins allra helgasta. <a name=\"34\"><span class=\"versanumer_2007\">34<\/span><\/a> \u00dev\u00ed n\u00e6st skaltu leggja loki\u00f0 \u00e1 \u00f6rkina me\u00f0 s\u00e1ttm\u00e1lst\u00e1kninu inni \u00ed hinu allra helgasta. <a name=\"35\"><span class=\"versanumer_2007\">35<\/span><\/a> En \u00fe\u00fa skalt setja bor\u00f0i\u00f0 framan vi\u00f0 fortjaldi\u00f0 og lj\u00f3sastikuna gegnt bor\u00f0inu vi\u00f0 su\u00f0urvegg tjaldb\u00fa\u00f0arinnar, en bor\u00f0i\u00f0 skaltu setja vi\u00f0 nor\u00f0urvegg hennar. <a name=\"36\"><span class=\"versanumer_2007\">36<\/span><\/a> Fyrir inngang tjaldb\u00fa\u00f0arinnar skaltu gera forhengi \u00far bl\u00e1um purpura, rau\u00f0um purpura og skarlati \u00e1samt tvinnu\u00f0u, f\u00ednu l\u00edni me\u00f0 myndvefna\u00f0i. <a name=\"37\"><span class=\"versanumer_2007\">37<\/span><\/a> Fyrir forhengi\u00f0 skaltu gera fimm s\u00falur \u00far akas\u00eduvi\u00f0i. \u00de\u00fa skalt leggja \u00fe\u00e6r gulli og naglarnir \u00ed \u00feeim skulu einnig vera \u00far gulli. \u00de\u00fa skalt einnig steypa fimm s\u00f6kkla \u00far eir undir \u00fe\u00e6r.<\/p>\n","protected":false},"excerpt":{"rendered":"<p>Tjaldb\u00fa\u00f0in 1 Tjaldb\u00fa\u00f0ina skaltu gera \u00far t\u00edu tjaldd\u00fakum \u00far tvinnu\u00f0u, f\u00ednu l\u00edni, bl\u00e1um og rau\u00f0um purpura og skarlati. \u00de\u00fa skalt vefa ker\u00faba me\u00f0 myndvefna\u00f0i \u00ed d\u00fakana. 2 Hver d\u00fakur \u00e1 a\u00f0 vera tuttugu og \u00e1tta \u00e1lna langur og fj\u00f6gurra \u00e1lna brei\u00f0ur. Allir d\u00fakarnir eiga a\u00f0 vera jafnst\u00f3rir. 3 Fimm tjaldd\u00fakanna skaltu tengja hvern vi\u00f0 annan og hina fimm skaltu einnig tengja hvern vi\u00f0 annan. 4 \u00de\u00fa skalt gera lykkjur \u00far bl\u00e1um purpura \u00e1 ja\u00f0ri annarrar samfellunnar og eins skaltu gera \u00e1 ja\u00f0ri endad\u00faksins \u00ed hinni samfellunni. 5 \u00de\u00fa skalt gera fimmt\u00edu lykkjur \u00e1 annan tjaldd\u00fakinn og fimmt\u00edu lykkjur \u00e1 ja\u00f0ar <a href=\"https:\/\/biblian.is\/biblian\/onnur-mosebok-26-kafli\/\"> [&#8230;]<\/a><\/p>\n","protected":false},"author":1,"featured_media":0,"parent":0,"menu_order":0,"comment_status":"open","ping_status":"open","template":"bibliukaflar_NT.php","meta":{"footnotes":""},"class_list":["post-1693","page","type-page","status-publish","hentry"],"_links":{"self":[{"href":"https:\/\/biblian.is\/biblian\/wp-json\/wp\/v2\/pages\/1693","targetHints":{"allow":["GET"]}}],"collection":[{"href":"https:\/\/biblian.is\/biblian\/wp-json\/wp\/v2\/pages"}],"about":[{"href":"https:\/\/biblian.is\/biblian\/wp-json\/wp\/v2\/types\/page"}],"author":[{"embeddable":true,"href":"https:\/\/biblian.is\/biblian\/wp-json\/wp\/v2\/users\/1"}],"replies":[{"embeddable":true,"href":"https:\/\/biblian.is\/biblian\/wp-json\/wp\/v2\/comments?post=1693"}],"version-history":[{"count":0,"href":"https:\/\/biblian.is\/biblian\/wp-json\/wp\/v2\/pages\/1693\/revisions"}],"wp:attachment":[{"href":"https:\/\/biblian.is\/biblian\/wp-json\/wp\/v2\/media?parent=1693"}],"curies":[{"name":"wp","href":"https:\/\/api.w.org\/{rel}","templated":true}]}}