{"id":1692,"date":"2017-12-30T21:00:00","date_gmt":"2017-12-30T21:00:00","guid":{"rendered":"http:\/\/biblian.is\/biblian\/%c2%85nnur-m%c2%97seb%c2%97k-25-kafli\/"},"modified":"2023-05-01T16:21:27","modified_gmt":"2023-05-01T16:21:27","slug":"onnur-mosebok-25-kafli","status":"publish","type":"page","link":"https:\/\/biblian.is\/biblian\/onnur-mosebok-25-kafli\/","title":{"rendered":"\u00d6nnur M\u00f3seb\u00f3k 25. kafli"},"content":{"rendered":"<h2 class=\"millifyrirsogn_2007\">Fyrirm\u00e6li um helgid\u00f3m og gu\u00f0sd\u00fdrkun <\/h2>\n<h3 class=\"millifyrirsogn_2007\">Inngangur<\/h3>\n<p><a name=\"1\"><span class=\"versanumer_2007\">1<\/span><\/a> Drottinn \u00e1varpa\u00f0i M\u00f3se og sag\u00f0i: <a name=\"2\"><span class=\"versanumer_2007\">2<\/span><\/a> \u201eSeg\u00f0u \u00cdsraelsm\u00f6nnum a\u00f0 \u00feeir skuli f\u00e6ra m\u00e9r afgjald. \u00dei\u00f0 skulu\u00f0 f\u00e6ra m\u00e9r afgjald fr\u00e1 hverjum \u00feeim manni sem l\u00e6tur \u00fea\u00f0 af hendi af f\u00fasum vilja. <a name=\"3\"><span class=\"versanumer_2007\">3<\/span><\/a> \u00deetta er afgjaldi\u00f0 sem \u00fei\u00f0 skulu\u00f0 taka af \u00feeim: gull, silfur og eir, <a name=\"4\"><span class=\"versanumer_2007\">4<\/span><\/a> bl\u00e1an og rau\u00f0an purpura og skarlat, f\u00ednt l\u00edn og geitah\u00e1r, rau\u00f0litu\u00f0 <a name=\"5\"><span class=\"versanumer_2007\">5<\/span><\/a> hr\u00fatsskinn og h\u00f6frungah\u00fa\u00f0ir, akas\u00eduvi\u00f0, <a name=\"6\"><span class=\"versanumer_2007\">6<\/span><\/a> ol\u00edu \u00e1 lampann, kryddjurtir \u00ed ilmol\u00edu og ilmandi reykelsi, <a name=\"7\"><span class=\"versanumer_2007\">7<\/span><\/a> sj\u00f3amsteina og steina til a\u00f0 greypa \u00ed h\u00f6kulinn og brj\u00f3stskj\u00f6ldinn.<br \/> <a name=\"8\"><span class=\"versanumer_2007\">8<\/span><\/a> \u00deeir skulu gera m\u00e9r helgid\u00f3m svo a\u00f0 \u00e9g b\u00fai mitt \u00e1 me\u00f0al \u00feeirra. <a name=\"9\"><span class=\"versanumer_2007\">9<\/span><\/a> \u00deeir skulu gera hann n\u00e1kv\u00e6mlega eftir \u00feeirri fyrirmynd af tjaldb\u00fa\u00f0inni og \u00f6llum \u00e1h\u00f6ldum \u00ed henni sem \u00e9g s\u00fdni \u00fe\u00e9r.<\/p>\n<h3 class=\"millifyrirsogn_2007\">\u00d6rkin<\/h3>\n<p><a name=\"10\"><span class=\"versanumer_2007\">10<\/span><\/a> \u00deeir skulu gera \u00f6rk \u00far akas\u00eduvi\u00f0i. H\u00fan \u00e1 a\u00f0 vera h\u00e1lf \u00feri\u00f0ja alin \u00e1 lengd, h\u00e1lf \u00f6nnur \u00e1 breidd og h\u00e1lf \u00f6nnur alin \u00e1 h\u00e6\u00f0. <a name=\"11\"><span class=\"versanumer_2007\">11<\/span><\/a> \u00de\u00fa skalt leggja hana sk\u00edru gulli, \u00fe\u00fa skalt leggja hana gulli b\u00e6\u00f0i a\u00f0 innan og utan. \u00de\u00fa skalt einnig gera br\u00fan \u00far gulli umhverfis hana. <a name=\"12\"><span class=\"versanumer_2007\">12<\/span><\/a> \u00de\u00fa skalt steypa fj\u00f3ra hringi \u00far gulli og festa \u00fe\u00e1 \u00e1 fj\u00f3ra f\u00e6tur hennar, tvo hringi \u00e1 annarri hli\u00f0 hennar og tvo \u00e1 hinni. <a name=\"13\"><span class=\"versanumer_2007\">13<\/span><\/a> \u00de\u00fa skalt gera stengur \u00far akas\u00eduvi\u00f0i og leggja \u00fe\u00e6r gulli <a name=\"14\"><span class=\"versanumer_2007\">14<\/span><\/a> og \u00fe\u00fa skalt smeygja st\u00f6ngunum gegnum hringina \u00e1 hli\u00f0um arkarinnar svo a\u00f0 bera megi \u00f6rkina \u00e1 \u00feeim. <a name=\"15\"><span class=\"versanumer_2007\">15<\/span><\/a> Stengurnar eiga a\u00f0 vera \u00ed hringjunum, \u00fe\u00e6r m\u00e1 ekki fjarl\u00e6gja \u00fea\u00f0an. <a name=\"16\"><span class=\"versanumer_2007\">16<\/span><\/a> \u00de\u00fa skalt setja s\u00e1ttm\u00e1lst\u00e1kni\u00f0, sem \u00e9g f\u00e6 \u00fe\u00e9r, \u00ed \u00f6rkina.<br \/> <a name=\"17\"><span class=\"versanumer_2007\">17<\/span><\/a> \u00de\u00fa skalt gera lok \u00far sk\u00edru gulli. \u00dea\u00f0 skal vera h\u00e1lf \u00feri\u00f0ja alin \u00e1 lengd og h\u00e1lf \u00f6nnur \u00e1 breidd. <a name=\"18\"><span class=\"versanumer_2007\">18<\/span><\/a> \u00de\u00fa skalt einnig gera tvo ker\u00faba \u00far drifnu gulli, <a name=\"19\"><span class=\"versanumer_2007\">19<\/span><\/a> hvorn fyrir sinn enda loksins. \u00de\u00fa skalt festa ker\u00fabana vi\u00f0 hvorn enda loksins. <a name=\"20\"><span class=\"versanumer_2007\">20<\/span><\/a> Ker\u00fabarnir skulu vera \u00feannig a\u00f0 \u00feeir brei\u00f0i \u00fat v\u00e6ngina upp \u00e1 vi\u00f0 svo a\u00f0 \u00feeir hylji loki\u00f0 me\u00f0 v\u00e6ngjum s\u00ednum, andlit \u00feeirra skulu vita hvort a\u00f0 \u00f6\u00f0ru. Andlit ker\u00fabanna skulu sn\u00faa a\u00f0 lokinu. <a name=\"21\"><span class=\"versanumer_2007\">21<\/span><\/a> \u00de\u00fa skalt leggja loki\u00f0 ofan \u00e1 \u00f6rkina og setja s\u00e1ttm\u00e1lst\u00e1kni\u00f0, sem \u00e9g f\u00e6 \u00fe\u00e9r, \u00ed \u00f6rkina. <a name=\"22\"><span class=\"versanumer_2007\">22<\/span><\/a> \u00dearna mun \u00e9g m\u00e6ta \u00fe\u00e9r og ofan af lokinu milli beggja ker\u00fabanna, sem eru yfir \u00f6rkinni me\u00f0 s\u00e1ttm\u00e1lst\u00e1kninu, mun \u00e9g tala vi\u00f0 \u00feig um allt sem \u00e9g b\u00fd\u00f0 \u00fe\u00e9r a\u00f0 flytja \u00cdsraelsm\u00f6nnum.<\/p>\n<h3 class=\"millifyrirsogn_2007\">Bor\u00f0 sko\u00f0unarbrau\u00f0anna<\/h3>\n<p><a name=\"23\"><span class=\"versanumer_2007\">23<\/span><\/a> \u00de\u00fa skalt gera bor\u00f0 \u00far akas\u00eduvi\u00f0i, tv\u00e6r \u00e1lnir \u00e1 lengd, eina alin \u00e1 breidd og h\u00e1lfa a\u00f0ra alin \u00e1 h\u00e6\u00f0. <a name=\"24\"><span class=\"versanumer_2007\">24<\/span><\/a> \u00de\u00fa skalt leggja \u00fea\u00f0 sk\u00edru gulli og gera gullkant umhverfis \u00fea\u00f0. <a name=\"25\"><span class=\"versanumer_2007\">25<\/span><\/a> \u00de\u00fa skalt setja \u00feverhandarbrei\u00f0an lista hringinn \u00ed kring og br\u00fan \u00far gulli \u00e1 hann. <a name=\"26\"><span class=\"versanumer_2007\">26<\/span><\/a> \u00de\u00fa skalt gera fj\u00f3ra hringi \u00far gulli og setja hringina \u00e1 fj\u00f6gur horn bor\u00f0sins \u00fear sem fj\u00f3rir f\u00e6tur \u00feess eru. <a name=\"27\"><span class=\"versanumer_2007\">27<\/span><\/a> Hringirnir eiga a\u00f0 vera \u00fe\u00e9tt vi\u00f0 listann sem h\u00f6ldur fyrir stengurnar sem bor\u00f0i\u00f0 skal bori\u00f0 me\u00f0. <a name=\"28\"><span class=\"versanumer_2007\">28<\/span><\/a> \u00de\u00fa skalt gera stengurnar \u00far akas\u00eduvi\u00f0i og leggja \u00fe\u00e6r gulli. \u00c1 \u00feeim skal bera bor\u00f0i\u00f0. <a name=\"29\"><span class=\"versanumer_2007\">29<\/span><\/a> \u00de\u00fa skalt gera f\u00f6tin, sk\u00e1larnar, bollana og kerin sem heyra bor\u00f0inu til og h\u00f6f\u00f0 eru fyrir dreypif\u00f3rnir. \u00de\u00fa skalt gera \u00feau \u00far sk\u00edru gulli. <a name=\"30\"><span class=\"versanumer_2007\">30<\/span><\/a> \u00de\u00fa skalt sj\u00e1 til \u00feess a\u00f0 sko\u00f0unarbrau\u00f0 liggi s\u00edfellt \u00e1 bor\u00f0inu frammi fyrir augliti m\u00ednu.<\/p>\n<h3 class=\"millifyrirsogn_2007\">Lj\u00f3sastikan<\/h3>\n<p><a name=\"31\"><span class=\"versanumer_2007\">31<\/span><\/a> \u00de\u00fa skalt gera lj\u00f3sastiku \u00far sk\u00edru gulli. Lj\u00f3sastikan skal ger\u00f0 me\u00f0 drifnu sm\u00ed\u00f0i, b\u00e6\u00f0i st\u00e9tt hennar og f\u00f3tur. Bikarar hennar, knappar og bl\u00f3m skulu vera samf\u00f6st henni. <a name=\"32\"><span class=\"versanumer_2007\">32<\/span><\/a> Sex armar skulu ganga \u00fat fr\u00e1 hli\u00f0um lj\u00f3sastikunnar, \u00fer\u00edr armar fr\u00e1 annarri hli\u00f0inni og \u00fer\u00edr armar fr\u00e1 hinni. <a name=\"33\"><span class=\"versanumer_2007\">33<\/span><\/a> \u00der\u00edr bikarar \u00ed l\u00f6gun eins og m\u00f6ndlubl\u00f3m skulu vera \u00e1 fyrsta arminum me\u00f0 knappi og bl\u00f3mi og \u00fer\u00edr bikarar \u00ed l\u00f6gun eins og m\u00f6ndlubl\u00f3m me\u00f0 knappi og bl\u00f3mi \u00e1 n\u00e6sta armi. \u00deannig eiga allir sex armarnir a\u00f0 vera sem ganga \u00fat fr\u00e1 lj\u00f3sastikunni. <a name=\"34\"><span class=\"versanumer_2007\">34<\/span><\/a> \u00c1 sj\u00e1lfri lj\u00f3sastikunni skulu vera fj\u00f3rir bikarar \u00ed l\u00f6gun eins og m\u00f6ndlubl\u00f3m me\u00f0 kn\u00f6ppum og bl\u00f3mum. <a name=\"35\"><span class=\"versanumer_2007\">35<\/span><\/a> Einn knappur \u00e1 a\u00f0 vera undir b\u00e1\u00f0um ne\u00f0stu \u00f6rmum hennar, einn knappur undir n\u00e6stu tveimur \u00f6rmum hennar og einn knappur undir b\u00e1\u00f0um efstu \u00f6rmum hennar. \u00deannig eiga allir sex armarnir a\u00f0 vera sem ganga \u00fat fr\u00e1 lj\u00f3sastikunni. <a name=\"36\"><span class=\"versanumer_2007\">36<\/span><\/a> Knappar hennar og armar skulu vera samfastir henni, allt drifin sm\u00ed\u00f0i \u00far sk\u00edru gulli. <a name=\"37\"><span class=\"versanumer_2007\">37<\/span><\/a> \u00de\u00fa skalt gera sj\u00f6 lampa fyrir lj\u00f3sastikuna og koma \u00feeim \u00feannig fyrir a\u00f0 \u00feeir l\u00fdsi sv\u00e6\u00f0i\u00f0 fyrir framan hana. <a name=\"38\"><span class=\"versanumer_2007\">38<\/span><\/a> Lj\u00f3sas\u00f6x og skarp\u00f6nnur, sem fylgja henni, eiga a\u00f0 vera \u00far sk\u00edru gulli. <a name=\"39\"><span class=\"versanumer_2007\">39<\/span><\/a> \u00de\u00fa skalt gera lj\u00f3sastikuna og \u00f6ll \u00feessi \u00e1h\u00f6ld \u00far einni talentu sk\u00edragulls. <a name=\"40\"><span class=\"versanumer_2007\">40<\/span><\/a> Sj\u00e1\u00f0u til \u00feess a\u00f0 \u00fe\u00fa gerir hana eftir \u00feeirri fyrirmynd sem \u00fe\u00e9r var s\u00fdnd \u00e1 fjallinu.<\/p>\n","protected":false},"excerpt":{"rendered":"<p>Fyrirm\u00e6li um helgid\u00f3m og gu\u00f0sd\u00fdrkun Inngangur 1 Drottinn \u00e1varpa\u00f0i M\u00f3se og sag\u00f0i: 2 \u201eSeg\u00f0u \u00cdsraelsm\u00f6nnum a\u00f0 \u00feeir skuli f\u00e6ra m\u00e9r afgjald. \u00dei\u00f0 skulu\u00f0 f\u00e6ra m\u00e9r afgjald fr\u00e1 hverjum \u00feeim manni sem l\u00e6tur \u00fea\u00f0 af hendi af f\u00fasum vilja. 3 \u00deetta er afgjaldi\u00f0 sem \u00fei\u00f0 skulu\u00f0 taka af \u00feeim: gull, silfur og eir, 4 bl\u00e1an og rau\u00f0an purpura og skarlat, f\u00ednt l\u00edn og geitah\u00e1r, rau\u00f0litu\u00f0 5 hr\u00fatsskinn og h\u00f6frungah\u00fa\u00f0ir, akas\u00eduvi\u00f0, 6 ol\u00edu \u00e1 lampann, kryddjurtir \u00ed ilmol\u00edu og ilmandi reykelsi, 7 sj\u00f3amsteina og steina til a\u00f0 greypa \u00ed h\u00f6kulinn og brj\u00f3stskj\u00f6ldinn. 8 \u00deeir skulu gera m\u00e9r helgid\u00f3m svo a\u00f0 \u00e9g b\u00fai <a href=\"https:\/\/biblian.is\/biblian\/onnur-mosebok-25-kafli\/\"> [&#8230;]<\/a><\/p>\n","protected":false},"author":1,"featured_media":0,"parent":0,"menu_order":0,"comment_status":"open","ping_status":"open","template":"bibliukaflar_NT.php","meta":{"footnotes":""},"class_list":["post-1692","page","type-page","status-publish","hentry"],"_links":{"self":[{"href":"https:\/\/biblian.is\/biblian\/wp-json\/wp\/v2\/pages\/1692","targetHints":{"allow":["GET"]}}],"collection":[{"href":"https:\/\/biblian.is\/biblian\/wp-json\/wp\/v2\/pages"}],"about":[{"href":"https:\/\/biblian.is\/biblian\/wp-json\/wp\/v2\/types\/page"}],"author":[{"embeddable":true,"href":"https:\/\/biblian.is\/biblian\/wp-json\/wp\/v2\/users\/1"}],"replies":[{"embeddable":true,"href":"https:\/\/biblian.is\/biblian\/wp-json\/wp\/v2\/comments?post=1692"}],"version-history":[{"count":0,"href":"https:\/\/biblian.is\/biblian\/wp-json\/wp\/v2\/pages\/1692\/revisions"}],"wp:attachment":[{"href":"https:\/\/biblian.is\/biblian\/wp-json\/wp\/v2\/media?parent=1692"}],"curies":[{"name":"wp","href":"https:\/\/api.w.org\/{rel}","templated":true}]}}