{"id":1691,"date":"2017-12-30T21:00:00","date_gmt":"2017-12-30T21:00:00","guid":{"rendered":"http:\/\/biblian.is\/biblian\/%c2%85nnur-m%c2%97seb%c2%97k-24-kafli\/"},"modified":"2023-05-01T16:21:27","modified_gmt":"2023-05-01T16:21:27","slug":"onnur-mosebok-24-kafli","status":"publish","type":"page","link":"https:\/\/biblian.is\/biblian\/onnur-mosebok-24-kafli\/","title":{"rendered":"\u00d6nnur M\u00f3seb\u00f3k 24. kafli"},"content":{"rendered":"<h3 class=\"millifyrirsogn_2007\"> S\u00e1ttm\u00e1lsgj\u00f6r\u00f0<\/h3>\n<p><a name=\"1\"><span class=\"versanumer_2007\">1<\/span><\/a> Gu\u00f0 sag\u00f0i vi\u00f0 M\u00f3se: \u201eGakk upp til Drottins, \u00fe\u00fa sj\u00e1lfur, Aron, Nadab, Ab\u00edh\u00fa og sj\u00f6t\u00edu af \u00f6ldungum \u00cdsraels. \u00dei\u00f0 skulu\u00f0 falla fram \u00e1lengdar. <a name=\"2\"><span class=\"versanumer_2007\">2<\/span><\/a> M\u00f3se einn skal n\u00e1lgast Drottin en hinir skulu ekki n\u00e1lgast hann og f\u00f3lki\u00f0 m\u00e1 ekki fara upp me\u00f0 honum.\u201c<br \/> <a name=\"3\"><span class=\"versanumer_2007\">3<\/span><\/a> M\u00f3se kom og sk\u00fdr\u00f0i f\u00f3lkinu fr\u00e1 \u00f6llum or\u00f0um Drottins og \u00f6llum r\u00e9ttarreglunum. Allt f\u00f3lki\u00f0 svara\u00f0i einum r\u00f3mi og sag\u00f0i: \u201eVi\u00f0 skulum gera allt sem Drottinn hefur bo\u00f0i\u00f0.\u201c <a name=\"4\"><span class=\"versanumer_2007\">4<\/span><\/a> \u00dev\u00ed n\u00e6st skr\u00e1\u00f0i M\u00f3se \u00f6ll bo\u00f0 Drottins.<br \/>Morguninn eftir var hann snemma \u00e1 f\u00f3tum og reisti altari vi\u00f0 fjallsr\u00e6turnar og t\u00f3lf merkisteina fyrir t\u00f3lf \u00e6ttb\u00e1lka \u00cdsraels. <a name=\"5\"><span class=\"versanumer_2007\">5<\/span><\/a> S\u00ed\u00f0an l\u00e9t hann unga \u00cdsraelsmenn ganga fram og \u00feeir f\u00e6r\u00f0u Drottni brennif\u00f3rnir og sl\u00e1tru\u00f0u nautum \u00ed heillaf\u00f3rn. <a name=\"6\"><span class=\"versanumer_2007\">6<\/span><\/a> M\u00f3se t\u00f3k helming bl\u00f3\u00f0sins og hellti \u00fev\u00ed \u00ed sk\u00e1lar en helmingi bl\u00f3\u00f0sins st\u00f6kkti hann \u00e1 altari\u00f0. <a name=\"7\"><span class=\"versanumer_2007\">7<\/span><\/a> \u00dev\u00ed n\u00e6st t\u00f3k hann s\u00e1ttm\u00e1lsb\u00f3kina og las hana fyrir f\u00f3lki\u00f0 sem sag\u00f0i: \u201eVi\u00f0 skulum gera allt sem Drottinn hefur bo\u00f0i\u00f0 og hl\u00fd\u00f0a honum.\u201c <a name=\"8\"><span class=\"versanumer_2007\">8<\/span><\/a> \u00de\u00e1 t\u00f3k M\u00f3se bl\u00f3\u00f0i\u00f0, st\u00f6kkti \u00fev\u00ed \u00e1 f\u00f3lki\u00f0 og sag\u00f0i: \u201e\u00deetta er bl\u00f3\u00f0 s\u00e1ttm\u00e1lans sem Drottinn gerir h\u00e9r me\u00f0 vi\u00f0 ykkur og bygg\u00f0ur er \u00e1 \u00f6llum \u00feessum fyrirm\u00e6lum.\u201c<br \/> <a name=\"9\"><span class=\"versanumer_2007\">9<\/span><\/a> \u00de\u00e1 gengu \u00feeir M\u00f3se og Aron, Nadab og Ab\u00edh\u00fa og sj\u00f6t\u00edu af \u00f6ldungum \u00cdsraels upp \u00e1 fjalli\u00f0 <a name=\"10\"><span class=\"versanumer_2007\">10<\/span><\/a> og \u00feeir s\u00e1u Gu\u00f0 \u00cdsraels. Undir f\u00f3tum hans var eitthva\u00f0 sem l\u00edktist saf\u00edrhellum, t\u00e6rt eins og himinninn sj\u00e1lfur. <a name=\"11\"><span class=\"versanumer_2007\">11<\/span><\/a> Hann r\u00e9tti ekki \u00fat h\u00f6nd s\u00edna gegn h\u00f6f\u00f0ingjum \u00cdsraels og \u00feeir horf\u00f0u \u00e1 Drottin og \u00e1tu og drukku.<br \/> <a name=\"12\"><span class=\"versanumer_2007\">12<\/span><\/a> Drottinn sag\u00f0i vi\u00f0 M\u00f3se: \u201eKom til m\u00edn upp \u00e1 fjalli\u00f0 og dveldu \u00fear. \u00c9g skal f\u00e1 \u00fe\u00e9r steint\u00f6flurnar, l\u00f6gin og bo\u00f0or\u00f0in sem \u00e9g hef skr\u00e1\u00f0 til a\u00f0 lei\u00f0beina \u00feeim.\u201c <a name=\"13\"><span class=\"versanumer_2007\">13<\/span><\/a> \u00de\u00e1 reis M\u00f3se \u00e1 f\u00e6tur \u00e1samt J\u00f3s\u00faa, \u00fej\u00f3ni s\u00ednum, og M\u00f3se f\u00f3r upp \u00e1 fjall Gu\u00f0s. <a name=\"14\"><span class=\"versanumer_2007\">14<\/span><\/a> En hann haf\u00f0i sagt vi\u00f0 \u00f6ldungana: \u201eVeri\u00f0 h\u00e9r um kyrrt \u00fear til vi\u00f0 komum aftur. Aron og H\u00far ver\u00f0a hj\u00e1 ykkur. S\u00e1 sem \u00e1 \u00ed m\u00e1laferlum getur sn\u00fai\u00f0 s\u00e9r til \u00feeirra.\u201c<br \/> <a name=\"15\"><span class=\"versanumer_2007\">15<\/span><\/a> S\u00ed\u00f0an f\u00f3r M\u00f3se upp \u00e1 fjalli\u00f0, sk\u00fdi\u00f0 huldi \u00fea\u00f0 <a name=\"16\"><span class=\"versanumer_2007\">16<\/span><\/a> og d\u00fdr\u00f0 Drottins settist a\u00f0 \u00e1 fjallinu. Sk\u00fdja\u00feykkni\u00f0 huldi fjalli\u00f0 \u00ed sex daga en \u00e1 sj\u00f6unda degi kalla\u00f0i hann til M\u00f3se \u00far \u00fev\u00ed mi\u00f0ju. <a name=\"17\"><span class=\"versanumer_2007\">17<\/span><\/a> \u00cd augum \u00cdsraelsmanna leit d\u00fdr\u00f0 Drottins \u00fat eins og ey\u00f0andi eldur \u00e1 fjallstindinum. <a name=\"18\"><span class=\"versanumer_2007\">18<\/span><\/a> En M\u00f3se gekk inn \u00ed mitt sk\u00fdi\u00f0 og f\u00f3r upp \u00e1 fjalli\u00f0. M\u00f3se dvaldist \u00e1 fjallinu fj\u00f6rut\u00edu daga og fj\u00f6rut\u00edu n\u00e6tur.<\/p>\n","protected":false},"excerpt":{"rendered":"<p>S\u00e1ttm\u00e1lsgj\u00f6r\u00f0 1 Gu\u00f0 sag\u00f0i vi\u00f0 M\u00f3se: \u201eGakk upp til Drottins, \u00fe\u00fa sj\u00e1lfur, Aron, Nadab, Ab\u00edh\u00fa og sj\u00f6t\u00edu af \u00f6ldungum \u00cdsraels. \u00dei\u00f0 skulu\u00f0 falla fram \u00e1lengdar. 2 M\u00f3se einn skal n\u00e1lgast Drottin en hinir skulu ekki n\u00e1lgast hann og f\u00f3lki\u00f0 m\u00e1 ekki fara upp me\u00f0 honum.\u201c 3 M\u00f3se kom og sk\u00fdr\u00f0i f\u00f3lkinu fr\u00e1 \u00f6llum or\u00f0um Drottins og \u00f6llum r\u00e9ttarreglunum. Allt f\u00f3lki\u00f0 svara\u00f0i einum r\u00f3mi og sag\u00f0i: \u201eVi\u00f0 skulum gera allt sem Drottinn hefur bo\u00f0i\u00f0.\u201c 4 \u00dev\u00ed n\u00e6st skr\u00e1\u00f0i M\u00f3se \u00f6ll bo\u00f0 Drottins.Morguninn eftir var hann snemma \u00e1 f\u00f3tum og reisti altari vi\u00f0 fjallsr\u00e6turnar og t\u00f3lf merkisteina fyrir t\u00f3lf \u00e6ttb\u00e1lka \u00cdsraels. 5 <a href=\"https:\/\/biblian.is\/biblian\/onnur-mosebok-24-kafli\/\"> [&#8230;]<\/a><\/p>\n","protected":false},"author":1,"featured_media":0,"parent":0,"menu_order":0,"comment_status":"open","ping_status":"open","template":"bibliukaflar_NT.php","meta":{"footnotes":""},"class_list":["post-1691","page","type-page","status-publish","hentry"],"_links":{"self":[{"href":"https:\/\/biblian.is\/biblian\/wp-json\/wp\/v2\/pages\/1691","targetHints":{"allow":["GET"]}}],"collection":[{"href":"https:\/\/biblian.is\/biblian\/wp-json\/wp\/v2\/pages"}],"about":[{"href":"https:\/\/biblian.is\/biblian\/wp-json\/wp\/v2\/types\/page"}],"author":[{"embeddable":true,"href":"https:\/\/biblian.is\/biblian\/wp-json\/wp\/v2\/users\/1"}],"replies":[{"embeddable":true,"href":"https:\/\/biblian.is\/biblian\/wp-json\/wp\/v2\/comments?post=1691"}],"version-history":[{"count":0,"href":"https:\/\/biblian.is\/biblian\/wp-json\/wp\/v2\/pages\/1691\/revisions"}],"wp:attachment":[{"href":"https:\/\/biblian.is\/biblian\/wp-json\/wp\/v2\/media?parent=1691"}],"curies":[{"name":"wp","href":"https:\/\/api.w.org\/{rel}","templated":true}]}}