{"id":1690,"date":"2017-12-30T21:00:00","date_gmt":"2017-12-30T21:00:00","guid":{"rendered":"http:\/\/biblian.is\/biblian\/%c2%85nnur-m%c2%97seb%c2%97k-23-kafli\/"},"modified":"2023-05-01T16:21:26","modified_gmt":"2023-05-01T16:21:26","slug":"onnur-mosebok-23-kafli","status":"publish","type":"page","link":"https:\/\/biblian.is\/biblian\/onnur-mosebok-23-kafli\/","title":{"rendered":"\u00d6nnur M\u00f3seb\u00f3k 23. kafli"},"content":{"rendered":"<h3 class=\"millifyrirsogn_2007\"> L\u00f6g um r\u00e9ttarvernd<\/h3>\n<p><a name=\"1\"><span class=\"versanumer_2007\">1<\/span><\/a> \u00de\u00fa skalt ekki brei\u00f0a \u00fat r\u00f3g. \u00de\u00fa skalt ekki leggja \u00feeim li\u00f0 sem fer me\u00f0 rangt m\u00e1l me\u00f0 \u00fev\u00ed a\u00f0 bera lj\u00fagvitni. <a name=\"2\"><span class=\"versanumer_2007\">2<\/span><\/a> \u00de\u00fa skalt ekki fylgja meirihlutanum til illra verka. \u00de\u00fa skalt ekki vitna gegn andst\u00e6\u00f0ingi \u00ed neinni s\u00f6k \u00feannig a\u00f0 \u00fe\u00fa fylgir meirihlutanum og hallir r\u00e9ttu m\u00e1li. <a name=\"3\"><span class=\"versanumer_2007\">3<\/span><\/a> \u00de\u00fa skalt ekki draga taum f\u00e1t\u00e6ks manns \u00ed m\u00e1laferlum.<br \/> <a name=\"4\"><span class=\"versanumer_2007\">4<\/span><\/a> Rekist \u00fe\u00fa \u00e1 villur\u00e1fandi naut e\u00f0a asna \u00f3vinar \u00fe\u00edns skaltu f\u00e6ra honum skepnuna aftur. <a name=\"5\"><span class=\"versanumer_2007\">5<\/span><\/a> Sj\u00e1ir \u00fe\u00fa asna andst\u00e6\u00f0ings \u00fe\u00edns liggja uppgefinn undir byr\u00f0inni skaltu ekki l\u00e1ta hann afskiptalausan heldur r\u00e9tta honum hj\u00e1lparh\u00f6nd.<br \/> <a name=\"6\"><span class=\"versanumer_2007\">6<\/span><\/a> \u00de\u00fa skalt ekki halla r\u00e9tti f\u00e1t\u00e6ks manns sem hj\u00e1 \u00fe\u00e9r er \u00feegar hann \u00e1 \u00ed m\u00e1laferlum.<br \/> <a name=\"7\"><span class=\"versanumer_2007\">7<\/span><\/a> For\u00f0astu m\u00e1l bygg\u00f0 \u00e1 lygi og vertu ekki valdur a\u00f0 dau\u00f0a saklauss manns og r\u00e9ttl\u00e1ts \u00fev\u00ed a\u00f0 \u00e9g d\u00e6mi ekki sekan mann saklausan.<br \/> <a name=\"8\"><span class=\"versanumer_2007\">8<\/span><\/a> \u00de\u00fa skalt ekki \u00feiggja m\u00fatur \u00fev\u00ed a\u00f0 m\u00fatur blinda sj\u00e1andi menn og rugla m\u00e1lum \u00feeirra sem hafa r\u00e9tt fyrir s\u00e9r.<br \/> <a name=\"9\"><span class=\"versanumer_2007\">9<\/span><\/a> \u00de\u00fa skalt ekki beita a\u00f0komumann ofr\u00edki. \u00dei\u00f0 fari\u00f0 n\u00e6rri um l\u00ed\u00f0an a\u00f0komumannsins \u00fev\u00ed a\u00f0 \u00fei\u00f0 voru\u00f0 a\u00f0komumenn \u00ed Egyptalandi.<\/p>\n<h3 class=\"millifyrirsogn_2007\">L\u00f6g um hv\u00edldar\u00e1r og hv\u00edldardag<\/h3>\n<p><a name=\"10\"><span class=\"versanumer_2007\">10<\/span><\/a> \u00cd sex \u00e1r skaltu s\u00e1 \u00ed land \u00feitt og hir\u00f0a afrakstur \u00feess <a name=\"11\"><span class=\"versanumer_2007\">11<\/span><\/a> en sj\u00f6unda \u00e1ri\u00f0 skaltu l\u00e1ta \u00fea\u00f0 liggja \u00f3nota\u00f0 og hv\u00edlast. \u00de\u00e1 geta hinir f\u00e1t\u00e6ku me\u00f0al \u00fej\u00f3\u00f0ar \u00feinnar lifa\u00f0 af \u00fev\u00ed og \u00fea\u00f0 sem \u00feeir skilja eftir geta villt d\u00fdr \u00e9ti\u00f0. \u00de\u00fa skalt fara eins me\u00f0 v\u00edngar\u00f0 \u00feinn og \u00f3l\u00edfutr\u00e9. <a name=\"12\"><span class=\"versanumer_2007\">12<\/span><\/a> \u00cd sex daga skaltu vinna verk \u00feitt en sj\u00f6unda daginn skaltu ekkert verk vinna svo a\u00f0 uxi \u00feinn og asni geti hv\u00edlt sig og sonur amb\u00e1ttar \u00feinnar og a\u00f0komuma\u00f0urinn geti endurn\u00e6rst.<br \/> <a name=\"13\"><span class=\"versanumer_2007\">13<\/span><\/a> \u00dei\u00f0 skulu\u00f0 g\u00e6ta ykkar \u00ed \u00f6llu sem \u00e9g hef lagt fyrir ykkur. \u00dei\u00f0 megi\u00f0 ekki nefna n\u00f6fn annarra gu\u00f0a, \u00feau mega ekki heyrast af munni \u00fe\u00ednum.<\/p>\n<h3 class=\"millifyrirsogn_2007\">L\u00f6g um h\u00e1t\u00ed\u00f0ir<\/h3>\n<p><a name=\"14\"><span class=\"versanumer_2007\">14<\/span><\/a> \u00derisvar \u00e1 \u00e1ri skaltu halda m\u00e9r h\u00e1t\u00ed\u00f0. <a name=\"15\"><span class=\"versanumer_2007\">15<\/span><\/a> \u00de\u00fa skalt halda h\u00e1t\u00ed\u00f0 hinna \u00f3s\u00fdr\u00f0u brau\u00f0a. \u00de\u00fa skalt eta \u00f3s\u00fdrt brau\u00f0 \u00ed sj\u00f6 daga eins og \u00e9g hef bo\u00f0i\u00f0 \u00fe\u00e9r, \u00e1 tilteknum t\u00edma \u00ed ab\u00edbm\u00e1nu\u00f0i, \u00fev\u00ed a\u00f0 \u00ed \u00feeim m\u00e1nu\u00f0i f\u00f3rstu \u00fat \u00far Egyptalandi. Enginn t\u00f3mhentur f\u00e6r a\u00f0 koma fyrir auglit mitt.<br \/> <a name=\"16\"><span class=\"versanumer_2007\">16<\/span><\/a> \u00de\u00fa skalt einnig halda h\u00e1t\u00ed\u00f0 kornuppskerunnar, h\u00e1t\u00ed\u00f0 frumgr\u00f3\u00f0a verka \u00feinna, \u00feess sem \u00fe\u00fa s\u00e1\u00f0ir \u00ed akurinn. Loks skaltu halda uppskeruh\u00e1t\u00ed\u00f0 vi\u00f0 \u00e1rslok \u00feegar \u00fe\u00fa hefur flutt heim afrakstur vinnu \u00feinnar af akrinum. <a name=\"17\"><span class=\"versanumer_2007\">17<\/span><\/a> \u00derisvar \u00e1 \u00e1ri skulu allir karlmenn me\u00f0al \u00fe\u00edn sj\u00e1 auglit Drottins.<br \/> <a name=\"18\"><span class=\"versanumer_2007\">18<\/span><\/a> \u00de\u00fa skalt ekki bera fram bl\u00f3\u00f0 sl\u00e1turf\u00f3rnar minnar me\u00f0 s\u00fdr\u00f0u brau\u00f0i. M\u00f6r h\u00e1t\u00ed\u00f0arf\u00f3rnar minnar m\u00e1 ekki liggja yfir n\u00f3tt til morguns.<br \/> <a name=\"19\"><span class=\"versanumer_2007\">19<\/span><\/a> \u00dea\u00f0 besta af frumgr\u00f3\u00f0a lands \u00fe\u00edns skaltu f\u00e6ra \u00ed h\u00fas Drottins, Gu\u00f0s \u00fe\u00edns.<br \/>\u00de\u00fa skalt ekki sj\u00f3\u00f0a ki\u00f0 \u00ed mj\u00f3lk m\u00f3\u00f0ur sinnar.<\/p>\n<h3 class=\"millifyrirsogn_2007\">Fyrirheit og \u00e1minningar<\/h3>\n<p><a name=\"20\"><span class=\"versanumer_2007\">20<\/span><\/a> \u00c9g sendi engil \u00e1 undan \u00fe\u00e9r til a\u00f0 vernda \u00feig \u00e1 lei\u00f0inni og lei\u00f0a \u00feig til \u00feess sta\u00f0ar sem \u00e9g hef \u00e1kve\u00f0i\u00f0. <a name=\"21\"><span class=\"versanumer_2007\">21<\/span><\/a> G\u00e6ttu \u00fe\u00edn og hlusta\u00f0u \u00e1 \u00fea\u00f0 sem hann segir. \u00d3hl\u00fd\u00f0nastu honum ekki, hann mun ekki fyrirgefa \u00ferj\u00f3sku ykkar af \u00fev\u00ed a\u00f0 nafn mitt er \u00ed honum.<br \/> <a name=\"22\"><span class=\"versanumer_2007\">22<\/span><\/a> En ef \u00fe\u00fa hl\u00fd\u00f0ir honum f\u00faslega og gerir allt sem \u00e9g segi ver\u00f0 \u00e9g \u00f3vinur \u00f3vina \u00feinna og andst\u00e6\u00f0ingur andst\u00e6\u00f0inga \u00feinna.<br \/> <a name=\"23\"><span class=\"versanumer_2007\">23<\/span><\/a> Engill minn hefur gengi\u00f0 \u00e1 undan \u00fe\u00e9r og leitt \u00feig inn \u00ed land Amor\u00edta, Het\u00edta, Peres\u00edta, Kanverja, Hev\u00edta og Jeb\u00fas\u00edta og \u00e9g skal tort\u00edma \u00feeim. <a name=\"24\"><span class=\"versanumer_2007\">24<\/span><\/a> \u00de\u00fa m\u00e1tt hvorki falla fram fyrir gu\u00f0um \u00feeirra n\u00e9 \u00fej\u00f3na \u00feeim. \u00de\u00fa m\u00e1tt ekki fylgja si\u00f0um \u00feeirra heldur skaltu brj\u00f3ta \u00fe\u00e1 gersamlega ni\u00f0ur og m\u00f6lbrj\u00f3ta merkisteina \u00feeirra.<br \/> <a name=\"25\"><span class=\"versanumer_2007\">25<\/span><\/a> \u00dei\u00f0 skulu\u00f0 \u00fej\u00f3na Drottni, Gu\u00f0i ykkar, og hann mun blessa brau\u00f0 \u00feitt og vatn og \u00e9g mun b\u00e6gja fr\u00e1 \u00fe\u00e9r sj\u00fakd\u00f3mum. <a name=\"26\"><span class=\"versanumer_2007\">26<\/span><\/a> \u00cd landi \u00fe\u00ednu mun engin kona missa f\u00f3stur n\u00e9 ver\u00f0a barnlaus. \u00c9g mun fylla fj\u00f6lda \u00e6vidaga \u00feinna.<br \/> <a name=\"27\"><span class=\"versanumer_2007\">27<\/span><\/a> \u00c9g mun senda \u00f3tta vi\u00f0 mig \u00e1 undan \u00fe\u00e9r og valda glundro\u00f0a \u00e1 me\u00f0al allra \u00feeirra \u00fej\u00f3\u00f0a sem \u00fe\u00fa kemur til og l\u00e1ta alla fjandmenn \u00fe\u00edna fl\u00fdja undan \u00fe\u00e9r.<br \/> <a name=\"28\"><span class=\"versanumer_2007\">28<\/span><\/a> \u00c9g mun senda hugleysi \u00e1 undan \u00fe\u00e9r og \u00fea\u00f0 mun hrekja Hev\u00edta, Kanverja og Het\u00edta \u00e1 fl\u00f3tta.<br \/> <a name=\"29\"><span class=\"versanumer_2007\">29<\/span><\/a> \u00c9g mun ekki fl\u00e6ma \u00fe\u00e1 undan \u00fe\u00e9r \u00e1 einu \u00e1ri svo a\u00f0 landi\u00f0 leggist ekki \u00ed au\u00f0n og villid\u00fdrunum fj\u00f6lgi ekki \u00fe\u00e9r til meins. <a name=\"30\"><span class=\"versanumer_2007\">30<\/span><\/a> Sm\u00e1m saman mun \u00e9g hrekja \u00fe\u00e1 undan \u00fe\u00e9r \u00fear til \u00fe\u00fa hefur fj\u00f6lga\u00f0 \u00fe\u00e9r og getur teki\u00f0 landi\u00f0 a\u00f0 erf\u00f0ahlut. <a name=\"31\"><span class=\"versanumer_2007\">31<\/span><\/a> \u00c9g mun l\u00e1ta landsv\u00e6\u00f0i \u00feitt n\u00e1 fr\u00e1 Sefhafinu a\u00f0 Filisteahafi og fr\u00e1 ey\u00f0im\u00f6rkinni a\u00f0 flj\u00f3tinu. <span class=\"nedan_mal\" title=\" Filisteahaf: Mi\u00f0jar\u00f0arhaf. Flj\u00f3ti\u00f0: Efrat.\">[<\/span> \u00c9g mun selja \u00edb\u00faa landsins ykkur \u00ed hendur svo a\u00f0 \u00fe\u00fa getir hraki\u00f0 \u00fe\u00e1 undan \u00fe\u00e9r. <a name=\"32\"><span class=\"versanumer_2007\">32<\/span><\/a> \u00de\u00fa skalt hvorki gera s\u00e1ttm\u00e1la vi\u00f0 \u00fe\u00e1 n\u00e9 gu\u00f0i \u00feeirra. <a name=\"33\"><span class=\"versanumer_2007\">33<\/span><\/a> \u00deeir mega ekki b\u00faa \u00ed landi \u00fe\u00ednu svo a\u00f0 \u00feeir f\u00e1i \u00feig ekki til a\u00f0 syndga gegn m\u00e9r me\u00f0 \u00fev\u00ed a\u00f0 \u00fej\u00f3na gu\u00f0um \u00feeirra. \u00dea\u00f0 yr\u00f0i \u00fe\u00e9r a\u00f0 t\u00e1lsn\u00f6ru.\u201c<\/p>\n","protected":false},"excerpt":{"rendered":"<p>L\u00f6g um r\u00e9ttarvernd 1 \u00de\u00fa skalt ekki brei\u00f0a \u00fat r\u00f3g. \u00de\u00fa skalt ekki leggja \u00feeim li\u00f0 sem fer me\u00f0 rangt m\u00e1l me\u00f0 \u00fev\u00ed a\u00f0 bera lj\u00fagvitni. 2 \u00de\u00fa skalt ekki fylgja meirihlutanum til illra verka. \u00de\u00fa skalt ekki vitna gegn andst\u00e6\u00f0ingi \u00ed neinni s\u00f6k \u00feannig a\u00f0 \u00fe\u00fa fylgir meirihlutanum og hallir r\u00e9ttu m\u00e1li. 3 \u00de\u00fa skalt ekki draga taum f\u00e1t\u00e6ks manns \u00ed m\u00e1laferlum. 4 Rekist \u00fe\u00fa \u00e1 villur\u00e1fandi naut e\u00f0a asna \u00f3vinar \u00fe\u00edns skaltu f\u00e6ra honum skepnuna aftur. 5 Sj\u00e1ir \u00fe\u00fa asna andst\u00e6\u00f0ings \u00fe\u00edns liggja uppgefinn undir byr\u00f0inni skaltu ekki l\u00e1ta hann afskiptalausan heldur r\u00e9tta honum hj\u00e1lparh\u00f6nd. 6 \u00de\u00fa skalt <a href=\"https:\/\/biblian.is\/biblian\/onnur-mosebok-23-kafli\/\"> [&#8230;]<\/a><\/p>\n","protected":false},"author":1,"featured_media":0,"parent":0,"menu_order":0,"comment_status":"open","ping_status":"open","template":"bibliukaflar_NT.php","meta":{"footnotes":""},"class_list":["post-1690","page","type-page","status-publish","hentry"],"_links":{"self":[{"href":"https:\/\/biblian.is\/biblian\/wp-json\/wp\/v2\/pages\/1690","targetHints":{"allow":["GET"]}}],"collection":[{"href":"https:\/\/biblian.is\/biblian\/wp-json\/wp\/v2\/pages"}],"about":[{"href":"https:\/\/biblian.is\/biblian\/wp-json\/wp\/v2\/types\/page"}],"author":[{"embeddable":true,"href":"https:\/\/biblian.is\/biblian\/wp-json\/wp\/v2\/users\/1"}],"replies":[{"embeddable":true,"href":"https:\/\/biblian.is\/biblian\/wp-json\/wp\/v2\/comments?post=1690"}],"version-history":[{"count":0,"href":"https:\/\/biblian.is\/biblian\/wp-json\/wp\/v2\/pages\/1690\/revisions"}],"wp:attachment":[{"href":"https:\/\/biblian.is\/biblian\/wp-json\/wp\/v2\/media?parent=1690"}],"curies":[{"name":"wp","href":"https:\/\/api.w.org\/{rel}","templated":true}]}}