{"id":1689,"date":"2017-12-30T21:00:00","date_gmt":"2017-12-30T21:00:00","guid":{"rendered":"http:\/\/biblian.is\/biblian\/%c2%85nnur-m%c2%97seb%c2%97k-22-kafli\/"},"modified":"2023-05-01T16:21:26","modified_gmt":"2023-05-01T16:21:26","slug":"onnur-mosebok-22-kafli","status":"publish","type":"page","link":"https:\/\/biblian.is\/biblian\/onnur-mosebok-22-kafli\/","title":{"rendered":"\u00d6nnur M\u00f3seb\u00f3k 22. kafli"},"content":{"rendered":"<h3 class=\"millifyrirsogn_2007\"> L\u00f6g um \u00fej\u00f3fna\u00f0 og eignatj\u00f3n<\/h3>\n<p><a name=\"1\"><span class=\"versanumer_2007\">1<\/span><\/a> S\u00e9 \u00fej\u00f3fur sta\u00f0inn a\u00f0 verki vi\u00f0 innbrot og honum er veitt banah\u00f6gg telst \u00fea\u00f0 ekki bl\u00f3\u00f0sekt. <a name=\"2\"><span class=\"versanumer_2007\">2<\/span><\/a> En s\u00e9 s\u00f3lin komin upp \u00feegar hann gerir \u00feetta telst \u00fea\u00f0 bl\u00f3\u00f0sekt. \u00dej\u00f3fur skal grei\u00f0a fullar b\u00e6tur. Eigi hann ekkert skal selja hann sj\u00e1lfan \u00ed b\u00e6tur fyrir stuldinn. <a name=\"3\"><span class=\"versanumer_2007\">3<\/span><\/a> Finnist hi\u00f0 stolna lifandi \u00ed v\u00f6rslu hans, hvort sem \u00fea\u00f0 er naut, asni e\u00f0a sau\u00f0ur, skal hann b\u00e6ta me\u00f0 tveimur fyrir eitt.<br \/> <a name=\"4\"><span class=\"versanumer_2007\">4<\/span><\/a> Beiti ma\u00f0ur akur e\u00f0a v\u00edngar\u00f0 og l\u00e1ti f\u00e9na\u00f0 sinn ganga lausan svo a\u00f0 hann b\u00edtur einnig \u00e1 landi annars manns, skal hann b\u00e6ta \u00fea\u00f0 me\u00f0 \u00fev\u00ed besta af akri s\u00ednum e\u00f0a v\u00edngar\u00f0i.<br \/> <a name=\"5\"><span class=\"versanumer_2007\">5<\/span><\/a> \u00deegar eldur kviknar og kemst \u00ed \u00feyrniger\u00f0i og ey\u00f0ir kornstakki e\u00f0a \u00f3slegnu korni e\u00f0a heilum akri, skal s\u00e1 sem kveikti eldinn b\u00e6ta.<br \/> <a name=\"6\"><span class=\"versanumer_2007\">6<\/span><\/a> F\u00e1i ma\u00f0ur \u00f6\u00f0rum manni f\u00e9 e\u00f0a einhverja muni til var\u00f0veislu og \u00feeim er s\u00ed\u00f0an stoli\u00f0 \u00far h\u00fasi hans, skal \u00fej\u00f3furinn b\u00e6ta tv\u00f6falt ef hann n\u00e6st. <a name=\"7\"><span class=\"versanumer_2007\">7<\/span><\/a> Finnist \u00fej\u00f3furinn ekki skal eigandi h\u00fassins leiddur fram fyrir Gu\u00f0 til a\u00f0 sverja a\u00f0 hann hafi ekki \u00e1s\u00e6lst eigur hins.<br \/> <a name=\"8\"><span class=\"versanumer_2007\">8<\/span><\/a> \u00cd hverju svikam\u00e1li, hvort sem um er a\u00f0 r\u00e6\u00f0a naut, asna, sau\u00f0, kl\u00e6\u00f0na\u00f0 e\u00f0a anna\u00f0 sem glatast hefur og eigandinn segir: \u00dea\u00f0 er einmitt \u00feetta, skal m\u00e1l beggja a\u00f0ila koma fyrir Gu\u00f0. S\u00e1 sem Gu\u00f0 d\u00e6mir sekan skal b\u00e6ta hinum tv\u00f6falt.<br \/> <a name=\"9\"><span class=\"versanumer_2007\">9<\/span><\/a> F\u00e1i ma\u00f0ur \u00f6\u00f0rum manni naut, asna, sau\u00f0 e\u00f0a hva\u00f0a skepnu sem vera skal til var\u00f0veislu og h\u00fan deyr, limlestist e\u00f0a er rekin burt \u00e1n \u00feess a\u00f0 nokkur sj\u00e1i, <a name=\"10\"><span class=\"versanumer_2007\">10<\/span><\/a> skal ei\u00f0ur, svarinn vi\u00f0 Drottin, skera \u00far um a\u00f0 annar hafi ekki \u00e1s\u00e6lst eign hins. Eigandi skepnunnar skal sam\u00feykkja \u00fea\u00f0 og hinn ekki grei\u00f0a b\u00e6tur. <a name=\"11\"><span class=\"versanumer_2007\">11<\/span><\/a> En hafi skepnunni veri\u00f0 stoli\u00f0 fr\u00e1 honum skal hann b\u00e6ta eigandanum hana a\u00f0 fullu. <a name=\"12\"><span class=\"versanumer_2007\">12<\/span><\/a> Hafi h\u00fan veri\u00f0 d\u00fdrrifin skal hann leggja hana fram sem s\u00f6nnunargagn en ekki grei\u00f0a b\u00e6tur.<br \/> <a name=\"13\"><span class=\"versanumer_2007\">13<\/span><\/a> F\u00e1i ma\u00f0ur grip a\u00f0 l\u00e1ni hj\u00e1 \u00f6\u00f0rum manni og hann limlestist e\u00f0a deyr \u00e1n \u00feess a\u00f0 eigandinn s\u00e9 n\u00e6rri skal hann b\u00e6ta hann a\u00f0 fullu. <a name=\"14\"><span class=\"versanumer_2007\">14<\/span><\/a> Hafi eigandi hans veri\u00f0 n\u00e6rri skal hann ekki grei\u00f0a b\u00e6tur. S\u00e9 hann daglaunama\u00f0ur skal draga b\u00e6turnar af launum hans.<br \/> <a name=\"15\"><span class=\"versanumer_2007\">15<\/span><\/a> Fleki ma\u00f0ur mey, sem ekki hefur veri\u00f0 f\u00f6stnu\u00f0 manni, og leggst me\u00f0 henni, skal hann grei\u00f0a br\u00fa\u00f0arver\u00f0 <span class=\"nedan_mal\" title=\" Br\u00fa\u00f0arver\u00f0 var eins konar trygging fyrir br\u00fa\u00f0ina. Ef ma\u00f0urinn skildi vi\u00f0 hana f\u00e9kk h\u00fan br\u00fa\u00f0arver\u00f0i\u00f0 endurgreitt.\">[<\/span> hennar og taka hana s\u00e9r fyrir konu. <a name=\"16\"><span class=\"versanumer_2007\">16<\/span><\/a> En neiti fa\u00f0ir hennar a\u00f0 gifta honum hana skal hann grei\u00f0a fj\u00e1rsekt sem samsvarar br\u00fa\u00f0arver\u00f0i yngismeyjar.<\/p>\n<h3 class=\"millifyrirsogn_2007\">\u00ddmis l\u00f6g<\/h3>\n<p><a name=\"17\"><span class=\"versanumer_2007\">17<\/span><\/a> \u00de\u00fa skalt ekki \u00feyrma l\u00edfi galdranornar. <a name=\"18\"><span class=\"versanumer_2007\">18<\/span><\/a> S\u00e9rhver sem hefur m\u00f6k vi\u00f0 f\u00e9na\u00f0 skal l\u00edfl\u00e1tinn. <a name=\"19\"><span class=\"versanumer_2007\">19<\/span><\/a> S\u00e1 sem f\u00e6rir \u00f6\u00f0rum gu\u00f0um en Drottni einum sl\u00e1turf\u00f3rn skal v\u00edg\u00f0ur banni.<br \/> <a name=\"20\"><span class=\"versanumer_2007\">20<\/span><\/a> \u00de\u00fa skalt hvorki k\u00faga a\u00f0komumann n\u00e9 \u00ferengja a\u00f0 honum \u00fev\u00ed a\u00f0 \u00fei\u00f0 voru\u00f0 sj\u00e1lfir a\u00f0komumenn \u00ed Egyptalandi.<br \/> <a name=\"21\"><span class=\"versanumer_2007\">21<\/span><\/a> \u00dei\u00f0 skulu\u00f0 hvorki beita ekkju n\u00e9 muna\u00f0arleysingja h\u00f6r\u00f0u. <a name=\"22\"><span class=\"versanumer_2007\">22<\/span><\/a> Beitir \u00fe\u00fa hana har\u00f0r\u00e6\u00f0i og h\u00fan hr\u00f3par til m\u00edn \u00e1 hj\u00e1lp mun \u00e9g b\u00e6nheyra hana. <a name=\"23\"><span class=\"versanumer_2007\">23<\/span><\/a> Rei\u00f0i m\u00edn mun upptendrast og \u00e9g mun fella ykkur me\u00f0 sver\u00f0i, gera konur ykkar a\u00f0 ekkjum og b\u00f6rn ykkar a\u00f0 muna\u00f0arleysingjum.<br \/> <a name=\"24\"><span class=\"versanumer_2007\">24<\/span><\/a> L\u00e1nir \u00fe\u00fa peninga f\u00e1t\u00e6klingi af \u00fej\u00f3\u00f0 \u00feeirri sem hj\u00e1 \u00fe\u00e9r er m\u00e1ttu ekki reynast honum eins og okrari. \u00dei\u00f0 skulu\u00f0 ekki krefjast vaxta af honum.<br \/> <a name=\"25\"><span class=\"versanumer_2007\">25<\/span><\/a> Takir \u00fe\u00fa yfirh\u00f6fn n\u00e1unga \u00fe\u00edns a\u00f0 ve\u00f0i skaltu skila henni aftur fyrir s\u00f3larlag <a name=\"26\"><span class=\"versanumer_2007\">26<\/span><\/a> \u00fev\u00ed a\u00f0 h\u00fan er eina skj\u00f3l hans, k\u00e1pan sem hann sk\u00fdlir l\u00edkama s\u00ednum me\u00f0. \u00cd hverju \u00e1 hann annars a\u00f0 sofa? \u00deegar hann hr\u00f3par til m\u00edn hlusta \u00e9g \u00fev\u00ed a\u00f0 \u00e9g er miskunnsamur.<br \/> <a name=\"27\"><span class=\"versanumer_2007\">27<\/span><\/a> \u00de\u00fa skalt ekki b\u00f6lva Gu\u00f0i og \u00fe\u00fa skalt ekki form\u00e6la h\u00f6f\u00f0ingja \u00fej\u00f3\u00f0ar \u00feinnar.<br \/> <a name=\"28\"><span class=\"versanumer_2007\">28<\/span><\/a> \u00de\u00fa skalt hvorki draga undan af gn\u00e6g\u00f0 kornuppskeru \u00feinnar n\u00e9 v\u00edns \u00fe\u00edns. Frumbur\u00f0 sona \u00feinna skaltu gefa m\u00e9r. <a name=\"29\"><span class=\"versanumer_2007\">29<\/span><\/a> Eins skaltu fara me\u00f0 naut \u00fe\u00edn og sau\u00f0i. Frumbur\u00f0urinn skal vera sj\u00f6 daga hj\u00e1 m\u00f3\u00f0ur sinni, \u00e1 \u00e1ttunda degi skaltu f\u00e6ra m\u00e9r hann.<br \/> <a name=\"30\"><span class=\"versanumer_2007\">30<\/span><\/a> \u00dei\u00f0 skulu\u00f0 vera m\u00e9r heilagir og \u00fev\u00ed ekki neyta kj\u00f6ts sem liggur \u00fati \u00e1 v\u00ed\u00f0avangi, kj\u00f6ts af d\u00fdrrifinni skepnu. \u00dei\u00f0 skulu\u00f0 fleygja \u00fev\u00ed fyrir hunda.<\/p>\n","protected":false},"excerpt":{"rendered":"<p>L\u00f6g um \u00fej\u00f3fna\u00f0 og eignatj\u00f3n 1 S\u00e9 \u00fej\u00f3fur sta\u00f0inn a\u00f0 verki vi\u00f0 innbrot og honum er veitt banah\u00f6gg telst \u00fea\u00f0 ekki bl\u00f3\u00f0sekt. 2 En s\u00e9 s\u00f3lin komin upp \u00feegar hann gerir \u00feetta telst \u00fea\u00f0 bl\u00f3\u00f0sekt. \u00dej\u00f3fur skal grei\u00f0a fullar b\u00e6tur. Eigi hann ekkert skal selja hann sj\u00e1lfan \u00ed b\u00e6tur fyrir stuldinn. 3 Finnist hi\u00f0 stolna lifandi \u00ed v\u00f6rslu hans, hvort sem \u00fea\u00f0 er naut, asni e\u00f0a sau\u00f0ur, skal hann b\u00e6ta me\u00f0 tveimur fyrir eitt. 4 Beiti ma\u00f0ur akur e\u00f0a v\u00edngar\u00f0 og l\u00e1ti f\u00e9na\u00f0 sinn ganga lausan svo a\u00f0 hann b\u00edtur einnig \u00e1 landi annars manns, skal hann b\u00e6ta \u00fea\u00f0 me\u00f0 <a href=\"https:\/\/biblian.is\/biblian\/onnur-mosebok-22-kafli\/\"> [&#8230;]<\/a><\/p>\n","protected":false},"author":1,"featured_media":0,"parent":0,"menu_order":0,"comment_status":"open","ping_status":"open","template":"bibliukaflar_NT.php","meta":{"footnotes":""},"class_list":["post-1689","page","type-page","status-publish","hentry"],"_links":{"self":[{"href":"https:\/\/biblian.is\/biblian\/wp-json\/wp\/v2\/pages\/1689","targetHints":{"allow":["GET"]}}],"collection":[{"href":"https:\/\/biblian.is\/biblian\/wp-json\/wp\/v2\/pages"}],"about":[{"href":"https:\/\/biblian.is\/biblian\/wp-json\/wp\/v2\/types\/page"}],"author":[{"embeddable":true,"href":"https:\/\/biblian.is\/biblian\/wp-json\/wp\/v2\/users\/1"}],"replies":[{"embeddable":true,"href":"https:\/\/biblian.is\/biblian\/wp-json\/wp\/v2\/comments?post=1689"}],"version-history":[{"count":0,"href":"https:\/\/biblian.is\/biblian\/wp-json\/wp\/v2\/pages\/1689\/revisions"}],"wp:attachment":[{"href":"https:\/\/biblian.is\/biblian\/wp-json\/wp\/v2\/media?parent=1689"}],"curies":[{"name":"wp","href":"https:\/\/api.w.org\/{rel}","templated":true}]}}