{"id":1687,"date":"2017-12-30T21:00:00","date_gmt":"2017-12-30T21:00:00","guid":{"rendered":"http:\/\/biblian.is\/biblian\/%c2%85nnur-m%c2%97seb%c2%97k-20-kafli\/"},"modified":"2023-05-01T16:21:25","modified_gmt":"2023-05-01T16:21:25","slug":"onnur-mosebok-20-kafli","status":"publish","type":"page","link":"https:\/\/biblian.is\/biblian\/onnur-mosebok-20-kafli\/","title":{"rendered":"\u00d6nnur M\u00f3seb\u00f3k 20. kafli"},"content":{"rendered":"<h3 class=\"millifyrirsogn_2007\"> Bo\u00f0or\u00f0in<\/h3>\n<p><a name=\"1\"><span class=\"versanumer_2007\">1<\/span><\/a> Drottinn m\u00e6lti \u00f6ll \u00feessi or\u00f0:<br \/> <a name=\"2\"><span class=\"versanumer_2007\">2<\/span><\/a> \u201e\u00c9g er Drottinn, Gu\u00f0 \u00feinn, sem leiddi \u00feig \u00fat af Egyptalandi, \u00fat \u00far \u00fer\u00e6lah\u00fasinu.<br \/> <a name=\"3\"><span class=\"versanumer_2007\">3<\/span><\/a> \u00de\u00fa skalt ekki hafa a\u00f0ra gu\u00f0i en mig.<br \/> <a name=\"4\"><span class=\"versanumer_2007\">4<\/span><\/a> \u00de\u00fa skalt hvorki gera \u00fe\u00e9r l\u00edkneski n\u00e9 neina eftirl\u00edkingu af \u00fev\u00ed sem er \u00e1 himnum uppi e\u00f0a \u00fev\u00ed sem er \u00e1 j\u00f6r\u00f0u ni\u00f0ri e\u00f0a \u00ed hafinu undir j\u00f6r\u00f0inni. <a name=\"5\"><span class=\"versanumer_2007\">5<\/span><\/a> \u00de\u00fa skalt hvorki falla fram fyrir \u00feeim n\u00e9 d\u00fdrka \u00feau \u00fev\u00ed a\u00f0 \u00e9g, Drottinn, Gu\u00f0 \u00feinn, er vandl\u00e1tur Gu\u00f0 og refsa ni\u00f0jum \u00ed \u00feri\u00f0ja og fj\u00f3r\u00f0a li\u00f0 fyrir sekt fe\u00f0ra \u00feeirra sem hata mig <a name=\"6\"><span class=\"versanumer_2007\">6<\/span><\/a> en s\u00fdni k\u00e6rleika \u00fe\u00fasundum \u00feeirra sem elska mig og halda bo\u00f0 m\u00edn.<br \/> <a name=\"7\"><span class=\"versanumer_2007\">7<\/span><\/a> \u00de\u00fa skalt ekki leggja nafn Drottins, Gu\u00f0s \u00fe\u00edns, vi\u00f0 h\u00e9g\u00f3ma \u00fev\u00ed a\u00f0 Drottinn mun ekki l\u00e1ta \u00feeim \u00f3hegnt sem leggur nafn hans vi\u00f0 h\u00e9g\u00f3ma.<br \/> <a name=\"8\"><span class=\"versanumer_2007\">8<\/span><\/a> Minnstu \u00feess a\u00f0 halda hv\u00edldardaginn heilagan. <a name=\"9\"><span class=\"versanumer_2007\">9<\/span><\/a> \u00de\u00fa skalt vinna sex daga og sinna \u00f6llum verkum \u00fe\u00ednum. <a name=\"10\"><span class=\"versanumer_2007\">10<\/span><\/a> En sj\u00f6undi dagurinn er hv\u00edldardagur Drottins, Gu\u00f0s \u00fe\u00edns. \u00de\u00e1 skaltu ekkert verk vinna, hvorki \u00fe\u00fa sj\u00e1lfur n\u00e9 sonur \u00feinn e\u00f0a d\u00f3ttir, \u00fer\u00e6ll \u00feinn n\u00e9 amb\u00e1tt e\u00f0a skepnur \u00fe\u00ednar e\u00f0a a\u00f0komuma\u00f0urinn sem f\u00e6r a\u00f0 b\u00faa innan borgarhli\u00f0a \u00feinna. <a name=\"11\"><span class=\"versanumer_2007\">11<\/span><\/a> \u00dev\u00ed a\u00f0 \u00e1 sex d\u00f6gum ger\u00f0i Drottinn himin og j\u00f6r\u00f0, hafi\u00f0 og allt sem \u00ed \u00fev\u00ed er en hv\u00edldist sj\u00f6unda daginn. \u00deess vegna blessa\u00f0i Drottinn hv\u00edldardaginn og helga\u00f0i hann.<br \/> <a name=\"12\"><span class=\"versanumer_2007\">12<\/span><\/a> Hei\u00f0ra f\u00f6\u00f0ur \u00feinn og m\u00f3\u00f0ur svo a\u00f0 \u00fe\u00fa ver\u00f0ir langl\u00edfur \u00ed landinu sem Drottinn, Gu\u00f0 \u00feinn, gefur \u00fe\u00e9r.<br \/> <a name=\"13\"><span class=\"versanumer_2007\">13<\/span><\/a> \u00de\u00fa skalt ekki mor\u00f0 fremja.<br \/> <a name=\"14\"><span class=\"versanumer_2007\">14<\/span><\/a> \u00de\u00fa skalt ekki dr\u00fdgja h\u00f3r.<br \/> <a name=\"15\"><span class=\"versanumer_2007\">15<\/span><\/a> \u00de\u00fa skalt ekki stela.<br \/> <a name=\"16\"><span class=\"versanumer_2007\">16<\/span><\/a> \u00de\u00fa skalt ekki bera lj\u00fagvitni gegn n\u00e1unga \u00fe\u00ednum.<br \/> <a name=\"17\"><span class=\"versanumer_2007\">17<\/span><\/a> \u00de\u00fa skalt ekki girnast h\u00fas n\u00e1unga \u00fe\u00edns. \u00de\u00fa skalt ekki girnast konu n\u00e1unga \u00fe\u00edns, \u00fer\u00e6l hans e\u00f0a amb\u00e1tt, uxa hans e\u00f0a asna e\u00f0a nokku\u00f0 \u00fea\u00f0 sem n\u00e1ungi \u00feinn \u00e1.\u201c<br \/> <a name=\"18\"><span class=\"versanumer_2007\">18<\/span><\/a> Allt f\u00f3lki\u00f0 s\u00e1 og heyr\u00f0i \u00ferumurnar, eldingaleiftrin, hornabl\u00e1sturinn og rj\u00fakandi fjalli\u00f0. \u00deegar f\u00f3lki\u00f0 s\u00e1 \u00feetta skalf \u00fea\u00f0 af \u00f3tta og st\u00f3\u00f0 langt fr\u00e1. <a name=\"19\"><span class=\"versanumer_2007\">19<\/span><\/a> F\u00f3lki\u00f0 sag\u00f0i vi\u00f0 M\u00f3se: \u201eTala \u00fe\u00fa vi\u00f0 okkur og vi\u00f0 munum hl\u00fd\u00f0a en l\u00e1t Gu\u00f0 ekki tala vi\u00f0 okkur svo a\u00f0 vi\u00f0 deyjum ekki.\u201c <a name=\"20\"><span class=\"versanumer_2007\">20<\/span><\/a> M\u00f3se sag\u00f0i vi\u00f0 f\u00f3lki\u00f0: \u201e\u00d3ttist ekki. Gu\u00f0 er kominn til a\u00f0 reyna ykkur til \u00feess a\u00f0 \u00f3tti hans s\u00e9 ykkur fyrir augum og \u00fei\u00f0 syndgi\u00f0 ekki.\u201c <a name=\"21\"><span class=\"versanumer_2007\">21<\/span><\/a> F\u00f3lki\u00f0 st\u00f3\u00f0 langt fr\u00e1 en M\u00f3se n\u00e1lga\u00f0ist sk\u00fdsortann \u00fear sem Gu\u00f0 var.<\/p>\n<h3 class=\"millifyrirsogn_2007\">L\u00f6g um altari\u00f0<\/h3>\n<p><a name=\"22\"><span class=\"versanumer_2007\">22<\/span><\/a> Drottinn sag\u00f0i vi\u00f0 M\u00f3se: \u201eSvo skaltu segja vi\u00f0 \u00cdsraelsmenn: \u00dei\u00f0 hafi\u00f0 sj\u00e1lfir s\u00e9\u00f0 a\u00f0 \u00e9g tala\u00f0i vi\u00f0 ykkur fr\u00e1 himni. <a name=\"23\"><span class=\"versanumer_2007\">23<\/span><\/a> \u00dei\u00f0 skulu\u00f0 ekki gera ykkur gu\u00f0i \u00far silfri og \u00fei\u00f0 skulu\u00f0 ekki gera ykkur gu\u00f0i \u00far gulli. <a name=\"24\"><span class=\"versanumer_2007\">24<\/span><\/a> \u00de\u00fa skalt gera m\u00e9r altari \u00far mold og \u00e1 \u00fev\u00ed skaltu sl\u00e1tra brennif\u00f3rnum \u00fe\u00ednum og heillaf\u00f3rnum, sau\u00f0f\u00e9 \u00fe\u00ednu og nautum. \u00c1 hverjum \u00feeim sta\u00f0, \u00fear sem \u00e9g l\u00e6t nefna nafn mitt, mun \u00e9g koma til \u00fe\u00edn og blessa \u00feig. <a name=\"25\"><span class=\"versanumer_2007\">25<\/span><\/a> En viljir \u00fe\u00fa gera m\u00e9r altari \u00far grj\u00f3ti skaltu ekki hla\u00f0a \u00fea\u00f0 \u00far tilh\u00f6ggnum steinum. Ef \u00fe\u00fa vinnur \u00fe\u00e1 me\u00f0 meitli vanhelgar\u00f0u \u00fe\u00e1. <a name=\"26\"><span class=\"versanumer_2007\">26<\/span><\/a> \u00de\u00fa skalt ekki ganga upp \u00ferep a\u00f0 altari m\u00ednu svo a\u00f0 blyg\u00f0un \u00fe\u00edn ver\u00f0i \u00fear ekki ber.<\/p>\n","protected":false},"excerpt":{"rendered":"<p>Bo\u00f0or\u00f0in 1 Drottinn m\u00e6lti \u00f6ll \u00feessi or\u00f0: 2 \u201e\u00c9g er Drottinn, Gu\u00f0 \u00feinn, sem leiddi \u00feig \u00fat af Egyptalandi, \u00fat \u00far \u00fer\u00e6lah\u00fasinu. 3 \u00de\u00fa skalt ekki hafa a\u00f0ra gu\u00f0i en mig. 4 \u00de\u00fa skalt hvorki gera \u00fe\u00e9r l\u00edkneski n\u00e9 neina eftirl\u00edkingu af \u00fev\u00ed sem er \u00e1 himnum uppi e\u00f0a \u00fev\u00ed sem er \u00e1 j\u00f6r\u00f0u ni\u00f0ri e\u00f0a \u00ed hafinu undir j\u00f6r\u00f0inni. 5 \u00de\u00fa skalt hvorki falla fram fyrir \u00feeim n\u00e9 d\u00fdrka \u00feau \u00fev\u00ed a\u00f0 \u00e9g, Drottinn, Gu\u00f0 \u00feinn, er vandl\u00e1tur Gu\u00f0 og refsa ni\u00f0jum \u00ed \u00feri\u00f0ja og fj\u00f3r\u00f0a li\u00f0 fyrir sekt fe\u00f0ra \u00feeirra sem hata mig 6 en s\u00fdni k\u00e6rleika \u00fe\u00fasundum <a href=\"https:\/\/biblian.is\/biblian\/onnur-mosebok-20-kafli\/\"> [&#8230;]<\/a><\/p>\n","protected":false},"author":1,"featured_media":0,"parent":0,"menu_order":0,"comment_status":"open","ping_status":"open","template":"bibliukaflar_NT.php","meta":{"footnotes":""},"class_list":["post-1687","page","type-page","status-publish","hentry"],"_links":{"self":[{"href":"https:\/\/biblian.is\/biblian\/wp-json\/wp\/v2\/pages\/1687","targetHints":{"allow":["GET"]}}],"collection":[{"href":"https:\/\/biblian.is\/biblian\/wp-json\/wp\/v2\/pages"}],"about":[{"href":"https:\/\/biblian.is\/biblian\/wp-json\/wp\/v2\/types\/page"}],"author":[{"embeddable":true,"href":"https:\/\/biblian.is\/biblian\/wp-json\/wp\/v2\/users\/1"}],"replies":[{"embeddable":true,"href":"https:\/\/biblian.is\/biblian\/wp-json\/wp\/v2\/comments?post=1687"}],"version-history":[{"count":0,"href":"https:\/\/biblian.is\/biblian\/wp-json\/wp\/v2\/pages\/1687\/revisions"}],"wp:attachment":[{"href":"https:\/\/biblian.is\/biblian\/wp-json\/wp\/v2\/media?parent=1687"}],"curies":[{"name":"wp","href":"https:\/\/api.w.org\/{rel}","templated":true}]}}