{"id":1685,"date":"2017-12-30T21:00:00","date_gmt":"2017-12-30T21:00:00","guid":{"rendered":"http:\/\/biblian.is\/biblian\/%c2%85nnur-m%c2%97seb%c2%97k-18-kafli\/"},"modified":"2023-05-01T16:21:24","modified_gmt":"2023-05-01T16:21:24","slug":"onnur-mosebok-18-kafli","status":"publish","type":"page","link":"https:\/\/biblian.is\/biblian\/onnur-mosebok-18-kafli\/","title":{"rendered":"\u00d6nnur M\u00f3seb\u00f3k 18. kafli"},"content":{"rendered":"<h3 class=\"millifyrirsogn_2007\"> Jetr\u00f3 hj\u00e1 M\u00f3se<\/h3>\n<p><a name=\"1\"><span class=\"versanumer_2007\">1<\/span><\/a> \u00deegar Jetr\u00f3, prestur \u00ed Mid\u00edanslandi, tengdafa\u00f0ir M\u00f3se, heyr\u00f0i um allt \u00fea\u00f0 sem Gu\u00f0 haf\u00f0i gert fyrir M\u00f3se og l\u00fd\u00f0 sinn, \u00cdsrael, \u00feegar Drottinn leiddi \u00cdsrael \u00fat \u00far Egyptalandi <a name=\"2\"><span class=\"versanumer_2007\">2<\/span><\/a> t\u00f3k Jetr\u00f3, tengdafa\u00f0ir M\u00f3se, me\u00f0 s\u00e9r Sipp\u00f3ru, eiginkonu M\u00f3se, sem hann haf\u00f0i sent aftur heim, <a name=\"3\"><span class=\"versanumer_2007\">3<\/span><\/a> og b\u00e1\u00f0a syni hennar. Annar h\u00e9t Gers\u00f3m <span class=\"nedan_mal\" title=\" Gers\u00f3m merkir: \u00fatlendingur (a\u00f0komuma\u00f0ur) \u00fear.\">[<\/span> \u00fev\u00ed a\u00f0 M\u00f3se haf\u00f0i sagt: \u201e\u00c9g er a\u00f0komuma\u00f0ur \u00ed framandi landi.\u201c <a name=\"4\"><span class=\"versanumer_2007\">4<\/span><\/a> Hinn h\u00e9t El\u00edeser <span class=\"nedan_mal\" title=\" El\u00edeser merkir: Gu\u00f0 er hj\u00e1lp (m\u00edn).\">[<\/span> \u201e\u00fev\u00ed a\u00f0 Gu\u00f0 f\u00f6\u00f0ur m\u00edns var hj\u00e1lp m\u00edn og frelsa\u00f0i mig undan sver\u00f0i fara\u00f3s\u201c.<br \/> <a name=\"5\"><span class=\"versanumer_2007\">5<\/span><\/a> Jetr\u00f3, tengdafa\u00f0ir M\u00f3se, kom n\u00fa \u00e1samt sonum hans og eiginkonu \u00fat \u00ed ey\u00f0im\u00f6rkina \u00fear sem M\u00f3se haf\u00f0i b\u00fa\u00f0ir s\u00ednar vi\u00f0 fjall Gu\u00f0s. <a name=\"6\"><span class=\"versanumer_2007\">6<\/span><\/a> Hann l\u00e9t flytja M\u00f3se \u00feessi bo\u00f0: \u201e\u00c9g, tengdafa\u00f0ir \u00feinn, er kominn til \u00fe\u00edn \u00e1samt eiginkonu \u00feinni og b\u00e1\u00f0um sonum.\u201c <a name=\"7\"><span class=\"versanumer_2007\">7<\/span><\/a> M\u00f3se gekk \u00fe\u00e1 til m\u00f3ts vi\u00f0 tengdaf\u00f6\u00f0ur sinn, laut honum og kyssti hann. \u00deegar \u00feeir h\u00f6f\u00f0u heilsast gengu \u00feeir inn \u00ed tjaldi\u00f0.<br \/> <a name=\"8\"><span class=\"versanumer_2007\">8<\/span><\/a> M\u00f3se sk\u00fdr\u00f0i tengdaf\u00f6\u00f0ur s\u00ednum fr\u00e1 \u00f6llu sem Drottinn haf\u00f0i gert fara\u00f3 og Egyptum vegna \u00cdsraels, fr\u00e1 \u00f6llu \u00fev\u00ed m\u00f3tl\u00e6ti sem \u00feeir h\u00f6f\u00f0u or\u00f0i\u00f0 fyrir \u00e1 lei\u00f0inni og hvernig Drottinn haf\u00f0i bjarga\u00f0 \u00feeim. <a name=\"9\"><span class=\"versanumer_2007\">9<\/span><\/a> Jetr\u00f3 gladdist yfir \u00f6llu hinu g\u00f3\u00f0a sem Drottinn haf\u00f0i gert fyrir \u00cdsrael \u00feegar hann bjarga\u00f0i honum \u00far greipum Egypta. <a name=\"10\"><span class=\"versanumer_2007\">10<\/span><\/a> Jetr\u00f3 sag\u00f0i: \u201eLofa\u00f0ur s\u00e9 Drottinn sem bjarga\u00f0i ykkur \u00far greipum Egypta og fara\u00f3s. <a name=\"11\"><span class=\"versanumer_2007\">11<\/span><\/a> N\u00fa veit \u00e9g a\u00f0 Drottinn er \u00f6llum gu\u00f0um meiri vegna \u00feess a\u00f0 hann bjarga\u00f0i \u00fej\u00f3\u00f0inni undan k\u00fagun Egypta sem s\u00fdndu \u00cdsrael hroka.\u201c <a name=\"12\"><span class=\"versanumer_2007\">12<\/span><\/a> S\u00ed\u00f0an f\u00e6r\u00f0i Jetr\u00f3, tengdafa\u00f0ir M\u00f3se, Gu\u00f0i d\u00fdr a\u00f0 brennif\u00f3rn og sl\u00e1turf\u00f3rn og Aron kom \u00e1samt \u00f6llum \u00f6ldungum \u00cdsraels til a\u00f0 halda m\u00e1lt\u00ed\u00f0 frammi fyrir augliti Drottins.<br \/> <a name=\"13\"><span class=\"versanumer_2007\">13<\/span><\/a> Daginn eftir t\u00f3k M\u00f3se s\u00e9r s\u00e6ti til a\u00f0 r\u00e9tta \u00ed m\u00e1lum manna. F\u00f3lki\u00f0 st\u00f3\u00f0 frammi fyrir M\u00f3se fr\u00e1 morgni til kv\u00f6lds. <a name=\"14\"><span class=\"versanumer_2007\">14<\/span><\/a> \u00deegar tengdafa\u00f0ir M\u00f3se s\u00e1 hve m\u00f6rgu hann \u00feurfti a\u00f0 sinna fyrir f\u00f3lki\u00f0 sag\u00f0i hann: \u201eHva\u00f0 er \u00feetta sem \u00fe\u00fa ert a\u00f0 gera fyrir f\u00f3lki\u00f0? Hvers vegna situr \u00fe\u00fa h\u00e9r einn \u00e1 me\u00f0an allt f\u00f3lki\u00f0 stendur frammi fyrir \u00fe\u00e9r fr\u00e1 morgni til kv\u00f6lds?\u201c <a name=\"15\"><span class=\"versanumer_2007\">15<\/span><\/a> M\u00f3se svara\u00f0i tengdaf\u00f6\u00f0ur s\u00ednum: \u201eF\u00f3lki\u00f0 kemur til m\u00edn til a\u00f0 leita svara hj\u00e1 Gu\u00f0i. <a name=\"16\"><span class=\"versanumer_2007\">16<\/span><\/a> Eigi \u00fea\u00f0 \u00ed deilum kemur \u00fea\u00f0 til m\u00edn og \u00e9g sker \u00far milli manna og kunngj\u00f6ri \u00e1kv\u00e6\u00f0i og l\u00f6g Drottins.\u201c <a name=\"17\"><span class=\"versanumer_2007\">17<\/span><\/a> \u00de\u00e1 sag\u00f0i tengdafa\u00f0ir M\u00f3se vi\u00f0 hann: \u201e\u00de\u00fa fer\u00f0 ekki r\u00e9tt a\u00f0. <a name=\"18\"><span class=\"versanumer_2007\">18<\/span><\/a> \u00de\u00fa gerir b\u00e6\u00f0i sj\u00e1lfan \u00feig og f\u00f3lki\u00f0, sem hj\u00e1 \u00fe\u00e9r er, \u00f6r\u00fereytt. \u00deetta er \u00fe\u00e9r of erfitt, \u00fe\u00fa getur ekki sinnt \u00feessu einn. <a name=\"19\"><span class=\"versanumer_2007\">19<\/span><\/a> Hlusta\u00f0u n\u00fa \u00e1 mig, \u00e9g skal gefa \u00fe\u00e9r r\u00e1\u00f0 og Gu\u00f0 ver\u00f0ur me\u00f0 \u00fe\u00e9r. \u00de\u00fa skalt sj\u00e1lfur standa frammi fyrir Gu\u00f0i fyrir \u00fej\u00f3\u00f0ina og sj\u00e1lfur leggja m\u00e1lin fyrir Gu\u00f0. <a name=\"20\"><span class=\"versanumer_2007\">20<\/span><\/a> \u00de\u00fa skalt leggja \u00fej\u00f3\u00f0inni \u00e1 hjarta \u00e1kv\u00e6\u00f0in og l\u00f6gin, v\u00edsa henni veginn sem h\u00fan \u00e1 a\u00f0 ganga og s\u00fdna henni hva\u00f0a verk h\u00fan \u00e1 a\u00f0 vinna. <a name=\"21\"><span class=\"versanumer_2007\">21<\/span><\/a> \u00de\u00fa skalt velja me\u00f0al allrar \u00fej\u00f3\u00f0arinnar dugandi og gu\u00f0hr\u00e6dda menn, trausta menn sem ekki eru m\u00fatu\u00fe\u00e6gir. \u00de\u00fa skalt setja \u00fe\u00e1 yfir f\u00f3lki\u00f0 sem foringja yfir \u00fe\u00fasund manna flokkum, yfir hundra\u00f0 manna, fimmt\u00edu manna og t\u00edu manna flokkum. <a name=\"22\"><span class=\"versanumer_2007\">22<\/span><\/a> \u00deeir skulu r\u00e9tta \u00ed m\u00e1lum f\u00f3lksins hven\u00e6r sem \u00feess gerist \u00fe\u00f6rf. \u00d6ll st\u00e6rri m\u00e1l skulu \u00feeir leggja fyrir \u00feig en \u00ed \u00f6llum minni h\u00e1ttar m\u00e1lum skulu \u00feeir d\u00e6ma. L\u00e9ttu \u00feannig byr\u00f0i \u00fe\u00edna og l\u00e1ttu \u00fe\u00e1 bera hana me\u00f0 \u00fe\u00e9r. <a name=\"23\"><span class=\"versanumer_2007\">23<\/span><\/a> Ef \u00fe\u00fa gerir \u00feetta mun \u00fe\u00e9r takast \u00fea\u00f0 sem Gu\u00f0 felur \u00fe\u00e9r. \u00de\u00e1 getur allt \u00feetta f\u00f3lk fari\u00f0 \u00e1n\u00e6gt heim til s\u00edn.\u201c<br \/> <a name=\"24\"><span class=\"versanumer_2007\">24<\/span><\/a> M\u00f3se hlusta\u00f0i \u00e1 tengdaf\u00f6\u00f0ur sinn og f\u00f3r a\u00f0 \u00f6llu eins og hann haf\u00f0i sagt. <a name=\"25\"><span class=\"versanumer_2007\">25<\/span><\/a> M\u00f3se valdi dugandi menn \u00far \u00f6llum \u00cdsrael og ger\u00f0i \u00fe\u00e1 a\u00f0 h\u00f6f\u00f0ingjum yfir \u00fej\u00f3\u00f0inni, foringjum \u00fe\u00fasund manna, foringjum hundra\u00f0 manna, fimmt\u00edu manna og t\u00edu manna. <a name=\"26\"><span class=\"versanumer_2007\">26<\/span><\/a> \u00deeir \u00e1ttu a\u00f0 d\u00e6ma f\u00f3lki\u00f0 hven\u00e6r sem \u00feess ger\u00f0ist \u00fe\u00f6rf. Erfi\u00f0 m\u00e1l l\u00f6g\u00f0u \u00feeir fyrir M\u00f3se en d\u00e6mdu sj\u00e1lfir \u00ed \u00f6llum minni h\u00e1ttar m\u00e1lum.<br \/> <a name=\"27\"><span class=\"versanumer_2007\">27<\/span><\/a> S\u00ed\u00f0an kvaddi M\u00f3se tengdaf\u00f6\u00f0ur sinn og hann h\u00e9lt heim til lands s\u00edns.<\/p>\n","protected":false},"excerpt":{"rendered":"<p>Jetr\u00f3 hj\u00e1 M\u00f3se 1 \u00deegar Jetr\u00f3, prestur \u00ed Mid\u00edanslandi, tengdafa\u00f0ir M\u00f3se, heyr\u00f0i um allt \u00fea\u00f0 sem Gu\u00f0 haf\u00f0i gert fyrir M\u00f3se og l\u00fd\u00f0 sinn, \u00cdsrael, \u00feegar Drottinn leiddi \u00cdsrael \u00fat \u00far Egyptalandi 2 t\u00f3k Jetr\u00f3, tengdafa\u00f0ir M\u00f3se, me\u00f0 s\u00e9r Sipp\u00f3ru, eiginkonu M\u00f3se, sem hann haf\u00f0i sent aftur heim, 3 og b\u00e1\u00f0a syni hennar. Annar h\u00e9t Gers\u00f3m [ \u00fev\u00ed a\u00f0 M\u00f3se haf\u00f0i sagt: \u201e\u00c9g er a\u00f0komuma\u00f0ur \u00ed framandi landi.\u201c 4 Hinn h\u00e9t El\u00edeser [ \u201e\u00fev\u00ed a\u00f0 Gu\u00f0 f\u00f6\u00f0ur m\u00edns var hj\u00e1lp m\u00edn og frelsa\u00f0i mig undan sver\u00f0i fara\u00f3s\u201c. 5 Jetr\u00f3, tengdafa\u00f0ir M\u00f3se, kom n\u00fa \u00e1samt sonum hans og eiginkonu \u00fat \u00ed <a href=\"https:\/\/biblian.is\/biblian\/onnur-mosebok-18-kafli\/\"> [&#8230;]<\/a><\/p>\n","protected":false},"author":1,"featured_media":0,"parent":0,"menu_order":0,"comment_status":"open","ping_status":"open","template":"bibliukaflar_NT.php","meta":{"footnotes":""},"class_list":["post-1685","page","type-page","status-publish","hentry"],"_links":{"self":[{"href":"https:\/\/biblian.is\/biblian\/wp-json\/wp\/v2\/pages\/1685","targetHints":{"allow":["GET"]}}],"collection":[{"href":"https:\/\/biblian.is\/biblian\/wp-json\/wp\/v2\/pages"}],"about":[{"href":"https:\/\/biblian.is\/biblian\/wp-json\/wp\/v2\/types\/page"}],"author":[{"embeddable":true,"href":"https:\/\/biblian.is\/biblian\/wp-json\/wp\/v2\/users\/1"}],"replies":[{"embeddable":true,"href":"https:\/\/biblian.is\/biblian\/wp-json\/wp\/v2\/comments?post=1685"}],"version-history":[{"count":0,"href":"https:\/\/biblian.is\/biblian\/wp-json\/wp\/v2\/pages\/1685\/revisions"}],"wp:attachment":[{"href":"https:\/\/biblian.is\/biblian\/wp-json\/wp\/v2\/media?parent=1685"}],"curies":[{"name":"wp","href":"https:\/\/api.w.org\/{rel}","templated":true}]}}