{"id":1684,"date":"2017-12-30T21:00:00","date_gmt":"2017-12-30T21:00:00","guid":{"rendered":"http:\/\/biblian.is\/biblian\/%c2%85nnur-m%c2%97seb%c2%97k-17-kafli\/"},"modified":"2023-05-01T16:21:23","modified_gmt":"2023-05-01T16:21:23","slug":"onnur-mosebok-17-kafli","status":"publish","type":"page","link":"https:\/\/biblian.is\/biblian\/onnur-mosebok-17-kafli\/","title":{"rendered":"\u00d6nnur M\u00f3seb\u00f3k 17. kafli"},"content":{"rendered":"<h3 class=\"millifyrirsogn_2007\"> Vatn \u00far kletti<\/h3>\n<p><a name=\"1\"><span class=\"versanumer_2007\">1<\/span><\/a> Allur s\u00f6fnu\u00f0ur \u00cdsraelsmanna lag\u00f0i n\u00fa af sta\u00f0 fr\u00e1 S\u00edney\u00f0im\u00f6rkinni og h\u00e9lt \u00e1fram \u00ed \u00e1f\u00f6ngum eftir fyrirm\u00e6lum Drottins. \u00deeir sl\u00f3gu upp b\u00fa\u00f0um \u00ed Ref\u00edd\u00edm. Af \u00fev\u00ed a\u00f0 ekkert drykkjarvatn var \u00fear a\u00f0 finna <a name=\"2\"><span class=\"versanumer_2007\">2<\/span><\/a> \u00e1saka\u00f0i f\u00f3lki\u00f0 M\u00f3se og sag\u00f0i: \u201eGef\u00f0u okkur vatn a\u00f0 drekka.\u201c M\u00f3se sag\u00f0i vi\u00f0 \u00fea\u00f0: \u201eHvers vegna \u00e1saki\u00f0 \u00fei\u00f0 mig? Hvers vegna reyni\u00f0 \u00fei\u00f0 Drottin?\u201c <a name=\"3\"><span class=\"versanumer_2007\">3<\/span><\/a> F\u00f3lki\u00f0 \u00feyrsti \u00ed vatn og m\u00f6gla\u00f0i gegn M\u00f3se og sag\u00f0i: \u201eHvers vegna leiddir \u00fe\u00fa okkur fr\u00e1 Egyptalandi? Var \u00fea\u00f0 til a\u00f0 l\u00e1ta okkur, b\u00f6rn okkar og f\u00e9na\u00f0 deyja \u00far \u00feorsta?\u201c <a name=\"4\"><span class=\"versanumer_2007\">4<\/span><\/a> \u00de\u00e1 hr\u00f3pa\u00f0i M\u00f3se \u00e1 hj\u00e1lp til Drottins og sag\u00f0i: \u201eHva\u00f0 get \u00e9g gert vi\u00f0 \u00feetta f\u00f3lk? \u00dea\u00f0 er r\u00e9tt a\u00f0 \u00fev\u00ed komi\u00f0 a\u00f0 gr\u00fdta mig.\u201c <a name=\"5\"><span class=\"versanumer_2007\">5<\/span><\/a> Drottinn sag\u00f0i vi\u00f0 M\u00f3se: \u201eGakktu fram fyrir f\u00f3lki\u00f0 og taktu me\u00f0 \u00fe\u00e9r nokkra af \u00f6ldungum \u00cdsraels. Taktu \u00ed h\u00f6nd \u00fe\u00e9r stafinn sem \u00fe\u00fa sl\u00f3st me\u00f0 \u00e1 flj\u00f3ti\u00f0 og haltu af sta\u00f0. <a name=\"6\"><span class=\"versanumer_2007\">6<\/span><\/a> \u00dear mun \u00e9g standa frammi fyrir \u00fe\u00e9r, \u00e1 klettinum vi\u00f0 H\u00f3reb. \u00de\u00fa skalt sl\u00e1 \u00e1 klettinn og mun \u00fe\u00e1 vatn spretta \u00far honum og f\u00f3lki\u00f0 f\u00e6r a\u00f0 drekka.\u201c \u00deetta ger\u00f0i M\u00f3se frammi fyrir augum \u00f6ldunga \u00cdsraels. <a name=\"7\"><span class=\"versanumer_2007\">7<\/span><\/a> Hann nefndi sta\u00f0inn Massa og Mer\u00edba <span class=\"nedan_mal\" title=\" Massa \u00fe\u00fd\u00f0ir a\u00f0 reyna, freista, en Mer\u00edba \u00e1s\u00f6kun.\">[<\/span> vegna \u00feess a\u00f0 \u00cdsraelsmenn h\u00f6f\u00f0u komi\u00f0 me\u00f0 \u00e1sakanir og reynt Drottin me\u00f0 \u00fev\u00ed a\u00f0 spyrja: \u201eEr Drottinn mitt \u00e1 me\u00f0al okkar e\u00f0a ekki?\u201c<\/p>\n<h3 class=\"millifyrirsogn_2007\">Orrusta vi\u00f0 Amalek\u00edta<\/h3>\n<p><a name=\"8\"><span class=\"versanumer_2007\">8<\/span><\/a> Amalek kom og r\u00e9\u00f0st \u00e1 \u00cdsrael \u00ed Ref\u00edd\u00edm. <a name=\"9\"><span class=\"versanumer_2007\">9<\/span><\/a> \u00de\u00e1 sag\u00f0i M\u00f3se vi\u00f0 J\u00f3s\u00faa: \u201eVeldu menn fyrir okkur og far\u00f0u til a\u00f0 berjast vi\u00f0 Amalek\u00edta. \u00c1 morgun mun \u00e9g standa efst \u00e1 h\u00e6\u00f0inni og hafa staf Gu\u00f0s \u00ed hendi m\u00e9r.\u201c<br \/> <a name=\"10\"><span class=\"versanumer_2007\">10<\/span><\/a> J\u00f3s\u00faa ger\u00f0i eins og M\u00f3se haf\u00f0i fali\u00f0 honum og h\u00e9lt til orrustu vi\u00f0 Amalek\u00edta en M\u00f3se, Aron og H\u00far h\u00f6f\u00f0u fari\u00f0 upp \u00e1 h\u00e1h\u00e6\u00f0ina. <a name=\"11\"><span class=\"versanumer_2007\">11<\/span><\/a> \u00c1 me\u00f0an M\u00f3se h\u00e9lt hendi sinni uppi veitti \u00cdsraelsm\u00f6nnum betur en \u00feegar hann l\u00e9t h\u00f6nd s\u00edna s\u00edga h\u00f6f\u00f0u Amalek\u00edtar betur. <a name=\"12\"><span class=\"versanumer_2007\">12<\/span><\/a> \u00deegar hendur M\u00f3se \u00fereyttust t\u00f3ku \u00feeir stein og settu undir hann. M\u00f3se settist \u00e1 hann en Aron og H\u00far studdu hendur hans, hvor s\u00ednum megin. Hendur hans h\u00e9ldust \u00fev\u00ed st\u00f6\u00f0ugar allt til s\u00f3larlags. <a name=\"13\"><span class=\"versanumer_2007\">13<\/span><\/a> \u00deannig sigra\u00f0i J\u00f3s\u00faa Amalek\u00edta og her \u00feeirra me\u00f0 sver\u00f0s- eggjum.<br \/> <a name=\"14\"><span class=\"versanumer_2007\">14<\/span><\/a> Drottinn sag\u00f0i vi\u00f0 M\u00f3se: \u201eSkr\u00e1\u00f0u \u00feetta \u00ed b\u00f3k til minningar og l\u00e1ttu J\u00f3s\u00faa leggja \u00fea\u00f0 \u00e1 minni\u00f0 \u00fev\u00ed a\u00f0 \u00e9g \u00e6tla a\u00f0 afm\u00e1 minninguna um Amalek\u00edta og her \u00feeirra af j\u00f6r\u00f0inni. <a name=\"15\"><span class=\"versanumer_2007\">15<\/span><\/a> M\u00f3se reisti \u00fear altari og nefndi sta\u00f0inn \u201eDrottinn er hermerki mitt\u201c. <a name=\"16\"><span class=\"versanumer_2007\">16<\/span><\/a> Hann sag\u00f0i: \u201eHendi var lyft gegn h\u00e1s\u00e6ti Drottins, milli Drottins og Amalek\u00edta er str\u00ed\u00f0, kynsl\u00f3\u00f0 eftir kynsl\u00f3\u00f0.\u201c<\/p>\n","protected":false},"excerpt":{"rendered":"<p>Vatn \u00far kletti 1 Allur s\u00f6fnu\u00f0ur \u00cdsraelsmanna lag\u00f0i n\u00fa af sta\u00f0 fr\u00e1 S\u00edney\u00f0im\u00f6rkinni og h\u00e9lt \u00e1fram \u00ed \u00e1f\u00f6ngum eftir fyrirm\u00e6lum Drottins. \u00deeir sl\u00f3gu upp b\u00fa\u00f0um \u00ed Ref\u00edd\u00edm. Af \u00fev\u00ed a\u00f0 ekkert drykkjarvatn var \u00fear a\u00f0 finna 2 \u00e1saka\u00f0i f\u00f3lki\u00f0 M\u00f3se og sag\u00f0i: \u201eGef\u00f0u okkur vatn a\u00f0 drekka.\u201c M\u00f3se sag\u00f0i vi\u00f0 \u00fea\u00f0: \u201eHvers vegna \u00e1saki\u00f0 \u00fei\u00f0 mig? Hvers vegna reyni\u00f0 \u00fei\u00f0 Drottin?\u201c 3 F\u00f3lki\u00f0 \u00feyrsti \u00ed vatn og m\u00f6gla\u00f0i gegn M\u00f3se og sag\u00f0i: \u201eHvers vegna leiddir \u00fe\u00fa okkur fr\u00e1 Egyptalandi? Var \u00fea\u00f0 til a\u00f0 l\u00e1ta okkur, b\u00f6rn okkar og f\u00e9na\u00f0 deyja \u00far \u00feorsta?\u201c 4 \u00de\u00e1 hr\u00f3pa\u00f0i M\u00f3se \u00e1 hj\u00e1lp til Drottins <a href=\"https:\/\/biblian.is\/biblian\/onnur-mosebok-17-kafli\/\"> [&#8230;]<\/a><\/p>\n","protected":false},"author":1,"featured_media":0,"parent":0,"menu_order":0,"comment_status":"open","ping_status":"open","template":"bibliukaflar_NT.php","meta":{"footnotes":""},"class_list":["post-1684","page","type-page","status-publish","hentry"],"_links":{"self":[{"href":"https:\/\/biblian.is\/biblian\/wp-json\/wp\/v2\/pages\/1684","targetHints":{"allow":["GET"]}}],"collection":[{"href":"https:\/\/biblian.is\/biblian\/wp-json\/wp\/v2\/pages"}],"about":[{"href":"https:\/\/biblian.is\/biblian\/wp-json\/wp\/v2\/types\/page"}],"author":[{"embeddable":true,"href":"https:\/\/biblian.is\/biblian\/wp-json\/wp\/v2\/users\/1"}],"replies":[{"embeddable":true,"href":"https:\/\/biblian.is\/biblian\/wp-json\/wp\/v2\/comments?post=1684"}],"version-history":[{"count":0,"href":"https:\/\/biblian.is\/biblian\/wp-json\/wp\/v2\/pages\/1684\/revisions"}],"wp:attachment":[{"href":"https:\/\/biblian.is\/biblian\/wp-json\/wp\/v2\/media?parent=1684"}],"curies":[{"name":"wp","href":"https:\/\/api.w.org\/{rel}","templated":true}]}}