{"id":1682,"date":"2017-12-30T21:00:00","date_gmt":"2017-12-30T21:00:00","guid":{"rendered":"http:\/\/biblian.is\/biblian\/%c2%85nnur-m%c2%97seb%c2%97k-15-kafli\/"},"modified":"2023-05-01T16:21:23","modified_gmt":"2023-05-01T16:21:23","slug":"onnur-mosebok-15-kafli","status":"publish","type":"page","link":"https:\/\/biblian.is\/biblian\/onnur-mosebok-15-kafli\/","title":{"rendered":"\u00d6nnur M\u00f3seb\u00f3k 15. kafli"},"content":{"rendered":"<h3 class=\"millifyrirsogn_2007\"> Sigurs\u00f6ngur \u00cdsraels<\/h3>\n<p><a name=\"1\"><span class=\"versanumer_2007\">1<\/span><\/a> \u00de\u00e1 sungu M\u00f3se og \u00cdsraelsmenn Drottni \u00feennan s\u00f6ng:<br \/><span class=\"ljodatexti\"> \u00c9g vil lofsyngja Drottni<br \/>\u00fev\u00ed a\u00f0 hann er h\u00e1tt upphafinn.<br \/>Hestum og riddurum<br \/>steypti hann \u00ed hafi\u00f0.<br \/> <a name=\"2\"><span class=\"versanumer_ljod\">2<\/span><\/a>Drottinn er styrkur minn og lofs\u00f6ngur,<br \/>hann kom m\u00e9r til hj\u00e1lpar.<br \/>Hann er Gu\u00f0 minn, \u00e9g vil vegsama hann,<br \/>Gu\u00f0 f\u00f6\u00f0ur m\u00edns, \u00e9g vil hylla hann.<br \/> <a name=\"3\"><span class=\"versanumer_ljod\">3<\/span><\/a>Drottinn er str\u00ed\u00f0shetja,<br \/>Drottinn er nafn hans. <span class=\"nedan_mal\" title=\" Or\u00f0r\u00e9tt: Jahve er nafn hans.\">[<\/span> <br \/> <a name=\"4\"><span class=\"versanumer_ljod\">4<\/span><\/a>V\u00f6gnum fara\u00f3s og hestum<br \/>steypti hann \u00ed hafi\u00f0,<br \/>\u00farvalsvagnli\u00f0i hans<br \/>drekkti hann \u00ed Sefhafinu.<br \/> <a name=\"5\"><span class=\"versanumer_ljod\">5<\/span><\/a>Dj\u00fapin huldu \u00fe\u00e1,<br \/>eins og steinn sukku \u00feeir \u00ed hafdj\u00fapi\u00f0.<br \/> <a name=\"6\"><span class=\"versanumer_ljod\">6<\/span><\/a>H\u00e6gri h\u00f6nd \u00fe\u00edn, Drottinn,<br \/>hefur gert sig d\u00fdrlega me\u00f0 afli,<br \/>h\u00e6gri h\u00f6nd \u00fe\u00edn, Drottinn,<br \/>kremur fjandmenn.<br \/> <a name=\"7\"><span class=\"versanumer_ljod\">7<\/span><\/a>Me\u00f0 mikilli h\u00e1tign \u00feinni<br \/>leggur \u00fe\u00fa andst\u00e6\u00f0inga \u00fe\u00edna a\u00f0 velli,<br \/>\u00fe\u00fa sleppir heift \u00feinni lausri,<br \/>h\u00fan gleypir \u00fe\u00e1 sem h\u00e1lm.<br \/> <a name=\"8\"><span class=\"versanumer_ljod\">8<\/span><\/a>Fyrir bl\u00e6stri nasa \u00feinna<br \/>hl\u00f3\u00f0st vatni\u00f0 upp,<br \/>bo\u00f0arnir st\u00f3\u00f0u sem veggir,<br \/>\u00f6ldurnar stir\u00f0nu\u00f0u mitt \u00ed hafinu.<br \/> <a name=\"9\"><span class=\"versanumer_ljod\">9<\/span><\/a>\u00d3vinurinn sag\u00f0i:<br \/>\u201e\u00c9g \u00e6tla a\u00f0 s\u00e6kja fram, n\u00e1 til \u00feeirra,<br \/>skipta herfangi,<br \/>se\u00f0ja me\u00f0 \u00feeim hungur mitt,<br \/>draga sver\u00f0 \u00far sl\u00ed\u00f0rum,<br \/>h\u00f6nd m\u00edn skal ey\u00f0a \u00feeim.\u201c<br \/> <a name=\"10\"><span class=\"versanumer_ljod\">10<\/span><\/a>\u00de\u00fa bl\u00e9st me\u00f0 anda \u00fe\u00ednum,<br \/>hafi\u00f0 luktist yfir \u00feeim,<br \/>\u00feeir sukku sem bl\u00fd<br \/>\u00ed hi\u00f0 mikla haf.<br \/> <a name=\"11\"><span class=\"versanumer_ljod\">11<\/span><\/a>Hver me\u00f0al gu\u00f0anna<br \/>er sem \u00fe\u00fa, Drottinn?<br \/>Hver er sem \u00fe\u00fa,<br \/>m\u00e1ttugur og heilagur,<br \/>\u00f3gnvekjandi \u00ed d\u00fdr\u00f0 \u00feinni,<br \/>\u00fe\u00fa sem vinnur m\u00e1ttarverk?<br \/> <a name=\"12\"><span class=\"versanumer_ljod\">12<\/span><\/a>\u00de\u00fa r\u00e9ttir \u00fat h\u00e6gri h\u00f6nd,<br \/>j\u00f6r\u00f0in gleypti \u00fe\u00e1.<br \/> <a name=\"13\"><span class=\"versanumer_ljod\">13<\/span><\/a>\u00de\u00fa lei\u00f0beindir af g\u00e6sku<br \/>\u00fej\u00f3\u00f0inni sem \u00fe\u00fa frelsa\u00f0ir,<br \/>leiddir hana me\u00f0 m\u00e6tti \u00fe\u00ednum<br \/>til heilags b\u00fasta\u00f0ar \u00fe\u00edns.<br \/> <a name=\"14\"><span class=\"versanumer_ljod\">14<\/span><\/a>\u00dej\u00f3\u00f0irnar heyr\u00f0u um \u00feetta, \u00fe\u00e6r titru\u00f0u,<br \/>skj\u00e1lfti greip \u00edb\u00faa Filisteu,<br \/> <a name=\"15\"><span class=\"versanumer_ljod\">15<\/span><\/a>h\u00f6f\u00f0ingjar Ed\u00f3ms skelfdust<br \/>\u00f3tti greip lei\u00f0toga M\u00f3abs,<br \/>allir \u00edb\u00faar Kanaans misstu kjarkinn,<br \/> <a name=\"16\"><span class=\"versanumer_ljod\">16<\/span><\/a>skelfing greip \u00fe\u00e1 og \u00f3tti,<br \/>frammi fyrir m\u00e6tti arms \u00fe\u00edns<br \/>ur\u00f0u \u00feeir hlj\u00f3\u00f0ir sem steinn<br \/>\u00feegar \u00fej\u00f3\u00f0 \u00fe\u00edn, Drottinn, f\u00f3r lei\u00f0ar sinnar,<br \/>\u00feegar \u00fej\u00f3\u00f0in, sem \u00fe\u00fa eigna\u00f0ist, f\u00f3r lei\u00f0ar sinnar.<br \/> <a name=\"17\"><span class=\"versanumer_ljod\">17<\/span><\/a>\u00de\u00fa leiddir \u00fe\u00e1 heim,<br \/>gr\u00f3\u00f0ursettir \u00fe\u00e1<br \/>\u00e1 fjallinu sem er eign \u00fe\u00edn,<br \/>\u00e1 sta\u00f0num sem \u00fe\u00fa ger\u00f0ir a\u00f0 b\u00fasta\u00f0 \u00fe\u00ednum,<br \/>\u00ed helgid\u00f3minum, Drottinn, sem hendur \u00fe\u00ednar l\u00f6g\u00f0u grunn a\u00f0.<br \/> <a name=\"18\"><span class=\"versanumer_ljod\">18<\/span><\/a>Drottinn er konungur um aldur og \u00e6vi.<br \/><\/span> <a name=\"19\"><span class=\"versanumer_2007\">19<\/span><\/a> \u00deegar hestar fara\u00f3s \u00e1samt herv\u00f6gnum hans og riddurum h\u00e9ldu \u00fat \u00ed hafi\u00f0 l\u00e9t Drottinn vatni\u00f0 \u00ed hafinu falla yfir \u00fe\u00e1 en \u00cdsraelsmenn gengu \u00e1 \u00feurru mitt \u00ed gegnum hafi\u00f0.<\/p>\n<h3 class=\"millifyrirsogn_2007\">Lofs\u00f6ngur Mirjamar<\/h3>\n<p><a name=\"20\"><span class=\"versanumer_2007\">20<\/span><\/a> \u00de\u00e1 t\u00f3k sp\u00e1konan Mirjam, systir Arons, trumbu s\u00e9r \u00ed h\u00f6nd og allar a\u00f0rar konur h\u00e9ldu \u00e1 eftir henni me\u00f0 trumbusl\u00e6tti og dansi. Mirjam s\u00f6ng fyrir \u00feeim:<br \/> <span class=\"ljodatexti\"> <a name=\"21\"><span class=\"versanumer_ljod\">21<\/span><\/a>Lofsyngi\u00f0 Drottni<br \/>\u00fev\u00ed a\u00f0 hann er h\u00e1tt upp hafinn,<br \/>hestum og riddurum<br \/>steypti hann \u00ed hafi\u00f0. <\/span> <\/p>\n<h3 class=\"millifyrirsogn_2007\">Ey\u00f0imerkurganga \u00cdsraels<\/h3>\n<p><a name=\"22\"><span class=\"versanumer_2007\">22<\/span><\/a> M\u00f3se l\u00e9t n\u00fa \u00cdsrael leggja af sta\u00f0 fr\u00e1 Sefhafinu. \u00deeir h\u00e9ldu \u00fat \u00ed S\u00farey\u00f0im\u00f6rkina og gengu \u00ed \u00ferj\u00e1 daga um hana \u00e1n \u00feess a\u00f0 finna vatn. <a name=\"23\"><span class=\"versanumer_2007\">23<\/span><\/a> \u00deegar \u00feeir komu til Mara g\u00e1tu \u00feeir ekki drukki\u00f0 vatni\u00f0 \u00fear \u00fev\u00ed a\u00f0 \u00fea\u00f0 var rammt. \u00deess vegna nefnist sta\u00f0urinn Mara. <span class=\"nedan_mal\" title=\"Or\u00f0aleikur; mara merkir rammur, beiskur.\">[<\/span> <a name=\"24\"><span class=\"versanumer_2007\">24<\/span><\/a> \u00de\u00e1 m\u00f6gla\u00f0i f\u00f3lki\u00f0 gegn M\u00f3se og spur\u00f0i: \u201eHva\u00f0 eigum vi\u00f0 a\u00f0 drekka?\u201c <a name=\"25\"><span class=\"versanumer_2007\">25<\/span><\/a> Hann hr\u00f3pa\u00f0i \u00e1 hj\u00e1lp til Drottins og Drottinn s\u00fdndi honum tr\u00e9. M\u00f3se kasta\u00f0i \u00fev\u00ed \u00ed vatni\u00f0 og \u00fe\u00e1 var\u00f0 \u00fea\u00f0 ferskt.<br \/>\u00dear setti hann \u00fej\u00f3\u00f0inni l\u00f6g og reglur og reyndi hana. <a name=\"26\"><span class=\"versanumer_2007\">26<\/span><\/a> Hann sag\u00f0i: \u201eEf \u00fe\u00fa hl\u00fd\u00f0ir \u00e1 r\u00f6dd Drottins, Gu\u00f0s \u00fe\u00edns, og breytir eftir \u00fev\u00ed sem r\u00e9tt er \u00ed augum hans, hl\u00fd\u00f0ir \u00e1 fyrirm\u00e6li hans og heldur \u00f6ll l\u00f6g hans mun \u00e9g ekki leggja \u00e1 \u00feig neina \u00fe\u00e1 sj\u00fakd\u00f3ma sem \u00e9g lag\u00f0i \u00e1 Egypta \u00fev\u00ed a\u00f0 \u00e9g er Drottinn, gr\u00e6\u00f0ari \u00feinn.\u201c<br \/> <a name=\"27\"><span class=\"versanumer_2007\">27<\/span><\/a> S\u00ed\u00f0an komu \u00feeir til El\u00edm. \u00dear voru t\u00f3lf uppsprettur og sj\u00f6t\u00edu p\u00e1lmar. \u00deeir tj\u00f6ldu\u00f0u \u00fear vi\u00f0 vatni\u00f0.<\/p>\n","protected":false},"excerpt":{"rendered":"<p>Sigurs\u00f6ngur \u00cdsraels 1 \u00de\u00e1 sungu M\u00f3se og \u00cdsraelsmenn Drottni \u00feennan s\u00f6ng: \u00c9g vil lofsyngja Drottni\u00fev\u00ed a\u00f0 hann er h\u00e1tt upphafinn.Hestum og riddurumsteypti hann \u00ed hafi\u00f0. 2Drottinn er styrkur minn og lofs\u00f6ngur,hann kom m\u00e9r til hj\u00e1lpar.Hann er Gu\u00f0 minn, \u00e9g vil vegsama hann,Gu\u00f0 f\u00f6\u00f0ur m\u00edns, \u00e9g vil hylla hann. 3Drottinn er str\u00ed\u00f0shetja,Drottinn er nafn hans. [ 4V\u00f6gnum fara\u00f3s og hestumsteypti hann \u00ed hafi\u00f0,\u00farvalsvagnli\u00f0i hansdrekkti hann \u00ed Sefhafinu. 5Dj\u00fapin huldu \u00fe\u00e1,eins og steinn sukku \u00feeir \u00ed hafdj\u00fapi\u00f0. 6H\u00e6gri h\u00f6nd \u00fe\u00edn, Drottinn,hefur gert sig d\u00fdrlega me\u00f0 afli,h\u00e6gri h\u00f6nd \u00fe\u00edn, Drottinn,kremur fjandmenn. 7Me\u00f0 mikilli h\u00e1tign \u00feinnileggur \u00fe\u00fa andst\u00e6\u00f0inga \u00fe\u00edna a\u00f0 velli,\u00fe\u00fa sleppir heift \u00feinni <a href=\"https:\/\/biblian.is\/biblian\/onnur-mosebok-15-kafli\/\"> [&#8230;]<\/a><\/p>\n","protected":false},"author":1,"featured_media":0,"parent":0,"menu_order":0,"comment_status":"open","ping_status":"open","template":"bibliukaflar_NT.php","meta":{"footnotes":""},"class_list":["post-1682","page","type-page","status-publish","hentry"],"_links":{"self":[{"href":"https:\/\/biblian.is\/biblian\/wp-json\/wp\/v2\/pages\/1682","targetHints":{"allow":["GET"]}}],"collection":[{"href":"https:\/\/biblian.is\/biblian\/wp-json\/wp\/v2\/pages"}],"about":[{"href":"https:\/\/biblian.is\/biblian\/wp-json\/wp\/v2\/types\/page"}],"author":[{"embeddable":true,"href":"https:\/\/biblian.is\/biblian\/wp-json\/wp\/v2\/users\/1"}],"replies":[{"embeddable":true,"href":"https:\/\/biblian.is\/biblian\/wp-json\/wp\/v2\/comments?post=1682"}],"version-history":[{"count":0,"href":"https:\/\/biblian.is\/biblian\/wp-json\/wp\/v2\/pages\/1682\/revisions"}],"wp:attachment":[{"href":"https:\/\/biblian.is\/biblian\/wp-json\/wp\/v2\/media?parent=1682"}],"curies":[{"name":"wp","href":"https:\/\/api.w.org\/{rel}","templated":true}]}}