{"id":1679,"date":"2017-12-30T21:00:00","date_gmt":"2017-12-30T21:00:00","guid":{"rendered":"http:\/\/biblian.is\/biblian\/%c2%85nnur-m%c2%97seb%c2%97k-12-kafli\/"},"modified":"2023-05-01T16:21:21","modified_gmt":"2023-05-01T16:21:21","slug":"onnur-mosebok-12-kafli","status":"publish","type":"page","link":"https:\/\/biblian.is\/biblian\/onnur-mosebok-12-kafli\/","title":{"rendered":"\u00d6nnur M\u00f3seb\u00f3k 12. kafli"},"content":{"rendered":"<h3 class=\"millifyrirsogn_2007\"> P\u00e1skar og h\u00e1t\u00ed\u00f0 \u00f3s\u00fdr\u00f0ra brau\u00f0a<\/h3>\n<p><a name=\"1\"><span class=\"versanumer_2007\">1<\/span><\/a> Drottinn sag\u00f0i vi\u00f0 M\u00f3se og Aron \u00ed Egyptalandi: <a name=\"2\"><span class=\"versanumer_2007\">2<\/span><\/a> \u201e\u00deessi m\u00e1nu\u00f0ur er upphafsm\u00e1nu\u00f0ur hj\u00e1 ykkur. Hann skal teljast fyrsti m\u00e1nu\u00f0ur \u00e1rsins hj\u00e1 ykkur. <a name=\"3\"><span class=\"versanumer_2007\">3<\/span><\/a> \u00c1varpi\u00f0 allan s\u00f6fnu\u00f0 \u00cdsraels og segi\u00f0: \u00c1 t\u00edunda degi \u00feessa m\u00e1na\u00f0ar skal s\u00e9rhver h\u00fasb\u00f3ndi velja lamb fyrir fj\u00f6lskyldu s\u00edna, eitt lamb fyrir hverja fj\u00f6lskyldu. <a name=\"4\"><span class=\"versanumer_2007\">4<\/span><\/a> Ef einhver fj\u00f6lskylda er of l\u00edtil fyrir heilt lamb skal h\u00fan velja lamb me\u00f0 n\u00e6stu n\u00e1grannafj\u00f6lskyldu sinni. \u00dei\u00f0 skulu\u00f0 skipta lambinu eftir fj\u00f6lda f\u00f3lksins, eftir \u00fev\u00ed hva\u00f0 hver etur. <a name=\"5\"><span class=\"versanumer_2007\">5<\/span><\/a> Lambi\u00f0 skal vera l\u00fdtalaust veturgamalt hr\u00fatlamb. \u00dei\u00f0 geti\u00f0 vali\u00f0 \u00fea\u00f0 anna\u00f0hvort \u00far sau\u00f0f\u00e9 e\u00f0a geitf\u00e9. <a name=\"6\"><span class=\"versanumer_2007\">6<\/span><\/a> \u00dei\u00f0 skulu\u00f0 g\u00e6ta \u00feess til fj\u00f3rt\u00e1nda dags \u00feessa m\u00e1na\u00f0ar. Samkoma alls \u00cdsraelssafna\u00f0ar skal sl\u00e1tra \u00fev\u00ed \u00ed lj\u00f3saskiptunum. <a name=\"7\"><span class=\"versanumer_2007\">7<\/span><\/a> \u00deeir skulu taka d\u00e1l\u00edti\u00f0 af bl\u00f3\u00f0inu og rj\u00f3\u00f0a \u00fev\u00ed \u00e1 b\u00e1\u00f0a dyrastafina og dyratr\u00e9\u00f0 \u00ed h\u00fasunum \u00fear sem \u00feeir eta lambi\u00f0. <a name=\"8\"><span class=\"versanumer_2007\">8<\/span><\/a> \u00deeir skulu neyta kj\u00f6tsins s\u00f6mu n\u00f3tt, \u00feeir eiga a\u00f0 eta \u00fea\u00f0 steikt vi\u00f0 eld me\u00f0 \u00f3s\u00fdr\u00f0u brau\u00f0i og beiskum jurtum. <a name=\"9\"><span class=\"versanumer_2007\">9<\/span><\/a> Eti\u00f0 ekkert af \u00fev\u00ed hr\u00e1tt e\u00f0a so\u00f0i\u00f0 \u00ed vatni heldur steikt vi\u00f0 eld \u00e1samt haus, f\u00f3tum og innyflum. <a name=\"10\"><span class=\"versanumer_2007\">10<\/span><\/a> \u00dei\u00f0 megi\u00f0 ekki leifa neinu af \u00fev\u00ed til n\u00e6sta morguns. \u00dea\u00f0 sem kann a\u00f0 ver\u00f0a eftir n\u00e6sta morgun skulu\u00f0 \u00fei\u00f0 brenna \u00ed eldi. <a name=\"11\"><span class=\"versanumer_2007\">11<\/span><\/a> \u00deannig skulu\u00f0 \u00fei\u00f0 neyta \u00feess: \u00dei\u00f0 skulu\u00f0 vera gyrtir um lendar, me\u00f0 sk\u00f3 \u00e1 f\u00f3tum og stafi \u00ed h\u00f6ndum. \u00dei\u00f0 skulu\u00f0 eta \u00fea\u00f0 \u00ed fl\u00fdti. \u00deetta eru p\u00e1skar <span class=\"nedan_mal\" title=\" Or\u00f0i\u00f0 \u201ep\u00e1skar\u201c er oft skili\u00f0 sem or\u00f0aleikur, tilv\u00edsun til sagnarinnar \u201epasah\u201c, \u201ea\u00f0 ganga fram hj\u00e1\u201c.\">[<\/span> Drottins.<br \/> <a name=\"12\"><span class=\"versanumer_2007\">12<\/span><\/a> \u00deessa s\u00f6mu n\u00f3tt geng \u00e9g um Egyptaland og dey\u00f0i alla frumbur\u00f0i \u00ed Egyptalandi, b\u00e6\u00f0i menn og skepnur. \u00c9g mun einnig framfylgja refsid\u00f3mum \u00e1 \u00f6llum gu\u00f0um Egyptalands. \u00c9g er Drottinn. <a name=\"13\"><span class=\"versanumer_2007\">13<\/span><\/a> Bl\u00f3\u00f0i\u00f0 skal vera t\u00e1kn ykkar \u00e1 h\u00fasunum sem \u00fei\u00f0 dveljist \u00ed. \u00deegar \u00e9g s\u00e9 bl\u00f3\u00f0i\u00f0 geng \u00e9g fram hj\u00e1 ykkur og \u00fei\u00f0 ver\u00f0i\u00f0 ekki fyrir hinu banv\u00e6na h\u00f6ggi er \u00e9g l\u00fdst Egyptaland.<br \/> <a name=\"14\"><span class=\"versanumer_2007\">14<\/span><\/a> \u00deessi dagur skal ver\u00f0a ykkur minningardagur. \u00dei\u00f0 skulu\u00f0 halda hann sem h\u00e1t\u00ed\u00f0 fyrir Drottin. Kynsl\u00f3\u00f0 eftir kynsl\u00f3\u00f0 s\u00e9 \u00fea\u00f0 \u00e6varandi regla a\u00f0 \u00fei\u00f0 haldi\u00f0 \u00feessa h\u00e1t\u00ed\u00f0. <a name=\"15\"><span class=\"versanumer_2007\">15<\/span><\/a> \u00cd sj\u00f6 daga skulu\u00f0 \u00fei\u00f0 eta \u00f3s\u00fdrt brau\u00f0. Fyrsta daginn skulu\u00f0 \u00fei\u00f0 fjarl\u00e6gja allt s\u00fardeig \u00far h\u00fasum ykkar \u00fev\u00ed a\u00f0 ef einhver etur eitthva\u00f0 s\u00fdrt fr\u00e1 fyrsta degi til hins sj\u00f6unda ver\u00f0ur \u00feeim manni eytt \u00far \u00cdsrael. <a name=\"16\"><span class=\"versanumer_2007\">16<\/span><\/a> Fyrsta daginn og hinn sj\u00f6unda skulu\u00f0 \u00fei\u00f0 kalla saman heilaga samkomu. \u00c1 \u00feessum d\u00f6gum skal ekkert verk vinna. \u00dei\u00f0 skulu\u00f0 a\u00f0eins matb\u00faa \u00fea\u00f0 sem hver \u00fearf til matar og <a name=\"17\"><span class=\"versanumer_2007\">17<\/span><\/a> halda fyrirm\u00e6lin um \u00f3s\u00fdr\u00f0u brau\u00f0in \u00fev\u00ed a\u00f0 \u00e9g leiddi herskara ykkar \u00fat \u00far Egyptalandi einmitt \u00e1 \u00feessum degi. \u00dea\u00f0 s\u00e9 \u00e6varandi regla a\u00f0 halda \u00feennan dag h\u00e1t\u00ed\u00f0legan, kynsl\u00f3\u00f0 eftir kynsl\u00f3\u00f0. <a name=\"18\"><span class=\"versanumer_2007\">18<\/span><\/a> Fr\u00e1 kv\u00f6ldi fj\u00f3rt\u00e1nda dags fyrsta m\u00e1na\u00f0arins til kv\u00f6lds tuttugasta og fyrsta dags \u00ed sama m\u00e1nu\u00f0i skulu\u00f0 \u00fei\u00f0 eta \u00f3s\u00fdrt brau\u00f0. <a name=\"19\"><span class=\"versanumer_2007\">19<\/span><\/a> \u00cd sj\u00f6 daga m\u00e1 s\u00fardeig hvergi finnast \u00ed h\u00fasum ykkar \u00fev\u00ed a\u00f0 eti einhver \u00fea\u00f0 sem s\u00fdrt er ver\u00f0ur \u00feeim manni gereytt \u00far s\u00f6fnu\u00f0i \u00cdsraels. \u00deetta gildir hvort sem hann er a\u00f0komuma\u00f0ur e\u00f0a upprunninn \u00ed landinu. <a name=\"20\"><span class=\"versanumer_2007\">20<\/span><\/a> \u00dei\u00f0 megi\u00f0 ekkert eta sem s\u00fdrt er. \u00cd \u00f6llum b\u00fast\u00f6\u00f0um ykkar megi\u00f0 \u00fei\u00f0 a\u00f0eins eta \u00f3s\u00fdrt brau\u00f0.\u201c<br \/> <a name=\"21\"><span class=\"versanumer_2007\">21<\/span><\/a> \u00de\u00e1 stefndi M\u00f3se \u00f6llum \u00f6ldungum \u00cdsraels saman og sag\u00f0i vi\u00f0 \u00fe\u00e1: \u201eHaldi\u00f0 af sta\u00f0, s\u00e6ki\u00f0 f\u00e9 fyrir \u00e6ttb\u00e1lka ykkar og sl\u00e1tri\u00f0 s\u00ed\u00f0an p\u00e1skalambinu. <a name=\"22\"><span class=\"versanumer_2007\">22<\/span><\/a> Taki\u00f0 s\u00ed\u00f0an \u00eds\u00f3psv\u00f6nd, d\u00fdfi\u00f0 honum \u00ed bl\u00f3\u00f0i\u00f0 \u00ed sk\u00e1linni og rj\u00f3\u00f0i\u00f0 nokkru af bl\u00f3\u00f0inu, sem er \u00ed sk\u00e1linni, \u00e1 dyratr\u00e9\u00f0 og b\u00e1\u00f0a dyrastafina. Enginn ykkar m\u00e1 ganga \u00fat \u00far h\u00fasi s\u00ednu fyrr en a\u00f0 morgni. <a name=\"23\"><span class=\"versanumer_2007\">23<\/span><\/a> \u00deegar Drottinn gengur um til a\u00f0 lj\u00f3sta Egypta s\u00e9r hann bl\u00f3\u00f0i\u00f0 \u00e1 dyratr\u00e9nu og b\u00e1\u00f0um dyrast\u00f6funum og \u00fe\u00e1 gengur Drottinn fram hj\u00e1 dyrunum. Hann mun ekki hleypa ey\u00f0andanum inn \u00ed h\u00fas ykkar til a\u00f0 lj\u00f3sta ykkur til bana. <a name=\"24\"><span class=\"versanumer_2007\">24<\/span><\/a> Haldi\u00f0 \u00feessi fyrirm\u00e6li sem \u00e6varandi reglu, \u00fe\u00fa og ni\u00f0jar \u00fe\u00ednir.<br \/> <a name=\"25\"><span class=\"versanumer_2007\">25<\/span><\/a> \u00deegar \u00fei\u00f0 komi\u00f0 inn \u00ed landi\u00f0, sem Drottinn gefur ykkur eins og hann hefur heiti\u00f0, skulu\u00f0 \u00fei\u00f0 halda \u00feennan si\u00f0. <a name=\"26\"><span class=\"versanumer_2007\">26<\/span><\/a> \u00deegar b\u00f6rn ykkar spyrja: Hva\u00f0a merkingu hefur \u00feessi si\u00f0ur \u00ed augum ykkar? <a name=\"27\"><span class=\"versanumer_2007\">27<\/span><\/a> skulu\u00f0 \u00fei\u00f0 svara: \u00deetta er p\u00e1skaf\u00f3rn handa Drottni sem gekk fram hj\u00e1 h\u00fasum \u00cdsraelsmanna \u00ed Egyptalandi \u00feegar hann laust Egypta banah\u00f6gg en \u00feyrmdi h\u00fasum okkar.\u201c \u00de\u00e1 f\u00e9ll f\u00f3lki\u00f0 og laut til jar\u00f0ar. <a name=\"28\"><span class=\"versanumer_2007\">28<\/span><\/a> S\u00ed\u00f0an f\u00f3ru \u00cdsraelsmenn og ger\u00f0u \u00feetta. \u00deeir ger\u00f0u \u00fea\u00f0 sem Drottinn haf\u00f0i bo\u00f0i\u00f0 M\u00f3se og Aroni.<\/p>\n<h3 class=\"millifyrirsogn_2007\">T\u00edunda pl\u00e1gan: Dau\u00f0i frumbur\u00f0a<\/h3>\n<p><a name=\"29\"><span class=\"versanumer_2007\">29<\/span><\/a> Um mi\u00f0n\u00e6tti laust Drottinn alla frumbur\u00f0i \u00ed Egyptalandi til bana, fr\u00e1 frumbur\u00f0i fara\u00f3s, sem sat \u00ed h\u00e1s\u00e6ti s\u00ednu, til frumbur\u00f0ar fangans, sem sat \u00ed fangelsinu, og alla frumbur\u00f0i b\u00fafj\u00e1r. <a name=\"30\"><span class=\"versanumer_2007\">30<\/span><\/a> Fara\u00f3 f\u00f3r \u00e1 f\u00e6tur um n\u00f3ttina \u00e1samt \u00f6llum \u00fej\u00f3num s\u00ednum og \u00f6llum Egyptum. Var\u00f0 miki\u00f0 harmakvein \u00ed Egyptalandi \u00fev\u00ed a\u00f0 ekkert \u00fea\u00f0 h\u00fas var til a\u00f0 \u00fear v\u00e6ri enginn l\u00e1tinn. <a name=\"31\"><span class=\"versanumer_2007\">31<\/span><\/a> Fara\u00f3 kalla\u00f0i M\u00f3se og Aron fyrir sig um n\u00f3ttina og sag\u00f0i: \u201eHaldi\u00f0 af sta\u00f0 og fari\u00f0 burt fr\u00e1 \u00fej\u00f3\u00f0 minni, b\u00e6\u00f0i \u00fei\u00f0 sj\u00e1lfir og \u00cdsraelsmenn. Fari\u00f0 og \u00fej\u00f3ni\u00f0 Drottni eins og \u00fei\u00f0 hafi\u00f0 sagt. <a name=\"32\"><span class=\"versanumer_2007\">32<\/span><\/a> Taki\u00f0 me\u00f0 ykkur b\u00e6\u00f0i f\u00e9na\u00f0 ykkar og naut. Fari\u00f0 og bi\u00f0ji\u00f0 einnig fyrir m\u00e9r.\u201c<br \/> <a name=\"33\"><span class=\"versanumer_2007\">33<\/span><\/a> Egyptar r\u00e1ku \u00e1 eftir f\u00f3lkinu til a\u00f0 koma \u00fev\u00ed sem fyrst \u00fat \u00far landinu \u00fev\u00ed a\u00f0 \u00feeir hugsu\u00f0u: \u201eAnnars deyjum vi\u00f0 allir.\u201c <a name=\"34\"><span class=\"versanumer_2007\">34<\/span><\/a> F\u00f3lki\u00f0 t\u00f3k me\u00f0 s\u00e9r brau\u00f0deig \u00e1\u00f0ur en \u00fea\u00f0 var or\u00f0i\u00f0 s\u00fart, vaf\u00f0i deigtrogin \u00ed skikkjur s\u00ednar og t\u00f3k \u00feau \u00e1 axlir s\u00e9r.<br \/> <a name=\"35\"><span class=\"versanumer_2007\">35<\/span><\/a> \u00cdsraelsmenn h\u00f6f\u00f0u fylgt r\u00e1\u00f0i M\u00f3se og be\u00f0i\u00f0 Egypta um silfurgripi, gullgripi og kl\u00e6\u00f0i. <a name=\"36\"><span class=\"versanumer_2007\">36<\/span><\/a> En Drottinn haf\u00f0i l\u00e1ti\u00f0 \u00fej\u00f3\u00f0ina nj\u00f3ta velvildar Egypta svo a\u00f0 \u00feeir h\u00f6f\u00f0u or\u00f0i\u00f0 vi\u00f0 b\u00e6n hennar. \u00deannig r\u00e6ndi h\u00fan Egypta.<\/p>\n<h3 class=\"millifyrirsogn_2007\">Brottf\u00f6r \u00cdsraels<\/h3>\n<p><a name=\"37\"><span class=\"versanumer_2007\">37<\/span><\/a> \u00cdsraelsmenn l\u00f6g\u00f0u n\u00fa af sta\u00f0 fr\u00e1 Ramses \u00e1lei\u00f0is til S\u00fakk\u00f3t. \u00deeir voru um \u00fea\u00f0 bil sex hundru\u00f0 \u00fe\u00fasund f\u00f3tgangandi karlmenn og a\u00f0 auki konur og b\u00f6rn. <a name=\"38\"><span class=\"versanumer_2007\">38<\/span><\/a> Fj\u00f6lmennur, sundurleitur h\u00f3pur f\u00f3lks f\u00f3r me\u00f0 \u00feeim, einnig hjar\u00f0ir sau\u00f0fj\u00e1r og nautgripa. <a name=\"39\"><span class=\"versanumer_2007\">39<\/span><\/a> \u00deeir b\u00f6ku\u00f0u \u00f3s\u00fdr\u00f0ar flatar k\u00f6kur \u00far brau\u00f0deiginu sem \u00feeir h\u00f6f\u00f0u teki\u00f0 me\u00f0 s\u00e9r fr\u00e1 Egyptalandi. Deigi\u00f0 haf\u00f0i ekki s\u00farna\u00f0 \u00fev\u00ed a\u00f0 \u00feeir voru reknir \u00fat \u00far Egyptalandi og vannst ekki einu sinni t\u00edmi til a\u00f0 taka til nesti.<br \/> <a name=\"40\"><span class=\"versanumer_2007\">40<\/span><\/a> \u00cdsraelsmenn dv\u00f6ldust \u00ed Egyptalandi fj\u00f6gur hundru\u00f0 og \u00ferj\u00e1t\u00edu \u00e1r. <a name=\"41\"><span class=\"versanumer_2007\">41<\/span><\/a> Einmitt \u00e1 \u00feeim degi, \u00feegar fj\u00f6gur hundru\u00f0 og \u00ferj\u00e1t\u00edu \u00e1r voru li\u00f0in, h\u00e9ldu allar hersveitir Drottins \u00fat \u00far Egyptalandi. <a name=\"42\"><span class=\"versanumer_2007\">42<\/span><\/a> \u00deetta var v\u00f6kun\u00f3tt Drottins til \u00feess a\u00f0 hann g\u00e6ti leitt \u00fe\u00e1 \u00fat \u00far Egyptalandi. \u00deetta er n\u00f3tt Drottins og \u00feessa n\u00f3tt vaka allir \u00cdsraelsmenn fr\u00e1 kyni til kyns.<br \/> <a name=\"43\"><span class=\"versanumer_2007\">43<\/span><\/a> Drottinn sag\u00f0i vi\u00f0 M\u00f3se og Aron: \u201e\u00deetta er \u00e1kv\u00e6\u00f0i\u00f0 um p\u00e1skalambi\u00f0: Enginn \u00fatlendingur m\u00e1 eta neitt af \u00fev\u00ed. <a name=\"44\"><span class=\"versanumer_2007\">44<\/span><\/a> En s\u00e9rhver \u00fer\u00e6ll, sem er keyptur fyrir f\u00e9, m\u00e1 neyta \u00feess \u00feegar hann hefur veri\u00f0 umskorinn. <a name=\"45\"><span class=\"versanumer_2007\">45<\/span><\/a> Enginn gestur e\u00f0a daglaunama\u00f0ur m\u00e1 eta af \u00fev\u00ed. <a name=\"46\"><span class=\"versanumer_2007\">46<\/span><\/a> \u00dea\u00f0 skal eti\u00f0 \u00ed sama h\u00fasinu. Ekkert af kj\u00f6tinu m\u00e1 bera \u00fat \u00far h\u00fasinu og ekkert bein megi\u00f0 \u00fei\u00f0 brj\u00f3ta. <a name=\"47\"><span class=\"versanumer_2007\">47<\/span><\/a> Allur s\u00f6fnu\u00f0ur \u00cdsraels skal breyta \u00feannig. <a name=\"48\"><span class=\"versanumer_2007\">48<\/span><\/a> Ef a\u00f0komuma\u00f0ur dvelst hj\u00e1 \u00fe\u00e9r undir \u00feinni vernd og hann vill halda Drottni p\u00e1ska skal umskera allt karlkyns hj\u00e1 honum. \u00de\u00e1 m\u00e1 hann taka \u00fe\u00e1tt \u00ed h\u00e1t\u00ed\u00f0arhaldinu og skal hann vera sem innborinn ma\u00f0ur. Enginn \u00f3umskorinn m\u00e1 eta neitt af lambinu. <a name=\"49\"><span class=\"versanumer_2007\">49<\/span><\/a> S\u00f6mu l\u00f6g gilda fyrir \u00fe\u00e1 sem f\u00e6ddir eru \u00ed landinu og a\u00f0komumanninn sem n\u00fdtur verndar \u00e1 me\u00f0al ykkar.\u201c<br \/> <a name=\"50\"><span class=\"versanumer_2007\">50<\/span><\/a> Allir \u00cdsraelsmenn ger\u00f0u \u00feetta. \u00deeir ger\u00f0u \u00fea\u00f0 sem Drottinn haf\u00f0i bo\u00f0i\u00f0 M\u00f3se og Aroni. <a name=\"51\"><span class=\"versanumer_2007\">51<\/span><\/a> Einmitt \u00e1 \u00feessum degi leiddi Drottinn \u00cdsraelsmenn \u00fat \u00far Egyptalandi fylktu li\u00f0i.<\/p>\n","protected":false},"excerpt":{"rendered":"<p>P\u00e1skar og h\u00e1t\u00ed\u00f0 \u00f3s\u00fdr\u00f0ra brau\u00f0a 1 Drottinn sag\u00f0i vi\u00f0 M\u00f3se og Aron \u00ed Egyptalandi: 2 \u201e\u00deessi m\u00e1nu\u00f0ur er upphafsm\u00e1nu\u00f0ur hj\u00e1 ykkur. Hann skal teljast fyrsti m\u00e1nu\u00f0ur \u00e1rsins hj\u00e1 ykkur. 3 \u00c1varpi\u00f0 allan s\u00f6fnu\u00f0 \u00cdsraels og segi\u00f0: \u00c1 t\u00edunda degi \u00feessa m\u00e1na\u00f0ar skal s\u00e9rhver h\u00fasb\u00f3ndi velja lamb fyrir fj\u00f6lskyldu s\u00edna, eitt lamb fyrir hverja fj\u00f6lskyldu. 4 Ef einhver fj\u00f6lskylda er of l\u00edtil fyrir heilt lamb skal h\u00fan velja lamb me\u00f0 n\u00e6stu n\u00e1grannafj\u00f6lskyldu sinni. \u00dei\u00f0 skulu\u00f0 skipta lambinu eftir fj\u00f6lda f\u00f3lksins, eftir \u00fev\u00ed hva\u00f0 hver etur. 5 Lambi\u00f0 skal vera l\u00fdtalaust veturgamalt hr\u00fatlamb. \u00dei\u00f0 geti\u00f0 vali\u00f0 \u00fea\u00f0 anna\u00f0hvort \u00far sau\u00f0f\u00e9 e\u00f0a geitf\u00e9. <a href=\"https:\/\/biblian.is\/biblian\/onnur-mosebok-12-kafli\/\"> [&#8230;]<\/a><\/p>\n","protected":false},"author":1,"featured_media":0,"parent":0,"menu_order":0,"comment_status":"open","ping_status":"open","template":"bibliukaflar_NT.php","meta":{"footnotes":""},"class_list":["post-1679","page","type-page","status-publish","hentry"],"_links":{"self":[{"href":"https:\/\/biblian.is\/biblian\/wp-json\/wp\/v2\/pages\/1679","targetHints":{"allow":["GET"]}}],"collection":[{"href":"https:\/\/biblian.is\/biblian\/wp-json\/wp\/v2\/pages"}],"about":[{"href":"https:\/\/biblian.is\/biblian\/wp-json\/wp\/v2\/types\/page"}],"author":[{"embeddable":true,"href":"https:\/\/biblian.is\/biblian\/wp-json\/wp\/v2\/users\/1"}],"replies":[{"embeddable":true,"href":"https:\/\/biblian.is\/biblian\/wp-json\/wp\/v2\/comments?post=1679"}],"version-history":[{"count":0,"href":"https:\/\/biblian.is\/biblian\/wp-json\/wp\/v2\/pages\/1679\/revisions"}],"wp:attachment":[{"href":"https:\/\/biblian.is\/biblian\/wp-json\/wp\/v2\/media?parent=1679"}],"curies":[{"name":"wp","href":"https:\/\/api.w.org\/{rel}","templated":true}]}}