{"id":1678,"date":"2017-12-30T21:00:00","date_gmt":"2017-12-30T21:00:00","guid":{"rendered":"http:\/\/biblian.is\/biblian\/%c2%85nnur-m%c2%97seb%c2%97k-11-kafli\/"},"modified":"2023-05-01T16:21:21","modified_gmt":"2023-05-01T16:21:21","slug":"onnur-mosebok-11-kafli","status":"publish","type":"page","link":"https:\/\/biblian.is\/biblian\/onnur-mosebok-11-kafli\/","title":{"rendered":"\u00d6nnur M\u00f3seb\u00f3k 11. kafli"},"content":{"rendered":"<h3 class=\"millifyrirsogn_2007\"> T\u00edunda pl\u00e1gan bo\u00f0u\u00f0<\/h3>\n<p><a name=\"1\"><span class=\"versanumer_2007\">1<\/span><\/a> Drottinn sag\u00f0i vi\u00f0 M\u00f3se: \u201e\u00c9g \u00e6tla a\u00f0 senda enn eina pl\u00e1gu yfir fara\u00f3 og Egypta. Eftir \u00fea\u00f0 leyfir hann ykkur a\u00f0 fara h\u00e9\u00f0an. \u00deegar hann veitir ykkur fararleyfi mun hann jafnvel reka ykkur h\u00e9\u00f0an. <a name=\"2\"><span class=\"versanumer_2007\">2<\/span><\/a> Br\u00fdndu n\u00fa fyrir f\u00f3lkinu a\u00f0 karlar og konur bi\u00f0ji kunningja s\u00edna um gull- og silfurgripi.\u201c <a name=\"3\"><span class=\"versanumer_2007\">3<\/span><\/a> Drottinn haf\u00f0i l\u00e1ti\u00f0 f\u00f3lki\u00f0 nj\u00f3ta velvildar. M\u00f3se var mikils metinn ma\u00f0ur \u00ed Egyptalandi, b\u00e6\u00f0i af \u00fej\u00f3num fara\u00f3s og almenningi.<br \/> <a name=\"4\"><span class=\"versanumer_2007\">4<\/span><\/a> M\u00f3se sag\u00f0i: \u201eSvo segir Drottinn: Um mi\u00f0n\u00e6tti geng \u00e9g sj\u00e1lfur mitt \u00ed gegnum Egyptaland. <a name=\"5\"><span class=\"versanumer_2007\">5<\/span><\/a> \u00de\u00e1 mun s\u00e9rhver frumbur\u00f0ur \u00ed Egyptalandi deyja, fr\u00e1 frumbur\u00f0i fara\u00f3s, sem situr \u00ed h\u00e1s\u00e6ti s\u00ednu, til frumbur\u00f0ar amb\u00e1ttarinnar, sem situr vi\u00f0 kv\u00f6rnina, \u00e1samt \u00f6llum frumbur\u00f0um b\u00fafj\u00e1r. <a name=\"6\"><span class=\"versanumer_2007\">6<\/span><\/a> Ver\u00f0ur \u00fe\u00e1 sl\u00edkt harmakvein um allt Egyptaland a\u00f0 anna\u00f0 eins hefur aldrei heyrst n\u00e9 mun heyrast. <a name=\"7\"><span class=\"versanumer_2007\">7<\/span><\/a> En ekki mun svo miki\u00f0 sem hundur gelta a\u00f0 \u00cdsraelsm\u00f6nnum, hvorki m\u00f6nnum n\u00e9 skepnum, svo a\u00f0 \u00fei\u00f0 komist a\u00f0 raun um a\u00f0 Drottinn gerir greinarmun \u00e1 Egyptum og \u00cdsraelsm\u00f6nnum. <a name=\"8\"><span class=\"versanumer_2007\">8<\/span><\/a> Allir \u00fej\u00f3nar \u00fe\u00ednir munu \u00fe\u00e1 koma hinga\u00f0 til m\u00edn, falla fram fyrir m\u00e9r og segja: Far burt, \u00fe\u00fa sj\u00e1lfur og allt f\u00f3lki\u00f0 sem fylgir \u00fe\u00e9r. S\u00ed\u00f0an fer \u00e9g.\u201c \u00dev\u00ed n\u00e6st gekk M\u00f3se \u00fat fr\u00e1 fara\u00f3 og var hinn rei\u00f0asti.<br \/> <a name=\"9\"><span class=\"versanumer_2007\">9<\/span><\/a> Drottinn sag\u00f0i vi\u00f0 M\u00f3se: \u201eFara\u00f3 mun ekki hlusta \u00e1 ykkur og af \u00fev\u00ed lei\u00f0ir a\u00f0 st\u00f3rmerki m\u00edn ver\u00f0a m\u00f6rg \u00ed Egyptalandi.\u201c M\u00f3se og Aron ger\u00f0u \u00f6ll \u00feessi st\u00f3rmerki fyrir augum fara\u00f3s en Drottinn herti hjarta hans svo a\u00f0 hann leyf\u00f0i \u00cdsraelsm\u00f6nnum ekki a\u00f0 fara \u00far landi s\u00ednu.<\/p>\n","protected":false},"excerpt":{"rendered":"<p>T\u00edunda pl\u00e1gan bo\u00f0u\u00f0 1 Drottinn sag\u00f0i vi\u00f0 M\u00f3se: \u201e\u00c9g \u00e6tla a\u00f0 senda enn eina pl\u00e1gu yfir fara\u00f3 og Egypta. Eftir \u00fea\u00f0 leyfir hann ykkur a\u00f0 fara h\u00e9\u00f0an. \u00deegar hann veitir ykkur fararleyfi mun hann jafnvel reka ykkur h\u00e9\u00f0an. 2 Br\u00fdndu n\u00fa fyrir f\u00f3lkinu a\u00f0 karlar og konur bi\u00f0ji kunningja s\u00edna um gull- og silfurgripi.\u201c 3 Drottinn haf\u00f0i l\u00e1ti\u00f0 f\u00f3lki\u00f0 nj\u00f3ta velvildar. M\u00f3se var mikils metinn ma\u00f0ur \u00ed Egyptalandi, b\u00e6\u00f0i af \u00fej\u00f3num fara\u00f3s og almenningi. 4 M\u00f3se sag\u00f0i: \u201eSvo segir Drottinn: Um mi\u00f0n\u00e6tti geng \u00e9g sj\u00e1lfur mitt \u00ed gegnum Egyptaland. 5 \u00de\u00e1 mun s\u00e9rhver frumbur\u00f0ur \u00ed Egyptalandi deyja, fr\u00e1 frumbur\u00f0i fara\u00f3s, <a href=\"https:\/\/biblian.is\/biblian\/onnur-mosebok-11-kafli\/\"> [&#8230;]<\/a><\/p>\n","protected":false},"author":1,"featured_media":0,"parent":0,"menu_order":0,"comment_status":"open","ping_status":"open","template":"bibliukaflar_NT.php","meta":{"footnotes":""},"class_list":["post-1678","page","type-page","status-publish","hentry"],"_links":{"self":[{"href":"https:\/\/biblian.is\/biblian\/wp-json\/wp\/v2\/pages\/1678","targetHints":{"allow":["GET"]}}],"collection":[{"href":"https:\/\/biblian.is\/biblian\/wp-json\/wp\/v2\/pages"}],"about":[{"href":"https:\/\/biblian.is\/biblian\/wp-json\/wp\/v2\/types\/page"}],"author":[{"embeddable":true,"href":"https:\/\/biblian.is\/biblian\/wp-json\/wp\/v2\/users\/1"}],"replies":[{"embeddable":true,"href":"https:\/\/biblian.is\/biblian\/wp-json\/wp\/v2\/comments?post=1678"}],"version-history":[{"count":0,"href":"https:\/\/biblian.is\/biblian\/wp-json\/wp\/v2\/pages\/1678\/revisions"}],"wp:attachment":[{"href":"https:\/\/biblian.is\/biblian\/wp-json\/wp\/v2\/media?parent=1678"}],"curies":[{"name":"wp","href":"https:\/\/api.w.org\/{rel}","templated":true}]}}