{"id":1677,"date":"2017-12-30T20:59:55","date_gmt":"2017-12-30T20:59:55","guid":{"rendered":"http:\/\/biblian.is\/biblian\/%c2%85nnur-m%c2%97seb%c2%97k-10-kafli\/"},"modified":"2023-05-01T16:21:20","modified_gmt":"2023-05-01T16:21:20","slug":"onnur-mosebok-10-kafli","status":"publish","type":"page","link":"https:\/\/biblian.is\/biblian\/onnur-mosebok-10-kafli\/","title":{"rendered":"\u00d6nnur M\u00f3seb\u00f3k 10. kafli"},"content":{"rendered":"<h3 class=\"millifyrirsogn_2007\"> \u00c1ttunda pl\u00e1gan: Engisprettur<\/h3>\n<p><a name=\"1\"><span class=\"versanumer_2007\">1<\/span><\/a> Drottinn sag\u00f0i vi\u00f0 M\u00f3se: \u201eFar\u00f0u til fara\u00f3s \u00fev\u00ed a\u00f0 \u00e9g hef gert hjarta hans og \u00fej\u00f3na hans \u00f3sveigjanlegt til \u00feess a\u00f0 \u00e9g geti gert t\u00e1kn m\u00edn \u00e1 me\u00f0al \u00feeirra <a name=\"2\"><span class=\"versanumer_2007\">2<\/span><\/a> og til \u00feess a\u00f0 \u00fe\u00fa getir sagt b\u00f6rnum \u00fe\u00ednum og barnab\u00f6rnum fr\u00e1 \u00fev\u00ed hvernig \u00e9g hef fari\u00f0 me\u00f0 Egypta og fr\u00e1 t\u00e1knum m\u00ednum sem \u00e9g hef gert \u00e1 me\u00f0al \u00feeirra svo a\u00f0 \u00fei\u00f0 komist a\u00f0 raun um a\u00f0 \u00e9g er Drottinn.\u201c<br \/> <a name=\"3\"><span class=\"versanumer_2007\">3<\/span><\/a> M\u00f3se og Aron f\u00f3ru \u00fe\u00e1 til fara\u00f3s og s\u00f6g\u00f0u vi\u00f0 hann: \u201eSvo segir Drottinn, Gu\u00f0 Hebrea: Hve lengi \u00e6tlar \u00fe\u00fa a\u00f0 neita a\u00f0 beygja \u00feig fyrir m\u00e9r? Leyf\u00f0u \u00fej\u00f3\u00f0 minni a\u00f0 fara svo a\u00f0 h\u00fan geti \u00fej\u00f3na\u00f0 m\u00e9r. <a name=\"4\"><span class=\"versanumer_2007\">4<\/span><\/a> Ef \u00fe\u00fa neitar a\u00f0 leyfa \u00fej\u00f3\u00f0 minni a\u00f0 fara sendi \u00e9g engisprettur yfir land \u00feitt \u00e1 morgun. <a name=\"5\"><span class=\"versanumer_2007\">5<\/span><\/a> \u00de\u00e6r munu \u00feekja landi\u00f0 svo a\u00f0 ekki ver\u00f0ur h\u00e6gt a\u00f0 sj\u00e1 j\u00f6r\u00f0ina. \u00de\u00e6r munu \u00e9ta leifarnar af \u00fev\u00ed sem bjarga\u00f0ist og eftir var\u00f0 handa ykkur eftir hagli\u00f0 og \u00fe\u00e6r munu \u00e9ta upp \u00f6ll tr\u00e9 sem \u00fei\u00f0 eigi\u00f0 og vaxa \u00e1 sl\u00e9ttlendinu. <a name=\"6\"><span class=\"versanumer_2007\">6<\/span><\/a> H\u00fas \u00fe\u00edn, h\u00fas allra \u00fej\u00f3na \u00feinna og allra Egypta munu fyllast af \u00feeim. Fe\u00f0ur \u00fe\u00ednir og forfe\u00f0ur hafa aldrei s\u00e9\u00f0 anna\u00f0 eins fr\u00e1 \u00fev\u00ed a\u00f0 \u00feeir settust a\u00f0 \u00ed landinu og til \u00feessa dags.\u201c S\u00ed\u00f0an sneri hann s\u00e9r vi\u00f0 og gekk \u00fat fr\u00e1 fara\u00f3.<br \/> <a name=\"7\"><span class=\"versanumer_2007\">7<\/span><\/a> \u00de\u00e1 s\u00f6g\u00f0u \u00fej\u00f3nar fara\u00f3s vi\u00f0 hann: \u201eHve lengi \u00e1 \u00feessi ma\u00f0ur a\u00f0 vera okkur til trafala? Leyf\u00f0u m\u00f6nnunum a\u00f0 fara svo a\u00f0 \u00feeir geti \u00fej\u00f3na\u00f0 Drottni, Gu\u00f0i s\u00ednum. Hefur\u00f0u enn ekki skili\u00f0 a\u00f0 Egyptaland er a\u00f0 leggjast \u00ed ey\u00f0i?\u201c <a name=\"8\"><span class=\"versanumer_2007\">8<\/span><\/a> M\u00f3se og Aron voru \u00fe\u00e1 s\u00f3ttir aftur til fara\u00f3s. Hann sag\u00f0i vi\u00f0 \u00fe\u00e1: \u201eFari\u00f0 og \u00fej\u00f3ni\u00f0 Drottni, Gu\u00f0i ykkar. Hverjir \u00e6tla a\u00f0 fara?\u201c <a name=\"9\"><span class=\"versanumer_2007\">9<\/span><\/a> M\u00f3se svara\u00f0i: \u201eVi\u00f0 f\u00f6rum me\u00f0 unglinga okkar og \u00f6ldunga, me\u00f0 syni okkar og d\u00e6tur, vi\u00f0 f\u00f6rum me\u00f0 sau\u00f0f\u00e9 okkar og nautgripi \u00fev\u00ed a\u00f0 vi\u00f0 \u00e6tlum a\u00f0 halda Drottni h\u00e1t\u00ed\u00f0.\u201c <a name=\"10\"><span class=\"versanumer_2007\">10<\/span><\/a> \u00de\u00e1 sag\u00f0i fara\u00f3 vi\u00f0 \u00fe\u00e1: \u201eDrottinn s\u00e9 me\u00f0 ykkur svo framarlega sem \u00e9g leyfi ykkur og b\u00f6rnum ykkar a\u00f0 fara. \u00dea\u00f0 er au\u00f0s\u00e9\u00f0 a\u00f0 \u00fei\u00f0 hafi\u00f0 illt \u00ed hyggju. <a name=\"11\"><span class=\"versanumer_2007\">11<\/span><\/a> Nei, \u00fei\u00f0 karlmennirnir geti\u00f0 fari\u00f0 og \u00fej\u00f3na\u00f0 Drottni \u00fev\u00ed a\u00f0 \u00fea\u00f0 hafi\u00f0 \u00fei\u00f0 be\u00f0i\u00f0 um.\u201c S\u00ed\u00f0an voru \u00feeir reknir \u00fat fr\u00e1 fara\u00f3.<br \/> <a name=\"12\"><span class=\"versanumer_2007\">12<\/span><\/a> Drottinn sag\u00f0i vi\u00f0 M\u00f3se: \u201eR\u00e9ttu h\u00f6nd \u00fe\u00edna \u00fat yfir Egyptaland svo a\u00f0 engisprettur komi yfir Egyptaland og \u00e9ti allar jurtir \u00ed landinu, allt sem hagli\u00f0 skildi eftir.\u201c <a name=\"13\"><span class=\"versanumer_2007\">13<\/span><\/a> \u00de\u00e1 r\u00e9tti M\u00f3se staf sinn \u00fat yfir Egyptaland. Og Drottinn sendi austanvind yfir landi\u00f0 allan \u00feann dag og alla n\u00f3ttina. \u00deegar morgna\u00f0i haf\u00f0i austanvindurinn bori\u00f0 me\u00f0 s\u00e9r engispretturnar. <a name=\"14\"><span class=\"versanumer_2007\">14<\/span><\/a> Engispretturnar dreif\u00f0ust yfir allt Egyptaland og g\u00edfurleg merg\u00f0 \u00feakti allt land Egypta. Sl\u00edkur urmull af engisprettum haf\u00f0i aldrei komi\u00f0 \u00e1\u00f0ur og mun heldur ekki koma s\u00ed\u00f0ar. <a name=\"15\"><span class=\"versanumer_2007\">15<\/span><\/a> \u00de\u00e6r \u00fe\u00f6ktu allt landi\u00f0 svo a\u00f0 j\u00f6r\u00f0in var\u00f0 sv\u00f6rt og \u00fe\u00e6r \u00e1tu allar jurtir \u00ed landinu og alla \u00e1vexti trj\u00e1nna sem hagli\u00f0 haf\u00f0i skili\u00f0 eftir. Ekkert gr\u00e6nt var\u00f0 eftir neins sta\u00f0ar \u00ed Egyptalandi \u00e1 trj\u00e1m e\u00f0a jurtum \u00ed haganum.<br \/> <a name=\"16\"><span class=\"versanumer_2007\">16<\/span><\/a> Fara\u00f3 kalla\u00f0i \u00fe\u00e1 \u00ed skyndi M\u00f3se og Aron fyrir sig og sag\u00f0i: \u201e\u00c9g hef syndga\u00f0 gegn Drottni, Gu\u00f0i ykkar, og ykkur. <a name=\"17\"><span class=\"versanumer_2007\">17<\/span><\/a> Fyrirgefi\u00f0 m\u00e9r synd m\u00edna a\u00f0eins \u00ed \u00feetta eina sinn, bi\u00f0ji\u00f0 til Drottins, Gu\u00f0s ykkar, svo a\u00f0 hann taki burtu fr\u00e1 m\u00e9r \u00feennan dau\u00f0a.\u201c <a name=\"18\"><span class=\"versanumer_2007\">18<\/span><\/a> M\u00f3se gekk \u00fat fr\u00e1 fara\u00f3 og ba\u00f0 til Drottins. <a name=\"19\"><span class=\"versanumer_2007\">19<\/span><\/a> \u00de\u00e1 sneri Drottinn vindinum \u00ed mj\u00f6g hvassan vestanvind sem bar engispretturnar burt og fleyg\u00f0i \u00feeim \u00ed Sefhafi\u00f0. <span class=\"nedan_mal\" title=\" Oft nefnt Rau\u00f0ahafi\u00f0.\">[<\/span> Ekki nokkur engispretta var\u00f0 eftir neins sta\u00f0ar \u00ed Egyptalandi. <a name=\"20\"><span class=\"versanumer_2007\">20<\/span><\/a> Drottinn herti hjarta fara\u00f3s og ekki leyf\u00f0i hann \u00cdsraelsm\u00f6nnum a\u00f0 fara.<\/p>\n<h3 class=\"millifyrirsogn_2007\">N\u00edunda pl\u00e1gan: Myrkur<\/h3>\n<p><a name=\"21\"><span class=\"versanumer_2007\">21<\/span><\/a> Drottinn sag\u00f0i vi\u00f0 M\u00f3se: \u201eLyftu hendi \u00feinni til himins svo a\u00f0 \u00fereifandi myrkur komi yfir Egyptaland.\u201c <a name=\"22\"><span class=\"versanumer_2007\">22<\/span><\/a> M\u00f3se lyfti hendi sinni til himins. \u00de\u00e1 var\u00f0 svartamyrkur um allt Egyptaland \u00ed \u00ferj\u00e1 daga. <a name=\"23\"><span class=\"versanumer_2007\">23<\/span><\/a> Menn g\u00e1tu hvorki s\u00e9\u00f0 hver annan n\u00e9 hreyft sig \u00far sta\u00f0 \u00ed \u00ferj\u00e1 daga. En allir \u00cdsraelsmenn h\u00f6f\u00f0u birtu \u00ed h\u00edb\u00fdlum s\u00ednum.<br \/> <a name=\"24\"><span class=\"versanumer_2007\">24<\/span><\/a> Fara\u00f3 kalla\u00f0i \u00fe\u00e1 M\u00f3se fyrir sig og sag\u00f0i: \u201eFari\u00f0 og \u00fej\u00f3ni\u00f0 Drottni en \u00fei\u00f0 ver\u00f0i\u00f0 a\u00f0 skilja eftir sau\u00f0f\u00e9 ykkar og st\u00f3rgripi. B\u00f6rn ykkar mega fara me\u00f0 ykkur.\u201c <a name=\"25\"><span class=\"versanumer_2007\">25<\/span><\/a> M\u00f3se svara\u00f0i: \u201e\u00de\u00f3 a\u00f0 \u00fe\u00fa fengir okkur \u00ed hendur sl\u00e1turf\u00f3rnir og brennif\u00f3rnir og vi\u00f0 f\u00e6r\u00f0um \u00fe\u00e6r Drottni, Gu\u00f0i okkar <a name=\"26\"><span class=\"versanumer_2007\">26<\/span><\/a> yr\u00f0i b\u00faf\u00e9 okkar a\u00f0 fara me\u00f0 okkur. Ekki ein klauf m\u00e1 ver\u00f0a eftir \u00fev\u00ed a\u00f0 vi\u00f0 munum taka af eigin b\u00faf\u00e9, til a\u00f0 \u00fej\u00f3na Drottni, Gu\u00f0i okkar. En sj\u00e1lfir vitum vi\u00f0 ekki me\u00f0 hva\u00f0a f\u00f3rnard\u00fdri vi\u00f0 eigum a\u00f0 \u00fej\u00f3na Drottni fyrr en vi\u00f0 komum \u00feanga\u00f0.\u201c<br \/> <a name=\"27\"><span class=\"versanumer_2007\">27<\/span><\/a> Drottinn herti hjarta fara\u00f3s og hann vildi ekki sleppa \u00feeim. <a name=\"28\"><span class=\"versanumer_2007\">28<\/span><\/a> En fara\u00f3 sag\u00f0i vi\u00f0 M\u00f3se: \u201eFar\u00f0u burt og varast a\u00f0 koma m\u00e9r oftar fyrir augu \u00fev\u00ed a\u00f0 \u00e1 \u00feeim degi, sem \u00fe\u00fa kemur aftur fyrir augu m\u00edn, skaltu deyja.\u201c <a name=\"29\"><span class=\"versanumer_2007\">29<\/span><\/a> M\u00f3se svara\u00f0i: \u201eSvo skal ver\u00f0a sem \u00fe\u00fa segir: \u00c9g kem ekki oftar fyrir augu \u00fe\u00edn.\u201c<\/p>\n","protected":false},"excerpt":{"rendered":"<p>\u00c1ttunda pl\u00e1gan: Engisprettur 1 Drottinn sag\u00f0i vi\u00f0 M\u00f3se: \u201eFar\u00f0u til fara\u00f3s \u00fev\u00ed a\u00f0 \u00e9g hef gert hjarta hans og \u00fej\u00f3na hans \u00f3sveigjanlegt til \u00feess a\u00f0 \u00e9g geti gert t\u00e1kn m\u00edn \u00e1 me\u00f0al \u00feeirra 2 og til \u00feess a\u00f0 \u00fe\u00fa getir sagt b\u00f6rnum \u00fe\u00ednum og barnab\u00f6rnum fr\u00e1 \u00fev\u00ed hvernig \u00e9g hef fari\u00f0 me\u00f0 Egypta og fr\u00e1 t\u00e1knum m\u00ednum sem \u00e9g hef gert \u00e1 me\u00f0al \u00feeirra svo a\u00f0 \u00fei\u00f0 komist a\u00f0 raun um a\u00f0 \u00e9g er Drottinn.\u201c 3 M\u00f3se og Aron f\u00f3ru \u00fe\u00e1 til fara\u00f3s og s\u00f6g\u00f0u vi\u00f0 hann: \u201eSvo segir Drottinn, Gu\u00f0 Hebrea: Hve lengi \u00e6tlar \u00fe\u00fa a\u00f0 neita a\u00f0 beygja <a href=\"https:\/\/biblian.is\/biblian\/onnur-mosebok-10-kafli\/\"> [&#8230;]<\/a><\/p>\n","protected":false},"author":1,"featured_media":0,"parent":0,"menu_order":0,"comment_status":"open","ping_status":"open","template":"bibliukaflar_NT.php","meta":{"footnotes":""},"class_list":["post-1677","page","type-page","status-publish","hentry"],"_links":{"self":[{"href":"https:\/\/biblian.is\/biblian\/wp-json\/wp\/v2\/pages\/1677","targetHints":{"allow":["GET"]}}],"collection":[{"href":"https:\/\/biblian.is\/biblian\/wp-json\/wp\/v2\/pages"}],"about":[{"href":"https:\/\/biblian.is\/biblian\/wp-json\/wp\/v2\/types\/page"}],"author":[{"embeddable":true,"href":"https:\/\/biblian.is\/biblian\/wp-json\/wp\/v2\/users\/1"}],"replies":[{"embeddable":true,"href":"https:\/\/biblian.is\/biblian\/wp-json\/wp\/v2\/comments?post=1677"}],"version-history":[{"count":0,"href":"https:\/\/biblian.is\/biblian\/wp-json\/wp\/v2\/pages\/1677\/revisions"}],"wp:attachment":[{"href":"https:\/\/biblian.is\/biblian\/wp-json\/wp\/v2\/media?parent=1677"}],"curies":[{"name":"wp","href":"https:\/\/api.w.org\/{rel}","templated":true}]}}