{"id":1676,"date":"2017-12-30T20:59:55","date_gmt":"2017-12-30T20:59:55","guid":{"rendered":"http:\/\/biblian.is\/biblian\/%c2%85nnur-m%c2%97seb%c2%97k-9-kafli\/"},"modified":"2023-05-01T16:21:38","modified_gmt":"2023-05-01T16:21:38","slug":"onnur-mosebok-9-kafli","status":"publish","type":"page","link":"https:\/\/biblian.is\/biblian\/onnur-mosebok-9-kafli\/","title":{"rendered":"\u00d6nnur M\u00f3seb\u00f3k 9. kafli"},"content":{"rendered":"<h3 class=\"millifyrirsogn_2007\"> Fimmta pl\u00e1gan: Fj\u00e1rpest<\/h3>\n<p><a name=\"1\"><span class=\"versanumer_2007\">1<\/span><\/a> Drottinn sag\u00f0i vi\u00f0 M\u00f3se: \u201eFar\u00f0u til fara\u00f3s og seg\u00f0u vi\u00f0 hann: Svo segir Drottinn, Gu\u00f0 Hebrea: Leyf\u00f0u \u00fej\u00f3\u00f0 minni a\u00f0 fara svo a\u00f0 h\u00fan geti \u00fej\u00f3na\u00f0 m\u00e9r. <a name=\"2\"><span class=\"versanumer_2007\">2<\/span><\/a> En neitir \u00fe\u00fa a\u00f0 sleppa henni og haldir henni \u00e1fram fastri <a name=\"3\"><span class=\"versanumer_2007\">3<\/span><\/a> mun h\u00f6nd Drottins koma yfir b\u00faf\u00e9na\u00f0 \u00feinn \u00ed haganum, yfir hesta, asna, \u00falfalda, nautgripi og sau\u00f0f\u00e9, og valda \u00feungri s\u00f3tt. <a name=\"4\"><span class=\"versanumer_2007\">4<\/span><\/a> En Drottinn mun greina b\u00faf\u00e9 \u00cdsraels fr\u00e1 b\u00faf\u00e9 Egypta og ekkert mun drepast af \u00fev\u00ed sem \u00cdsraelsmenn eiga.\u201c <a name=\"5\"><span class=\"versanumer_2007\">5<\/span><\/a> Drottinn \u00e1kva\u00f0 einnig stundina og sag\u00f0i: \u201e\u00c1 morgun gerir Drottinn \u00feetta h\u00e9r \u00ed landinu.\u201c<br \/> <a name=\"6\"><span class=\"versanumer_2007\">6<\/span><\/a> Morguninn eftir ger\u00f0i Drottinn \u00feetta og drapst \u00fe\u00e1 allt b\u00faf\u00e9 Egypta en af b\u00faf\u00e9 \u00cdsraelsmanna drapst ekki nokkur skepna. <a name=\"7\"><span class=\"versanumer_2007\">7<\/span><\/a> Fara\u00f3 sendi \u00fe\u00e1 menn og f\u00e9kk a\u00f0 heyra a\u00f0 ekkert af b\u00faf\u00e9na\u00f0i \u00cdsraels hef\u00f0i drepist. En hjarta fara\u00f3s var hart og hann leyf\u00f0i f\u00f3lkinu ekki a\u00f0 fara.<\/p>\n<h3 class=\"millifyrirsogn_2007\">Sj\u00f6tta pl\u00e1gan: K\u00fdli<\/h3>\n<p><a name=\"8\"><span class=\"versanumer_2007\">8<\/span><\/a> Drottinn sag\u00f0i vi\u00f0 M\u00f3se og Aron: \u201eTaki\u00f0 handfylli ykkar af s\u00f3ti \u00far br\u00e6\u00f0sluofni. M\u00f3se \u00e1 a\u00f0 kasta \u00fev\u00ed upp \u00ed lofti\u00f0 fyrir augum fara\u00f3s <a name=\"9\"><span class=\"versanumer_2007\">9<\/span><\/a> og \u00fea\u00f0 ver\u00f0ur a\u00f0 ryki yfir \u00f6llu Egyptalandi. \u00dea\u00f0 ver\u00f0ur a\u00f0 b\u00f3lgu sem br\u00fdst \u00fat \u00ed k\u00fdlum \u00e1 m\u00f6nnum og skepnum um allt Egyptaland.\u201c<br \/> <a name=\"10\"><span class=\"versanumer_2007\">10<\/span><\/a> \u00de\u00e1 t\u00f3ku \u00feeir s\u00f3t \u00far br\u00e6\u00f0sluofni og gengu fyrir fara\u00f3. M\u00f3se kasta\u00f0i \u00fev\u00ed upp \u00ed lofti\u00f0. \u00de\u00e1 kom b\u00f3lga sem braust \u00fat \u00ed k\u00fdlum \u00e1 m\u00f6nnum og skepnum. <a name=\"11\"><span class=\"versanumer_2007\">11<\/span><\/a> Sp\u00e1prestarnir g\u00e1tu ekki gengi\u00f0 \u00e1 fund M\u00f3se vegna b\u00f3lgunnar \u00fev\u00ed a\u00f0 b\u00f3lgan kom \u00e1 sp\u00e1prestana og alla a\u00f0ra Egypta. <a name=\"12\"><span class=\"versanumer_2007\">12<\/span><\/a> En Drottinn herti hjarta fara\u00f3s og hann hlusta\u00f0i ekki \u00e1 \u00fe\u00e1 eins og Drottinn haf\u00f0i sagt vi\u00f0 M\u00f3se.<\/p>\n<h3 class=\"millifyrirsogn_2007\">Sj\u00f6unda pl\u00e1gan: Hagl<\/h3>\n<p><a name=\"13\"><span class=\"versanumer_2007\">13<\/span><\/a> Drottinn sag\u00f0i vi\u00f0 M\u00f3se: \u201eVertu snemma \u00e1 f\u00f3tum \u00e1 morgun og gakktu fyrir fara\u00f3 og seg\u00f0u vi\u00f0 hann: Svo segir Drottinn, Gu\u00f0 Hebrea: Leyf\u00f0u \u00fej\u00f3\u00f0 minni a\u00f0 fara svo a\u00f0 h\u00fan geti \u00fej\u00f3na\u00f0 m\u00e9r. <a name=\"14\"><span class=\"versanumer_2007\">14<\/span><\/a> \u00cd \u00feetta sinn l\u00e6t \u00e9g allar pl\u00e1gur m\u00ednar bitna \u00e1 \u00fe\u00e9r, \u00fej\u00f3num \u00fe\u00ednum og \u00fej\u00f3\u00f0 svo a\u00f0 \u00fe\u00fa komist a\u00f0 raun um a\u00f0 enginn er sem \u00e9g \u00e1 allri j\u00f6r\u00f0inni. <a name=\"15\"><span class=\"versanumer_2007\">15<\/span><\/a> \u00c9g hef\u00f0i n\u00fa \u00feegar geta\u00f0 r\u00e9tt \u00fat h\u00f6nd m\u00edna og slegi\u00f0 \u00feig og \u00fej\u00f3\u00f0 \u00fe\u00edna me\u00f0 dreps\u00f3tt svo a\u00f0 \u00fe\u00fa yr\u00f0ir afm\u00e1\u00f0ur af j\u00f6r\u00f0inni. <a name=\"16\"><span class=\"versanumer_2007\">16<\/span><\/a> En \u00e9g hef l\u00e1ti\u00f0 \u00feig halda l\u00edfi a\u00f0eins til \u00feess a\u00f0 \u00fe\u00fa s\u00e6ir m\u00e1tt minn og nafn mitt ver\u00f0i bo\u00f0a\u00f0 um alla j\u00f6r\u00f0ina. <a name=\"17\"><span class=\"versanumer_2007\">17<\/span><\/a> Enn ertu \u00fej\u00f3\u00f0 minni fj\u00f6tur um f\u00f3t \u00fev\u00ed a\u00f0 \u00fe\u00fa sleppir henni ekki. <a name=\"18\"><span class=\"versanumer_2007\">18<\/span><\/a> En um \u00feetta leyti \u00e1 morgun sendi \u00e9g svo miki\u00f0 hagl a\u00f0 anna\u00f0 eins hefur ekki or\u00f0i\u00f0 \u00ed Egyptalandi fr\u00e1 upphafi til \u00feessa dags. <a name=\"19\"><span class=\"versanumer_2007\">19<\/span><\/a> Sendu n\u00fa menn og komdu b\u00faf\u00e9 \u00fe\u00ednu undan og \u00f6llu sem \u00fe\u00fa \u00e1tt utan dyra. Allir menn og allar skepnur, sem ver\u00f0a utan dyra og ekki ver\u00f0a teknar \u00ed h\u00fas, munu deyja \u00feegar hagli\u00f0 dynur \u00e1 \u00feeim.\u201c <a name=\"20\"><span class=\"versanumer_2007\">20<\/span><\/a> S\u00e9rhver af \u00fej\u00f3num fara\u00f3s, sem \u00f3tta\u00f0ist or\u00f0 Drottins, bjarga\u00f0i \u00fer\u00e6lum s\u00ednum og b\u00faf\u00e9 undir \u00feak <a name=\"21\"><span class=\"versanumer_2007\">21<\/span><\/a> en \u00feeir sem ekki g\u00e1fu gaum a\u00f0 or\u00f0um Drottins skildu \u00fer\u00e6la s\u00edna og b\u00faf\u00e9 eftir \u00fati.<br \/> <a name=\"22\"><span class=\"versanumer_2007\">22<\/span><\/a> Drottinn sag\u00f0i vi\u00f0 M\u00f3se: \u201eLyftu hendi \u00feinni til himins og \u00fe\u00e1 kemur hagl yfir allt Egyptaland, yfir menn og skepnur og yfir allar jurtir \u00ed Egyptalandi.\u201c <a name=\"23\"><span class=\"versanumer_2007\">23<\/span><\/a> M\u00f3se lyfti staf s\u00ednum til himins. \u00de\u00e1 sendi Drottinn \u00ferumur og hagl og eldi laust ni\u00f0ur \u00e1 j\u00f6r\u00f0ina. Drottinn sendi hagl yfir Egyptaland. <a name=\"24\"><span class=\"versanumer_2007\">24<\/span><\/a> Hagl dundi og eldur leiftra\u00f0i mitt \u00ed haglinu sem var svo miki\u00f0 a\u00f0 anna\u00f0 eins haf\u00f0i ekki komi\u00f0 \u00ed landi Egypta fr\u00e1 upphafi bygg\u00f0ar. <a name=\"25\"><span class=\"versanumer_2007\">25<\/span><\/a> Um allt Egyptaland sl\u00f3 hagli\u00f0 allt ni\u00f0ur sem var utan dyra, b\u00e6\u00f0i menn og skepnur. Hagli\u00f0 lamdi einnig ni\u00f0ur allar jurtir \u00e1 j\u00f6r\u00f0inni og braut \u00f6ll tr\u00e9 \u00fati \u00e1 sl\u00e9ttunni. <a name=\"26\"><span class=\"versanumer_2007\">26<\/span><\/a> En \u00ed G\u00f3senlandi, \u00fear sem \u00cdsraelsmenn voru, kom ekkert hagl.<br \/> <a name=\"27\"><span class=\"versanumer_2007\">27<\/span><\/a> \u00de\u00e1 l\u00e9t fara\u00f3 kalla M\u00f3se og Aron fyrir sig og sag\u00f0i vi\u00f0 \u00fe\u00e1: \u201e\u00cd \u00feetta skipti hef \u00e9g syndga\u00f0. Drottinn hefur \u00e1 r\u00e9ttu a\u00f0 standa en \u00e9g og \u00fej\u00f3\u00f0 m\u00edn h\u00f6fum rangt fyrir okkur. <a name=\"28\"><span class=\"versanumer_2007\">28<\/span><\/a> Bi\u00f0ji\u00f0 til Drottins. N\u00fa er meira en n\u00f3g komi\u00f0 af \u00ferumum og hagli fr\u00e1 Gu\u00f0i. \u00c9g \u00e6tla a\u00f0 leyfa ykkur a\u00f0 fara, \u00fei\u00f0 \u00feurfi\u00f0 ekki a\u00f0 vera h\u00e9r lengur.\u201c <a name=\"29\"><span class=\"versanumer_2007\">29<\/span><\/a> M\u00f3se svara\u00f0i honum: \u201eUm lei\u00f0 og \u00e9g er kominn \u00fat \u00far borginni hef \u00e9g upp hendur m\u00ednar til Drottins. \u00de\u00e1 munu \u00ferumurnar \u00feagna og ekkert hagl koma framar svo a\u00f0 \u00fe\u00fa komist a\u00f0 raun um a\u00f0 landi\u00f0 er eign Drottins. <a name=\"30\"><span class=\"versanumer_2007\">30<\/span><\/a> Samt veit \u00e9g a\u00f0 enn \u00f3ttast \u00fe\u00fa og \u00fej\u00f3nar \u00fe\u00ednir ekki Drottin Gu\u00f0.\u201c<br \/> <a name=\"31\"><span class=\"versanumer_2007\">31<\/span><\/a> H\u00f6r og bygg var lami\u00f0 ni\u00f0ur \u00fev\u00ed a\u00f0 byggi\u00f0 bar \u00feegar \u00f6x en h\u00f6rinn st\u00f3\u00f0 \u00ed bl\u00f3ma. <a name=\"32\"><span class=\"versanumer_2007\">32<\/span><\/a> En hveiti og speldi var ekki bari\u00f0 ni\u00f0ur \u00fev\u00ed a\u00f0 \u00fea\u00f0 er seinsprotti\u00f0.<br \/> <a name=\"33\"><span class=\"versanumer_2007\">33<\/span><\/a> M\u00f3se gekk fr\u00e1 fara\u00f3 og \u00fat \u00far borginni. Hann h\u00f3f upp hendur s\u00ednar til Drottins; \u00fe\u00e1 \u00fe\u00f6gnu\u00f0u \u00ferumurnar, haglinu slota\u00f0i og ekki rigndi lengur \u00e1 j\u00f6r\u00f0ina. <a name=\"34\"><span class=\"versanumer_2007\">34<\/span><\/a> \u00deegar fara\u00f3 s\u00e1 a\u00f0 regni, hagli og \u00ferumum haf\u00f0i slota\u00f0 h\u00e9lt hann \u00e1fram a\u00f0 syndga og ger\u00f0i hjarta sitt og \u00fej\u00f3na sinna \u00f3sveigjanlegt. <a name=\"35\"><span class=\"versanumer_2007\">35<\/span><\/a> Hjarta fara\u00f3s var hart og hann sleppti ekki \u00cdsraelsm\u00f6nnum eins og Drottinn haf\u00f0i bo\u00f0i\u00f0 fyrir munn M\u00f3se.<\/p>\n","protected":false},"excerpt":{"rendered":"<p>Fimmta pl\u00e1gan: Fj\u00e1rpest 1 Drottinn sag\u00f0i vi\u00f0 M\u00f3se: \u201eFar\u00f0u til fara\u00f3s og seg\u00f0u vi\u00f0 hann: Svo segir Drottinn, Gu\u00f0 Hebrea: Leyf\u00f0u \u00fej\u00f3\u00f0 minni a\u00f0 fara svo a\u00f0 h\u00fan geti \u00fej\u00f3na\u00f0 m\u00e9r. 2 En neitir \u00fe\u00fa a\u00f0 sleppa henni og haldir henni \u00e1fram fastri 3 mun h\u00f6nd Drottins koma yfir b\u00faf\u00e9na\u00f0 \u00feinn \u00ed haganum, yfir hesta, asna, \u00falfalda, nautgripi og sau\u00f0f\u00e9, og valda \u00feungri s\u00f3tt. 4 En Drottinn mun greina b\u00faf\u00e9 \u00cdsraels fr\u00e1 b\u00faf\u00e9 Egypta og ekkert mun drepast af \u00fev\u00ed sem \u00cdsraelsmenn eiga.\u201c 5 Drottinn \u00e1kva\u00f0 einnig stundina og sag\u00f0i: \u201e\u00c1 morgun gerir Drottinn \u00feetta h\u00e9r \u00ed landinu.\u201c 6 Morguninn <a href=\"https:\/\/biblian.is\/biblian\/onnur-mosebok-9-kafli\/\"> [&#8230;]<\/a><\/p>\n","protected":false},"author":1,"featured_media":0,"parent":0,"menu_order":0,"comment_status":"open","ping_status":"open","template":"bibliukaflar_NT.php","meta":{"footnotes":""},"class_list":["post-1676","page","type-page","status-publish","hentry"],"_links":{"self":[{"href":"https:\/\/biblian.is\/biblian\/wp-json\/wp\/v2\/pages\/1676","targetHints":{"allow":["GET"]}}],"collection":[{"href":"https:\/\/biblian.is\/biblian\/wp-json\/wp\/v2\/pages"}],"about":[{"href":"https:\/\/biblian.is\/biblian\/wp-json\/wp\/v2\/types\/page"}],"author":[{"embeddable":true,"href":"https:\/\/biblian.is\/biblian\/wp-json\/wp\/v2\/users\/1"}],"replies":[{"embeddable":true,"href":"https:\/\/biblian.is\/biblian\/wp-json\/wp\/v2\/comments?post=1676"}],"version-history":[{"count":0,"href":"https:\/\/biblian.is\/biblian\/wp-json\/wp\/v2\/pages\/1676\/revisions"}],"wp:attachment":[{"href":"https:\/\/biblian.is\/biblian\/wp-json\/wp\/v2\/media?parent=1676"}],"curies":[{"name":"wp","href":"https:\/\/api.w.org\/{rel}","templated":true}]}}